{"id":91992,"date":"2024-05-14T07:26:19","date_gmt":"2024-05-14T05:26:19","guid":{"rendered":"https:\/\/gjakova.rks-gov.net\/watch-online-the-municipal-assembly-meeting\/"},"modified":"2025-02-25T16:08:31","modified_gmt":"2025-02-25T15:08:31","slug":"pogledajte-online-sastanak-skupstine-opstine","status":"publish","type":"page","link":"https:\/\/gjakova.rks-gov.net\/sr\/pogledajte-online-sastanak-skupstine-opstine\/","title":{"rendered":"POGLEDAJTE ONLINE SASTANAK SKUP\u0160TINE OP\u0160TINE"},"content":{"rendered":"\t\t<div data-elementor-type=\"wp-page\" data-elementor-id=\"91992\" class=\"elementor elementor-91992 elementor-4849\" data-elementor-post-type=\"page\">\n\t\t\t\t<div class=\"elementor-element elementor-element-8328114 e-con-full responsive-container e-flex e-con e-parent\" data-id=\"8328114\" data-element_type=\"container\">\n\t\t\t\t<div class=\"elementor-element elementor-element-8756a9d elementor-widget elementor-widget-theme-post-title elementor-page-title elementor-widget-heading\" data-id=\"8756a9d\" data-element_type=\"widget\" data-widget_type=\"theme-post-title.default\">\n\t\t\t\t<div class=\"elementor-widget-container\">\n\t\t\t\t\t<h1 class=\"elementor-heading-title elementor-size-default\">POGLEDAJTE ONLINE SASTANAK SKUP\u0160TINE OP\u0160TINE<\/h1>\t\t\t\t<\/div>\n\t\t\t\t<\/div>\n\t\t\t\t<div class=\"elementor-element elementor-element-5ed6d9e home-news-list elementor-widget elementor-widget-shortcode\" data-id=\"5ed6d9e\" data-element_type=\"widget\" data-widget_type=\"shortcode.default\">\n\t\t\t\t<div class=\"elementor-widget-container\">\n\t\t\t\t\t\t\t<div class=\"elementor-shortcode\"><div data-template=4934 data-customtpl=\"\" data-perpage=\"6\" data-pt='video' data-taxonomy=\"video-category\" data-yearall=\"Sve\" data-prefilter=\"\" data-datefield=\"\" class=\"ItemsFilter docs-page docs-pageSection  \" data-type='video'>\n        <div class=\"page-container-docs video-blockList\">\n                <div class=\"ItemsFilter-wrapper flex\">\n                            <div class=\"search-filters-body\">\n                                            <div class=\"search-wrapper\">\n                            <form role=\"search\" method=\"get\" action=\"https:\/\/gjakova.rks-gov.net\/sr\/pogledajte-online-sastanak-skupstine-opstine\/\" id=\"searchform\">\n                                <div class=\"search-grid\">\n                                                                            <div class=\"ItemsFilter-dateFromTo\">\n                                            <input type=\"date\" name=\"date-from\" class=\"input-from\" value=\"\" \/>\n                                            <input type=\"date\" name=\"date-to\" class=\"input-to\" value=\"\" \/>\n                                        <\/div>\n                                                                        <input type=\"text\" class=\"search-input\" name=\"search_text\" placeholder=\"Pretraga...\" value=\"\" \/>\n                                                                        <button type=\"submit\" class=\"btn-searchf\" id=\"searchsubmit\">Pretraga<\/button>\n                                <\/div>\n                                <noscript><input type=\"submit\" value=\"Filter\"><\/noscript>\n                            <\/form>\n                        <\/div>\n                                    <\/div>\n            \n        <\/div>\n                <div class=\"posts-wrapper-inner video-list\">\n                                <\/div>\n                    <div class=\"pagination\">\n                <div class='dpn-pagination'>\n                                    <\/div>\n            <\/div>\n        \n    <\/div>\n<\/div><\/div>\n\t\t\t\t\t\t<\/div>\n\t\t\t\t<\/div>\n\t\t\t\t<div class=\"elementor-element elementor-element-ea28728 elementor-hidden-desktop elementor-hidden-laptop elementor-hidden-tablet elementor-hidden-mobile elementor-grid-3 elementor-grid-tablet-2 elementor-grid-mobile-1 elementor-widget elementor-widget-loop-grid\" data-id=\"ea28728\" data-element_type=\"widget\" data-settings=\"{&quot;template_id&quot;:4934,&quot;pagination_type&quot;:&quot;numbers_and_prev_next&quot;,&quot;_skin&quot;:&quot;post&quot;,&quot;columns&quot;:&quot;3&quot;,&quot;columns_tablet&quot;:&quot;2&quot;,&quot;columns_mobile&quot;:&quot;1&quot;,&quot;edit_handle_selector&quot;:&quot;[data-elementor-type=\\&quot;loop-item\\&quot;]&quot;,&quot;pagination_load_type&quot;:&quot;page_reload&quot;,&quot;row_gap&quot;:{&quot;unit&quot;:&quot;px&quot;,&quot;size&quot;:&quot;&quot;,&quot;sizes&quot;:[]},&quot;row_gap_laptop&quot;:{&quot;unit&quot;:&quot;px&quot;,&quot;size&quot;:&quot;&quot;,&quot;sizes&quot;:[]},&quot;row_gap_tablet&quot;:{&quot;unit&quot;:&quot;px&quot;,&quot;size&quot;:&quot;&quot;,&quot;sizes&quot;:[]},&quot;row_gap_mobile&quot;:{&quot;unit&quot;:&quot;px&quot;,&quot;size&quot;:&quot;&quot;,&quot;sizes&quot;:[]}}\" data-widget_type=\"loop-grid.post\">\n\t\t\t\t<div class=\"elementor-widget-container\">\n\t\t\t\t\t\t\t<div class=\"e-loop-nothing-found-message\">\n\t\t<\/div>\n\t\t\t\t\t\t<\/div>\n\t\t\t\t<\/div>\n\t\t\t\t<\/div>\n\t\t\t\t<\/div>\n\t\t","protected":false},"excerpt":{"rendered":"","protected":false},"author":1,"featured_media":0,"parent":0,"menu_order":0,"comment_status":"closed","ping_status":"closed","template":"","meta":{"_acf_changed":false,"footnotes":""},"page-category":[],"class_list":["post-91992","page","type-page","status-publish","hentry"],"acf":[],"yoast_head":"<!-- This site is optimized with the Yoast SEO plugin v26.8 - https:\/\/yoast.com\/product\/yoast-seo-wordpress\/ -->\n<title>POGLEDAJTE ONLINE SASTANAK SKUP\u0160TINE OP\u0160TINE - Op\u0161tine \u0110akovica<\/title>\n<meta name=\"robots\" content=\"index, follow, max-snippet:-1, max-image-preview:large, max-video-preview:-1\" \/>\n<link rel=\"canonical\" href=\"https:\/\/gjakova.rks-gov.net\/sr\/pogledajte-online-sastanak-skupstine-opstine\/\" \/>\n<meta property=\"og:locale\" content=\"sr_RS\" \/>\n<meta property=\"og:type\" content=\"article\" \/>\n<meta property=\"og:title\" content=\"POGLEDAJTE ONLINE SASTANAK SKUP\u0160TINE OP\u0160TINE - Op\u0161tine \u0110akovica\" \/>\n<meta property=\"og:url\" content=\"https:\/\/gjakova.rks-gov.net\/sr\/pogledajte-online-sastanak-skupstine-opstine\/\" \/>\n<meta property=\"og:site_name\" content=\"Op\u0161tine \u0110akovica\" \/>\n<meta property=\"article:publisher\" content=\"https:\/\/www.facebook.com\/KomunaeGjakoves\/\" \/>\n<meta property=\"article:modified_time\" content=\"2025-02-25T15:08:31+00:00\" \/>\n<meta name=\"twitter:card\" content=\"summary_large_image\" \/>\n<script type=\"application\/ld+json\" class=\"yoast-schema-graph\">{\"@context\":\"https:\/\/schema.org\",\"@graph\":[{\"@type\":\"WebPage\",\"@id\":\"https:\/\/gjakova.rks-gov.net\/sr\/pogledajte-online-sastanak-skupstine-opstine\/\",\"url\":\"https:\/\/gjakova.rks-gov.net\/sr\/pogledajte-online-sastanak-skupstine-opstine\/\",\"name\":\"POGLEDAJTE ONLINE SASTANAK SKUP\u0160TINE OP\u0160TINE - Op\u0161tine \u0110akovica\",\"isPartOf\":{\"@id\":\"https:\/\/gjakova.rks-gov.net\/sr\/#website\"},\"datePublished\":\"2024-05-14T05:26:19+00:00\",\"dateModified\":\"2025-02-25T15:08:31+00:00\",\"breadcrumb\":{\"@id\":\"https:\/\/gjakova.rks-gov.net\/sr\/pogledajte-online-sastanak-skupstine-opstine\/#breadcrumb\"},\"inLanguage\":\"sr-RS\",\"potentialAction\":[{\"@type\":\"ReadAction\",\"target\":[\"https:\/\/gjakova.rks-gov.net\/sr\/pogledajte-online-sastanak-skupstine-opstine\/\"]}]},{\"@type\":\"BreadcrumbList\",\"@id\":\"https:\/\/gjakova.rks-gov.net\/sr\/pogledajte-online-sastanak-skupstine-opstine\/#breadcrumb\",\"itemListElement\":[{\"@type\":\"ListItem\",\"position\":1,\"name\":\"Home\",\"item\":\"https:\/\/gjakova.rks-gov.net\/sr\/\"},{\"@type\":\"ListItem\",\"position\":2,\"name\":\"POGLEDAJTE ONLINE SASTANAK SKUP\u0160TINE OP\u0160TINE\"}]},{\"@type\":\"WebSite\",\"@id\":\"https:\/\/gjakova.rks-gov.net\/sr\/#website\",\"url\":\"https:\/\/gjakova.rks-gov.net\/sr\/\",\"name\":\"Komuna e Gjakoves\",\"description\":\"\",\"publisher\":{\"@id\":\"https:\/\/gjakova.rks-gov.net\/sr\/#organization\"},\"alternateName\":\"Komuna Gjakove\",\"potentialAction\":[{\"@type\":\"SearchAction\",\"target\":{\"@type\":\"EntryPoint\",\"urlTemplate\":\"https:\/\/gjakova.rks-gov.net\/sr\/?s={search_term_string}\"},\"query-input\":{\"@type\":\"PropertyValueSpecification\",\"valueRequired\":true,\"valueName\":\"search_term_string\"}}],\"inLanguage\":\"sr-RS\"},{\"@type\":\"Organization\",\"@id\":\"https:\/\/gjakova.rks-gov.net\/sr\/#organization\",\"name\":\"Komuna e Gjakoves\",\"alternateName\":\"Komuna Gjakove\",\"url\":\"https:\/\/gjakova.rks-gov.net\/sr\/\",\"logo\":{\"@type\":\"ImageObject\",\"inLanguage\":\"sr-RS\",\"@id\":\"https:\/\/gjakova.rks-gov.net\/sr\/#\/schema\/logo\/image\/\",\"url\":\"https:\/\/gjakova.rks-gov.net\/wp-content\/uploads\/2024\/04\/Stema_e_Komunes_Gjakove.svg.png\",\"contentUrl\":\"https:\/\/gjakova.rks-gov.net\/wp-content\/uploads\/2024\/04\/Stema_e_Komunes_Gjakove.svg.png\",\"width\":512,\"height\":681,\"caption\":\"Komuna e Gjakoves\"},\"image\":{\"@id\":\"https:\/\/gjakova.rks-gov.net\/sr\/#\/schema\/logo\/image\/\"},\"sameAs\":[\"https:\/\/www.facebook.com\/KomunaeGjakoves\/\",\"https:\/\/www.instagram.com\/komunaegjakoves\/\"]}]}<\/script>\n<!-- \/ Yoast SEO plugin. -->","yoast_head_json":{"title":"POGLEDAJTE ONLINE SASTANAK SKUP\u0160TINE OP\u0160TINE - Op\u0161tine \u0110akovica","robots":{"index":"index","follow":"follow","max-snippet":"max-snippet:-1","max-image-preview":"max-image-preview:large","max-video-preview":"max-video-preview:-1"},"canonical":"https:\/\/gjakova.rks-gov.net\/sr\/pogledajte-online-sastanak-skupstine-opstine\/","og_locale":"sr_RS","og_type":"article","og_title":"POGLEDAJTE ONLINE SASTANAK SKUP\u0160TINE OP\u0160TINE - Op\u0161tine \u0110akovica","og_url":"https:\/\/gjakova.rks-gov.net\/sr\/pogledajte-online-sastanak-skupstine-opstine\/","og_site_name":"Op\u0161tine \u0110akovica","article_publisher":"https:\/\/www.facebook.com\/KomunaeGjakoves\/","article_modified_time":"2025-02-25T15:08:31+00:00","twitter_card":"summary_large_image","schema":{"@context":"https:\/\/schema.org","@graph":[{"@type":"WebPage","@id":"https:\/\/gjakova.rks-gov.net\/sr\/pogledajte-online-sastanak-skupstine-opstine\/","url":"https:\/\/gjakova.rks-gov.net\/sr\/pogledajte-online-sastanak-skupstine-opstine\/","name":"POGLEDAJTE ONLINE SASTANAK SKUP\u0160TINE OP\u0160TINE - Op\u0161tine \u0110akovica","isPartOf":{"@id":"https:\/\/gjakova.rks-gov.net\/sr\/#website"},"datePublished":"2024-05-14T05:26:19+00:00","dateModified":"2025-02-25T15:08:31+00:00","breadcrumb":{"@id":"https:\/\/gjakova.rks-gov.net\/sr\/pogledajte-online-sastanak-skupstine-opstine\/#breadcrumb"},"inLanguage":"sr-RS","potentialAction":[{"@type":"ReadAction","target":["https:\/\/gjakova.rks-gov.net\/sr\/pogledajte-online-sastanak-skupstine-opstine\/"]}]},{"@type":"BreadcrumbList","@id":"https:\/\/gjakova.rks-gov.net\/sr\/pogledajte-online-sastanak-skupstine-opstine\/#breadcrumb","itemListElement":[{"@type":"ListItem","position":1,"name":"Home","item":"https:\/\/gjakova.rks-gov.net\/sr\/"},{"@type":"ListItem","position":2,"name":"POGLEDAJTE ONLINE SASTANAK SKUP\u0160TINE OP\u0160TINE"}]},{"@type":"WebSite","@id":"https:\/\/gjakova.rks-gov.net\/sr\/#website","url":"https:\/\/gjakova.rks-gov.net\/sr\/","name":"Komuna e Gjakoves","description":"","publisher":{"@id":"https:\/\/gjakova.rks-gov.net\/sr\/#organization"},"alternateName":"Komuna Gjakove","potentialAction":[{"@type":"SearchAction","target":{"@type":"EntryPoint","urlTemplate":"https:\/\/gjakova.rks-gov.net\/sr\/?s={search_term_string}"},"query-input":{"@type":"PropertyValueSpecification","valueRequired":true,"valueName":"search_term_string"}}],"inLanguage":"sr-RS"},{"@type":"Organization","@id":"https:\/\/gjakova.rks-gov.net\/sr\/#organization","name":"Komuna e Gjakoves","alternateName":"Komuna Gjakove","url":"https:\/\/gjakova.rks-gov.net\/sr\/","logo":{"@type":"ImageObject","inLanguage":"sr-RS","@id":"https:\/\/gjakova.rks-gov.net\/sr\/#\/schema\/logo\/image\/","url":"https:\/\/gjakova.rks-gov.net\/wp-content\/uploads\/2024\/04\/Stema_e_Komunes_Gjakove.svg.png","contentUrl":"https:\/\/gjakova.rks-gov.net\/wp-content\/uploads\/2024\/04\/Stema_e_Komunes_Gjakove.svg.png","width":512,"height":681,"caption":"Komuna e Gjakoves"},"image":{"@id":"https:\/\/gjakova.rks-gov.net\/sr\/#\/schema\/logo\/image\/"},"sameAs":["https:\/\/www.facebook.com\/KomunaeGjakoves\/","https:\/\/www.instagram.com\/komunaegjakoves\/"]}]}},"_links":{"self":[{"href":"https:\/\/gjakova.rks-gov.net\/sr\/wp-json\/wp\/v2\/pages\/91992","targetHints":{"allow":["GET"]}}],"collection":[{"href":"https:\/\/gjakova.rks-gov.net\/sr\/wp-json\/wp\/v2\/pages"}],"about":[{"href":"https:\/\/gjakova.rks-gov.net\/sr\/wp-json\/wp\/v2\/types\/page"}],"author":[{"embeddable":true,"href":"https:\/\/gjakova.rks-gov.net\/sr\/wp-json\/wp\/v2\/users\/1"}],"replies":[{"embeddable":true,"href":"https:\/\/gjakova.rks-gov.net\/sr\/wp-json\/wp\/v2\/comments?post=91992"}],"version-history":[{"count":4,"href":"https:\/\/gjakova.rks-gov.net\/sr\/wp-json\/wp\/v2\/pages\/91992\/revisions"}],"predecessor-version":[{"id":91996,"href":"https:\/\/gjakova.rks-gov.net\/sr\/wp-json\/wp\/v2\/pages\/91992\/revisions\/91996"}],"wp:attachment":[{"href":"https:\/\/gjakova.rks-gov.net\/sr\/wp-json\/wp\/v2\/media?parent=91992"}],"wp:term":[{"taxonomy":"page-category","embeddable":true,"href":"https:\/\/gjakova.rks-gov.net\/sr\/wp-json\/wp\/v2\/page-category?post=91992"}],"curies":[{"name":"wp","href":"https:\/\/api.w.org\/{rel}","templated":true}]}}