{"id":70250,"date":"2024-09-30T16:13:09","date_gmt":"2024-09-30T14:13:09","guid":{"rendered":"https:\/\/gjakova.rks-gov.net\/?page_id=70250"},"modified":"2024-10-01T08:46:03","modified_gmt":"2024-10-01T06:46:03","slug":"konkursi-i-objavljivanja-2","status":"publish","type":"page","link":"https:\/\/gjakova.rks-gov.net\/sr\/konkursi-i-objavljivanja-2\/","title":{"rendered":"Konkursi i Objavljivanja"},"content":{"rendered":"\t\t<div data-elementor-type=\"wp-page\" data-elementor-id=\"70250\" class=\"elementor elementor-70250\" data-elementor-post-type=\"page\">\n\t\t\t\t<div class=\"elementor-element elementor-element-61d6c4e7 e-con-full responsive-container e-flex e-con e-parent\" data-id=\"61d6c4e7\" data-element_type=\"container\" data-e-type=\"container\">\n\t\t<div class=\"elementor-element elementor-element-7c483498 e-con-full e-flex e-con e-child\" data-id=\"7c483498\" data-element_type=\"container\" data-e-type=\"container\">\n\t\t\t\t<div class=\"elementor-element elementor-element-34649dc8 elementor-widget elementor-widget-shortcode\" data-id=\"34649dc8\" data-element_type=\"widget\" data-e-type=\"widget\" data-widget_type=\"shortcode.default\">\n\t\t\t\t<div class=\"elementor-widget-container\">\n\t\t\t\t\t\t\t<div class=\"elementor-shortcode\"><div  data-customtpl=\"doc-template\" data-perpage=\"12\" data-pt='post' data-taxonomy=\"category\" data-yearall=\"Sve\" data-prefilter=\"\u201dkonkursi-i-objavljivanja\" data-datefield=\"\" class=\"ItemsFilter docs-page docs-pageSectionTax  ItemsFilter-Ajax\" data-type='page'>\n            <div class=\"taxonomies-wrapper\">\n            <div class=\"taxonomies-body\">\n                <ul class=\"taxonomies-list\">\n                    <li class=\"taxonomies-list-item\">\n                        <a class=\"filter-item active\" data-param=\"tax\" data-slug=\"all\" href=\"https:\/\/gjakova.rks-gov.net\/sr\/konkursi-i-objavljivanja-2\/?tax=\">Sve<\/a>\n                    <\/li>\n                                            <li class=\"taxonomies-list-item\">\n                            <a class=\"filter-item \" data-param=\"tax\" data-slug=\"konkursi\" href=\"https:\/\/gjakova.rks-gov.net\/sr\/konkursi-i-objavljivanja-2\/?tax=konkursi\">Konkursi<\/a>\n                        <\/li>\n                                            <li class=\"taxonomies-list-item\">\n                            <a class=\"filter-item \" data-param=\"tax\" data-slug=\"pozivi-za-predloge\" href=\"https:\/\/gjakova.rks-gov.net\/sr\/konkursi-i-objavljivanja-2\/?tax=pozivi-za-predloge\">Pozivi za predloge<\/a>\n                        <\/li>\n                                            <li class=\"taxonomies-list-item\">\n                            <a class=\"filter-item \" data-param=\"tax\" data-slug=\"objavljivanja\" href=\"https:\/\/gjakova.rks-gov.net\/sr\/konkursi-i-objavljivanja-2\/?tax=objavljivanja\">Objavljivanja<\/a>\n                        <\/li>\n                                            <li class=\"taxonomies-list-item\">\n                            <a class=\"filter-item \" data-param=\"tax\" data-slug=\"aplikacije\" href=\"https:\/\/gjakova.rks-gov.net\/sr\/konkursi-i-objavljivanja-2\/?tax=aplikacije\">Aplikacije<\/a>\n                        <\/li>\n                                    <\/ul>\n            <\/div>\n        <\/div>\n        <div class=\"page-container-docs page-blockList\">\n                    <div class=\"ItemsFilter-title\">\n                <h1 data-page=\"Konkurs za prijemne, tehni\u010dke i pomoc\u0301ne pozicije u hitnim slu\u010dajevima\"> Konkurs za prijemne, tehni\u010dke i pomoc\u0301ne pozicije u hitnim slu\u010dajevima<\/h1>\n            <\/div>\n                <div class=\"ItemsFilter-wrapper flex\">\n                            <div class=\"search-filters-body\">\n                                            <div class=\"search-wrapper\">\n                            <form role=\"search\" method=\"get\" action=\"https:\/\/gjakova.rks-gov.net\/sr\/konkursi-i-objavljivanja-2\/\" id=\"searchform\">\n                                <div class=\"search-grid\">\n                                                                        <input type=\"text\" class=\"search-input\" name=\"search_text\" placeholder=\"Pretraga...\" value=\"\" \/>\n                                                                            <div class=\"date-filters\">\n                                            <select class=\"year-selectBody\" name=\"date_year\">\n                                                <option value=\"\">Sve<\/option>\n                                                                                                        <option value=\"2026\" >2026<\/option>\n                                                                                                        <option value=\"2025\" >2025<\/option>\n                                                                                                        <option value=\"2024\" >2024<\/option>\n                                                                                                        <option value=\"2023\" >2023<\/option>\n                                                                                                        <option value=\"2022\" >2022<\/option>\n                                                                                                        <option value=\"2021\" >2021<\/option>\n                                                                                                        <option value=\"2020\" >2020<\/option>\n                                                                                                        <option value=\"2019\" >2019<\/option>\n                                                                                                        <option value=\"2018\" >2018<\/option>\n                                                                                                        <option value=\"1970\" >1970<\/option>\n                                                                                            <\/select>\n                                        <\/div>\n                                                                        <button type=\"submit\" class=\"btn-searchf\" id=\"searchsubmit\">Pretraga<\/button>\n                                <\/div>\n                                <noscript><input type=\"submit\" value=\"Filter\"><\/noscript>\n                            <\/form>\n                        <\/div>\n                                    <\/div>\n            \n        <\/div>\n                    <div id=\"komuna-loader\" class=\"komuna-loader\">\n                <div class=\"loader-spinner\"><\/div>\n            <\/div>\n                <div class=\"posts-wrapper-inner docs-list\">\n                                                <div class=\"ItemsFilter-item item-104972\">\n                        \n<a target=\"_blank\" href=\"https:\/\/gjakova.rks-gov.net\/wp-content\/uploads\/2026\/04\/Konkurs-za-Zaposljavanje-pozicija-Sluzbenika-za-Informacione-Tehnologije.pdf\">\n    <div class=\"docItem-body\">\n        <div class=\"doc-image\">\n            \t\t\t\t<img decoding=\"async\" src=\"https:\/\/gjakova.rks-gov.net\/wp-content\/themes\/komuna\/assets\/images\/pdf.png\" alt=\"PDF Icon\">\n\t\t\t          <\/div>\n        <div class=\"doc-title\">\n            Konkurs za Zapos\u030cljavanje, pozicija Sluz\u030cbenika za Informacione Tehnologije        <\/div>\n        <div class=\"doc-data\">\n            15\/04\/2026        <\/div>\n    <\/div>\n<\/a>\n                    <\/div>\n                \n                                                <div class=\"ItemsFilter-item item-104335\">\n                        \n<a target=\"_blank\" href=\"https:\/\/gjakova.rks-gov.net\/wp-content\/uploads\/2026\/03\/Konkurs-za-zaposljavanje-direktorske-pozicije-ONOI-PO.pdf\">\n    <div class=\"docItem-body\">\n        <div class=\"doc-image\">\n            \t\t\t\t<img decoding=\"async\" src=\"https:\/\/gjakova.rks-gov.net\/wp-content\/themes\/komuna\/assets\/images\/pdf.png\" alt=\"PDF Icon\">\n\t\t\t          <\/div>\n        <div class=\"doc-title\">\n            Konkurs za zapos\u030cljavanje, direktorske pozicije ONOI-PO        <\/div>\n        <div class=\"doc-data\">\n            16\/03\/2026        <\/div>\n    <\/div>\n<\/a>\n                    <\/div>\n                \n                                                <div class=\"ItemsFilter-item item-104350\">\n                        \n<a target=\"_blank\" href=\"https:\/\/gjakova.rks-gov.net\/wp-content\/uploads\/2026\/03\/Konkurs-za-Zaposljavanje-pozicija-Direktora-Gradskog-Stadiona.pdf\">\n    <div class=\"docItem-body\">\n        <div class=\"doc-image\">\n            \t\t\t\t<img decoding=\"async\" src=\"https:\/\/gjakova.rks-gov.net\/wp-content\/themes\/komuna\/assets\/images\/pdf.png\" alt=\"PDF Icon\">\n\t\t\t          <\/div>\n        <div class=\"doc-title\">\n            Konkurs za Zapos\u030cljavanje, pozicija Direktora Gradskog Stadiona        <\/div>\n        <div class=\"doc-data\">\n            16\/03\/2026        <\/div>\n    <\/div>\n<\/a>\n                    <\/div>\n                \n                                                <div class=\"ItemsFilter-item item-103599\">\n                        \n<a target=\"_blank\" href=\"https:\/\/gjakova.rks-gov.net\/wp-content\/uploads\/2026\/02\/Konkurs-za-upis-grupa-za-opstu-zdravstvenu-medicinsku-struku.pdf\">\n    <div class=\"docItem-body\">\n        <div class=\"doc-image\">\n            \t\t\t\t<img decoding=\"async\" src=\"https:\/\/gjakova.rks-gov.net\/wp-content\/themes\/komuna\/assets\/images\/pdf.png\" alt=\"PDF Icon\">\n\t\t\t          <\/div>\n        <div class=\"doc-title\">\n            Konkurs za upis, grupa za op\u0161tu zdravstvenu-medicinsku struku        <\/div>\n        <div class=\"doc-data\">\n            05\/02\/2026        <\/div>\n    <\/div>\n<\/a>\n                    <\/div>\n                \n                                                <div class=\"ItemsFilter-item item-103149\">\n                        \n<a target=\"_blank\" href=\"https:\/\/gjakova.rks-gov.net\/wp-content\/uploads\/2026\/01\/Konkurs-za-Zaposljavanje-pozicija-Direktora-Palate-Kulture.pdf\">\n    <div class=\"docItem-body\">\n        <div class=\"doc-image\">\n            \t\t\t\t<img decoding=\"async\" src=\"https:\/\/gjakova.rks-gov.net\/wp-content\/themes\/komuna\/assets\/images\/pdf.png\" alt=\"PDF Icon\">\n\t\t\t          <\/div>\n        <div class=\"doc-title\">\n            Konkurs za Zapos\u030cljavanje, pozicija Direktora Palate Kulture        <\/div>\n        <div class=\"doc-data\">\n            16\/01\/2026        <\/div>\n    <\/div>\n<\/a>\n                    <\/div>\n                \n                                                <div class=\"ItemsFilter-item item-103025\">\n                        \n<a target=\"_blank\" href=\"https:\/\/gjakova.rks-gov.net\/wp-content\/uploads\/2026\/01\/Konkurs-za-Prijem-tehnicka-i-pomocna-radna-mesta-u-obrazovanju.pdf\">\n    <div class=\"docItem-body\">\n        <div class=\"doc-image\">\n            \t\t\t\t<img decoding=\"async\" src=\"https:\/\/gjakova.rks-gov.net\/wp-content\/themes\/komuna\/assets\/images\/pdf.png\" alt=\"PDF Icon\">\n\t\t\t          <\/div>\n        <div class=\"doc-title\">\n            Konkurs za Prijem, tehnic\u030cka i pomoc\u0301na radna mesta u obrazovanju        <\/div>\n        <div class=\"doc-data\">\n            14\/01\/2026        <\/div>\n    <\/div>\n<\/a>\n                    <\/div>\n                \n                                                <div class=\"ItemsFilter-item item-102491\">\n                        \n<a target=\"_blank\" href=\"https:\/\/gjakova.rks-gov.net\/wp-content\/uploads\/2025\/12\/Njoftim-per-debatin-e-dyte-me-qytetare-te-kryetarit-te-komunes-srb-1.pdf\">\n    <div class=\"docItem-body\">\n        <div class=\"doc-image\">\n            \t\t\t\t<img decoding=\"async\" src=\"https:\/\/gjakova.rks-gov.net\/wp-content\/themes\/komuna\/assets\/images\/pdf.png\" alt=\"PDF Icon\">\n\t\t\t          <\/div>\n        <div class=\"doc-title\">\n            Obavijest za drugu raspravu s gra\u0111anima i gradona\u010delnikom        <\/div>\n        <div class=\"doc-data\">\n            16\/12\/2025        <\/div>\n    <\/div>\n<\/a>\n                    <\/div>\n                \n                                                <div class=\"ItemsFilter-item item-99344\">\n                        \n<a target=\"_blank\" href=\"https:\/\/gjakova.rks-gov.net\/wp-content\/uploads\/2025\/08\/Konkurs-za-zaposljavanje-pozicija-pomocnika-blagajnika.pdf\">\n    <div class=\"docItem-body\">\n        <div class=\"doc-image\">\n            \t\t\t\t<img decoding=\"async\" src=\"https:\/\/gjakova.rks-gov.net\/wp-content\/themes\/komuna\/assets\/images\/pdf.png\" alt=\"PDF Icon\">\n\t\t\t          <\/div>\n        <div class=\"doc-title\">\n            Konkurs za zapos\u030cljavanje, pozicija pomoc\u0301nika blagajnika        <\/div>\n        <div class=\"doc-data\">\n            21\/08\/2025        <\/div>\n    <\/div>\n<\/a>\n                    <\/div>\n                \n                                                <div class=\"ItemsFilter-item item-98834\">\n                        \n<a target=\"_blank\" href=\"https:\/\/gjakova.rks-gov.net\/wp-content\/uploads\/2025\/08\/Konkurs-za-odredeni-period-angazovanja-Obrazovna-grupa.pdf\">\n    <div class=\"docItem-body\">\n        <div class=\"doc-image\">\n            \t\t\t\t<img decoding=\"async\" src=\"https:\/\/gjakova.rks-gov.net\/wp-content\/themes\/komuna\/assets\/images\/pdf.png\" alt=\"PDF Icon\">\n\t\t\t          <\/div>\n        <div class=\"doc-title\">\n            Konkurs za odre\u0111eni period anga\u017eovanja, Obrazovna grupa        <\/div>\n        <div class=\"doc-data\">\n            14\/08\/2025        <\/div>\n    <\/div>\n<\/a>\n                    <\/div>\n                \n                                                <div class=\"ItemsFilter-item item-96572\">\n                        \n<a target=\"_blank\" href=\"https:\/\/gjakova.rks-gov.net\/wp-content\/uploads\/2025\/06\/Obavijest-o-prvom-javnom-sastanku-gradonacelnika-s-gradanima-Dakovice.pdf\">\n    <div class=\"docItem-body\">\n        <div class=\"doc-image\">\n            \t\t\t\t<img decoding=\"async\" src=\"https:\/\/gjakova.rks-gov.net\/wp-content\/themes\/komuna\/assets\/images\/pdf.png\" alt=\"PDF Icon\">\n\t\t\t          <\/div>\n        <div class=\"doc-title\">\n            Obavijest o prvom javnom sastanku gradona\u010delnika s gra\u0111anima \u0110akovice        <\/div>\n        <div class=\"doc-data\">\n            10\/06\/2025        <\/div>\n    <\/div>\n<\/a>\n                    <\/div>\n                \n                                                <div class=\"ItemsFilter-item item-94226\">\n                        \n<a target=\"_blank\" href=\"https:\/\/gjakova.rks-gov.net\/wp-content\/uploads\/2025\/04\/KRM-Cabrati-Konkurs-Publik-Zyrtar-Kryesor-Financiar-dhe-i-Thesarit-srb.pdf\">\n    <div class=\"docItem-body\">\n        <div class=\"doc-image\">\n            \t\t\t\t<img decoding=\"async\" src=\"https:\/\/gjakova.rks-gov.net\/wp-content\/themes\/komuna\/assets\/images\/pdf.png\" alt=\"PDF Icon\">\n\t\t\t          <\/div>\n        <div class=\"doc-title\">\n            KRM Cabrati &#8211; Konkurs Publik Zyrtar Kryesor Financiar dhe i Thesarit -srb.        <\/div>\n        <div class=\"doc-data\">\n            01\/04\/2025        <\/div>\n    <\/div>\n<\/a>\n                    <\/div>\n                \n                                                <div class=\"ItemsFilter-item item-90003\">\n                        \n<a target=\"_blank\" href=\"https:\/\/gjakova.rks-gov.net\/wp-content\/uploads\/2025\/01\/Konkurs-za-prijem-Opste-zdravstveno-medicinska-grupa-1.pdf\">\n    <div class=\"docItem-body\">\n        <div class=\"doc-image\">\n            \t\t\t\t<img decoding=\"async\" src=\"https:\/\/gjakova.rks-gov.net\/wp-content\/themes\/komuna\/assets\/images\/pdf.png\" alt=\"PDF Icon\">\n\t\t\t          <\/div>\n        <div class=\"doc-title\">\n            Konkurs za prijem, Op\u0161te zdravstveno-medicinska grupa        <\/div>\n        <div class=\"doc-data\">\n            14\/01\/2025        <\/div>\n    <\/div>\n<\/a>\n                    <\/div>\n                \n                                <\/div>\n                    <div class=\"pagination\">\n                <div class='dpn-pagination'>\n                    <span aria-current=\"page\" class=\"page-numbers current\">1<\/span>\n<a class=\"page-numbers\" href=\"https:\/\/gjakova.rks-gov.net\/sr\/wp-json\/wp\/v2\/pages\/70250\/page\/2\/\">2<\/a>\n<span class=\"page-numbers dots\">&hellip;<\/span>\n<a class=\"page-numbers\" href=\"https:\/\/gjakova.rks-gov.net\/sr\/wp-json\/wp\/v2\/pages\/70250\/page\/11\/\">11<\/a>\n<a class=\"page-numbers\" href=\"https:\/\/gjakova.rks-gov.net\/sr\/wp-json\/wp\/v2\/pages\/70250\/page\/12\/\">12<\/a>\n<a class=\"next page-numbers\" href=\"https:\/\/gjakova.rks-gov.net\/sr\/wp-json\/wp\/v2\/pages\/70250\/page\/2\/\">> <i><\/i><\/a>                <\/div>\n            <\/div>\n        \n    <\/div>\n<\/div><\/div>\n\t\t\t\t\t\t<\/div>\n\t\t\t\t<\/div>\n\t\t\t\t<\/div>\n\t\t\t\t<\/div>\n\t\t\t\t<\/div>\n\t\t","protected":false},"excerpt":{"rendered":"","protected":false},"author":1,"featured_media":0,"parent":0,"menu_order":0,"comment_status":"closed","ping_status":"closed","template":"","meta":{"_acf_changed":false,"footnotes":""},"page-category":[],"class_list":["post-70250","page","type-page","status-publish","hentry"],"acf":[],"yoast_head":"<!-- This site is optimized with the Yoast SEO plugin v27.4 - https:\/\/yoast.com\/product\/yoast-seo-wordpress\/ -->\n<title>Konkursi i Objavljivanja - Op\u0161tine \u0110akovica<\/title>\n<meta name=\"robots\" content=\"index, follow, max-snippet:-1, max-image-preview:large, max-video-preview:-1\" \/>\n<link rel=\"canonical\" href=\"https:\/\/gjakova.rks-gov.net\/sr\/konkursi-i-objavljivanja-2\/\" \/>\n<meta property=\"og:locale\" content=\"sr_RS\" \/>\n<meta property=\"og:type\" content=\"article\" \/>\n<meta property=\"og:title\" content=\"Konkursi i Objavljivanja - Op\u0161tine \u0110akovica\" \/>\n<meta property=\"og:url\" content=\"https:\/\/gjakova.rks-gov.net\/sr\/konkursi-i-objavljivanja-2\/\" \/>\n<meta property=\"og:site_name\" content=\"Op\u0161tine \u0110akovica\" \/>\n<meta property=\"article:publisher\" content=\"https:\/\/www.facebook.com\/KomunaeGjakoves\/\" \/>\n<meta property=\"article:modified_time\" content=\"2024-10-01T06:46:03+00:00\" \/>\n<meta name=\"twitter:card\" content=\"summary_large_image\" \/>\n<script type=\"application\/ld+json\" class=\"yoast-schema-graph\">{\"@context\":\"https:\\\/\\\/schema.org\",\"@graph\":[{\"@type\":\"WebPage\",\"@id\":\"https:\\\/\\\/gjakova.rks-gov.net\\\/sr\\\/konkursi-i-objavljivanja-2\\\/\",\"url\":\"https:\\\/\\\/gjakova.rks-gov.net\\\/sr\\\/konkursi-i-objavljivanja-2\\\/\",\"name\":\"Konkursi i Objavljivanja - Op\u0161tine \u0110akovica\",\"isPartOf\":{\"@id\":\"https:\\\/\\\/gjakova.rks-gov.net\\\/sr\\\/#website\"},\"datePublished\":\"2024-09-30T14:13:09+00:00\",\"dateModified\":\"2024-10-01T06:46:03+00:00\",\"breadcrumb\":{\"@id\":\"https:\\\/\\\/gjakova.rks-gov.net\\\/sr\\\/konkursi-i-objavljivanja-2\\\/#breadcrumb\"},\"inLanguage\":\"sr-RS\",\"potentialAction\":[{\"@type\":\"ReadAction\",\"target\":[\"https:\\\/\\\/gjakova.rks-gov.net\\\/sr\\\/konkursi-i-objavljivanja-2\\\/\"]}]},{\"@type\":\"BreadcrumbList\",\"@id\":\"https:\\\/\\\/gjakova.rks-gov.net\\\/sr\\\/konkursi-i-objavljivanja-2\\\/#breadcrumb\",\"itemListElement\":[{\"@type\":\"ListItem\",\"position\":1,\"name\":\"Home\",\"item\":\"https:\\\/\\\/gjakova.rks-gov.net\\\/sr\\\/\"},{\"@type\":\"ListItem\",\"position\":2,\"name\":\"Konkursi i Objavljivanja\"}]},{\"@type\":\"WebSite\",\"@id\":\"https:\\\/\\\/gjakova.rks-gov.net\\\/sr\\\/#website\",\"url\":\"https:\\\/\\\/gjakova.rks-gov.net\\\/sr\\\/\",\"name\":\"Komuna e Gjakoves\",\"description\":\"\",\"publisher\":{\"@id\":\"https:\\\/\\\/gjakova.rks-gov.net\\\/sr\\\/#organization\"},\"alternateName\":\"Komuna Gjakove\",\"potentialAction\":[{\"@type\":\"SearchAction\",\"target\":{\"@type\":\"EntryPoint\",\"urlTemplate\":\"https:\\\/\\\/gjakova.rks-gov.net\\\/sr\\\/?s={search_term_string}\"},\"query-input\":{\"@type\":\"PropertyValueSpecification\",\"valueRequired\":true,\"valueName\":\"search_term_string\"}}],\"inLanguage\":\"sr-RS\"},{\"@type\":\"Organization\",\"@id\":\"https:\\\/\\\/gjakova.rks-gov.net\\\/sr\\\/#organization\",\"name\":\"Komuna e Gjakoves\",\"alternateName\":\"Komuna Gjakove\",\"url\":\"https:\\\/\\\/gjakova.rks-gov.net\\\/sr\\\/\",\"logo\":{\"@type\":\"ImageObject\",\"inLanguage\":\"sr-RS\",\"@id\":\"https:\\\/\\\/gjakova.rks-gov.net\\\/sr\\\/#\\\/schema\\\/logo\\\/image\\\/\",\"url\":\"https:\\\/\\\/gjakova.rks-gov.net\\\/wp-content\\\/uploads\\\/2024\\\/04\\\/Stema_e_Komunes_Gjakove.svg.png\",\"contentUrl\":\"https:\\\/\\\/gjakova.rks-gov.net\\\/wp-content\\\/uploads\\\/2024\\\/04\\\/Stema_e_Komunes_Gjakove.svg.png\",\"width\":512,\"height\":681,\"caption\":\"Komuna e Gjakoves\"},\"image\":{\"@id\":\"https:\\\/\\\/gjakova.rks-gov.net\\\/sr\\\/#\\\/schema\\\/logo\\\/image\\\/\"},\"sameAs\":[\"https:\\\/\\\/www.facebook.com\\\/KomunaeGjakoves\\\/\",\"https:\\\/\\\/www.instagram.com\\\/komunaegjakoves\\\/\"]}]}<\/script>\n<!-- \/ Yoast SEO plugin. -->","yoast_head_json":{"title":"Konkursi i Objavljivanja - Op\u0161tine \u0110akovica","robots":{"index":"index","follow":"follow","max-snippet":"max-snippet:-1","max-image-preview":"max-image-preview:large","max-video-preview":"max-video-preview:-1"},"canonical":"https:\/\/gjakova.rks-gov.net\/sr\/konkursi-i-objavljivanja-2\/","og_locale":"sr_RS","og_type":"article","og_title":"Konkursi i Objavljivanja - Op\u0161tine \u0110akovica","og_url":"https:\/\/gjakova.rks-gov.net\/sr\/konkursi-i-objavljivanja-2\/","og_site_name":"Op\u0161tine \u0110akovica","article_publisher":"https:\/\/www.facebook.com\/KomunaeGjakoves\/","article_modified_time":"2024-10-01T06:46:03+00:00","twitter_card":"summary_large_image","schema":{"@context":"https:\/\/schema.org","@graph":[{"@type":"WebPage","@id":"https:\/\/gjakova.rks-gov.net\/sr\/konkursi-i-objavljivanja-2\/","url":"https:\/\/gjakova.rks-gov.net\/sr\/konkursi-i-objavljivanja-2\/","name":"Konkursi i Objavljivanja - Op\u0161tine \u0110akovica","isPartOf":{"@id":"https:\/\/gjakova.rks-gov.net\/sr\/#website"},"datePublished":"2024-09-30T14:13:09+00:00","dateModified":"2024-10-01T06:46:03+00:00","breadcrumb":{"@id":"https:\/\/gjakova.rks-gov.net\/sr\/konkursi-i-objavljivanja-2\/#breadcrumb"},"inLanguage":"sr-RS","potentialAction":[{"@type":"ReadAction","target":["https:\/\/gjakova.rks-gov.net\/sr\/konkursi-i-objavljivanja-2\/"]}]},{"@type":"BreadcrumbList","@id":"https:\/\/gjakova.rks-gov.net\/sr\/konkursi-i-objavljivanja-2\/#breadcrumb","itemListElement":[{"@type":"ListItem","position":1,"name":"Home","item":"https:\/\/gjakova.rks-gov.net\/sr\/"},{"@type":"ListItem","position":2,"name":"Konkursi i Objavljivanja"}]},{"@type":"WebSite","@id":"https:\/\/gjakova.rks-gov.net\/sr\/#website","url":"https:\/\/gjakova.rks-gov.net\/sr\/","name":"Komuna e Gjakoves","description":"","publisher":{"@id":"https:\/\/gjakova.rks-gov.net\/sr\/#organization"},"alternateName":"Komuna Gjakove","potentialAction":[{"@type":"SearchAction","target":{"@type":"EntryPoint","urlTemplate":"https:\/\/gjakova.rks-gov.net\/sr\/?s={search_term_string}"},"query-input":{"@type":"PropertyValueSpecification","valueRequired":true,"valueName":"search_term_string"}}],"inLanguage":"sr-RS"},{"@type":"Organization","@id":"https:\/\/gjakova.rks-gov.net\/sr\/#organization","name":"Komuna e Gjakoves","alternateName":"Komuna Gjakove","url":"https:\/\/gjakova.rks-gov.net\/sr\/","logo":{"@type":"ImageObject","inLanguage":"sr-RS","@id":"https:\/\/gjakova.rks-gov.net\/sr\/#\/schema\/logo\/image\/","url":"https:\/\/gjakova.rks-gov.net\/wp-content\/uploads\/2024\/04\/Stema_e_Komunes_Gjakove.svg.png","contentUrl":"https:\/\/gjakova.rks-gov.net\/wp-content\/uploads\/2024\/04\/Stema_e_Komunes_Gjakove.svg.png","width":512,"height":681,"caption":"Komuna e Gjakoves"},"image":{"@id":"https:\/\/gjakova.rks-gov.net\/sr\/#\/schema\/logo\/image\/"},"sameAs":["https:\/\/www.facebook.com\/KomunaeGjakoves\/","https:\/\/www.instagram.com\/komunaegjakoves\/"]}]}},"_links":{"self":[{"href":"https:\/\/gjakova.rks-gov.net\/sr\/wp-json\/wp\/v2\/pages\/70250","targetHints":{"allow":["GET"]}}],"collection":[{"href":"https:\/\/gjakova.rks-gov.net\/sr\/wp-json\/wp\/v2\/pages"}],"about":[{"href":"https:\/\/gjakova.rks-gov.net\/sr\/wp-json\/wp\/v2\/types\/page"}],"author":[{"embeddable":true,"href":"https:\/\/gjakova.rks-gov.net\/sr\/wp-json\/wp\/v2\/users\/1"}],"replies":[{"embeddable":true,"href":"https:\/\/gjakova.rks-gov.net\/sr\/wp-json\/wp\/v2\/comments?post=70250"}],"version-history":[{"count":4,"href":"https:\/\/gjakova.rks-gov.net\/sr\/wp-json\/wp\/v2\/pages\/70250\/revisions"}],"predecessor-version":[{"id":70256,"href":"https:\/\/gjakova.rks-gov.net\/sr\/wp-json\/wp\/v2\/pages\/70250\/revisions\/70256"}],"wp:attachment":[{"href":"https:\/\/gjakova.rks-gov.net\/sr\/wp-json\/wp\/v2\/media?parent=70250"}],"wp:term":[{"taxonomy":"page-category","embeddable":true,"href":"https:\/\/gjakova.rks-gov.net\/sr\/wp-json\/wp\/v2\/page-category?post=70250"}],"curies":[{"name":"wp","href":"https:\/\/api.w.org\/{rel}","templated":true}]}}