{"id":68961,"date":"2017-06-14T07:17:38","date_gmt":"2017-06-14T05:17:38","guid":{"rendered":"https:\/\/gjakova.rks-gov.net\/sektori-per-te-drejta-te-njeriut-dhe-barazi-gjinore\/"},"modified":"2017-06-14T07:17:38","modified_gmt":"2017-06-14T05:17:38","slug":"sektori-per-te-drejta-te-njeriut-dhe-barazi-gjinore","status":"publish","type":"page","link":"https:\/\/gjakova.rks-gov.net\/sr\/sektori-per-te-drejta-te-njeriut-dhe-barazi-gjinore\/","title":{"rendered":"Sektori p\u00ebr t\u00eb Drejta t\u00eb Njeriut dhe Barazi Gjinore"},"content":{"rendered":"<div><\/div>\n<div><\/div>\n","protected":false},"excerpt":{"rendered":"","protected":false},"author":1,"featured_media":0,"parent":0,"menu_order":0,"comment_status":"open","ping_status":"open","template":"","meta":{"_acf_changed":false,"footnotes":""},"page-category":[],"class_list":["post-68961","page","type-page","status-publish","hentry"],"acf":[],"yoast_head":"<!-- This site is optimized with the Yoast SEO plugin v26.8 - https:\/\/yoast.com\/product\/yoast-seo-wordpress\/ -->\n<title>Sektori p\u00ebr t\u00eb Drejta t\u00eb Njeriut dhe Barazi Gjinore - Op\u0161tine \u0110akovica<\/title>\n<meta name=\"robots\" content=\"index, follow, max-snippet:-1, max-image-preview:large, max-video-preview:-1\" \/>\n<link rel=\"canonical\" href=\"https:\/\/gjakova.rks-gov.net\/sr\/sektori-per-te-drejta-te-njeriut-dhe-barazi-gjinore\/\" \/>\n<meta property=\"og:locale\" content=\"sr_RS\" \/>\n<meta property=\"og:type\" content=\"article\" \/>\n<meta property=\"og:title\" content=\"Sektori p\u00ebr t\u00eb Drejta t\u00eb Njeriut dhe Barazi Gjinore - Op\u0161tine \u0110akovica\" \/>\n<meta property=\"og:url\" content=\"https:\/\/gjakova.rks-gov.net\/sr\/sektori-per-te-drejta-te-njeriut-dhe-barazi-gjinore\/\" \/>\n<meta property=\"og:site_name\" content=\"Op\u0161tine \u0110akovica\" \/>\n<meta property=\"article:publisher\" content=\"https:\/\/www.facebook.com\/KomunaeGjakoves\/\" \/>\n<meta name=\"twitter:card\" content=\"summary_large_image\" \/>\n<script type=\"application\/ld+json\" class=\"yoast-schema-graph\">{\"@context\":\"https:\/\/schema.org\",\"@graph\":[{\"@type\":\"WebPage\",\"@id\":\"https:\/\/gjakova.rks-gov.net\/sr\/sektori-per-te-drejta-te-njeriut-dhe-barazi-gjinore\/\",\"url\":\"https:\/\/gjakova.rks-gov.net\/sr\/sektori-per-te-drejta-te-njeriut-dhe-barazi-gjinore\/\",\"name\":\"Sektori p\u00ebr t\u00eb Drejta t\u00eb Njeriut dhe Barazi Gjinore - Op\u0161tine \u0110akovica\",\"isPartOf\":{\"@id\":\"https:\/\/gjakova.rks-gov.net\/sr\/#website\"},\"datePublished\":\"2017-06-14T05:17:38+00:00\",\"breadcrumb\":{\"@id\":\"https:\/\/gjakova.rks-gov.net\/sr\/sektori-per-te-drejta-te-njeriut-dhe-barazi-gjinore\/#breadcrumb\"},\"inLanguage\":\"sr-RS\",\"potentialAction\":[{\"@type\":\"ReadAction\",\"target\":[\"https:\/\/gjakova.rks-gov.net\/sr\/sektori-per-te-drejta-te-njeriut-dhe-barazi-gjinore\/\"]}]},{\"@type\":\"BreadcrumbList\",\"@id\":\"https:\/\/gjakova.rks-gov.net\/sr\/sektori-per-te-drejta-te-njeriut-dhe-barazi-gjinore\/#breadcrumb\",\"itemListElement\":[{\"@type\":\"ListItem\",\"position\":1,\"name\":\"Home\",\"item\":\"https:\/\/gjakova.rks-gov.net\/sr\/\"},{\"@type\":\"ListItem\",\"position\":2,\"name\":\"Sektori p\u00ebr t\u00eb Drejta t\u00eb Njeriut dhe Barazi Gjinore\"}]},{\"@type\":\"WebSite\",\"@id\":\"https:\/\/gjakova.rks-gov.net\/sr\/#website\",\"url\":\"https:\/\/gjakova.rks-gov.net\/sr\/\",\"name\":\"Komuna e Gjakoves\",\"description\":\"\",\"publisher\":{\"@id\":\"https:\/\/gjakova.rks-gov.net\/sr\/#organization\"},\"alternateName\":\"Komuna Gjakove\",\"potentialAction\":[{\"@type\":\"SearchAction\",\"target\":{\"@type\":\"EntryPoint\",\"urlTemplate\":\"https:\/\/gjakova.rks-gov.net\/sr\/?s={search_term_string}\"},\"query-input\":{\"@type\":\"PropertyValueSpecification\",\"valueRequired\":true,\"valueName\":\"search_term_string\"}}],\"inLanguage\":\"sr-RS\"},{\"@type\":\"Organization\",\"@id\":\"https:\/\/gjakova.rks-gov.net\/sr\/#organization\",\"name\":\"Komuna e Gjakoves\",\"alternateName\":\"Komuna Gjakove\",\"url\":\"https:\/\/gjakova.rks-gov.net\/sr\/\",\"logo\":{\"@type\":\"ImageObject\",\"inLanguage\":\"sr-RS\",\"@id\":\"https:\/\/gjakova.rks-gov.net\/sr\/#\/schema\/logo\/image\/\",\"url\":\"https:\/\/gjakova.rks-gov.net\/wp-content\/uploads\/2024\/04\/Stema_e_Komunes_Gjakove.svg.png\",\"contentUrl\":\"https:\/\/gjakova.rks-gov.net\/wp-content\/uploads\/2024\/04\/Stema_e_Komunes_Gjakove.svg.png\",\"width\":512,\"height\":681,\"caption\":\"Komuna e Gjakoves\"},\"image\":{\"@id\":\"https:\/\/gjakova.rks-gov.net\/sr\/#\/schema\/logo\/image\/\"},\"sameAs\":[\"https:\/\/www.facebook.com\/KomunaeGjakoves\/\",\"https:\/\/www.instagram.com\/komunaegjakoves\/\"]}]}<\/script>\n<!-- \/ Yoast SEO plugin. -->","yoast_head_json":{"title":"Sektori p\u00ebr t\u00eb Drejta t\u00eb Njeriut dhe Barazi Gjinore - Op\u0161tine \u0110akovica","robots":{"index":"index","follow":"follow","max-snippet":"max-snippet:-1","max-image-preview":"max-image-preview:large","max-video-preview":"max-video-preview:-1"},"canonical":"https:\/\/gjakova.rks-gov.net\/sr\/sektori-per-te-drejta-te-njeriut-dhe-barazi-gjinore\/","og_locale":"sr_RS","og_type":"article","og_title":"Sektori p\u00ebr t\u00eb Drejta t\u00eb Njeriut dhe Barazi Gjinore - Op\u0161tine \u0110akovica","og_url":"https:\/\/gjakova.rks-gov.net\/sr\/sektori-per-te-drejta-te-njeriut-dhe-barazi-gjinore\/","og_site_name":"Op\u0161tine \u0110akovica","article_publisher":"https:\/\/www.facebook.com\/KomunaeGjakoves\/","twitter_card":"summary_large_image","schema":{"@context":"https:\/\/schema.org","@graph":[{"@type":"WebPage","@id":"https:\/\/gjakova.rks-gov.net\/sr\/sektori-per-te-drejta-te-njeriut-dhe-barazi-gjinore\/","url":"https:\/\/gjakova.rks-gov.net\/sr\/sektori-per-te-drejta-te-njeriut-dhe-barazi-gjinore\/","name":"Sektori p\u00ebr t\u00eb Drejta t\u00eb Njeriut dhe Barazi Gjinore - Op\u0161tine \u0110akovica","isPartOf":{"@id":"https:\/\/gjakova.rks-gov.net\/sr\/#website"},"datePublished":"2017-06-14T05:17:38+00:00","breadcrumb":{"@id":"https:\/\/gjakova.rks-gov.net\/sr\/sektori-per-te-drejta-te-njeriut-dhe-barazi-gjinore\/#breadcrumb"},"inLanguage":"sr-RS","potentialAction":[{"@type":"ReadAction","target":["https:\/\/gjakova.rks-gov.net\/sr\/sektori-per-te-drejta-te-njeriut-dhe-barazi-gjinore\/"]}]},{"@type":"BreadcrumbList","@id":"https:\/\/gjakova.rks-gov.net\/sr\/sektori-per-te-drejta-te-njeriut-dhe-barazi-gjinore\/#breadcrumb","itemListElement":[{"@type":"ListItem","position":1,"name":"Home","item":"https:\/\/gjakova.rks-gov.net\/sr\/"},{"@type":"ListItem","position":2,"name":"Sektori p\u00ebr t\u00eb Drejta t\u00eb Njeriut dhe Barazi Gjinore"}]},{"@type":"WebSite","@id":"https:\/\/gjakova.rks-gov.net\/sr\/#website","url":"https:\/\/gjakova.rks-gov.net\/sr\/","name":"Komuna e Gjakoves","description":"","publisher":{"@id":"https:\/\/gjakova.rks-gov.net\/sr\/#organization"},"alternateName":"Komuna Gjakove","potentialAction":[{"@type":"SearchAction","target":{"@type":"EntryPoint","urlTemplate":"https:\/\/gjakova.rks-gov.net\/sr\/?s={search_term_string}"},"query-input":{"@type":"PropertyValueSpecification","valueRequired":true,"valueName":"search_term_string"}}],"inLanguage":"sr-RS"},{"@type":"Organization","@id":"https:\/\/gjakova.rks-gov.net\/sr\/#organization","name":"Komuna e Gjakoves","alternateName":"Komuna Gjakove","url":"https:\/\/gjakova.rks-gov.net\/sr\/","logo":{"@type":"ImageObject","inLanguage":"sr-RS","@id":"https:\/\/gjakova.rks-gov.net\/sr\/#\/schema\/logo\/image\/","url":"https:\/\/gjakova.rks-gov.net\/wp-content\/uploads\/2024\/04\/Stema_e_Komunes_Gjakove.svg.png","contentUrl":"https:\/\/gjakova.rks-gov.net\/wp-content\/uploads\/2024\/04\/Stema_e_Komunes_Gjakove.svg.png","width":512,"height":681,"caption":"Komuna e Gjakoves"},"image":{"@id":"https:\/\/gjakova.rks-gov.net\/sr\/#\/schema\/logo\/image\/"},"sameAs":["https:\/\/www.facebook.com\/KomunaeGjakoves\/","https:\/\/www.instagram.com\/komunaegjakoves\/"]}]}},"_links":{"self":[{"href":"https:\/\/gjakova.rks-gov.net\/sr\/wp-json\/wp\/v2\/pages\/68961","targetHints":{"allow":["GET"]}}],"collection":[{"href":"https:\/\/gjakova.rks-gov.net\/sr\/wp-json\/wp\/v2\/pages"}],"about":[{"href":"https:\/\/gjakova.rks-gov.net\/sr\/wp-json\/wp\/v2\/types\/page"}],"author":[{"embeddable":true,"href":"https:\/\/gjakova.rks-gov.net\/sr\/wp-json\/wp\/v2\/users\/1"}],"replies":[{"embeddable":true,"href":"https:\/\/gjakova.rks-gov.net\/sr\/wp-json\/wp\/v2\/comments?post=68961"}],"version-history":[{"count":0,"href":"https:\/\/gjakova.rks-gov.net\/sr\/wp-json\/wp\/v2\/pages\/68961\/revisions"}],"wp:attachment":[{"href":"https:\/\/gjakova.rks-gov.net\/sr\/wp-json\/wp\/v2\/media?parent=68961"}],"wp:term":[{"taxonomy":"page-category","embeddable":true,"href":"https:\/\/gjakova.rks-gov.net\/sr\/wp-json\/wp\/v2\/page-category?post=68961"}],"curies":[{"name":"wp","href":"https:\/\/api.w.org\/{rel}","templated":true}]}}