{"id":68432,"date":"2018-02-27T09:44:04","date_gmt":"2018-02-27T08:44:04","guid":{"rendered":"https:\/\/gjakova.rks-gov.net\/sherbimet-inspektorati\/"},"modified":"2018-02-27T09:44:04","modified_gmt":"2018-02-27T08:44:04","slug":"sherbimet-inspektorati","status":"publish","type":"page","link":"https:\/\/gjakova.rks-gov.net\/sr\/sherbimet-inspektorati\/","title":{"rendered":"Sh\u00ebrbimet Inspektorati"},"content":{"rendered":"<p><strong>DREJTORIA P\u00cbR PUN\u00cb INSPEKTUESE (DPI) <\/strong>DPI \u00ebsht\u00eb p\u00ebrgjegj\u00ebs p\u00ebr mbik\u00ebqyrjen dhe zbatimin e ligjeve dhe rregulloreve komunale n\u00eb l\u00ebmin e: inspektoratit t\u00eb Tregut, inspektoratit Sanitar, Bujq\u00ebsis\u00eb, inspektoratit t\u00eb Sh\u00ebrbimeve Publike, inspektoratit t\u00eb Nd\u00ebrtimit dhe inspektoratit t\u00eb Mbrojtjes s\u00eb Mjedisit. <strong>ORGANIZIMI I DREJTORIS\u00cb P\u00cbR PUN\u00cb INSPEKTUESE<\/strong><\/p>\n<ol>\n<li>Sektori p\u00ebr Inspektime, n\u00eb kuad\u00ebr t\u00eb s\u00eb cilit veprojn\u00eb Inspektor\u00ebt e Tregut.<\/li>\n<li>Sektori i Nd\u00ebrtimit, n\u00eb kuad\u00ebr t\u00eb s\u00eb cilit veprojn\u00eb Inspektor\u00ebt e Nd\u00ebrtimit dhe Mjedisit.<\/li>\n<li>Sektori i Rendit Komunal, n\u00eb kuad\u00ebr t\u00eb s\u00eb cilit veprojn\u00eb Inspektor\u00ebt e Sh\u00ebrbimeve Publike.<\/li>\n<\/ol>\n<p><strong>Udh\u00ebheq\u00ebs i Sektorit t\u00eb Inspektoratit t\u00eb Tregut<\/strong> Artan Hoxha, kontakt: artan.hoxha@rks-gov.net <strong>Udh\u00ebheq\u00ebse e Sektorit t\u00eb Inspektoratit t\u00eb Nd\u00ebrtimit<\/strong> Donika Lama Efendia, kontakt: donika.lama@rks-gov.net <strong>Udh\u00ebheq\u00ebs i Sektorit t\u00eb Inspektoratit t\u00eb Sh\u00ebrbimeve Publike<\/strong> Samir Sylmeta, kontakt: samir.sylmeta@rks-gov.net <strong> <\/strong><\/p>\n<p><strong>DETYRAT DHE P\u00cbRGJEGJ\u00cbSIT\u00cb <\/strong><strong>Detyrat dhe p\u00ebrgjegj\u00ebsit\u00eb e inspektor\u00ebve t\u00eb<\/strong><strong> Tregut<\/strong> 1. Parandalimi i ekonomis\u00eb informale.  <\/p>\n<ol start=\"2\">\n<li>Mbik\u00ebqyren e aktiviteteve ekonomike gjat\u00eb shitjes, ofrimit t\u00eb sh\u00ebrbimeve, qarkullimin e produkteve jo ushqimore.<\/li>\n<li>Mbrojtjen e konsumatorit dhe mbik\u00ebqyrjen e zbatimit t\u00eb orarit t\u00eb pun\u00ebs s\u00eb veprimtarive ekonomike.<\/li>\n<li>Mbik\u00ebqyrjen e veprimtarive zejtare, t\u00eb tregtimit t\u00eb duhanit, pron\u00ebsis\u00eb industriale n\u00eb treg, veprimtarive turistike, hoteliere.<\/li>\n<li>Pun\u00eb t\u00eb tjera t\u00eb p\u00ebrcaktuara me ligj dhe akte nen ligjore.<\/li>\n<\/ol>\n<p>&nbsp;<\/p>\n<p><strong>Detyrat dhe p\u00ebrgjegj\u00ebsit\u00eb e inspektor\u00ebve t\u00eb Nd\u00ebrtimit <\/strong>1.Mbik\u00ebqyrjen inspektuese n\u00eb fush\u00ebn e nd\u00ebrtimeve. 2.Ndalimin e punimeve ilegale dhe rr\u00ebnimin e tyre. 3.Verifikimin e dokumenteve burimore n\u00eb fush\u00ebn e nd\u00ebrtimit. 4.Pun\u00eb t\u00eb tjera t\u00eb p\u00ebrcaktuara me ligj dhe akte tjera nen ligjore n\u00eb fuqi. &nbsp;<strong>Detyrat dhe p\u00ebrgjegj\u00ebsit\u00eb e inspektor\u00ebve t\u00eb<\/strong><strong> Mbrojtjes s\u00eb Mjedisit<\/strong> 1.Mbik\u00ebqyren e aktiviteteve q\u00eb kan\u00eb ndikim n\u00eb mjedis dhe kontrollimin e aplikimin e standardet p\u00ebr mbrojtjen e mjedisit. 2.Mbik\u00ebqyrjen e inspektuese me qellim t\u00eb mbrojtjes s\u00eb mjedisit, mbik\u00ebqyrjen e kompanive publike dhe jo publike q\u00eb merren me menaxhimin e uj\u00ebrave t\u00eb zeza dhe mbeturinave. 3.Mbik\u00ebqyrjen e lejeve mjedisore komunale. 4.Pun\u00eb t\u00eb tjera t\u00eb p\u00ebrcaktuara me ligj dhe akte nen ligjore. &nbsp;<strong>Detyrat dhe p\u00ebrgjegj\u00ebsit\u00eb e inspektor\u00ebve t\u00eb Sh\u00ebrbimeve Publike<\/strong> 1.Mbik\u00ebqyrja inspektuese me q\u00ebllim t\u00eb mbrojtjes s\u00eb sip\u00ebrfaqeve publike. 2.Verifikimin e dokumenteve burimore t\u00eb cilat shfryt\u00ebzuesit e sip\u00ebrfaqes publike duhet t\u2019i posedojn\u00eb. 3.Ndalimin e shfryt\u00ebzimit dhe d\u00ebmtimit t\u00eb sip\u00ebrfaqeve publike nga shfryt\u00ebzimi i pa autorizuar. 4.Mbik\u00ebqyrja e rregulloreve komunale t\u00eb cilat jan\u00eb kompetenc\u00eb e Inspektor\u00ebve. 5.Pun\u00eb t\u00eb tjera t\u00eb p\u00ebrcaktuara me akte nen ligjore.           <strong> <\/strong><\/p>\n<p><strong>SH\u00cbRBIMET KOMUNALE T\u00cb DREJTORIS\u00cb P\u00cbR PUN\u00cb INSPEKTUESE<\/strong>&nbsp;<strong>K\u00ebrkes\u00eb p\u00ebr kontrolle t\u00eb lokalit p\u00ebr plot\u00ebsimin e kushteve minimale higjieno-tekniko sanitare<\/strong>&nbsp; Informacion Pronari\/personi p\u00ebrgjegj\u00ebs i shoq\u00ebris\u00eb tregtare \u00ebsht\u00eb i obliguar q\u00eb t\u00eb paraqes k\u00ebrkese n\u00eb arkivin e komun\u00ebs p\u00ebr pajisje me p\u00eblqim mbi plot\u00ebsim t\u00eb kushteve minimale higjienike, teknike e sanitare. Arkiva brenda 24 or\u00ebve e p\u00ebrcjell te komisioni p\u00ebr pranim teknik i cili \u00ebsht\u00eb i obliguar q\u00eb brenda afatit t\u00eb p\u00ebrcaktuar ligjor t\u00eb inspektoj lokalin afarist me qellim t\u00eb konstatimit t\u00eb kushteve. &nbsp; Baza ligjore Rregullores Nr.110\/04-11191 Mbi plot\u00ebsimin e kushteve minimale higjienike, teknike dhe sanitare p\u00ebr lokalet afariste n\u00eb Territorin e Komun\u00ebs s\u00eb Gjakov\u00ebs. &nbsp;<strong>K<\/strong><strong>\u00ebrkes\u00eb p\u00ebr p\u00eblqim sanitar p\u00ebr: Nd\u00ebrtim dhe ri-nd\u00ebrtim t\u00eb objekteve<\/strong>&nbsp; Informacion Pronari\/personi p\u00ebrgjegj\u00ebs dhe organet e ndryshme jan\u00eb t\u00eb obliguar q\u00eb t\u00eb paraqesin k\u00ebrkese n\u00eb arkivin e komun\u00ebs p\u00ebr p\u00eblqim sanitar p\u00ebr nd\u00ebrtim, ri-nd\u00ebrtim t\u00eb objekteve. Arkiva prit\u00ebse brenda 24 or\u00ebve e p\u00ebrcjell te inspektori kompetent i cili \u00ebsht\u00eb obliguar q\u00eb brenda afatit t\u00eb p\u00ebrcaktuar ligjor t\u00eb inspektoj vendin e p\u00ebrcaktuar n\u00eb k\u00ebrkes\u00eb me q\u00ebllim t\u00eb konstatimit e kushteve. &nbsp; Baza ligjore Rregullorja Nr.01-011-43964 P\u00ebr taksat, tarifat dhe ngarkesat nga sh\u00ebrbimet komunal &nbsp;<strong>Ankesat<\/strong> Personat fizik apo juridik t\u00eb cil\u00ebt kane ankesa dhe k\u00ebrkesa t\u00eb ndryshme p\u00ebr sa i p\u00ebrket fush\u00eb veprimtaris\u00eb se inspektor\u00ebve n\u00eb kuad\u00ebr t\u00eb Drejtoris\u00eb p\u00ebr Pun\u00eb Inspektuese, mund t\u00eb drejtohen n\u00eb arkivin e komun\u00ebs dhe t\u00eb mbushin formularin e ankes\u00ebs apo k\u00ebrkes\u00ebs. Arkiva brenda 24 or\u00ebve e p\u00ebrcjell t\u00eb inspektori kompetent i cili \u00ebsht\u00eb i obliguar q\u00eb brenda afatit t\u00eb p\u00ebrcaktuar ligjor t\u00eb kryej inspektim, inspektimi kryhet vet\u00ebm n\u00ebse ankesa paralajm\u00ebron shkelje t\u00eb dyshuara p\u00ebr t\u00eb cil\u00ebn parashihen fillimi i procedur\u00ebs p\u00ebr kund\u00ebrvajtje apo penale. Inspektori \u00ebsht\u00eb i detyruar q\u00eb konfrom ligjit t\u00eb informoj parashtruesin e ankes\u00ebs lidhur me gjendjen e konstatuar, respektivisht masat e nd\u00ebrmarra n\u00eb afatin ligjor.     &nbsp;<\/p>\n<p>&nbsp;<\/p>\n<p>&nbsp;<\/p>\n<p>&nbsp;<\/p>\n<p>&nbsp;<\/p>\n","protected":false},"excerpt":{"rendered":"<p>DREJTORIA P\u00cbR PUN\u00cb INSPEKTUESE (DPI) DPI \u00ebsht\u00eb p\u00ebrgjegj\u00ebs p\u00ebr mbik\u00ebqyrjen dhe zbatimin e ligjeve dhe rregulloreve komunale n\u00eb l\u00ebmin e: inspektoratit t\u00eb Tregut, inspektoratit Sanitar, Bujq\u00ebsis\u00eb, inspektoratit t\u00eb Sh\u00ebrbimeve Publike, inspektoratit t\u00eb Nd\u00ebrtimit dhe inspektoratit t\u00eb Mbrojtjes s\u00eb Mjedisit. ORGANIZIMI I DREJTORIS\u00cb P\u00cbR PUN\u00cb INSPEKTUESE Sektori p\u00ebr Inspektime, n\u00eb kuad\u00ebr t\u00eb s\u00eb cilit veprojn\u00eb Inspektor\u00ebt [&hellip;]<\/p>\n","protected":false},"author":1,"featured_media":0,"parent":0,"menu_order":0,"comment_status":"open","ping_status":"closed","template":"","meta":{"_acf_changed":false,"footnotes":""},"page-category":[],"class_list":["post-68432","page","type-page","status-publish","hentry"],"acf":[],"yoast_head":"<!-- This site is optimized with the Yoast SEO plugin v26.8 - https:\/\/yoast.com\/product\/yoast-seo-wordpress\/ -->\n<title>Sh\u00ebrbimet Inspektorati - Op\u0161tine \u0110akovica<\/title>\n<meta name=\"robots\" content=\"index, follow, max-snippet:-1, max-image-preview:large, max-video-preview:-1\" \/>\n<link rel=\"canonical\" href=\"https:\/\/gjakova.rks-gov.net\/sr\/sherbimet-inspektorati\/\" \/>\n<meta property=\"og:locale\" content=\"sr_RS\" \/>\n<meta property=\"og:type\" content=\"article\" \/>\n<meta property=\"og:title\" content=\"Sh\u00ebrbimet Inspektorati - Op\u0161tine \u0110akovica\" \/>\n<meta property=\"og:description\" content=\"DREJTORIA P\u00cbR PUN\u00cb INSPEKTUESE (DPI) DPI \u00ebsht\u00eb p\u00ebrgjegj\u00ebs p\u00ebr mbik\u00ebqyrjen dhe zbatimin e ligjeve dhe rregulloreve komunale n\u00eb l\u00ebmin e: inspektoratit t\u00eb Tregut, inspektoratit Sanitar, Bujq\u00ebsis\u00eb, inspektoratit t\u00eb Sh\u00ebrbimeve Publike, inspektoratit t\u00eb Nd\u00ebrtimit dhe inspektoratit t\u00eb Mbrojtjes s\u00eb Mjedisit. ORGANIZIMI I DREJTORIS\u00cb P\u00cbR PUN\u00cb INSPEKTUESE Sektori p\u00ebr Inspektime, n\u00eb kuad\u00ebr t\u00eb s\u00eb cilit veprojn\u00eb Inspektor\u00ebt [&hellip;]\" \/>\n<meta property=\"og:url\" content=\"https:\/\/gjakova.rks-gov.net\/sr\/sherbimet-inspektorati\/\" \/>\n<meta property=\"og:site_name\" content=\"Op\u0161tine \u0110akovica\" \/>\n<meta property=\"article:publisher\" content=\"https:\/\/www.facebook.com\/KomunaeGjakoves\/\" \/>\n<meta name=\"twitter:card\" content=\"summary_large_image\" \/>\n<meta name=\"twitter:label1\" content=\"\u041f\u0440\u043e\u0446\u0435\u045a\u0435\u043d\u043e \u0432\u0440\u0435\u043c\u0435 \u0447\u0438\u0442\u0430\u045a\u0430\" \/>\n\t<meta name=\"twitter:data1\" content=\"4 \u043c\u0438\u043d\u0443\u0442\u0430\" \/>\n<script type=\"application\/ld+json\" class=\"yoast-schema-graph\">{\"@context\":\"https:\/\/schema.org\",\"@graph\":[{\"@type\":\"WebPage\",\"@id\":\"https:\/\/gjakova.rks-gov.net\/sr\/sherbimet-inspektorati\/\",\"url\":\"https:\/\/gjakova.rks-gov.net\/sr\/sherbimet-inspektorati\/\",\"name\":\"Sh\u00ebrbimet Inspektorati - Op\u0161tine \u0110akovica\",\"isPartOf\":{\"@id\":\"https:\/\/gjakova.rks-gov.net\/sr\/#website\"},\"datePublished\":\"2018-02-27T08:44:04+00:00\",\"breadcrumb\":{\"@id\":\"https:\/\/gjakova.rks-gov.net\/sr\/sherbimet-inspektorati\/#breadcrumb\"},\"inLanguage\":\"sr-RS\",\"potentialAction\":[{\"@type\":\"ReadAction\",\"target\":[\"https:\/\/gjakova.rks-gov.net\/sr\/sherbimet-inspektorati\/\"]}]},{\"@type\":\"BreadcrumbList\",\"@id\":\"https:\/\/gjakova.rks-gov.net\/sr\/sherbimet-inspektorati\/#breadcrumb\",\"itemListElement\":[{\"@type\":\"ListItem\",\"position\":1,\"name\":\"Home\",\"item\":\"https:\/\/gjakova.rks-gov.net\/sr\/\"},{\"@type\":\"ListItem\",\"position\":2,\"name\":\"Sh\u00ebrbimet Inspektorati\"}]},{\"@type\":\"WebSite\",\"@id\":\"https:\/\/gjakova.rks-gov.net\/sr\/#website\",\"url\":\"https:\/\/gjakova.rks-gov.net\/sr\/\",\"name\":\"Komuna e Gjakoves\",\"description\":\"\",\"publisher\":{\"@id\":\"https:\/\/gjakova.rks-gov.net\/sr\/#organization\"},\"alternateName\":\"Komuna Gjakove\",\"potentialAction\":[{\"@type\":\"SearchAction\",\"target\":{\"@type\":\"EntryPoint\",\"urlTemplate\":\"https:\/\/gjakova.rks-gov.net\/sr\/?s={search_term_string}\"},\"query-input\":{\"@type\":\"PropertyValueSpecification\",\"valueRequired\":true,\"valueName\":\"search_term_string\"}}],\"inLanguage\":\"sr-RS\"},{\"@type\":\"Organization\",\"@id\":\"https:\/\/gjakova.rks-gov.net\/sr\/#organization\",\"name\":\"Komuna e Gjakoves\",\"alternateName\":\"Komuna Gjakove\",\"url\":\"https:\/\/gjakova.rks-gov.net\/sr\/\",\"logo\":{\"@type\":\"ImageObject\",\"inLanguage\":\"sr-RS\",\"@id\":\"https:\/\/gjakova.rks-gov.net\/sr\/#\/schema\/logo\/image\/\",\"url\":\"https:\/\/gjakova.rks-gov.net\/wp-content\/uploads\/2024\/04\/Stema_e_Komunes_Gjakove.svg.png\",\"contentUrl\":\"https:\/\/gjakova.rks-gov.net\/wp-content\/uploads\/2024\/04\/Stema_e_Komunes_Gjakove.svg.png\",\"width\":512,\"height\":681,\"caption\":\"Komuna e Gjakoves\"},\"image\":{\"@id\":\"https:\/\/gjakova.rks-gov.net\/sr\/#\/schema\/logo\/image\/\"},\"sameAs\":[\"https:\/\/www.facebook.com\/KomunaeGjakoves\/\",\"https:\/\/www.instagram.com\/komunaegjakoves\/\"]}]}<\/script>\n<!-- \/ Yoast SEO plugin. -->","yoast_head_json":{"title":"Sh\u00ebrbimet Inspektorati - Op\u0161tine \u0110akovica","robots":{"index":"index","follow":"follow","max-snippet":"max-snippet:-1","max-image-preview":"max-image-preview:large","max-video-preview":"max-video-preview:-1"},"canonical":"https:\/\/gjakova.rks-gov.net\/sr\/sherbimet-inspektorati\/","og_locale":"sr_RS","og_type":"article","og_title":"Sh\u00ebrbimet Inspektorati - Op\u0161tine \u0110akovica","og_description":"DREJTORIA P\u00cbR PUN\u00cb INSPEKTUESE (DPI) DPI \u00ebsht\u00eb p\u00ebrgjegj\u00ebs p\u00ebr mbik\u00ebqyrjen dhe zbatimin e ligjeve dhe rregulloreve komunale n\u00eb l\u00ebmin e: inspektoratit t\u00eb Tregut, inspektoratit Sanitar, Bujq\u00ebsis\u00eb, inspektoratit t\u00eb Sh\u00ebrbimeve Publike, inspektoratit t\u00eb Nd\u00ebrtimit dhe inspektoratit t\u00eb Mbrojtjes s\u00eb Mjedisit. ORGANIZIMI I DREJTORIS\u00cb P\u00cbR PUN\u00cb INSPEKTUESE Sektori p\u00ebr Inspektime, n\u00eb kuad\u00ebr t\u00eb s\u00eb cilit veprojn\u00eb Inspektor\u00ebt [&hellip;]","og_url":"https:\/\/gjakova.rks-gov.net\/sr\/sherbimet-inspektorati\/","og_site_name":"Op\u0161tine \u0110akovica","article_publisher":"https:\/\/www.facebook.com\/KomunaeGjakoves\/","twitter_card":"summary_large_image","twitter_misc":{"\u041f\u0440\u043e\u0446\u0435\u045a\u0435\u043d\u043e \u0432\u0440\u0435\u043c\u0435 \u0447\u0438\u0442\u0430\u045a\u0430":"4 \u043c\u0438\u043d\u0443\u0442\u0430"},"schema":{"@context":"https:\/\/schema.org","@graph":[{"@type":"WebPage","@id":"https:\/\/gjakova.rks-gov.net\/sr\/sherbimet-inspektorati\/","url":"https:\/\/gjakova.rks-gov.net\/sr\/sherbimet-inspektorati\/","name":"Sh\u00ebrbimet Inspektorati - Op\u0161tine \u0110akovica","isPartOf":{"@id":"https:\/\/gjakova.rks-gov.net\/sr\/#website"},"datePublished":"2018-02-27T08:44:04+00:00","breadcrumb":{"@id":"https:\/\/gjakova.rks-gov.net\/sr\/sherbimet-inspektorati\/#breadcrumb"},"inLanguage":"sr-RS","potentialAction":[{"@type":"ReadAction","target":["https:\/\/gjakova.rks-gov.net\/sr\/sherbimet-inspektorati\/"]}]},{"@type":"BreadcrumbList","@id":"https:\/\/gjakova.rks-gov.net\/sr\/sherbimet-inspektorati\/#breadcrumb","itemListElement":[{"@type":"ListItem","position":1,"name":"Home","item":"https:\/\/gjakova.rks-gov.net\/sr\/"},{"@type":"ListItem","position":2,"name":"Sh\u00ebrbimet Inspektorati"}]},{"@type":"WebSite","@id":"https:\/\/gjakova.rks-gov.net\/sr\/#website","url":"https:\/\/gjakova.rks-gov.net\/sr\/","name":"Komuna e Gjakoves","description":"","publisher":{"@id":"https:\/\/gjakova.rks-gov.net\/sr\/#organization"},"alternateName":"Komuna Gjakove","potentialAction":[{"@type":"SearchAction","target":{"@type":"EntryPoint","urlTemplate":"https:\/\/gjakova.rks-gov.net\/sr\/?s={search_term_string}"},"query-input":{"@type":"PropertyValueSpecification","valueRequired":true,"valueName":"search_term_string"}}],"inLanguage":"sr-RS"},{"@type":"Organization","@id":"https:\/\/gjakova.rks-gov.net\/sr\/#organization","name":"Komuna e Gjakoves","alternateName":"Komuna Gjakove","url":"https:\/\/gjakova.rks-gov.net\/sr\/","logo":{"@type":"ImageObject","inLanguage":"sr-RS","@id":"https:\/\/gjakova.rks-gov.net\/sr\/#\/schema\/logo\/image\/","url":"https:\/\/gjakova.rks-gov.net\/wp-content\/uploads\/2024\/04\/Stema_e_Komunes_Gjakove.svg.png","contentUrl":"https:\/\/gjakova.rks-gov.net\/wp-content\/uploads\/2024\/04\/Stema_e_Komunes_Gjakove.svg.png","width":512,"height":681,"caption":"Komuna e Gjakoves"},"image":{"@id":"https:\/\/gjakova.rks-gov.net\/sr\/#\/schema\/logo\/image\/"},"sameAs":["https:\/\/www.facebook.com\/KomunaeGjakoves\/","https:\/\/www.instagram.com\/komunaegjakoves\/"]}]}},"_links":{"self":[{"href":"https:\/\/gjakova.rks-gov.net\/sr\/wp-json\/wp\/v2\/pages\/68432","targetHints":{"allow":["GET"]}}],"collection":[{"href":"https:\/\/gjakova.rks-gov.net\/sr\/wp-json\/wp\/v2\/pages"}],"about":[{"href":"https:\/\/gjakova.rks-gov.net\/sr\/wp-json\/wp\/v2\/types\/page"}],"author":[{"embeddable":true,"href":"https:\/\/gjakova.rks-gov.net\/sr\/wp-json\/wp\/v2\/users\/1"}],"replies":[{"embeddable":true,"href":"https:\/\/gjakova.rks-gov.net\/sr\/wp-json\/wp\/v2\/comments?post=68432"}],"version-history":[{"count":0,"href":"https:\/\/gjakova.rks-gov.net\/sr\/wp-json\/wp\/v2\/pages\/68432\/revisions"}],"wp:attachment":[{"href":"https:\/\/gjakova.rks-gov.net\/sr\/wp-json\/wp\/v2\/media?parent=68432"}],"wp:term":[{"taxonomy":"page-category","embeddable":true,"href":"https:\/\/gjakova.rks-gov.net\/sr\/wp-json\/wp\/v2\/page-category?post=68432"}],"curies":[{"name":"wp","href":"https:\/\/api.w.org\/{rel}","templated":true}]}}