{"id":68418,"date":"2019-06-10T13:22:06","date_gmt":"2019-06-10T11:22:06","guid":{"rendered":"https:\/\/gjakova.rks-gov.net\/planet-dshms\/"},"modified":"2024-08-02T11:30:32","modified_gmt":"2024-08-02T09:30:32","slug":"planet-dshms","status":"publish","type":"page","link":"https:\/\/gjakova.rks-gov.net\/sr\/planet-dshms\/","title":{"rendered":"Planet &#8211; DSHMS"},"content":{"rendered":"\t\t<div data-elementor-type=\"wp-page\" data-elementor-id=\"68418\" class=\"elementor elementor-68418 elementor-50010\" data-elementor-post-type=\"page\">\n\t\t\t\t<div class=\"elementor-element elementor-element-3a3b7d7c e-con-full responsive-container e-flex e-con e-parent\" data-id=\"3a3b7d7c\" data-element_type=\"container\">\n\t\t<div class=\"elementor-element elementor-element-de33cc9 e-con-full e-flex e-con e-child\" data-id=\"de33cc9\" data-element_type=\"container\" data-settings=\"{&quot;background_background&quot;:&quot;classic&quot;}\">\n\t\t\t\t<div class=\"elementor-element elementor-element-5f6d5d52 elementor-nav-menu--dropdown-none sidebar-menu elementor-widget elementor-widget-nav-menu\" data-id=\"5f6d5d52\" data-element_type=\"widget\" data-settings=\"{&quot;layout&quot;:&quot;vertical&quot;,&quot;submenu_icon&quot;:{&quot;value&quot;:&quot;&lt;svg aria-hidden=\\&quot;true\\&quot; class=\\&quot;e-font-icon-svg e-fas-caret-down\\&quot; viewBox=\\&quot;0 0 320 512\\&quot; xmlns=\\&quot;http:\\\/\\\/www.w3.org\\\/2000\\\/svg\\&quot;&gt;&lt;path d=\\&quot;M31.3 192h257.3c17.8 0 26.7 21.5 14.1 34.1L174.1 354.8c-7.8 7.8-20.5 7.8-28.3 0L17.2 226.1C4.6 213.5 13.5 192 31.3 192z\\&quot;&gt;&lt;\\\/path&gt;&lt;\\\/svg&gt;&quot;,&quot;library&quot;:&quot;fa-solid&quot;}}\" data-widget_type=\"nav-menu.default\">\n\t\t\t\t<div class=\"elementor-widget-container\">\n\t\t\t\t\t\t\t\t<nav aria-label=\"Menu\" class=\"elementor-nav-menu--main elementor-nav-menu__container elementor-nav-menu--layout-vertical e--pointer-none\">\n\t\t\t\t<ul id=\"menu-1-5f6d5d52\" class=\"elementor-nav-menu sm-vertical\"><li class=\"menu-item menu-item-type-post_type menu-item-object-page menu-item-67217\"><a href=\"https:\/\/gjakova.rks-gov.net\/dokumentet-dsh\/\" class=\"elementor-item\">Dokumentet &#8211; DSH<\/a><\/li>\n<li class=\"menu-item menu-item-type-post_type menu-item-object-page menu-item-67218\"><a href=\"https:\/\/gjakova.rks-gov.net\/te-dhenat-e-objekteve-shendetesore-dshms\/\" class=\"elementor-item\">T\u00eb dh\u00ebnat e objekteve sh\u00ebndet\u00ebsore \u2013 DSHMS<\/a><\/li>\n<li class=\"menu-item menu-item-type-post_type menu-item-object-page menu-item-67219\"><a href=\"https:\/\/gjakova.rks-gov.net\/planet-dshms\/\" class=\"elementor-item\">Planet &#8211; DSHMS<\/a><\/li>\n<li class=\"menu-item menu-item-type-post_type menu-item-object-page menu-item-67220\"><a href=\"https:\/\/gjakova.rks-gov.net\/raportet-shendetesia\/\" class=\"elementor-item\">Raportet &#8211; Sh\u00ebndet\u00ebsia<\/a><\/li>\n<\/ul>\t\t\t<\/nav>\n\t\t\t\t\t\t<nav class=\"elementor-nav-menu--dropdown elementor-nav-menu__container\" aria-hidden=\"true\">\n\t\t\t\t<ul id=\"menu-2-5f6d5d52\" class=\"elementor-nav-menu sm-vertical\"><li class=\"menu-item menu-item-type-post_type menu-item-object-page menu-item-67217\"><a href=\"https:\/\/gjakova.rks-gov.net\/dokumentet-dsh\/\" class=\"elementor-item\" tabindex=\"-1\">Dokumentet &#8211; DSH<\/a><\/li>\n<li class=\"menu-item menu-item-type-post_type menu-item-object-page menu-item-67218\"><a href=\"https:\/\/gjakova.rks-gov.net\/te-dhenat-e-objekteve-shendetesore-dshms\/\" class=\"elementor-item\" tabindex=\"-1\">T\u00eb dh\u00ebnat e objekteve sh\u00ebndet\u00ebsore \u2013 DSHMS<\/a><\/li>\n<li class=\"menu-item menu-item-type-post_type menu-item-object-page menu-item-67219\"><a href=\"https:\/\/gjakova.rks-gov.net\/planet-dshms\/\" class=\"elementor-item\" tabindex=\"-1\">Planet &#8211; DSHMS<\/a><\/li>\n<li class=\"menu-item menu-item-type-post_type menu-item-object-page menu-item-67220\"><a href=\"https:\/\/gjakova.rks-gov.net\/raportet-shendetesia\/\" class=\"elementor-item\" tabindex=\"-1\">Raportet &#8211; Sh\u00ebndet\u00ebsia<\/a><\/li>\n<\/ul>\t\t\t<\/nav>\n\t\t\t\t\t\t<\/div>\n\t\t\t\t<\/div>\n\t\t\t\t<\/div>\n\t\t<div class=\"elementor-element elementor-element-2908ebc2 e-con-full e-flex e-con e-child\" data-id=\"2908ebc2\" data-element_type=\"container\">\n\t\t<div class=\"elementor-element elementor-element-7a5809de e-con-full e-flex e-con e-child\" data-id=\"7a5809de\" data-element_type=\"container\">\n\t\t\t\t<div class=\"elementor-element elementor-element-704d6d9a elementor-widget elementor-widget-theme-post-title elementor-page-title elementor-widget-heading\" data-id=\"704d6d9a\" data-element_type=\"widget\" data-widget_type=\"theme-post-title.default\">\n\t\t\t\t<div class=\"elementor-widget-container\">\n\t\t\t\t\t<h1 class=\"elementor-heading-title elementor-size-default\">Planet &#8211; DSHMS<\/h1>\t\t\t\t<\/div>\n\t\t\t\t<\/div>\n\t\t\t\t<\/div>\n\t\t\t\t<div class=\"elementor-element elementor-element-b87bf06 elementor-widget elementor-widget-text-editor\" data-id=\"b87bf06\" data-element_type=\"widget\" data-widget_type=\"text-editor.default\">\n\t\t\t\t<div class=\"elementor-widget-container\">\n\t\t\t\t\t\t\t\t\t<ul>\n<li><a href=\"https:\/\/gjakova.rks-gov.net\/wp-content\/uploads\/2022\/02\/Plani-i-Punes-2022-DSHMS.xlsx\" target=\"_blank\" rel=\"noopener noreferrer\">Plani i Punes 2022 DSHMS<\/a><\/li>\n<li><a href=\"https:\/\/gjakova.rks-gov.net\/wp-content\/uploads\/2021\/04\/Plani-i-punes-2021-DSHMS-2.xlsx\" target=\"_blank\" rel=\"noopener noreferrer\">Plani i punes 2021 DSHMS<\/a><\/li>\n<li><a href=\"https:\/\/gjakova.rks-gov.net\/wp-content\/uploads\/2020\/12\/Plani-i-Zhvillimit-Institucional-i-sistemit-te-Kujdesit-Paresor-Shendetesor-KPSH-te-Komunes-se-Gjakoves-nr-29854-1.pdf\" target=\"_blank\" rel=\"noopener noreferrer\"><a href=\"https:\/\/gjakova.rks-gov.net\/wp-content\/uploads\/2020\/12\/Plani-i-Zhvillimit-Institucional-i-sistemit-te-Kujdesit-Paresor-Shendetesor-KPSH-te-Komunes-se-Gjakoves-nr-29854-1.pdf\">Plani i Zhvillimit Institucional i sistemit te Kujdesit Paresor Shendet\u00ebsor (KPSH)<\/a><\/a><\/li>\n<li><a href=\"https:\/\/gjakova.rks-gov.net\/wp-content\/uploads\/2019\/06\/Drejtoria-per-Shendetesi.xlsx\"><a href=\"https:\/\/gjakova.rks-gov.net\/wp-content\/uploads\/2019\/06\/Drejtoria-per-Shendetesi.xlsx\">Plani pun\u00ebs DSHMS 2019<\/a><\/a><\/li>\n<\/ul>\n\t\t\t\t\t\t\t\t<\/div>\n\t\t\t\t<\/div>\n\t\t\t\t<\/div>\n\t\t\t\t<\/div>\n\t\t\t\t<\/div>\n\t\t","protected":false},"excerpt":{"rendered":"<p>Plani i Punes 2022 DSHMS Plani i punes 2021 DSHMS Plani i Zhvillimit Institucional i sistemit te Kujdesit Paresor Shendet\u00ebsor (KPSH) Plani pun\u00ebs DSHMS 2019<\/p>\n","protected":false},"author":1,"featured_media":0,"parent":0,"menu_order":0,"comment_status":"open","ping_status":"open","template":"","meta":{"_acf_changed":false,"footnotes":""},"page-category":[],"class_list":["post-68418","page","type-page","status-publish","hentry"],"acf":[],"yoast_head":"<!-- This site is optimized with the Yoast SEO plugin v26.8 - https:\/\/yoast.com\/product\/yoast-seo-wordpress\/ -->\n<title>Planet - DSHMS - Op\u0161tine \u0110akovica<\/title>\n<meta name=\"robots\" content=\"index, follow, max-snippet:-1, max-image-preview:large, max-video-preview:-1\" \/>\n<link rel=\"canonical\" href=\"https:\/\/gjakova.rks-gov.net\/sr\/planet-dshms\/\" \/>\n<meta property=\"og:locale\" content=\"sr_RS\" \/>\n<meta property=\"og:type\" content=\"article\" \/>\n<meta property=\"og:title\" content=\"Planet - DSHMS - Op\u0161tine \u0110akovica\" \/>\n<meta property=\"og:description\" content=\"Plani i Punes 2022 DSHMS Plani i punes 2021 DSHMS Plani i Zhvillimit Institucional i sistemit te Kujdesit Paresor Shendet\u00ebsor (KPSH) Plani pun\u00ebs DSHMS 2019\" \/>\n<meta property=\"og:url\" content=\"https:\/\/gjakova.rks-gov.net\/sr\/planet-dshms\/\" \/>\n<meta property=\"og:site_name\" content=\"Op\u0161tine \u0110akovica\" \/>\n<meta property=\"article:publisher\" content=\"https:\/\/www.facebook.com\/KomunaeGjakoves\/\" \/>\n<meta property=\"article:modified_time\" content=\"2024-08-02T09:30:32+00:00\" \/>\n<meta name=\"twitter:card\" content=\"summary_large_image\" \/>\n<script type=\"application\/ld+json\" class=\"yoast-schema-graph\">{\"@context\":\"https:\/\/schema.org\",\"@graph\":[{\"@type\":\"WebPage\",\"@id\":\"https:\/\/gjakova.rks-gov.net\/sr\/planet-dshms\/\",\"url\":\"https:\/\/gjakova.rks-gov.net\/sr\/planet-dshms\/\",\"name\":\"Planet - DSHMS - Op\u0161tine \u0110akovica\",\"isPartOf\":{\"@id\":\"https:\/\/gjakova.rks-gov.net\/sr\/#website\"},\"datePublished\":\"2019-06-10T11:22:06+00:00\",\"dateModified\":\"2024-08-02T09:30:32+00:00\",\"breadcrumb\":{\"@id\":\"https:\/\/gjakova.rks-gov.net\/sr\/planet-dshms\/#breadcrumb\"},\"inLanguage\":\"sr-RS\",\"potentialAction\":[{\"@type\":\"ReadAction\",\"target\":[\"https:\/\/gjakova.rks-gov.net\/sr\/planet-dshms\/\"]}]},{\"@type\":\"BreadcrumbList\",\"@id\":\"https:\/\/gjakova.rks-gov.net\/sr\/planet-dshms\/#breadcrumb\",\"itemListElement\":[{\"@type\":\"ListItem\",\"position\":1,\"name\":\"Home\",\"item\":\"https:\/\/gjakova.rks-gov.net\/sr\/\"},{\"@type\":\"ListItem\",\"position\":2,\"name\":\"Planet &#8211; DSHMS\"}]},{\"@type\":\"WebSite\",\"@id\":\"https:\/\/gjakova.rks-gov.net\/sr\/#website\",\"url\":\"https:\/\/gjakova.rks-gov.net\/sr\/\",\"name\":\"Komuna e Gjakoves\",\"description\":\"\",\"publisher\":{\"@id\":\"https:\/\/gjakova.rks-gov.net\/sr\/#organization\"},\"alternateName\":\"Komuna Gjakove\",\"potentialAction\":[{\"@type\":\"SearchAction\",\"target\":{\"@type\":\"EntryPoint\",\"urlTemplate\":\"https:\/\/gjakova.rks-gov.net\/sr\/?s={search_term_string}\"},\"query-input\":{\"@type\":\"PropertyValueSpecification\",\"valueRequired\":true,\"valueName\":\"search_term_string\"}}],\"inLanguage\":\"sr-RS\"},{\"@type\":\"Organization\",\"@id\":\"https:\/\/gjakova.rks-gov.net\/sr\/#organization\",\"name\":\"Komuna e Gjakoves\",\"alternateName\":\"Komuna Gjakove\",\"url\":\"https:\/\/gjakova.rks-gov.net\/sr\/\",\"logo\":{\"@type\":\"ImageObject\",\"inLanguage\":\"sr-RS\",\"@id\":\"https:\/\/gjakova.rks-gov.net\/sr\/#\/schema\/logo\/image\/\",\"url\":\"https:\/\/gjakova.rks-gov.net\/wp-content\/uploads\/2024\/04\/Stema_e_Komunes_Gjakove.svg.png\",\"contentUrl\":\"https:\/\/gjakova.rks-gov.net\/wp-content\/uploads\/2024\/04\/Stema_e_Komunes_Gjakove.svg.png\",\"width\":512,\"height\":681,\"caption\":\"Komuna e Gjakoves\"},\"image\":{\"@id\":\"https:\/\/gjakova.rks-gov.net\/sr\/#\/schema\/logo\/image\/\"},\"sameAs\":[\"https:\/\/www.facebook.com\/KomunaeGjakoves\/\",\"https:\/\/www.instagram.com\/komunaegjakoves\/\"]}]}<\/script>\n<!-- \/ Yoast SEO plugin. -->","yoast_head_json":{"title":"Planet - DSHMS - Op\u0161tine \u0110akovica","robots":{"index":"index","follow":"follow","max-snippet":"max-snippet:-1","max-image-preview":"max-image-preview:large","max-video-preview":"max-video-preview:-1"},"canonical":"https:\/\/gjakova.rks-gov.net\/sr\/planet-dshms\/","og_locale":"sr_RS","og_type":"article","og_title":"Planet - DSHMS - Op\u0161tine \u0110akovica","og_description":"Plani i Punes 2022 DSHMS Plani i punes 2021 DSHMS Plani i Zhvillimit Institucional i sistemit te Kujdesit Paresor Shendet\u00ebsor (KPSH) Plani pun\u00ebs DSHMS 2019","og_url":"https:\/\/gjakova.rks-gov.net\/sr\/planet-dshms\/","og_site_name":"Op\u0161tine \u0110akovica","article_publisher":"https:\/\/www.facebook.com\/KomunaeGjakoves\/","article_modified_time":"2024-08-02T09:30:32+00:00","twitter_card":"summary_large_image","schema":{"@context":"https:\/\/schema.org","@graph":[{"@type":"WebPage","@id":"https:\/\/gjakova.rks-gov.net\/sr\/planet-dshms\/","url":"https:\/\/gjakova.rks-gov.net\/sr\/planet-dshms\/","name":"Planet - DSHMS - Op\u0161tine \u0110akovica","isPartOf":{"@id":"https:\/\/gjakova.rks-gov.net\/sr\/#website"},"datePublished":"2019-06-10T11:22:06+00:00","dateModified":"2024-08-02T09:30:32+00:00","breadcrumb":{"@id":"https:\/\/gjakova.rks-gov.net\/sr\/planet-dshms\/#breadcrumb"},"inLanguage":"sr-RS","potentialAction":[{"@type":"ReadAction","target":["https:\/\/gjakova.rks-gov.net\/sr\/planet-dshms\/"]}]},{"@type":"BreadcrumbList","@id":"https:\/\/gjakova.rks-gov.net\/sr\/planet-dshms\/#breadcrumb","itemListElement":[{"@type":"ListItem","position":1,"name":"Home","item":"https:\/\/gjakova.rks-gov.net\/sr\/"},{"@type":"ListItem","position":2,"name":"Planet &#8211; DSHMS"}]},{"@type":"WebSite","@id":"https:\/\/gjakova.rks-gov.net\/sr\/#website","url":"https:\/\/gjakova.rks-gov.net\/sr\/","name":"Komuna e Gjakoves","description":"","publisher":{"@id":"https:\/\/gjakova.rks-gov.net\/sr\/#organization"},"alternateName":"Komuna Gjakove","potentialAction":[{"@type":"SearchAction","target":{"@type":"EntryPoint","urlTemplate":"https:\/\/gjakova.rks-gov.net\/sr\/?s={search_term_string}"},"query-input":{"@type":"PropertyValueSpecification","valueRequired":true,"valueName":"search_term_string"}}],"inLanguage":"sr-RS"},{"@type":"Organization","@id":"https:\/\/gjakova.rks-gov.net\/sr\/#organization","name":"Komuna e Gjakoves","alternateName":"Komuna Gjakove","url":"https:\/\/gjakova.rks-gov.net\/sr\/","logo":{"@type":"ImageObject","inLanguage":"sr-RS","@id":"https:\/\/gjakova.rks-gov.net\/sr\/#\/schema\/logo\/image\/","url":"https:\/\/gjakova.rks-gov.net\/wp-content\/uploads\/2024\/04\/Stema_e_Komunes_Gjakove.svg.png","contentUrl":"https:\/\/gjakova.rks-gov.net\/wp-content\/uploads\/2024\/04\/Stema_e_Komunes_Gjakove.svg.png","width":512,"height":681,"caption":"Komuna e Gjakoves"},"image":{"@id":"https:\/\/gjakova.rks-gov.net\/sr\/#\/schema\/logo\/image\/"},"sameAs":["https:\/\/www.facebook.com\/KomunaeGjakoves\/","https:\/\/www.instagram.com\/komunaegjakoves\/"]}]}},"_links":{"self":[{"href":"https:\/\/gjakova.rks-gov.net\/sr\/wp-json\/wp\/v2\/pages\/68418","targetHints":{"allow":["GET"]}}],"collection":[{"href":"https:\/\/gjakova.rks-gov.net\/sr\/wp-json\/wp\/v2\/pages"}],"about":[{"href":"https:\/\/gjakova.rks-gov.net\/sr\/wp-json\/wp\/v2\/types\/page"}],"author":[{"embeddable":true,"href":"https:\/\/gjakova.rks-gov.net\/sr\/wp-json\/wp\/v2\/users\/1"}],"replies":[{"embeddable":true,"href":"https:\/\/gjakova.rks-gov.net\/sr\/wp-json\/wp\/v2\/comments?post=68418"}],"version-history":[{"count":1,"href":"https:\/\/gjakova.rks-gov.net\/sr\/wp-json\/wp\/v2\/pages\/68418\/revisions"}],"predecessor-version":[{"id":68419,"href":"https:\/\/gjakova.rks-gov.net\/sr\/wp-json\/wp\/v2\/pages\/68418\/revisions\/68419"}],"wp:attachment":[{"href":"https:\/\/gjakova.rks-gov.net\/sr\/wp-json\/wp\/v2\/media?parent=68418"}],"wp:term":[{"taxonomy":"page-category","embeddable":true,"href":"https:\/\/gjakova.rks-gov.net\/sr\/wp-json\/wp\/v2\/page-category?post=68418"}],"curies":[{"name":"wp","href":"https:\/\/api.w.org\/{rel}","templated":true}]}}