{"id":68408,"date":"2018-02-21T09:03:30","date_gmt":"2018-02-21T08:03:30","guid":{"rendered":"https:\/\/gjakova.rks-gov.net\/raportet-shendetesia\/"},"modified":"2024-08-02T11:29:21","modified_gmt":"2024-08-02T09:29:21","slug":"raportet-shendetesia","status":"publish","type":"page","link":"https:\/\/gjakova.rks-gov.net\/sr\/raportet-shendetesia\/","title":{"rendered":"Raportet &#8211; Sh\u00ebndet\u00ebsia"},"content":{"rendered":"\t\t<div data-elementor-type=\"wp-page\" data-elementor-id=\"68408\" class=\"elementor elementor-68408 elementor-49960\" data-elementor-post-type=\"page\">\n\t\t\t\t<div class=\"elementor-element elementor-element-1fb99f12 e-con-full responsive-container e-flex e-con e-parent\" data-id=\"1fb99f12\" data-element_type=\"container\">\n\t\t<div class=\"elementor-element elementor-element-5e9f0db1 e-con-full e-flex e-con e-child\" data-id=\"5e9f0db1\" data-element_type=\"container\" data-settings=\"{&quot;background_background&quot;:&quot;classic&quot;}\">\n\t\t\t\t<div class=\"elementor-element elementor-element-ce7a5 elementor-nav-menu--dropdown-none sidebar-menu elementor-widget elementor-widget-nav-menu\" data-id=\"ce7a5\" data-element_type=\"widget\" data-settings=\"{&quot;layout&quot;:&quot;vertical&quot;,&quot;submenu_icon&quot;:{&quot;value&quot;:&quot;&lt;svg aria-hidden=\\&quot;true\\&quot; class=\\&quot;e-font-icon-svg e-fas-caret-down\\&quot; viewBox=\\&quot;0 0 320 512\\&quot; xmlns=\\&quot;http:\\\/\\\/www.w3.org\\\/2000\\\/svg\\&quot;&gt;&lt;path d=\\&quot;M31.3 192h257.3c17.8 0 26.7 21.5 14.1 34.1L174.1 354.8c-7.8 7.8-20.5 7.8-28.3 0L17.2 226.1C4.6 213.5 13.5 192 31.3 192z\\&quot;&gt;&lt;\\\/path&gt;&lt;\\\/svg&gt;&quot;,&quot;library&quot;:&quot;fa-solid&quot;}}\" data-widget_type=\"nav-menu.default\">\n\t\t\t\t<div class=\"elementor-widget-container\">\n\t\t\t\t\t\t\t\t<nav aria-label=\"Menu\" class=\"elementor-nav-menu--main elementor-nav-menu__container elementor-nav-menu--layout-vertical e--pointer-none\">\n\t\t\t\t<ul id=\"menu-1-ce7a5\" class=\"elementor-nav-menu sm-vertical\"><li class=\"menu-item menu-item-type-post_type menu-item-object-page menu-item-67217\"><a href=\"https:\/\/gjakova.rks-gov.net\/dokumentet-dsh\/\" class=\"elementor-item\">Dokumentet &#8211; DSH<\/a><\/li>\n<li class=\"menu-item menu-item-type-post_type menu-item-object-page menu-item-67218\"><a href=\"https:\/\/gjakova.rks-gov.net\/te-dhenat-e-objekteve-shendetesore-dshms\/\" class=\"elementor-item\">T\u00eb dh\u00ebnat e objekteve sh\u00ebndet\u00ebsore \u2013 DSHMS<\/a><\/li>\n<li class=\"menu-item menu-item-type-post_type menu-item-object-page menu-item-67219\"><a href=\"https:\/\/gjakova.rks-gov.net\/planet-dshms\/\" class=\"elementor-item\">Planet &#8211; DSHMS<\/a><\/li>\n<li class=\"menu-item menu-item-type-post_type menu-item-object-page menu-item-67220\"><a href=\"https:\/\/gjakova.rks-gov.net\/raportet-shendetesia\/\" class=\"elementor-item\">Raportet &#8211; Sh\u00ebndet\u00ebsia<\/a><\/li>\n<\/ul>\t\t\t<\/nav>\n\t\t\t\t\t\t<nav class=\"elementor-nav-menu--dropdown elementor-nav-menu__container\" aria-hidden=\"true\">\n\t\t\t\t<ul id=\"menu-2-ce7a5\" class=\"elementor-nav-menu sm-vertical\"><li class=\"menu-item menu-item-type-post_type menu-item-object-page menu-item-67217\"><a href=\"https:\/\/gjakova.rks-gov.net\/dokumentet-dsh\/\" class=\"elementor-item\" tabindex=\"-1\">Dokumentet &#8211; DSH<\/a><\/li>\n<li class=\"menu-item menu-item-type-post_type menu-item-object-page menu-item-67218\"><a href=\"https:\/\/gjakova.rks-gov.net\/te-dhenat-e-objekteve-shendetesore-dshms\/\" class=\"elementor-item\" tabindex=\"-1\">T\u00eb dh\u00ebnat e objekteve sh\u00ebndet\u00ebsore \u2013 DSHMS<\/a><\/li>\n<li class=\"menu-item menu-item-type-post_type menu-item-object-page menu-item-67219\"><a href=\"https:\/\/gjakova.rks-gov.net\/planet-dshms\/\" class=\"elementor-item\" tabindex=\"-1\">Planet &#8211; DSHMS<\/a><\/li>\n<li class=\"menu-item menu-item-type-post_type menu-item-object-page menu-item-67220\"><a href=\"https:\/\/gjakova.rks-gov.net\/raportet-shendetesia\/\" class=\"elementor-item\" tabindex=\"-1\">Raportet &#8211; Sh\u00ebndet\u00ebsia<\/a><\/li>\n<\/ul>\t\t\t<\/nav>\n\t\t\t\t\t\t<\/div>\n\t\t\t\t<\/div>\n\t\t\t\t<\/div>\n\t\t<div class=\"elementor-element elementor-element-125855d3 e-con-full e-flex e-con e-child\" data-id=\"125855d3\" data-element_type=\"container\">\n\t\t<div class=\"elementor-element elementor-element-5bad1b28 e-con-full e-flex e-con e-child\" data-id=\"5bad1b28\" data-element_type=\"container\">\n\t\t\t\t<div class=\"elementor-element elementor-element-52912fa8 elementor-widget elementor-widget-theme-post-title elementor-page-title elementor-widget-heading\" data-id=\"52912fa8\" data-element_type=\"widget\" data-widget_type=\"theme-post-title.default\">\n\t\t\t\t<div class=\"elementor-widget-container\">\n\t\t\t\t\t<h1 class=\"elementor-heading-title elementor-size-default\">Raportet &#8211; Sh\u00ebndet\u00ebsia<\/h1>\t\t\t\t<\/div>\n\t\t\t\t<\/div>\n\t\t\t\t<\/div>\n\t\t<div class=\"elementor-element elementor-element-7c70cb37 e-con-full e-flex e-con e-child\" data-id=\"7c70cb37\" data-element_type=\"container\">\n\t\t\t\t<div class=\"elementor-element elementor-element-4cc2c271 elementor-widget elementor-widget-shortcode\" data-id=\"4cc2c271\" data-element_type=\"widget\" data-widget_type=\"shortcode.default\">\n\t\t\t\t<div class=\"elementor-widget-container\">\n\t\t\t\t\t\t\t<div class=\"elementor-shortcode\"><div  data-customtpl=\"doc-template\" data-perpage=\"12\" data-pt='post' data-taxonomy=\"category\" data-yearall=\"T\u00eb gjitha\" data-prefilter=\"\u201draportet-shendetesia\u201d\" data-datefield=\"\" class=\"ItemsFilter docs-page docs-pageSection  ItemsFilter-Ajax\" data-type='page'>\n        <div class=\"page-container-docs page-blockList\">\n                <div class=\"ItemsFilter-wrapper flex\">\n                            <div class=\"search-filters-body\">\n                                            <div class=\"search-wrapper\">\n                            <form role=\"search\" method=\"get\" action=\"https:\/\/gjakova.rks-gov.net\/sr\/raportet-shendetesia\/\" id=\"searchform\">\n                                <div class=\"search-grid\">\n                                                                        <input type=\"text\" class=\"search-input\" name=\"search_text\" placeholder=\"K\u00ebrko...\" value=\"\" \/>\n                                                                            <div class=\"date-filters\">\n                                            <select class=\"year-selectBody\" name=\"date_year\">\n                                                <option value=\"\">T\u00eb gjitha<\/option>\n                                                                                            <\/select>\n                                        <\/div>\n                                                                        <button type=\"submit\" class=\"btn-searchf\" id=\"searchsubmit\">K\u00ebrko<\/button>\n                                <\/div>\n                                <noscript><input type=\"submit\" value=\"Filter\"><\/noscript>\n                            <\/form>\n                        <\/div>\n                                    <\/div>\n            \n        <\/div>\n                    <div id=\"komuna-loader\" class=\"komuna-loader\">\n                <div class=\"loader-spinner\"><\/div>\n            <\/div>\n                <div class=\"posts-wrapper-inner docs-list\">\n                                <\/div>\n                    <div class=\"pagination\">\n                <div class='dpn-pagination'>\n                                    <\/div>\n            <\/div>\n        \n    <\/div>\n<\/div><\/div>\n\t\t\t\t\t\t<\/div>\n\t\t\t\t<\/div>\n\t\t\t\t<\/div>\n\t\t\t\t<\/div>\n\t\t\t\t<\/div>\n\t\t\t\t<\/div>\n\t\t","protected":false},"excerpt":{"rendered":"","protected":false},"author":1,"featured_media":0,"parent":0,"menu_order":0,"comment_status":"open","ping_status":"open","template":"","meta":{"_acf_changed":false,"footnotes":""},"page-category":[],"class_list":["post-68408","page","type-page","status-publish","hentry"],"acf":[],"yoast_head":"<!-- This site is optimized with the Yoast SEO plugin v26.8 - https:\/\/yoast.com\/product\/yoast-seo-wordpress\/ -->\n<title>Raportet - Sh\u00ebndet\u00ebsia - Op\u0161tine \u0110akovica<\/title>\n<meta name=\"robots\" content=\"index, follow, max-snippet:-1, max-image-preview:large, max-video-preview:-1\" \/>\n<link rel=\"canonical\" href=\"https:\/\/gjakova.rks-gov.net\/sr\/raportet-shendetesia\/\" \/>\n<meta property=\"og:locale\" content=\"sr_RS\" \/>\n<meta property=\"og:type\" content=\"article\" \/>\n<meta property=\"og:title\" content=\"Raportet - Sh\u00ebndet\u00ebsia - Op\u0161tine \u0110akovica\" \/>\n<meta property=\"og:url\" content=\"https:\/\/gjakova.rks-gov.net\/sr\/raportet-shendetesia\/\" \/>\n<meta property=\"og:site_name\" content=\"Op\u0161tine \u0110akovica\" \/>\n<meta property=\"article:publisher\" content=\"https:\/\/www.facebook.com\/KomunaeGjakoves\/\" \/>\n<meta property=\"article:modified_time\" content=\"2024-08-02T09:29:21+00:00\" \/>\n<meta name=\"twitter:card\" content=\"summary_large_image\" \/>\n<script type=\"application\/ld+json\" class=\"yoast-schema-graph\">{\"@context\":\"https:\/\/schema.org\",\"@graph\":[{\"@type\":\"WebPage\",\"@id\":\"https:\/\/gjakova.rks-gov.net\/sr\/raportet-shendetesia\/\",\"url\":\"https:\/\/gjakova.rks-gov.net\/sr\/raportet-shendetesia\/\",\"name\":\"Raportet - Sh\u00ebndet\u00ebsia - Op\u0161tine \u0110akovica\",\"isPartOf\":{\"@id\":\"https:\/\/gjakova.rks-gov.net\/sr\/#website\"},\"datePublished\":\"2018-02-21T08:03:30+00:00\",\"dateModified\":\"2024-08-02T09:29:21+00:00\",\"breadcrumb\":{\"@id\":\"https:\/\/gjakova.rks-gov.net\/sr\/raportet-shendetesia\/#breadcrumb\"},\"inLanguage\":\"sr-RS\",\"potentialAction\":[{\"@type\":\"ReadAction\",\"target\":[\"https:\/\/gjakova.rks-gov.net\/sr\/raportet-shendetesia\/\"]}]},{\"@type\":\"BreadcrumbList\",\"@id\":\"https:\/\/gjakova.rks-gov.net\/sr\/raportet-shendetesia\/#breadcrumb\",\"itemListElement\":[{\"@type\":\"ListItem\",\"position\":1,\"name\":\"Home\",\"item\":\"https:\/\/gjakova.rks-gov.net\/sr\/\"},{\"@type\":\"ListItem\",\"position\":2,\"name\":\"Raportet &#8211; Sh\u00ebndet\u00ebsia\"}]},{\"@type\":\"WebSite\",\"@id\":\"https:\/\/gjakova.rks-gov.net\/sr\/#website\",\"url\":\"https:\/\/gjakova.rks-gov.net\/sr\/\",\"name\":\"Komuna e Gjakoves\",\"description\":\"\",\"publisher\":{\"@id\":\"https:\/\/gjakova.rks-gov.net\/sr\/#organization\"},\"alternateName\":\"Komuna Gjakove\",\"potentialAction\":[{\"@type\":\"SearchAction\",\"target\":{\"@type\":\"EntryPoint\",\"urlTemplate\":\"https:\/\/gjakova.rks-gov.net\/sr\/?s={search_term_string}\"},\"query-input\":{\"@type\":\"PropertyValueSpecification\",\"valueRequired\":true,\"valueName\":\"search_term_string\"}}],\"inLanguage\":\"sr-RS\"},{\"@type\":\"Organization\",\"@id\":\"https:\/\/gjakova.rks-gov.net\/sr\/#organization\",\"name\":\"Komuna e Gjakoves\",\"alternateName\":\"Komuna Gjakove\",\"url\":\"https:\/\/gjakova.rks-gov.net\/sr\/\",\"logo\":{\"@type\":\"ImageObject\",\"inLanguage\":\"sr-RS\",\"@id\":\"https:\/\/gjakova.rks-gov.net\/sr\/#\/schema\/logo\/image\/\",\"url\":\"https:\/\/gjakova.rks-gov.net\/wp-content\/uploads\/2024\/04\/Stema_e_Komunes_Gjakove.svg.png\",\"contentUrl\":\"https:\/\/gjakova.rks-gov.net\/wp-content\/uploads\/2024\/04\/Stema_e_Komunes_Gjakove.svg.png\",\"width\":512,\"height\":681,\"caption\":\"Komuna e Gjakoves\"},\"image\":{\"@id\":\"https:\/\/gjakova.rks-gov.net\/sr\/#\/schema\/logo\/image\/\"},\"sameAs\":[\"https:\/\/www.facebook.com\/KomunaeGjakoves\/\",\"https:\/\/www.instagram.com\/komunaegjakoves\/\"]}]}<\/script>\n<!-- \/ Yoast SEO plugin. -->","yoast_head_json":{"title":"Raportet - Sh\u00ebndet\u00ebsia - Op\u0161tine \u0110akovica","robots":{"index":"index","follow":"follow","max-snippet":"max-snippet:-1","max-image-preview":"max-image-preview:large","max-video-preview":"max-video-preview:-1"},"canonical":"https:\/\/gjakova.rks-gov.net\/sr\/raportet-shendetesia\/","og_locale":"sr_RS","og_type":"article","og_title":"Raportet - Sh\u00ebndet\u00ebsia - Op\u0161tine \u0110akovica","og_url":"https:\/\/gjakova.rks-gov.net\/sr\/raportet-shendetesia\/","og_site_name":"Op\u0161tine \u0110akovica","article_publisher":"https:\/\/www.facebook.com\/KomunaeGjakoves\/","article_modified_time":"2024-08-02T09:29:21+00:00","twitter_card":"summary_large_image","schema":{"@context":"https:\/\/schema.org","@graph":[{"@type":"WebPage","@id":"https:\/\/gjakova.rks-gov.net\/sr\/raportet-shendetesia\/","url":"https:\/\/gjakova.rks-gov.net\/sr\/raportet-shendetesia\/","name":"Raportet - Sh\u00ebndet\u00ebsia - Op\u0161tine \u0110akovica","isPartOf":{"@id":"https:\/\/gjakova.rks-gov.net\/sr\/#website"},"datePublished":"2018-02-21T08:03:30+00:00","dateModified":"2024-08-02T09:29:21+00:00","breadcrumb":{"@id":"https:\/\/gjakova.rks-gov.net\/sr\/raportet-shendetesia\/#breadcrumb"},"inLanguage":"sr-RS","potentialAction":[{"@type":"ReadAction","target":["https:\/\/gjakova.rks-gov.net\/sr\/raportet-shendetesia\/"]}]},{"@type":"BreadcrumbList","@id":"https:\/\/gjakova.rks-gov.net\/sr\/raportet-shendetesia\/#breadcrumb","itemListElement":[{"@type":"ListItem","position":1,"name":"Home","item":"https:\/\/gjakova.rks-gov.net\/sr\/"},{"@type":"ListItem","position":2,"name":"Raportet &#8211; Sh\u00ebndet\u00ebsia"}]},{"@type":"WebSite","@id":"https:\/\/gjakova.rks-gov.net\/sr\/#website","url":"https:\/\/gjakova.rks-gov.net\/sr\/","name":"Komuna e Gjakoves","description":"","publisher":{"@id":"https:\/\/gjakova.rks-gov.net\/sr\/#organization"},"alternateName":"Komuna Gjakove","potentialAction":[{"@type":"SearchAction","target":{"@type":"EntryPoint","urlTemplate":"https:\/\/gjakova.rks-gov.net\/sr\/?s={search_term_string}"},"query-input":{"@type":"PropertyValueSpecification","valueRequired":true,"valueName":"search_term_string"}}],"inLanguage":"sr-RS"},{"@type":"Organization","@id":"https:\/\/gjakova.rks-gov.net\/sr\/#organization","name":"Komuna e Gjakoves","alternateName":"Komuna Gjakove","url":"https:\/\/gjakova.rks-gov.net\/sr\/","logo":{"@type":"ImageObject","inLanguage":"sr-RS","@id":"https:\/\/gjakova.rks-gov.net\/sr\/#\/schema\/logo\/image\/","url":"https:\/\/gjakova.rks-gov.net\/wp-content\/uploads\/2024\/04\/Stema_e_Komunes_Gjakove.svg.png","contentUrl":"https:\/\/gjakova.rks-gov.net\/wp-content\/uploads\/2024\/04\/Stema_e_Komunes_Gjakove.svg.png","width":512,"height":681,"caption":"Komuna e Gjakoves"},"image":{"@id":"https:\/\/gjakova.rks-gov.net\/sr\/#\/schema\/logo\/image\/"},"sameAs":["https:\/\/www.facebook.com\/KomunaeGjakoves\/","https:\/\/www.instagram.com\/komunaegjakoves\/"]}]}},"_links":{"self":[{"href":"https:\/\/gjakova.rks-gov.net\/sr\/wp-json\/wp\/v2\/pages\/68408","targetHints":{"allow":["GET"]}}],"collection":[{"href":"https:\/\/gjakova.rks-gov.net\/sr\/wp-json\/wp\/v2\/pages"}],"about":[{"href":"https:\/\/gjakova.rks-gov.net\/sr\/wp-json\/wp\/v2\/types\/page"}],"author":[{"embeddable":true,"href":"https:\/\/gjakova.rks-gov.net\/sr\/wp-json\/wp\/v2\/users\/1"}],"replies":[{"embeddable":true,"href":"https:\/\/gjakova.rks-gov.net\/sr\/wp-json\/wp\/v2\/comments?post=68408"}],"version-history":[{"count":1,"href":"https:\/\/gjakova.rks-gov.net\/sr\/wp-json\/wp\/v2\/pages\/68408\/revisions"}],"predecessor-version":[{"id":68409,"href":"https:\/\/gjakova.rks-gov.net\/sr\/wp-json\/wp\/v2\/pages\/68408\/revisions\/68409"}],"wp:attachment":[{"href":"https:\/\/gjakova.rks-gov.net\/sr\/wp-json\/wp\/v2\/media?parent=68408"}],"wp:term":[{"taxonomy":"page-category","embeddable":true,"href":"https:\/\/gjakova.rks-gov.net\/sr\/wp-json\/wp\/v2\/page-category?post=68408"}],"curies":[{"name":"wp","href":"https:\/\/api.w.org\/{rel}","templated":true}]}}