{"id":68042,"date":"2019-05-20T07:52:32","date_gmt":"2019-05-20T05:52:32","guid":{"rendered":"https:\/\/gjakova.rks-gov.net\/pronat-komunale\/"},"modified":"2024-08-02T10:07:10","modified_gmt":"2024-08-02T08:07:10","slug":"pronat-komunale","status":"publish","type":"page","link":"https:\/\/gjakova.rks-gov.net\/sr\/pronat-komunale\/","title":{"rendered":"Pronat Komunale"},"content":{"rendered":"\t\t<div data-elementor-type=\"wp-page\" data-elementor-id=\"68042\" class=\"elementor elementor-68042 elementor-50002\" data-elementor-post-type=\"page\">\n\t\t\t\t<div class=\"elementor-element elementor-element-140adfbd e-con-full responsive-container e-flex e-con e-parent\" data-id=\"140adfbd\" data-element_type=\"container\" data-e-type=\"container\">\n\t\t<div class=\"elementor-element elementor-element-38bd3755 e-con-full e-flex e-con e-child\" data-id=\"38bd3755\" data-element_type=\"container\" data-e-type=\"container\" data-settings=\"{&quot;background_background&quot;:&quot;classic&quot;}\">\n\t\t\t\t<div class=\"elementor-element elementor-element-69fe6595 elementor-nav-menu--dropdown-none sidebar-menu elementor-widget elementor-widget-nav-menu\" data-id=\"69fe6595\" data-element_type=\"widget\" data-e-type=\"widget\" data-settings=\"{&quot;layout&quot;:&quot;vertical&quot;,&quot;submenu_icon&quot;:{&quot;value&quot;:&quot;&lt;svg aria-hidden=\\&quot;true\\&quot; class=\\&quot;e-font-icon-svg e-fas-caret-down\\&quot; viewBox=\\&quot;0 0 320 512\\&quot; xmlns=\\&quot;http:\\\/\\\/www.w3.org\\\/2000\\\/svg\\&quot;&gt;&lt;path d=\\&quot;M31.3 192h257.3c17.8 0 26.7 21.5 14.1 34.1L174.1 354.8c-7.8 7.8-20.5 7.8-28.3 0L17.2 226.1C4.6 213.5 13.5 192 31.3 192z\\&quot;&gt;&lt;\\\/path&gt;&lt;\\\/svg&gt;&quot;,&quot;library&quot;:&quot;fa-solid&quot;}}\" data-widget_type=\"nav-menu.default\">\n\t\t\t\t<div class=\"elementor-widget-container\">\n\t\t\t\t\t\t\t\t<nav aria-label=\"Menu\" class=\"elementor-nav-menu--main elementor-nav-menu__container elementor-nav-menu--layout-vertical e--pointer-none\">\n\t\t\t\t<ul id=\"menu-1-69fe6595\" class=\"elementor-nav-menu sm-vertical\"><li class=\"menu-item menu-item-type-post_type menu-item-object-page menu-item-67421\"><a href=\"https:\/\/gjakova.rks-gov.net\/pronat-komunale\/\" class=\"elementor-item\">Pronat Komunale<\/a><\/li>\n<li class=\"menu-item menu-item-type-post_type menu-item-object-page menu-item-67422\"><a href=\"https:\/\/gjakova.rks-gov.net\/dokumentet-dk\/\" class=\"elementor-item\">Dokumentet &#8211; DK<\/a><\/li>\n<li class=\"menu-item menu-item-type-post_type menu-item-object-page menu-item-67423\"><a href=\"https:\/\/gjakova.rks-gov.net\/planet-kadasta\/\" class=\"elementor-item\">Planet &#8211; Kadasta<\/a><\/li>\n<li class=\"menu-item menu-item-type-post_type menu-item-object-page menu-item-67424\"><a href=\"https:\/\/gjakova.rks-gov.net\/sherbimet-4\/\" class=\"elementor-item\">Sh\u00ebrbimet e Drejtoris\u00eb p\u00ebr Gjeodezi, Kadaster dhe Pron\u00eb<\/a><\/li>\n<\/ul>\t\t\t<\/nav>\n\t\t\t\t\t\t<nav class=\"elementor-nav-menu--dropdown elementor-nav-menu__container\" aria-hidden=\"true\">\n\t\t\t\t<ul id=\"menu-2-69fe6595\" class=\"elementor-nav-menu sm-vertical\"><li class=\"menu-item menu-item-type-post_type menu-item-object-page menu-item-67421\"><a href=\"https:\/\/gjakova.rks-gov.net\/pronat-komunale\/\" class=\"elementor-item\" tabindex=\"-1\">Pronat Komunale<\/a><\/li>\n<li class=\"menu-item menu-item-type-post_type menu-item-object-page menu-item-67422\"><a href=\"https:\/\/gjakova.rks-gov.net\/dokumentet-dk\/\" class=\"elementor-item\" tabindex=\"-1\">Dokumentet &#8211; DK<\/a><\/li>\n<li class=\"menu-item menu-item-type-post_type menu-item-object-page menu-item-67423\"><a href=\"https:\/\/gjakova.rks-gov.net\/planet-kadasta\/\" class=\"elementor-item\" tabindex=\"-1\">Planet &#8211; Kadasta<\/a><\/li>\n<li class=\"menu-item menu-item-type-post_type menu-item-object-page menu-item-67424\"><a href=\"https:\/\/gjakova.rks-gov.net\/sherbimet-4\/\" class=\"elementor-item\" tabindex=\"-1\">Sh\u00ebrbimet e Drejtoris\u00eb p\u00ebr Gjeodezi, Kadaster dhe Pron\u00eb<\/a><\/li>\n<\/ul>\t\t\t<\/nav>\n\t\t\t\t\t\t<\/div>\n\t\t\t\t<\/div>\n\t\t\t\t<\/div>\n\t\t<div class=\"elementor-element elementor-element-3addae58 e-con-full e-flex e-con e-child\" data-id=\"3addae58\" data-element_type=\"container\" data-e-type=\"container\">\n\t\t<div class=\"elementor-element elementor-element-102b3387 e-con-full e-flex e-con e-child\" data-id=\"102b3387\" data-element_type=\"container\" data-e-type=\"container\">\n\t\t\t\t<div class=\"elementor-element elementor-element-7a2d2cab elementor-widget elementor-widget-theme-post-title elementor-page-title elementor-widget-heading\" data-id=\"7a2d2cab\" data-element_type=\"widget\" data-e-type=\"widget\" data-widget_type=\"theme-post-title.default\">\n\t\t\t\t<div class=\"elementor-widget-container\">\n\t\t\t\t\t<h1 class=\"elementor-heading-title elementor-size-default\">Pronat Komunale<\/h1>\t\t\t\t<\/div>\n\t\t\t\t<\/div>\n\t\t\t\t<\/div>\n\t\t\t\t<div class=\"elementor-element elementor-element-2534b11 elementor-widget elementor-widget-text-editor\" data-id=\"2534b11\" data-element_type=\"widget\" data-e-type=\"widget\" data-widget_type=\"text-editor.default\">\n\t\t\t\t<div class=\"elementor-widget-container\">\n\t\t\t\t\t\t\t\t\t<ul>\n<li><a href=\"https:\/\/gjakova.rks-gov.net\/wp-content\/uploads\/2019\/05\/Gjakove-Qytet-jashte-qytet.xlsx\"><a href=\"https:\/\/gjakova.rks-gov.net\/wp-content\/uploads\/2019\/05\/Gjakove-Qytet-jashte-qytet.xlsx\">Gjakove Qytet &#8211; jashte qytet<\/a><\/a><\/li>\n<li><a href=\"https:\/\/gjakova.rks-gov.net\/wp-content\/uploads\/2019\/05\/Brekoc.xlsx\"><a href=\"https:\/\/gjakova.rks-gov.net\/wp-content\/uploads\/2019\/05\/Brekoc.xlsx\">Brekoc<\/a><\/a><\/li>\n<li><a href=\"https:\/\/gjakova.rks-gov.net\/wp-content\/uploads\/2019\/05\/Brovine.xlsx\"><a href=\"https:\/\/gjakova.rks-gov.net\/wp-content\/uploads\/2019\/05\/Brovine.xlsx\">Brovine<\/a><\/a><\/li>\n<li><a href=\"https:\/\/gjakova.rks-gov.net\/wp-content\/uploads\/2019\/05\/Batushe.xlsx\"><a href=\"https:\/\/gjakova.rks-gov.net\/wp-content\/uploads\/2019\/05\/Batushe.xlsx\">Batushe<\/a><\/a><\/li>\n<li><a href=\"https:\/\/gjakova.rks-gov.net\/wp-content\/uploads\/2019\/05\/Bec.xlsx\"><a href=\"https:\/\/gjakova.rks-gov.net\/wp-content\/uploads\/2019\/05\/Bec.xlsx\">Bec<\/a><\/a><\/li>\n<li><a href=\"https:\/\/gjakova.rks-gov.net\/wp-content\/uploads\/2019\/05\/Babaj-Bokes.xlsx\"><a href=\"https:\/\/gjakova.rks-gov.net\/wp-content\/uploads\/2019\/05\/Babaj-Bokes.xlsx\">Babaj Bokes<\/a><\/a><\/li>\n<li><a href=\"https:\/\/gjakova.rks-gov.net\/wp-content\/uploads\/2019\/05\/Cermjan.xlsx\"><a href=\"https:\/\/gjakova.rks-gov.net\/wp-content\/uploads\/2019\/05\/Cermjan.xlsx\">Cermjan<\/a><\/a><\/li>\n<li><a href=\"https:\/\/gjakova.rks-gov.net\/wp-content\/uploads\/2019\/05\/Damjan.xlsx\"><a href=\"https:\/\/gjakova.rks-gov.net\/wp-content\/uploads\/2019\/05\/Damjan.xlsx\">Damjan<\/a><\/a><\/li>\n<li><a href=\"https:\/\/gjakova.rks-gov.net\/wp-content\/uploads\/2019\/05\/Deve.xlsx\"><a href=\"https:\/\/gjakova.rks-gov.net\/wp-content\/uploads\/2019\/05\/Deve.xlsx\">Deve<\/a><\/a><\/li>\n<li><a href=\"https:\/\/gjakova.rks-gov.net\/wp-content\/uploads\/2019\/05\/Doblibare.xlsx\"><a href=\"https:\/\/gjakova.rks-gov.net\/wp-content\/uploads\/2019\/05\/Doblibare.xlsx\">Doblibare<\/a><\/a><\/li>\n<li><a href=\"https:\/\/gjakova.rks-gov.net\/wp-content\/uploads\/2019\/05\/Dobrigje.xlsx\"><a href=\"https:\/\/gjakova.rks-gov.net\/wp-content\/uploads\/2019\/05\/Dobrigje.xlsx\">Dobrigje<\/a><\/a><\/li>\n<li><a href=\"https:\/\/gjakova.rks-gov.net\/wp-content\/uploads\/2019\/05\/Dujak.xlsx\"><a href=\"https:\/\/gjakova.rks-gov.net\/wp-content\/uploads\/2019\/05\/Dujak.xlsx\">Dujak<\/a><\/a><\/li>\n<li><a href=\"https:\/\/gjakova.rks-gov.net\/wp-content\/uploads\/2019\/05\/Firze.xlsx\"><a href=\"https:\/\/gjakova.rks-gov.net\/wp-content\/uploads\/2019\/05\/Firze.xlsx\">Firze<\/a><\/a><\/li>\n<li><a href=\"https:\/\/gjakova.rks-gov.net\/wp-content\/uploads\/2019\/05\/Gerqin.xlsx\"><a href=\"https:\/\/gjakova.rks-gov.net\/wp-content\/uploads\/2019\/05\/Gerqin.xlsx\">Gerqin<\/a><\/a><\/li>\n<li><a href=\"https:\/\/gjakova.rks-gov.net\/wp-content\/uploads\/2019\/05\/Goden.xlsx\"><a href=\"https:\/\/gjakova.rks-gov.net\/wp-content\/uploads\/2019\/05\/Goden.xlsx\">Goden<\/a><\/a><\/li>\n<li><a href=\"https:\/\/gjakova.rks-gov.net\/wp-content\/uploads\/2019\/05\/Guske.xlsx\"><a href=\"https:\/\/gjakova.rks-gov.net\/wp-content\/uploads\/2019\/05\/Guske.xlsx\">Guske<\/a><\/a><\/li>\n<li><a href=\"https:\/\/gjakova.rks-gov.net\/wp-content\/uploads\/2019\/05\/Hereqii.xls\"><a href=\"https:\/\/gjakova.rks-gov.net\/wp-content\/uploads\/2019\/05\/Hereqii.xls\">Hereq<\/a><\/a><\/li>\n<li><a href=\"https:\/\/gjakova.rks-gov.net\/wp-content\/uploads\/2019\/05\/Jabllanic.xlsx\"><a href=\"https:\/\/gjakova.rks-gov.net\/wp-content\/uploads\/2019\/05\/Jabllanic.xlsx\">Jabllanic<\/a><\/a><\/li>\n<li><a href=\"https:\/\/gjakova.rks-gov.net\/wp-content\/uploads\/2019\/05\/Jahoc.xlsx\"><a href=\"https:\/\/gjakova.rks-gov.net\/wp-content\/uploads\/2019\/05\/Jahoc.xlsx\">Jahoc<\/a><\/a><\/li>\n<li><a href=\"https:\/\/gjakova.rks-gov.net\/wp-content\/uploads\/2019\/05\/Janosh.xlsx\"><a href=\"https:\/\/gjakova.rks-gov.net\/wp-content\/uploads\/2019\/05\/Janosh.xlsx\">Janosh<\/a><\/a><\/li>\n<li><a href=\"https:\/\/gjakova.rks-gov.net\/wp-content\/uploads\/2019\/05\/Kodralia-Becit.xlsx\"><a href=\"https:\/\/gjakova.rks-gov.net\/wp-content\/uploads\/2019\/05\/Kodralia-Becit.xlsx\">Kodralia Becit<\/a><\/a><\/li>\n<li><a href=\"https:\/\/gjakova.rks-gov.net\/wp-content\/uploads\/2019\/05\/Korenic.xlsx\"><a href=\"https:\/\/gjakova.rks-gov.net\/wp-content\/uploads\/2019\/05\/Korenic.xlsx\">Korenic<\/a><\/a><\/li>\n<li><a href=\"https:\/\/gjakova.rks-gov.net\/wp-content\/uploads\/2019\/05\/Kralan.xlsx\"><a href=\"https:\/\/gjakova.rks-gov.net\/wp-content\/uploads\/2019\/05\/Kralan.xlsx\">Kralan<\/a><\/a><\/li>\n<li><a href=\"https:\/\/gjakova.rks-gov.net\/wp-content\/uploads\/2019\/05\/Kusar.xlsx\"><a href=\"https:\/\/gjakova.rks-gov.net\/wp-content\/uploads\/2019\/05\/Kusar.xlsx\">Kusar<\/a><\/a><\/li>\n<li><a href=\"https:\/\/gjakova.rks-gov.net\/wp-content\/uploads\/2019\/05\/Kushavec.xlsx\"><a href=\"https:\/\/gjakova.rks-gov.net\/wp-content\/uploads\/2019\/05\/Kushavec.xlsx\">Kushavec<\/a><\/a><\/li>\n<li><a href=\"https:\/\/gjakova.rks-gov.net\/wp-content\/uploads\/2019\/05\/Lipovec.xlsx\"><a href=\"https:\/\/gjakova.rks-gov.net\/wp-content\/uploads\/2019\/05\/Lipovec.xlsx\">Lipovec<\/a><\/a><\/li>\n<li><a href=\"https:\/\/gjakova.rks-gov.net\/wp-content\/uploads\/2019\/05\/Marmull.xlsx\"><a href=\"https:\/\/gjakova.rks-gov.net\/wp-content\/uploads\/2019\/05\/Marmull.xlsx\">Marmull<\/a><\/a><\/li>\n<li><a href=\"https:\/\/gjakova.rks-gov.net\/wp-content\/uploads\/2019\/05\/Moglic.xlsx\"><a href=\"https:\/\/gjakova.rks-gov.net\/wp-content\/uploads\/2019\/05\/Moglic.xlsx\">Moglic<\/a><\/a><\/li>\n<li><a href=\"https:\/\/gjakova.rks-gov.net\/wp-content\/uploads\/2019\/05\/Nivokaz.xlsx\"><a href=\"https:\/\/gjakova.rks-gov.net\/wp-content\/uploads\/2019\/05\/Nivokaz.xlsx\">Nivokaz<\/a><\/a><\/li>\n<li><a href=\"https:\/\/gjakova.rks-gov.net\/wp-content\/uploads\/2019\/05\/Novosell-e-Poshtme.xlsx\"><a href=\"https:\/\/gjakova.rks-gov.net\/wp-content\/uploads\/2019\/05\/Novosell-e-Poshtme.xlsx\">Novosell e Poshtme<\/a><\/a><\/li>\n<li><a href=\"https:\/\/gjakova.rks-gov.net\/wp-content\/uploads\/2019\/05\/Osek-Hyle.xlsx\"><a href=\"https:\/\/gjakova.rks-gov.net\/wp-content\/uploads\/2019\/05\/Osek-Hyle.xlsx\">Osek Hyle<\/a><\/a><\/li>\n<li><a href=\"https:\/\/gjakova.rks-gov.net\/wp-content\/uploads\/2019\/05\/palabardh.xlsx\"><a href=\"https:\/\/gjakova.rks-gov.net\/wp-content\/uploads\/2019\/05\/palabardh.xlsx\">Palabardh<\/a><\/a><\/li>\n<li><a href=\"https:\/\/gjakova.rks-gov.net\/wp-content\/uploads\/2019\/05\/pjetershan.xlsx\"><a href=\"https:\/\/gjakova.rks-gov.net\/wp-content\/uploads\/2019\/05\/pjetershan.xlsx\">Pjetershan<\/a><\/a><\/li>\n<li><a href=\"https:\/\/gjakova.rks-gov.net\/wp-content\/uploads\/2019\/05\/ponoshec.xlsx\"><a href=\"https:\/\/gjakova.rks-gov.net\/wp-content\/uploads\/2019\/05\/ponoshec.xlsx\">Ponoshec<\/a><\/a><\/li>\n<li><a href=\"https:\/\/gjakova.rks-gov.net\/wp-content\/uploads\/2019\/05\/Popoc.xlsx\"><a href=\"https:\/\/gjakova.rks-gov.net\/wp-content\/uploads\/2019\/05\/Popoc.xlsx\">Popoc<\/a><\/a><\/li>\n<li><a href=\"https:\/\/gjakova.rks-gov.net\/wp-content\/uploads\/2019\/05\/Qerim.xlsx\"><a href=\"https:\/\/gjakova.rks-gov.net\/wp-content\/uploads\/2019\/05\/Qerim.xlsx\">Qerim<\/a><\/a><\/li>\n<li><a href=\"https:\/\/gjakova.rks-gov.net\/wp-content\/uploads\/2019\/05\/Raqe.xlsx\"><a href=\"https:\/\/gjakova.rks-gov.net\/wp-content\/uploads\/2019\/05\/Raqe.xlsx\">Raqe<\/a><\/a><\/li>\n<li><a href=\"https:\/\/gjakova.rks-gov.net\/wp-content\/uploads\/2019\/05\/Rogove-I.xlsx\"><a href=\"https:\/\/gjakova.rks-gov.net\/wp-content\/uploads\/2019\/05\/Rogove-I.xlsx\">Rogove I<\/a><\/a><\/li>\n<li><a href=\"https:\/\/gjakova.rks-gov.net\/wp-content\/uploads\/2019\/05\/Rogove-II.xlsx\"><a href=\"https:\/\/gjakova.rks-gov.net\/wp-content\/uploads\/2019\/05\/Rogove-II.xlsx\">Rogove II<\/a><\/a><\/li>\n<li><a href=\"https:\/\/gjakova.rks-gov.net\/wp-content\/uploads\/2019\/05\/Rracaj.xlsx\"><a href=\"https:\/\/gjakova.rks-gov.net\/wp-content\/uploads\/2019\/05\/Rracaj.xlsx\">Rracaj<\/a><\/a><\/li>\n<li><a href=\"https:\/\/gjakova.rks-gov.net\/wp-content\/uploads\/2019\/05\/Sheremet.xlsx\"><a href=\"https:\/\/gjakova.rks-gov.net\/wp-content\/uploads\/2019\/05\/Sheremet.xlsx\">Sheremet<\/a><\/a><\/li>\n<li><a href=\"https:\/\/gjakova.rks-gov.net\/wp-content\/uploads\/2019\/05\/Shishman-Bokes.xlsx\"><a href=\"https:\/\/gjakova.rks-gov.net\/wp-content\/uploads\/2019\/05\/Shishman-Bokes.xlsx\">Shishman Bokes<\/a><\/a><\/li>\n<li><a href=\"https:\/\/gjakova.rks-gov.net\/wp-content\/uploads\/2019\/05\/Skivjan.xlsx\"><a href=\"https:\/\/gjakova.rks-gov.net\/wp-content\/uploads\/2019\/05\/Skivjan.xlsx\">Skivjan<\/a><\/a><\/li>\n<li><a href=\"https:\/\/gjakova.rks-gov.net\/wp-content\/uploads\/2019\/05\/Smolic.xlsx\"><a href=\"https:\/\/gjakova.rks-gov.net\/wp-content\/uploads\/2019\/05\/Smolic.xlsx\">Smolic<\/a><\/a><\/li>\n<li><a href=\"https:\/\/gjakova.rks-gov.net\/wp-content\/uploads\/2019\/05\/Stubell.xlsx\"><a href=\"https:\/\/gjakova.rks-gov.net\/wp-content\/uploads\/2019\/05\/Stubell.xlsx\">Stubell<\/a><\/a><\/li>\n<li><a href=\"https:\/\/gjakova.rks-gov.net\/wp-content\/uploads\/2019\/05\/Trakaniq.xlsx\"><a href=\"https:\/\/gjakova.rks-gov.net\/wp-content\/uploads\/2019\/05\/Trakaniq.xlsx\">Trakaniq<\/a><\/a><\/li>\n<li><a href=\"https:\/\/gjakova.rks-gov.net\/wp-content\/uploads\/2019\/05\/Ujz.xlsx\"><a href=\"https:\/\/gjakova.rks-gov.net\/wp-content\/uploads\/2019\/05\/Ujz.xlsx\">Ujz<\/a><\/a><\/li>\n<li><a href=\"https:\/\/gjakova.rks-gov.net\/wp-content\/uploads\/2019\/05\/Vogove.xlsx\"><a href=\"https:\/\/gjakova.rks-gov.net\/wp-content\/uploads\/2019\/05\/Vogove.xlsx\">Vogove<\/a><\/a><\/li>\n<li><a href=\"https:\/\/gjakova.rks-gov.net\/wp-content\/uploads\/2019\/05\/Vraniq.xlsx\"><a href=\"https:\/\/gjakova.rks-gov.net\/wp-content\/uploads\/2019\/05\/Vraniq.xlsx\">Vraniq<\/a><\/a><\/li>\n<li><a href=\"https:\/\/gjakova.rks-gov.net\/wp-content\/uploads\/2019\/05\/Zhabel.xlsx\"><a href=\"https:\/\/gjakova.rks-gov.net\/wp-content\/uploads\/2019\/05\/Zhabel.xlsx\">Zhabel<\/a><\/a><\/li>\n<li><a href=\"https:\/\/gjakova.rks-gov.net\/wp-content\/uploads\/2019\/05\/Zidi-S.Ages-I.xlsx\"><a href=\"https:\/\/gjakova.rks-gov.net\/wp-content\/uploads\/2019\/05\/Zidi-S.Ages-I.xlsx\">Zidi S.Ages I<\/a><\/a><\/li>\n<li><a href=\"https:\/\/gjakova.rks-gov.net\/wp-content\/uploads\/2019\/05\/Zylfaj.xlsx\"><a href=\"https:\/\/gjakova.rks-gov.net\/wp-content\/uploads\/2019\/05\/Zylfaj.xlsx\">Zylfaj<\/a><\/a><\/li>\n<\/ul>\n\t\t\t\t\t\t\t\t<\/div>\n\t\t\t\t<\/div>\n\t\t\t\t<\/div>\n\t\t\t\t<\/div>\n\t\t\t\t<\/div>\n\t\t","protected":false},"excerpt":{"rendered":"<p>Gjakove Qytet &#8211; jashte qytet Brekoc Brovine Batushe Bec Babaj Bokes Cermjan Damjan Deve Doblibare Dobrigje Dujak Firze Gerqin Goden Guske Hereq Jabllanic Jahoc Janosh Kodralia Becit Korenic Kralan Kusar Kushavec Lipovec Marmull Moglic Nivokaz Novosell e Poshtme Osek Hyle Palabardh Pjetershan Ponoshec Popoc Qerim Raqe Rogove I Rogove II Rracaj Sheremet Shishman Bokes Skivjan [&hellip;]<\/p>\n","protected":false},"author":1,"featured_media":0,"parent":0,"menu_order":0,"comment_status":"open","ping_status":"open","template":"","meta":{"_acf_changed":false,"footnotes":""},"page-category":[],"class_list":["post-68042","page","type-page","status-publish","hentry"],"acf":[],"yoast_head":"<!-- This site is optimized with the Yoast SEO plugin v27.4 - https:\/\/yoast.com\/product\/yoast-seo-wordpress\/ -->\n<title>Pronat Komunale - Op\u0161tine \u0110akovica<\/title>\n<meta name=\"robots\" content=\"index, follow, max-snippet:-1, max-image-preview:large, max-video-preview:-1\" \/>\n<link rel=\"canonical\" href=\"https:\/\/gjakova.rks-gov.net\/sr\/pronat-komunale\/\" \/>\n<meta property=\"og:locale\" content=\"sr_RS\" \/>\n<meta property=\"og:type\" content=\"article\" \/>\n<meta property=\"og:title\" content=\"Pronat Komunale - Op\u0161tine \u0110akovica\" \/>\n<meta property=\"og:description\" content=\"Gjakove Qytet &#8211; jashte qytet Brekoc Brovine Batushe Bec Babaj Bokes Cermjan Damjan Deve Doblibare Dobrigje Dujak Firze Gerqin Goden Guske Hereq Jabllanic Jahoc Janosh Kodralia Becit Korenic Kralan Kusar Kushavec Lipovec Marmull Moglic Nivokaz Novosell e Poshtme Osek Hyle Palabardh Pjetershan Ponoshec Popoc Qerim Raqe Rogove I Rogove II Rracaj Sheremet Shishman Bokes Skivjan [&hellip;]\" \/>\n<meta property=\"og:url\" content=\"https:\/\/gjakova.rks-gov.net\/sr\/pronat-komunale\/\" \/>\n<meta property=\"og:site_name\" content=\"Op\u0161tine \u0110akovica\" \/>\n<meta property=\"article:publisher\" content=\"https:\/\/www.facebook.com\/KomunaeGjakoves\/\" \/>\n<meta property=\"article:modified_time\" content=\"2024-08-02T08:07:10+00:00\" \/>\n<meta name=\"twitter:card\" content=\"summary_large_image\" \/>\n<script type=\"application\/ld+json\" class=\"yoast-schema-graph\">{\"@context\":\"https:\\\/\\\/schema.org\",\"@graph\":[{\"@type\":\"WebPage\",\"@id\":\"https:\\\/\\\/gjakova.rks-gov.net\\\/sr\\\/pronat-komunale\\\/\",\"url\":\"https:\\\/\\\/gjakova.rks-gov.net\\\/sr\\\/pronat-komunale\\\/\",\"name\":\"Pronat Komunale - Op\u0161tine \u0110akovica\",\"isPartOf\":{\"@id\":\"https:\\\/\\\/gjakova.rks-gov.net\\\/sr\\\/#website\"},\"datePublished\":\"2019-05-20T05:52:32+00:00\",\"dateModified\":\"2024-08-02T08:07:10+00:00\",\"breadcrumb\":{\"@id\":\"https:\\\/\\\/gjakova.rks-gov.net\\\/sr\\\/pronat-komunale\\\/#breadcrumb\"},\"inLanguage\":\"sr-RS\",\"potentialAction\":[{\"@type\":\"ReadAction\",\"target\":[\"https:\\\/\\\/gjakova.rks-gov.net\\\/sr\\\/pronat-komunale\\\/\"]}]},{\"@type\":\"BreadcrumbList\",\"@id\":\"https:\\\/\\\/gjakova.rks-gov.net\\\/sr\\\/pronat-komunale\\\/#breadcrumb\",\"itemListElement\":[{\"@type\":\"ListItem\",\"position\":1,\"name\":\"Home\",\"item\":\"https:\\\/\\\/gjakova.rks-gov.net\\\/sr\\\/\"},{\"@type\":\"ListItem\",\"position\":2,\"name\":\"Pronat Komunale\"}]},{\"@type\":\"WebSite\",\"@id\":\"https:\\\/\\\/gjakova.rks-gov.net\\\/sr\\\/#website\",\"url\":\"https:\\\/\\\/gjakova.rks-gov.net\\\/sr\\\/\",\"name\":\"Komuna e Gjakoves\",\"description\":\"\",\"publisher\":{\"@id\":\"https:\\\/\\\/gjakova.rks-gov.net\\\/sr\\\/#organization\"},\"alternateName\":\"Komuna Gjakove\",\"potentialAction\":[{\"@type\":\"SearchAction\",\"target\":{\"@type\":\"EntryPoint\",\"urlTemplate\":\"https:\\\/\\\/gjakova.rks-gov.net\\\/sr\\\/?s={search_term_string}\"},\"query-input\":{\"@type\":\"PropertyValueSpecification\",\"valueRequired\":true,\"valueName\":\"search_term_string\"}}],\"inLanguage\":\"sr-RS\"},{\"@type\":\"Organization\",\"@id\":\"https:\\\/\\\/gjakova.rks-gov.net\\\/sr\\\/#organization\",\"name\":\"Komuna e Gjakoves\",\"alternateName\":\"Komuna Gjakove\",\"url\":\"https:\\\/\\\/gjakova.rks-gov.net\\\/sr\\\/\",\"logo\":{\"@type\":\"ImageObject\",\"inLanguage\":\"sr-RS\",\"@id\":\"https:\\\/\\\/gjakova.rks-gov.net\\\/sr\\\/#\\\/schema\\\/logo\\\/image\\\/\",\"url\":\"https:\\\/\\\/gjakova.rks-gov.net\\\/wp-content\\\/uploads\\\/2024\\\/04\\\/Stema_e_Komunes_Gjakove.svg.png\",\"contentUrl\":\"https:\\\/\\\/gjakova.rks-gov.net\\\/wp-content\\\/uploads\\\/2024\\\/04\\\/Stema_e_Komunes_Gjakove.svg.png\",\"width\":512,\"height\":681,\"caption\":\"Komuna e Gjakoves\"},\"image\":{\"@id\":\"https:\\\/\\\/gjakova.rks-gov.net\\\/sr\\\/#\\\/schema\\\/logo\\\/image\\\/\"},\"sameAs\":[\"https:\\\/\\\/www.facebook.com\\\/KomunaeGjakoves\\\/\",\"https:\\\/\\\/www.instagram.com\\\/komunaegjakoves\\\/\"]}]}<\/script>\n<!-- \/ Yoast SEO plugin. -->","yoast_head_json":{"title":"Pronat Komunale - Op\u0161tine \u0110akovica","robots":{"index":"index","follow":"follow","max-snippet":"max-snippet:-1","max-image-preview":"max-image-preview:large","max-video-preview":"max-video-preview:-1"},"canonical":"https:\/\/gjakova.rks-gov.net\/sr\/pronat-komunale\/","og_locale":"sr_RS","og_type":"article","og_title":"Pronat Komunale - Op\u0161tine \u0110akovica","og_description":"Gjakove Qytet &#8211; jashte qytet Brekoc Brovine Batushe Bec Babaj Bokes Cermjan Damjan Deve Doblibare Dobrigje Dujak Firze Gerqin Goden Guske Hereq Jabllanic Jahoc Janosh Kodralia Becit Korenic Kralan Kusar Kushavec Lipovec Marmull Moglic Nivokaz Novosell e Poshtme Osek Hyle Palabardh Pjetershan Ponoshec Popoc Qerim Raqe Rogove I Rogove II Rracaj Sheremet Shishman Bokes Skivjan [&hellip;]","og_url":"https:\/\/gjakova.rks-gov.net\/sr\/pronat-komunale\/","og_site_name":"Op\u0161tine \u0110akovica","article_publisher":"https:\/\/www.facebook.com\/KomunaeGjakoves\/","article_modified_time":"2024-08-02T08:07:10+00:00","twitter_card":"summary_large_image","schema":{"@context":"https:\/\/schema.org","@graph":[{"@type":"WebPage","@id":"https:\/\/gjakova.rks-gov.net\/sr\/pronat-komunale\/","url":"https:\/\/gjakova.rks-gov.net\/sr\/pronat-komunale\/","name":"Pronat Komunale - Op\u0161tine \u0110akovica","isPartOf":{"@id":"https:\/\/gjakova.rks-gov.net\/sr\/#website"},"datePublished":"2019-05-20T05:52:32+00:00","dateModified":"2024-08-02T08:07:10+00:00","breadcrumb":{"@id":"https:\/\/gjakova.rks-gov.net\/sr\/pronat-komunale\/#breadcrumb"},"inLanguage":"sr-RS","potentialAction":[{"@type":"ReadAction","target":["https:\/\/gjakova.rks-gov.net\/sr\/pronat-komunale\/"]}]},{"@type":"BreadcrumbList","@id":"https:\/\/gjakova.rks-gov.net\/sr\/pronat-komunale\/#breadcrumb","itemListElement":[{"@type":"ListItem","position":1,"name":"Home","item":"https:\/\/gjakova.rks-gov.net\/sr\/"},{"@type":"ListItem","position":2,"name":"Pronat Komunale"}]},{"@type":"WebSite","@id":"https:\/\/gjakova.rks-gov.net\/sr\/#website","url":"https:\/\/gjakova.rks-gov.net\/sr\/","name":"Komuna e Gjakoves","description":"","publisher":{"@id":"https:\/\/gjakova.rks-gov.net\/sr\/#organization"},"alternateName":"Komuna Gjakove","potentialAction":[{"@type":"SearchAction","target":{"@type":"EntryPoint","urlTemplate":"https:\/\/gjakova.rks-gov.net\/sr\/?s={search_term_string}"},"query-input":{"@type":"PropertyValueSpecification","valueRequired":true,"valueName":"search_term_string"}}],"inLanguage":"sr-RS"},{"@type":"Organization","@id":"https:\/\/gjakova.rks-gov.net\/sr\/#organization","name":"Komuna e Gjakoves","alternateName":"Komuna Gjakove","url":"https:\/\/gjakova.rks-gov.net\/sr\/","logo":{"@type":"ImageObject","inLanguage":"sr-RS","@id":"https:\/\/gjakova.rks-gov.net\/sr\/#\/schema\/logo\/image\/","url":"https:\/\/gjakova.rks-gov.net\/wp-content\/uploads\/2024\/04\/Stema_e_Komunes_Gjakove.svg.png","contentUrl":"https:\/\/gjakova.rks-gov.net\/wp-content\/uploads\/2024\/04\/Stema_e_Komunes_Gjakove.svg.png","width":512,"height":681,"caption":"Komuna e Gjakoves"},"image":{"@id":"https:\/\/gjakova.rks-gov.net\/sr\/#\/schema\/logo\/image\/"},"sameAs":["https:\/\/www.facebook.com\/KomunaeGjakoves\/","https:\/\/www.instagram.com\/komunaegjakoves\/"]}]}},"_links":{"self":[{"href":"https:\/\/gjakova.rks-gov.net\/sr\/wp-json\/wp\/v2\/pages\/68042","targetHints":{"allow":["GET"]}}],"collection":[{"href":"https:\/\/gjakova.rks-gov.net\/sr\/wp-json\/wp\/v2\/pages"}],"about":[{"href":"https:\/\/gjakova.rks-gov.net\/sr\/wp-json\/wp\/v2\/types\/page"}],"author":[{"embeddable":true,"href":"https:\/\/gjakova.rks-gov.net\/sr\/wp-json\/wp\/v2\/users\/1"}],"replies":[{"embeddable":true,"href":"https:\/\/gjakova.rks-gov.net\/sr\/wp-json\/wp\/v2\/comments?post=68042"}],"version-history":[{"count":1,"href":"https:\/\/gjakova.rks-gov.net\/sr\/wp-json\/wp\/v2\/pages\/68042\/revisions"}],"predecessor-version":[{"id":68043,"href":"https:\/\/gjakova.rks-gov.net\/sr\/wp-json\/wp\/v2\/pages\/68042\/revisions\/68043"}],"wp:attachment":[{"href":"https:\/\/gjakova.rks-gov.net\/sr\/wp-json\/wp\/v2\/media?parent=68042"}],"wp:term":[{"taxonomy":"page-category","embeddable":true,"href":"https:\/\/gjakova.rks-gov.net\/sr\/wp-json\/wp\/v2\/page-category?post=68042"}],"curies":[{"name":"wp","href":"https:\/\/api.w.org\/{rel}","templated":true}]}}