{"id":68030,"date":"2018-02-16T09:36:21","date_gmt":"2018-02-16T08:36:21","guid":{"rendered":"https:\/\/gjakova.rks-gov.net\/sherbimet-e-drejtorise-per-gjeodezi-kadaster-dhe-prone\/"},"modified":"2024-08-02T10:03:50","modified_gmt":"2024-08-02T08:03:50","slug":"sherbimet-e-drejtorise-per-gjeodezi-kadaster-dhe-prone","status":"publish","type":"page","link":"https:\/\/gjakova.rks-gov.net\/sr\/sherbimet-e-drejtorise-per-gjeodezi-kadaster-dhe-prone\/","title":{"rendered":"Sh\u00ebrbimet e Drejtoris\u00eb p\u00ebr Gjeodezi, Kadaster dhe Pron\u00eb"},"content":{"rendered":"\t\t<div data-elementor-type=\"wp-page\" data-elementor-id=\"68030\" class=\"elementor elementor-68030 elementor-49951\" data-elementor-post-type=\"page\">\n\t\t\t\t<div class=\"elementor-element elementor-element-163e8b0e e-con-full responsive-container e-flex e-con e-parent\" data-id=\"163e8b0e\" data-element_type=\"container\" data-e-type=\"container\">\n\t\t<div class=\"elementor-element elementor-element-52055613 e-con-full e-flex e-con e-child\" data-id=\"52055613\" data-element_type=\"container\" data-e-type=\"container\" data-settings=\"{&quot;background_background&quot;:&quot;classic&quot;}\">\n\t\t\t\t<div class=\"elementor-element elementor-element-64220128 elementor-nav-menu--dropdown-none sidebar-menu elementor-widget elementor-widget-nav-menu\" data-id=\"64220128\" data-element_type=\"widget\" data-e-type=\"widget\" data-settings=\"{&quot;layout&quot;:&quot;vertical&quot;,&quot;submenu_icon&quot;:{&quot;value&quot;:&quot;&lt;svg aria-hidden=\\&quot;true\\&quot; class=\\&quot;e-font-icon-svg e-fas-caret-down\\&quot; viewBox=\\&quot;0 0 320 512\\&quot; xmlns=\\&quot;http:\\\/\\\/www.w3.org\\\/2000\\\/svg\\&quot;&gt;&lt;path d=\\&quot;M31.3 192h257.3c17.8 0 26.7 21.5 14.1 34.1L174.1 354.8c-7.8 7.8-20.5 7.8-28.3 0L17.2 226.1C4.6 213.5 13.5 192 31.3 192z\\&quot;&gt;&lt;\\\/path&gt;&lt;\\\/svg&gt;&quot;,&quot;library&quot;:&quot;fa-solid&quot;}}\" data-widget_type=\"nav-menu.default\">\n\t\t\t\t<div class=\"elementor-widget-container\">\n\t\t\t\t\t\t\t\t<nav aria-label=\"Menu\" class=\"elementor-nav-menu--main elementor-nav-menu__container elementor-nav-menu--layout-vertical e--pointer-none\">\n\t\t\t\t<ul id=\"menu-1-64220128\" class=\"elementor-nav-menu sm-vertical\"><li class=\"menu-item menu-item-type-post_type menu-item-object-page menu-item-67421\"><a href=\"https:\/\/gjakova.rks-gov.net\/pronat-komunale\/\" class=\"elementor-item\">Pronat Komunale<\/a><\/li>\n<li class=\"menu-item menu-item-type-post_type menu-item-object-page menu-item-67422\"><a href=\"https:\/\/gjakova.rks-gov.net\/dokumentet-dk\/\" class=\"elementor-item\">Dokumentet &#8211; DK<\/a><\/li>\n<li class=\"menu-item menu-item-type-post_type menu-item-object-page menu-item-67423\"><a href=\"https:\/\/gjakova.rks-gov.net\/planet-kadasta\/\" class=\"elementor-item\">Planet &#8211; Kadasta<\/a><\/li>\n<li class=\"menu-item menu-item-type-post_type menu-item-object-page menu-item-67424\"><a href=\"https:\/\/gjakova.rks-gov.net\/sherbimet-4\/\" class=\"elementor-item\">Sh\u00ebrbimet e Drejtoris\u00eb p\u00ebr Gjeodezi, Kadaster dhe Pron\u00eb<\/a><\/li>\n<\/ul>\t\t\t<\/nav>\n\t\t\t\t\t\t<nav class=\"elementor-nav-menu--dropdown elementor-nav-menu__container\" aria-hidden=\"true\">\n\t\t\t\t<ul id=\"menu-2-64220128\" class=\"elementor-nav-menu sm-vertical\"><li class=\"menu-item menu-item-type-post_type menu-item-object-page menu-item-67421\"><a href=\"https:\/\/gjakova.rks-gov.net\/pronat-komunale\/\" class=\"elementor-item\" tabindex=\"-1\">Pronat Komunale<\/a><\/li>\n<li class=\"menu-item menu-item-type-post_type menu-item-object-page menu-item-67422\"><a href=\"https:\/\/gjakova.rks-gov.net\/dokumentet-dk\/\" class=\"elementor-item\" tabindex=\"-1\">Dokumentet &#8211; DK<\/a><\/li>\n<li class=\"menu-item menu-item-type-post_type menu-item-object-page menu-item-67423\"><a href=\"https:\/\/gjakova.rks-gov.net\/planet-kadasta\/\" class=\"elementor-item\" tabindex=\"-1\">Planet &#8211; Kadasta<\/a><\/li>\n<li class=\"menu-item menu-item-type-post_type menu-item-object-page menu-item-67424\"><a href=\"https:\/\/gjakova.rks-gov.net\/sherbimet-4\/\" class=\"elementor-item\" tabindex=\"-1\">Sh\u00ebrbimet e Drejtoris\u00eb p\u00ebr Gjeodezi, Kadaster dhe Pron\u00eb<\/a><\/li>\n<\/ul>\t\t\t<\/nav>\n\t\t\t\t\t\t<\/div>\n\t\t\t\t<\/div>\n\t\t\t\t<\/div>\n\t\t<div class=\"elementor-element elementor-element-41f6ec8d e-con-full e-flex e-con e-child\" data-id=\"41f6ec8d\" data-element_type=\"container\" data-e-type=\"container\">\n\t\t<div class=\"elementor-element elementor-element-138ef153 e-con-full e-flex e-con e-child\" data-id=\"138ef153\" data-element_type=\"container\" data-e-type=\"container\">\n\t\t\t\t<div class=\"elementor-element elementor-element-20bbacb5 elementor-widget elementor-widget-theme-post-title elementor-page-title elementor-widget-heading\" data-id=\"20bbacb5\" data-element_type=\"widget\" data-e-type=\"widget\" data-widget_type=\"theme-post-title.default\">\n\t\t\t\t<div class=\"elementor-widget-container\">\n\t\t\t\t\t<h1 class=\"elementor-heading-title elementor-size-default\">Sh\u00ebrbimet e Drejtoris\u00eb p\u00ebr Gjeodezi, Kadaster dhe Pron\u00eb<\/h1>\t\t\t\t<\/div>\n\t\t\t\t<\/div>\n\t\t\t\t<\/div>\n\t\t\t\t<div class=\"elementor-element elementor-element-ad0b9e7 elementor-widget elementor-widget-text-editor\" data-id=\"ad0b9e7\" data-element_type=\"widget\" data-e-type=\"widget\" data-widget_type=\"text-editor.default\">\n\t\t\t\t<div class=\"elementor-widget-container\">\n\t\t\t\t\t\t\t\t\t<p><strong>SH\u00cbRBIMET E DREJTORIS\u00cb P\u00cbR GJEODEZI, KADASTER DHE PRON\u00cb<\/strong>&nbsp; Drejtoria sipas ligjit, udh\u00ebzimit dhe autoritetit t\u00eb AKK-s\u00eb do t\u00eb regjistroj dhe mir\u00ebmbaj\u00eb kadastr\u00ebn e paluejtshm\u00ebrive me t\u00eb gjitha sh\u00ebnimet p\u00ebr pronat e paluajtshme dhe do t\u00eb l\u00ebshoj dokumente nga evidenca e saj p\u00ebr pal\u00ebt e interesuara sipas standardeve q\u00eb p\u00ebrcaktohen nga AKK-ja. DGJKP (ZKK) kontrollon dhe korrigjon aparatin kadastral, hartat kadastrale dhe kryen pun\u00ebt n\u00eb teren. DGJKP (ZKK) \u00ebsht\u00eb p\u00ebrgjegj\u00ebse p\u00ebr p\u00ebrpunimin e k\u00ebrkesave p\u00ebr regjistrim dhe regjistrimin e t\u00eb drejtave t\u00eb paluejtshm\u00ebrive n\u00eb pajtim me Udh\u00ebzimet Administrative t\u00eb nxjerra nga MSHP-ja. Regjistri mbahet n\u00eb nj\u00eb baze t\u00eb kompjuterizuar t\u00eb dh\u00ebnash me mund\u00ebsi leximi dhe ndryshimi duke p\u00ebrdorur terminalin kompjuterik. DGJKP (ZKK) punon dhe vepron bazuar n\u00eb udh\u00ebzimet administrative t\u00eb dala nga ministria e Mjedisit dhe Planifikimit Hap\u00ebsinor. DGJKP (ZKK) b\u00ebn regjistrimin e pronave t\u00eb paluajtshme si: Pron\u00ebsia Hipotekat Servitutet T\u00eb drejtat e shfryt\u00ebzimit t\u00eb pronave shoq\u00ebrore dhe shtet\u00ebrore<\/p>\n\t\t\t\t\t\t\t\t<\/div>\n\t\t\t\t<\/div>\n\t\t\t\t<\/div>\n\t\t\t\t<\/div>\n\t\t\t\t<\/div>\n\t\t","protected":false},"excerpt":{"rendered":"<p>SH\u00cbRBIMET E DREJTORIS\u00cb P\u00cbR GJEODEZI, KADASTER DHE PRON\u00cb&nbsp; Drejtoria sipas ligjit, udh\u00ebzimit dhe autoritetit t\u00eb AKK-s\u00eb do t\u00eb regjistroj dhe mir\u00ebmbaj\u00eb kadastr\u00ebn e paluejtshm\u00ebrive me t\u00eb gjitha sh\u00ebnimet p\u00ebr pronat e paluajtshme dhe do t\u00eb l\u00ebshoj dokumente nga evidenca e saj p\u00ebr pal\u00ebt e interesuara sipas standardeve q\u00eb p\u00ebrcaktohen nga AKK-ja. DGJKP (ZKK) kontrollon dhe [&hellip;]<\/p>\n","protected":false},"author":1,"featured_media":0,"parent":0,"menu_order":0,"comment_status":"open","ping_status":"closed","template":"","meta":{"_acf_changed":false,"footnotes":""},"page-category":[],"class_list":["post-68030","page","type-page","status-publish","hentry"],"acf":[],"yoast_head":"<!-- This site is optimized with the Yoast SEO plugin v27.4 - https:\/\/yoast.com\/product\/yoast-seo-wordpress\/ -->\n<title>Sh\u00ebrbimet e Drejtoris\u00eb p\u00ebr Gjeodezi, Kadaster dhe Pron\u00eb - Op\u0161tine \u0110akovica<\/title>\n<meta name=\"robots\" content=\"index, follow, max-snippet:-1, max-image-preview:large, max-video-preview:-1\" \/>\n<link rel=\"canonical\" href=\"https:\/\/gjakova.rks-gov.net\/sr\/sherbimet-e-drejtorise-per-gjeodezi-kadaster-dhe-prone\/\" \/>\n<meta property=\"og:locale\" content=\"sr_RS\" \/>\n<meta property=\"og:type\" content=\"article\" \/>\n<meta property=\"og:title\" content=\"Sh\u00ebrbimet e Drejtoris\u00eb p\u00ebr Gjeodezi, Kadaster dhe Pron\u00eb - Op\u0161tine \u0110akovica\" \/>\n<meta property=\"og:description\" content=\"SH\u00cbRBIMET E DREJTORIS\u00cb P\u00cbR GJEODEZI, KADASTER DHE PRON\u00cb&nbsp; Drejtoria sipas ligjit, udh\u00ebzimit dhe autoritetit t\u00eb AKK-s\u00eb do t\u00eb regjistroj dhe mir\u00ebmbaj\u00eb kadastr\u00ebn e paluejtshm\u00ebrive me t\u00eb gjitha sh\u00ebnimet p\u00ebr pronat e paluajtshme dhe do t\u00eb l\u00ebshoj dokumente nga evidenca e saj p\u00ebr pal\u00ebt e interesuara sipas standardeve q\u00eb p\u00ebrcaktohen nga AKK-ja. DGJKP (ZKK) kontrollon dhe [&hellip;]\" \/>\n<meta property=\"og:url\" content=\"https:\/\/gjakova.rks-gov.net\/sr\/sherbimet-e-drejtorise-per-gjeodezi-kadaster-dhe-prone\/\" \/>\n<meta property=\"og:site_name\" content=\"Op\u0161tine \u0110akovica\" \/>\n<meta property=\"article:publisher\" content=\"https:\/\/www.facebook.com\/KomunaeGjakoves\/\" \/>\n<meta property=\"article:modified_time\" content=\"2024-08-02T08:03:50+00:00\" \/>\n<meta name=\"twitter:card\" content=\"summary_large_image\" \/>\n<meta name=\"twitter:label1\" content=\"\u041f\u0440\u043e\u0446\u0435\u045a\u0435\u043d\u043e \u0432\u0440\u0435\u043c\u0435 \u0447\u0438\u0442\u0430\u045a\u0430\" \/>\n\t<meta name=\"twitter:data1\" content=\"1 \u043c\u0438\u043d\u0443\u0442\" \/>\n<script type=\"application\/ld+json\" class=\"yoast-schema-graph\">{\"@context\":\"https:\\\/\\\/schema.org\",\"@graph\":[{\"@type\":\"WebPage\",\"@id\":\"https:\\\/\\\/gjakova.rks-gov.net\\\/sr\\\/sherbimet-e-drejtorise-per-gjeodezi-kadaster-dhe-prone\\\/\",\"url\":\"https:\\\/\\\/gjakova.rks-gov.net\\\/sr\\\/sherbimet-e-drejtorise-per-gjeodezi-kadaster-dhe-prone\\\/\",\"name\":\"Sh\u00ebrbimet e Drejtoris\u00eb p\u00ebr Gjeodezi, Kadaster dhe Pron\u00eb - Op\u0161tine \u0110akovica\",\"isPartOf\":{\"@id\":\"https:\\\/\\\/gjakova.rks-gov.net\\\/sr\\\/#website\"},\"datePublished\":\"2018-02-16T08:36:21+00:00\",\"dateModified\":\"2024-08-02T08:03:50+00:00\",\"breadcrumb\":{\"@id\":\"https:\\\/\\\/gjakova.rks-gov.net\\\/sr\\\/sherbimet-e-drejtorise-per-gjeodezi-kadaster-dhe-prone\\\/#breadcrumb\"},\"inLanguage\":\"sr-RS\",\"potentialAction\":[{\"@type\":\"ReadAction\",\"target\":[\"https:\\\/\\\/gjakova.rks-gov.net\\\/sr\\\/sherbimet-e-drejtorise-per-gjeodezi-kadaster-dhe-prone\\\/\"]}]},{\"@type\":\"BreadcrumbList\",\"@id\":\"https:\\\/\\\/gjakova.rks-gov.net\\\/sr\\\/sherbimet-e-drejtorise-per-gjeodezi-kadaster-dhe-prone\\\/#breadcrumb\",\"itemListElement\":[{\"@type\":\"ListItem\",\"position\":1,\"name\":\"Home\",\"item\":\"https:\\\/\\\/gjakova.rks-gov.net\\\/sr\\\/\"},{\"@type\":\"ListItem\",\"position\":2,\"name\":\"Sh\u00ebrbimet e Drejtoris\u00eb p\u00ebr Gjeodezi, Kadaster dhe Pron\u00eb\"}]},{\"@type\":\"WebSite\",\"@id\":\"https:\\\/\\\/gjakova.rks-gov.net\\\/sr\\\/#website\",\"url\":\"https:\\\/\\\/gjakova.rks-gov.net\\\/sr\\\/\",\"name\":\"Komuna e Gjakoves\",\"description\":\"\",\"publisher\":{\"@id\":\"https:\\\/\\\/gjakova.rks-gov.net\\\/sr\\\/#organization\"},\"alternateName\":\"Komuna Gjakove\",\"potentialAction\":[{\"@type\":\"SearchAction\",\"target\":{\"@type\":\"EntryPoint\",\"urlTemplate\":\"https:\\\/\\\/gjakova.rks-gov.net\\\/sr\\\/?s={search_term_string}\"},\"query-input\":{\"@type\":\"PropertyValueSpecification\",\"valueRequired\":true,\"valueName\":\"search_term_string\"}}],\"inLanguage\":\"sr-RS\"},{\"@type\":\"Organization\",\"@id\":\"https:\\\/\\\/gjakova.rks-gov.net\\\/sr\\\/#organization\",\"name\":\"Komuna e Gjakoves\",\"alternateName\":\"Komuna Gjakove\",\"url\":\"https:\\\/\\\/gjakova.rks-gov.net\\\/sr\\\/\",\"logo\":{\"@type\":\"ImageObject\",\"inLanguage\":\"sr-RS\",\"@id\":\"https:\\\/\\\/gjakova.rks-gov.net\\\/sr\\\/#\\\/schema\\\/logo\\\/image\\\/\",\"url\":\"https:\\\/\\\/gjakova.rks-gov.net\\\/wp-content\\\/uploads\\\/2024\\\/04\\\/Stema_e_Komunes_Gjakove.svg.png\",\"contentUrl\":\"https:\\\/\\\/gjakova.rks-gov.net\\\/wp-content\\\/uploads\\\/2024\\\/04\\\/Stema_e_Komunes_Gjakove.svg.png\",\"width\":512,\"height\":681,\"caption\":\"Komuna e Gjakoves\"},\"image\":{\"@id\":\"https:\\\/\\\/gjakova.rks-gov.net\\\/sr\\\/#\\\/schema\\\/logo\\\/image\\\/\"},\"sameAs\":[\"https:\\\/\\\/www.facebook.com\\\/KomunaeGjakoves\\\/\",\"https:\\\/\\\/www.instagram.com\\\/komunaegjakoves\\\/\"]}]}<\/script>\n<!-- \/ Yoast SEO plugin. -->","yoast_head_json":{"title":"Sh\u00ebrbimet e Drejtoris\u00eb p\u00ebr Gjeodezi, Kadaster dhe Pron\u00eb - Op\u0161tine \u0110akovica","robots":{"index":"index","follow":"follow","max-snippet":"max-snippet:-1","max-image-preview":"max-image-preview:large","max-video-preview":"max-video-preview:-1"},"canonical":"https:\/\/gjakova.rks-gov.net\/sr\/sherbimet-e-drejtorise-per-gjeodezi-kadaster-dhe-prone\/","og_locale":"sr_RS","og_type":"article","og_title":"Sh\u00ebrbimet e Drejtoris\u00eb p\u00ebr Gjeodezi, Kadaster dhe Pron\u00eb - Op\u0161tine \u0110akovica","og_description":"SH\u00cbRBIMET E DREJTORIS\u00cb P\u00cbR GJEODEZI, KADASTER DHE PRON\u00cb&nbsp; Drejtoria sipas ligjit, udh\u00ebzimit dhe autoritetit t\u00eb AKK-s\u00eb do t\u00eb regjistroj dhe mir\u00ebmbaj\u00eb kadastr\u00ebn e paluejtshm\u00ebrive me t\u00eb gjitha sh\u00ebnimet p\u00ebr pronat e paluajtshme dhe do t\u00eb l\u00ebshoj dokumente nga evidenca e saj p\u00ebr pal\u00ebt e interesuara sipas standardeve q\u00eb p\u00ebrcaktohen nga AKK-ja. DGJKP (ZKK) kontrollon dhe [&hellip;]","og_url":"https:\/\/gjakova.rks-gov.net\/sr\/sherbimet-e-drejtorise-per-gjeodezi-kadaster-dhe-prone\/","og_site_name":"Op\u0161tine \u0110akovica","article_publisher":"https:\/\/www.facebook.com\/KomunaeGjakoves\/","article_modified_time":"2024-08-02T08:03:50+00:00","twitter_card":"summary_large_image","twitter_misc":{"\u041f\u0440\u043e\u0446\u0435\u045a\u0435\u043d\u043e \u0432\u0440\u0435\u043c\u0435 \u0447\u0438\u0442\u0430\u045a\u0430":"1 \u043c\u0438\u043d\u0443\u0442"},"schema":{"@context":"https:\/\/schema.org","@graph":[{"@type":"WebPage","@id":"https:\/\/gjakova.rks-gov.net\/sr\/sherbimet-e-drejtorise-per-gjeodezi-kadaster-dhe-prone\/","url":"https:\/\/gjakova.rks-gov.net\/sr\/sherbimet-e-drejtorise-per-gjeodezi-kadaster-dhe-prone\/","name":"Sh\u00ebrbimet e Drejtoris\u00eb p\u00ebr Gjeodezi, Kadaster dhe Pron\u00eb - Op\u0161tine \u0110akovica","isPartOf":{"@id":"https:\/\/gjakova.rks-gov.net\/sr\/#website"},"datePublished":"2018-02-16T08:36:21+00:00","dateModified":"2024-08-02T08:03:50+00:00","breadcrumb":{"@id":"https:\/\/gjakova.rks-gov.net\/sr\/sherbimet-e-drejtorise-per-gjeodezi-kadaster-dhe-prone\/#breadcrumb"},"inLanguage":"sr-RS","potentialAction":[{"@type":"ReadAction","target":["https:\/\/gjakova.rks-gov.net\/sr\/sherbimet-e-drejtorise-per-gjeodezi-kadaster-dhe-prone\/"]}]},{"@type":"BreadcrumbList","@id":"https:\/\/gjakova.rks-gov.net\/sr\/sherbimet-e-drejtorise-per-gjeodezi-kadaster-dhe-prone\/#breadcrumb","itemListElement":[{"@type":"ListItem","position":1,"name":"Home","item":"https:\/\/gjakova.rks-gov.net\/sr\/"},{"@type":"ListItem","position":2,"name":"Sh\u00ebrbimet e Drejtoris\u00eb p\u00ebr Gjeodezi, Kadaster dhe Pron\u00eb"}]},{"@type":"WebSite","@id":"https:\/\/gjakova.rks-gov.net\/sr\/#website","url":"https:\/\/gjakova.rks-gov.net\/sr\/","name":"Komuna e Gjakoves","description":"","publisher":{"@id":"https:\/\/gjakova.rks-gov.net\/sr\/#organization"},"alternateName":"Komuna Gjakove","potentialAction":[{"@type":"SearchAction","target":{"@type":"EntryPoint","urlTemplate":"https:\/\/gjakova.rks-gov.net\/sr\/?s={search_term_string}"},"query-input":{"@type":"PropertyValueSpecification","valueRequired":true,"valueName":"search_term_string"}}],"inLanguage":"sr-RS"},{"@type":"Organization","@id":"https:\/\/gjakova.rks-gov.net\/sr\/#organization","name":"Komuna e Gjakoves","alternateName":"Komuna Gjakove","url":"https:\/\/gjakova.rks-gov.net\/sr\/","logo":{"@type":"ImageObject","inLanguage":"sr-RS","@id":"https:\/\/gjakova.rks-gov.net\/sr\/#\/schema\/logo\/image\/","url":"https:\/\/gjakova.rks-gov.net\/wp-content\/uploads\/2024\/04\/Stema_e_Komunes_Gjakove.svg.png","contentUrl":"https:\/\/gjakova.rks-gov.net\/wp-content\/uploads\/2024\/04\/Stema_e_Komunes_Gjakove.svg.png","width":512,"height":681,"caption":"Komuna e Gjakoves"},"image":{"@id":"https:\/\/gjakova.rks-gov.net\/sr\/#\/schema\/logo\/image\/"},"sameAs":["https:\/\/www.facebook.com\/KomunaeGjakoves\/","https:\/\/www.instagram.com\/komunaegjakoves\/"]}]}},"_links":{"self":[{"href":"https:\/\/gjakova.rks-gov.net\/sr\/wp-json\/wp\/v2\/pages\/68030","targetHints":{"allow":["GET"]}}],"collection":[{"href":"https:\/\/gjakova.rks-gov.net\/sr\/wp-json\/wp\/v2\/pages"}],"about":[{"href":"https:\/\/gjakova.rks-gov.net\/sr\/wp-json\/wp\/v2\/types\/page"}],"author":[{"embeddable":true,"href":"https:\/\/gjakova.rks-gov.net\/sr\/wp-json\/wp\/v2\/users\/1"}],"replies":[{"embeddable":true,"href":"https:\/\/gjakova.rks-gov.net\/sr\/wp-json\/wp\/v2\/comments?post=68030"}],"version-history":[{"count":1,"href":"https:\/\/gjakova.rks-gov.net\/sr\/wp-json\/wp\/v2\/pages\/68030\/revisions"}],"predecessor-version":[{"id":68031,"href":"https:\/\/gjakova.rks-gov.net\/sr\/wp-json\/wp\/v2\/pages\/68030\/revisions\/68031"}],"wp:attachment":[{"href":"https:\/\/gjakova.rks-gov.net\/sr\/wp-json\/wp\/v2\/media?parent=68030"}],"wp:term":[{"taxonomy":"page-category","embeddable":true,"href":"https:\/\/gjakova.rks-gov.net\/sr\/wp-json\/wp\/v2\/page-category?post=68030"}],"curies":[{"name":"wp","href":"https:\/\/api.w.org\/{rel}","templated":true}]}}