{"id":67982,"date":"2018-02-21T09:28:23","date_gmt":"2018-02-21T08:28:23","guid":{"rendered":"https:\/\/gjakova.rks-gov.net\/sherbimet-urbanizem\/"},"modified":"2024-08-02T09:54:52","modified_gmt":"2024-08-02T07:54:52","slug":"sherbimet-urbanizem","status":"publish","type":"page","link":"https:\/\/gjakova.rks-gov.net\/sr\/sherbimet-urbanizem\/","title":{"rendered":"Sh\u00ebrbimet Urbanizem"},"content":{"rendered":"\t\t<div data-elementor-type=\"wp-page\" data-elementor-id=\"67982\" class=\"elementor elementor-67982 elementor-49961\" data-elementor-post-type=\"page\">\n\t\t\t\t<div class=\"elementor-element elementor-element-32a365ec e-con-full responsive-container e-flex e-con e-parent\" data-id=\"32a365ec\" data-element_type=\"container\" data-e-type=\"container\">\n\t\t<div class=\"elementor-element elementor-element-1c4f6bbc e-con-full e-flex e-con e-child\" data-id=\"1c4f6bbc\" data-element_type=\"container\" data-e-type=\"container\" data-settings=\"{&quot;background_background&quot;:&quot;classic&quot;}\">\n\t\t\t\t<div class=\"elementor-element elementor-element-492d1eac elementor-nav-menu--dropdown-none sidebar-menu elementor-widget elementor-widget-nav-menu\" data-id=\"492d1eac\" data-element_type=\"widget\" data-e-type=\"widget\" data-settings=\"{&quot;layout&quot;:&quot;vertical&quot;,&quot;submenu_icon&quot;:{&quot;value&quot;:&quot;&lt;svg aria-hidden=\\&quot;true\\&quot; class=\\&quot;e-font-icon-svg e-fas-caret-down\\&quot; viewBox=\\&quot;0 0 320 512\\&quot; xmlns=\\&quot;http:\\\/\\\/www.w3.org\\\/2000\\\/svg\\&quot;&gt;&lt;path d=\\&quot;M31.3 192h257.3c17.8 0 26.7 21.5 14.1 34.1L174.1 354.8c-7.8 7.8-20.5 7.8-28.3 0L17.2 226.1C4.6 213.5 13.5 192 31.3 192z\\&quot;&gt;&lt;\\\/path&gt;&lt;\\\/svg&gt;&quot;,&quot;library&quot;:&quot;fa-solid&quot;}}\" data-widget_type=\"nav-menu.default\">\n\t\t\t\t<div class=\"elementor-widget-container\">\n\t\t\t\t\t\t\t\t<nav aria-label=\"Menu\" class=\"elementor-nav-menu--main elementor-nav-menu__container elementor-nav-menu--layout-vertical e--pointer-none\">\n\t\t\t\t<ul id=\"menu-1-492d1eac\" class=\"elementor-nav-menu sm-vertical\"><li class=\"menu-item menu-item-type-post_type menu-item-object-page menu-item-66856\"><a href=\"https:\/\/gjakova.rks-gov.net\/planet-dumm\/\" class=\"elementor-item\">Planet &#8211; DUMM<\/a><\/li>\n<li class=\"menu-item menu-item-type-post_type menu-item-object-page menu-item-66857\"><a href=\"https:\/\/gjakova.rks-gov.net\/legalizimet\/\" class=\"elementor-item\">Legalizimet<\/a><\/li>\n<li class=\"menu-item menu-item-type-post_type menu-item-object-page menu-item-66858\"><a href=\"https:\/\/gjakova.rks-gov.net\/sherbimet-8\/\" class=\"elementor-item\">Sh\u00ebrbimet Urbanizem<\/a><\/li>\n<li class=\"menu-item menu-item-type-post_type menu-item-object-page menu-item-66859\"><a href=\"https:\/\/gjakova.rks-gov.net\/planet-rregulluese\/\" class=\"elementor-item\">Planet Rregulluese<\/a><\/li>\n<\/ul>\t\t\t<\/nav>\n\t\t\t\t\t\t<nav class=\"elementor-nav-menu--dropdown elementor-nav-menu__container\" aria-hidden=\"true\">\n\t\t\t\t<ul id=\"menu-2-492d1eac\" class=\"elementor-nav-menu sm-vertical\"><li class=\"menu-item menu-item-type-post_type menu-item-object-page menu-item-66856\"><a href=\"https:\/\/gjakova.rks-gov.net\/planet-dumm\/\" class=\"elementor-item\" tabindex=\"-1\">Planet &#8211; DUMM<\/a><\/li>\n<li class=\"menu-item menu-item-type-post_type menu-item-object-page menu-item-66857\"><a href=\"https:\/\/gjakova.rks-gov.net\/legalizimet\/\" class=\"elementor-item\" tabindex=\"-1\">Legalizimet<\/a><\/li>\n<li class=\"menu-item menu-item-type-post_type menu-item-object-page menu-item-66858\"><a href=\"https:\/\/gjakova.rks-gov.net\/sherbimet-8\/\" class=\"elementor-item\" tabindex=\"-1\">Sh\u00ebrbimet Urbanizem<\/a><\/li>\n<li class=\"menu-item menu-item-type-post_type menu-item-object-page menu-item-66859\"><a href=\"https:\/\/gjakova.rks-gov.net\/planet-rregulluese\/\" class=\"elementor-item\" tabindex=\"-1\">Planet Rregulluese<\/a><\/li>\n<\/ul>\t\t\t<\/nav>\n\t\t\t\t\t\t<\/div>\n\t\t\t\t<\/div>\n\t\t\t\t<\/div>\n\t\t<div class=\"elementor-element elementor-element-54980571 e-con-full e-flex e-con e-child\" data-id=\"54980571\" data-element_type=\"container\" data-e-type=\"container\">\n\t\t<div class=\"elementor-element elementor-element-5b9b5255 e-con-full e-flex e-con e-child\" data-id=\"5b9b5255\" data-element_type=\"container\" data-e-type=\"container\">\n\t\t\t\t<div class=\"elementor-element elementor-element-481bc554 elementor-widget elementor-widget-theme-post-title elementor-page-title elementor-widget-heading\" data-id=\"481bc554\" data-element_type=\"widget\" data-e-type=\"widget\" data-widget_type=\"theme-post-title.default\">\n\t\t\t\t<div class=\"elementor-widget-container\">\n\t\t\t\t\t<h1 class=\"elementor-heading-title elementor-size-default\">Sh\u00ebrbimet Urbanizem<\/h1>\t\t\t\t<\/div>\n\t\t\t\t<\/div>\n\t\t\t\t<\/div>\n\t\t\t\t<div class=\"elementor-element elementor-element-e0982ee elementor-widget elementor-widget-text-editor\" data-id=\"e0982ee\" data-element_type=\"widget\" data-e-type=\"widget\" data-widget_type=\"text-editor.default\">\n\t\t\t\t<div class=\"elementor-widget-container\">\n\t\t\t\t\t\t\t\t\t<p style=\"text-align: center\"><strong>LLOJET E PROCEDURAVE ADMINISTRATIVE Q\u00cb ZHVILLOHEN DHE KRYHEN N\u00cb DREJTORIN\u00cb P\u00cbR URBANIZ\u00cbM DHE MBROJTJE T\u00cb MJEDISIT<\/strong><\/p>\n<p> 1. Leje Nd\u00ebrtimi \u2013 Paisje e pal\u00ebs me leje nd\u00ebrtimi p\u00ebr objekte t\u00eb ndryshme. 2. Kushte Nd\u00ebrtimore \u2013 Vendosja e kushteve p\u00ebr nd\u00ebrtim n\u00eb nj\u00eb parcel\u00eb t\u00eb caktuar, si dokument q\u00eb I bashkangjitet dokumentacionit p\u00ebr leje nd\u00ebrtimi. 3. Ekstrakt nga Plani Rregullativ \u2013 Paisje me ekstrakt t\u00eb planit rregullativ me q\u00ebllim t\u00eb planifikimit t\u00eb nd\u00ebrtimit. 4. P\u00eblqim p\u00ebr Parcelim &#8211; Pajisja me p\u00eblqim p\u00ebr parcelim q\u00eb garanton se ndarja e parcel\u00ebs \u00ebsht\u00eb e lejuar dhe nuk p\u00ebrb\u00ebn\u00eb shkelje t\u00eb zgjidhjes urbanistike p\u00ebr at\u00eb zon\u00eb. K\u00ebrkohet si dokumentacion shtes\u00eb p\u00ebr k\u00ebrkes\u00ebn p\u00ebr ndarje t\u00eb parcel\u00ebs. 5. Zgjatje e afatit t\u00eb Lejes s\u00eb Nd\u00ebrtimit &#8211; Pajisja me dokument p\u00ebr zgjatjen e afatit t\u00eb lejes s\u00eb nd\u00ebrtimit, q\u00eb k\u00ebrkohet n\u00eb rastet kur nd\u00ebrtimi nuk ka filluar brenda nj\u00eb viti nga marrja e lej\u00ebs s\u00eb nd\u00ebrtimit. 6. Leje p\u00ebr Rr\u00ebnimin e Objektit &#8211; Pajisja me leje p\u00ebr rr\u00ebnimin e objektit i cili: pengon n\u00eb nd\u00ebrtimin e nj\u00eb objekti tjet\u00ebr, paraqet rrezik p\u00ebr qytetar\u00ebt, k\u00ebrkohet hapja e terrenit, etj. 7. Leje Mjedisore Komunale &#8211; Pajisja me leje mjedisore komunale q\u00eb garanton parandalimin dhe zvog\u00eblimin e ndikimit negativ n\u00eb mjedis nga nd\u00ebrtimet publike dhe private. 8. P\u00eblqim n\u00eb Lokacion p\u00ebr shfryt\u00ebzimin ditor\/sezonal t\u00eb hap\u00ebsirave publike &#8211; Pajisja e subjekteve me p\u00eblqim n\u00eb lokacion p\u00ebr shfryt\u00ebzimin t\u00eb p\u00ebrkohsh\u00ebm t\u00eb hapsir\u00ebs publike. 9. P\u00eblqim n\u00eb Lokacion p\u00ebr dh\u00ebnjen n\u00eb shfryt\u00ebzim t\u00eb hap\u00ebsirave publike dhe nd\u00ebrtimi\/vendosja e objekteve t\u00eb p\u00ebrkohshme montuese\/demontuese (kiosqet, bankomati, streh\u00ebt p\u00ebr autobus\u00eb urban) &#8211; U mund\u00ebsohet pal\u00ebve shfryt\u00ebzimi i hapsir\u00ebs s\u00eb pron\u00ebs publike p\u00ebr vendosjen e objektit montues\/demontues. 10. Uzurpimi arbitrar i tok\u00ebs n\u00eb pron\u00ebsi shoq\u00ebrore &#8211; Zbulimi dhe m\u00ebnjanimi i uzurpimeve arbitrare t\u00eb tok\u00ebs e cila \u00ebsht\u00eb pron\u00eb shoq\u00ebrore. 11. Leja e Nd\u00ebrtimit p\u00ebr objektet e infrastruktur\u00ebs (uj\u00ebsjell\u00ebs, kanalizim, rrjet elektrik\/tensioni i ul\u00ebt, rrjet rrugor) &#8211; Pajisja me leje t\u00eb nd\u00ebrtimit t\u00eb infrastruktur\u00ebs. 12. P\u00eblqim n\u00eb Lokacion p\u00ebr dh\u00ebnjen n\u00eb shfryt\u00ebzim t\u00eb hap\u00ebsir\u00ebs publike p\u00ebr vendosjen e objekteve t\u00eb p\u00ebrkohshme (pano reklamuese, ekrane elektronike, banera n\u00eb shtyllat e ndriqimit publik, etj) &#8211; Mund\u00ebsohet shfryt\u00ebzimi i p\u00ebrkohsh\u00ebm i hapsir\u00ebs publike dhe reklamimi i veprimtaris\u00eb s\u00eb biznesit t\u00eb qytetarit. 13. Leje p\u00ebr Rr\u00ebmihje, p\u00ebr ky\u00e7jen n\u00eb infrastruktur\u00ebn komunale (uj\u00ebsjell\u00ebs, kanalizim, rrjet elektrik, ngrohje etj.) &#8211; Mund\u00ebsohet kyqja n\u00eb infrastruktur\u00ebn komunale p\u00ebr objektet e reja, t\u00eb cilat paraprakisht jan\u00eb pajisur me leje t\u00eb nd\u00ebrtimit. 14. K\u00ebrkes\u00eb p\u00ebr Shfryt\u00ebzimin e Hap\u00ebsir\u00ebs, n\u00eb sip\u00ebrfaqet publike, p\u00ebr kryerjen e pun\u00ebve nd\u00ebrtimore &#8211; U mund\u00ebsohet, qytetar\u00ebve dhe bizneseve, shfryt\u00ebzimi i sip\u00ebrfaqeve publike gjat\u00eb nd\u00ebrtimit t\u00eb objekteve t\u00eb tyre (p\u00ebr materialet nd\u00ebrtimore, makinerin\u00eb nd\u00ebrtimore, etj). 15. Leje p\u00ebr Nd\u00ebrtimin \/ vendosjen e objekteve t\u00eb infrastruktur\u00ebs si antena (GSM) dhe antena interneti t\u00eb ngjashme &#8211; Pajisja me leje p\u00ebr vendosjen\/nd\u00ebrtimin e antenave. 16. Leje p\u00ebr Nd\u00ebrtimin \/ vendosjen e trafosatacionit shtyll\u00eb dhe blinde &#8211; Paisja me leje p\u00ebr vendosjen e trafostacioneve p\u00ebr furnizim me energji elektrike. 17. Leje Gropimi p\u00ebr nd\u00ebrtimin e trasave kabllovike dhe ajrore &#8211; Paisja me leje p\u00ebr gropimin\/nd\u00ebrtimin e rrjetit t\u00eb telekomunikacionit dhe televizive, rrejt termofikimi dhe rrjetin elektrik t\u00eb tensionit t\u00eb lart\u00eb.                  18. P\u00eblqim n\u00eb Lokacion p\u00ebr shfryt\u00ebzimin e sip\u00ebrfaqeve publike p\u00ebr aparatet dhe shtatoret e loj\u00ebrave arg\u00ebtuese &#8211; Dh\u00ebnia e p\u00eblqimit n\u00eb lokacion p\u00ebr shfryt\u00ebzimin e hap\u00ebsir\u00ebs publike p\u00ebr vendosjen e aparateve, shtatoreve dhe loj\u00ebrave arg\u00ebtuese. 19. Trajtimi i k\u00ebrkesave t\u00eb ve\u00e7anta sipas k\u00ebrkesave t\u00eb pal\u00ebve. Si aktivitet I p\u00ebrkohsh\u00ebm t\u00eb shtohet edhe : 20. Trajtimi i procesit t\u00eb nd\u00ebrtimeve pa leje &#8211; bazuar n\u00eb ligjin p\u00ebr nd\u00ebrtimet pa leje.    &nbsp;<\/p>\n<p>&nbsp;<\/p>\n\t\t\t\t\t\t\t\t<\/div>\n\t\t\t\t<\/div>\n\t\t\t\t<\/div>\n\t\t\t\t<\/div>\n\t\t\t\t<\/div>\n\t\t","protected":false},"excerpt":{"rendered":"<p>LLOJET E PROCEDURAVE ADMINISTRATIVE Q\u00cb ZHVILLOHEN DHE KRYHEN N\u00cb DREJTORIN\u00cb P\u00cbR URBANIZ\u00cbM DHE MBROJTJE T\u00cb MJEDISIT 1. Leje Nd\u00ebrtimi \u2013 Paisje e pal\u00ebs me leje nd\u00ebrtimi p\u00ebr objekte t\u00eb ndryshme. 2. Kushte Nd\u00ebrtimore \u2013 Vendosja e kushteve p\u00ebr nd\u00ebrtim n\u00eb nj\u00eb parcel\u00eb t\u00eb caktuar, si dokument q\u00eb I bashkangjitet dokumentacionit p\u00ebr leje nd\u00ebrtimi. 3. Ekstrakt [&hellip;]<\/p>\n","protected":false},"author":1,"featured_media":0,"parent":0,"menu_order":0,"comment_status":"open","ping_status":"closed","template":"","meta":{"_acf_changed":false,"footnotes":""},"page-category":[],"class_list":["post-67982","page","type-page","status-publish","hentry"],"acf":[],"yoast_head":"<!-- This site is optimized with the Yoast SEO plugin v27.4 - https:\/\/yoast.com\/product\/yoast-seo-wordpress\/ -->\n<title>Sh\u00ebrbimet Urbanizem - Op\u0161tine \u0110akovica<\/title>\n<meta name=\"robots\" content=\"index, follow, max-snippet:-1, max-image-preview:large, max-video-preview:-1\" \/>\n<link rel=\"canonical\" href=\"https:\/\/gjakova.rks-gov.net\/sr\/sherbimet-urbanizem\/\" \/>\n<meta property=\"og:locale\" content=\"sr_RS\" \/>\n<meta property=\"og:type\" content=\"article\" \/>\n<meta property=\"og:title\" content=\"Sh\u00ebrbimet Urbanizem - Op\u0161tine \u0110akovica\" \/>\n<meta property=\"og:description\" content=\"LLOJET E PROCEDURAVE ADMINISTRATIVE Q\u00cb ZHVILLOHEN DHE KRYHEN N\u00cb DREJTORIN\u00cb P\u00cbR URBANIZ\u00cbM DHE MBROJTJE T\u00cb MJEDISIT 1. Leje Nd\u00ebrtimi \u2013 Paisje e pal\u00ebs me leje nd\u00ebrtimi p\u00ebr objekte t\u00eb ndryshme. 2. Kushte Nd\u00ebrtimore \u2013 Vendosja e kushteve p\u00ebr nd\u00ebrtim n\u00eb nj\u00eb parcel\u00eb t\u00eb caktuar, si dokument q\u00eb I bashkangjitet dokumentacionit p\u00ebr leje nd\u00ebrtimi. 3. Ekstrakt [&hellip;]\" \/>\n<meta property=\"og:url\" content=\"https:\/\/gjakova.rks-gov.net\/sr\/sherbimet-urbanizem\/\" \/>\n<meta property=\"og:site_name\" content=\"Op\u0161tine \u0110akovica\" \/>\n<meta property=\"article:publisher\" content=\"https:\/\/www.facebook.com\/KomunaeGjakoves\/\" \/>\n<meta property=\"article:modified_time\" content=\"2024-08-02T07:54:52+00:00\" \/>\n<meta name=\"twitter:card\" content=\"summary_large_image\" \/>\n<meta name=\"twitter:label1\" content=\"\u041f\u0440\u043e\u0446\u0435\u045a\u0435\u043d\u043e \u0432\u0440\u0435\u043c\u0435 \u0447\u0438\u0442\u0430\u045a\u0430\" \/>\n\t<meta name=\"twitter:data1\" content=\"4 \u043c\u0438\u043d\u0443\u0442\u0430\" \/>\n<script type=\"application\/ld+json\" class=\"yoast-schema-graph\">{\"@context\":\"https:\\\/\\\/schema.org\",\"@graph\":[{\"@type\":\"WebPage\",\"@id\":\"https:\\\/\\\/gjakova.rks-gov.net\\\/sr\\\/sherbimet-urbanizem\\\/\",\"url\":\"https:\\\/\\\/gjakova.rks-gov.net\\\/sr\\\/sherbimet-urbanizem\\\/\",\"name\":\"Sh\u00ebrbimet Urbanizem - Op\u0161tine \u0110akovica\",\"isPartOf\":{\"@id\":\"https:\\\/\\\/gjakova.rks-gov.net\\\/sr\\\/#website\"},\"datePublished\":\"2018-02-21T08:28:23+00:00\",\"dateModified\":\"2024-08-02T07:54:52+00:00\",\"breadcrumb\":{\"@id\":\"https:\\\/\\\/gjakova.rks-gov.net\\\/sr\\\/sherbimet-urbanizem\\\/#breadcrumb\"},\"inLanguage\":\"sr-RS\",\"potentialAction\":[{\"@type\":\"ReadAction\",\"target\":[\"https:\\\/\\\/gjakova.rks-gov.net\\\/sr\\\/sherbimet-urbanizem\\\/\"]}]},{\"@type\":\"BreadcrumbList\",\"@id\":\"https:\\\/\\\/gjakova.rks-gov.net\\\/sr\\\/sherbimet-urbanizem\\\/#breadcrumb\",\"itemListElement\":[{\"@type\":\"ListItem\",\"position\":1,\"name\":\"Home\",\"item\":\"https:\\\/\\\/gjakova.rks-gov.net\\\/sr\\\/\"},{\"@type\":\"ListItem\",\"position\":2,\"name\":\"Sh\u00ebrbimet Urbanizem\"}]},{\"@type\":\"WebSite\",\"@id\":\"https:\\\/\\\/gjakova.rks-gov.net\\\/sr\\\/#website\",\"url\":\"https:\\\/\\\/gjakova.rks-gov.net\\\/sr\\\/\",\"name\":\"Komuna e Gjakoves\",\"description\":\"\",\"publisher\":{\"@id\":\"https:\\\/\\\/gjakova.rks-gov.net\\\/sr\\\/#organization\"},\"alternateName\":\"Komuna Gjakove\",\"potentialAction\":[{\"@type\":\"SearchAction\",\"target\":{\"@type\":\"EntryPoint\",\"urlTemplate\":\"https:\\\/\\\/gjakova.rks-gov.net\\\/sr\\\/?s={search_term_string}\"},\"query-input\":{\"@type\":\"PropertyValueSpecification\",\"valueRequired\":true,\"valueName\":\"search_term_string\"}}],\"inLanguage\":\"sr-RS\"},{\"@type\":\"Organization\",\"@id\":\"https:\\\/\\\/gjakova.rks-gov.net\\\/sr\\\/#organization\",\"name\":\"Komuna e Gjakoves\",\"alternateName\":\"Komuna Gjakove\",\"url\":\"https:\\\/\\\/gjakova.rks-gov.net\\\/sr\\\/\",\"logo\":{\"@type\":\"ImageObject\",\"inLanguage\":\"sr-RS\",\"@id\":\"https:\\\/\\\/gjakova.rks-gov.net\\\/sr\\\/#\\\/schema\\\/logo\\\/image\\\/\",\"url\":\"https:\\\/\\\/gjakova.rks-gov.net\\\/wp-content\\\/uploads\\\/2024\\\/04\\\/Stema_e_Komunes_Gjakove.svg.png\",\"contentUrl\":\"https:\\\/\\\/gjakova.rks-gov.net\\\/wp-content\\\/uploads\\\/2024\\\/04\\\/Stema_e_Komunes_Gjakove.svg.png\",\"width\":512,\"height\":681,\"caption\":\"Komuna e Gjakoves\"},\"image\":{\"@id\":\"https:\\\/\\\/gjakova.rks-gov.net\\\/sr\\\/#\\\/schema\\\/logo\\\/image\\\/\"},\"sameAs\":[\"https:\\\/\\\/www.facebook.com\\\/KomunaeGjakoves\\\/\",\"https:\\\/\\\/www.instagram.com\\\/komunaegjakoves\\\/\"]}]}<\/script>\n<!-- \/ Yoast SEO plugin. -->","yoast_head_json":{"title":"Sh\u00ebrbimet Urbanizem - Op\u0161tine \u0110akovica","robots":{"index":"index","follow":"follow","max-snippet":"max-snippet:-1","max-image-preview":"max-image-preview:large","max-video-preview":"max-video-preview:-1"},"canonical":"https:\/\/gjakova.rks-gov.net\/sr\/sherbimet-urbanizem\/","og_locale":"sr_RS","og_type":"article","og_title":"Sh\u00ebrbimet Urbanizem - Op\u0161tine \u0110akovica","og_description":"LLOJET E PROCEDURAVE ADMINISTRATIVE Q\u00cb ZHVILLOHEN DHE KRYHEN N\u00cb DREJTORIN\u00cb P\u00cbR URBANIZ\u00cbM DHE MBROJTJE T\u00cb MJEDISIT 1. Leje Nd\u00ebrtimi \u2013 Paisje e pal\u00ebs me leje nd\u00ebrtimi p\u00ebr objekte t\u00eb ndryshme. 2. Kushte Nd\u00ebrtimore \u2013 Vendosja e kushteve p\u00ebr nd\u00ebrtim n\u00eb nj\u00eb parcel\u00eb t\u00eb caktuar, si dokument q\u00eb I bashkangjitet dokumentacionit p\u00ebr leje nd\u00ebrtimi. 3. Ekstrakt [&hellip;]","og_url":"https:\/\/gjakova.rks-gov.net\/sr\/sherbimet-urbanizem\/","og_site_name":"Op\u0161tine \u0110akovica","article_publisher":"https:\/\/www.facebook.com\/KomunaeGjakoves\/","article_modified_time":"2024-08-02T07:54:52+00:00","twitter_card":"summary_large_image","twitter_misc":{"\u041f\u0440\u043e\u0446\u0435\u045a\u0435\u043d\u043e \u0432\u0440\u0435\u043c\u0435 \u0447\u0438\u0442\u0430\u045a\u0430":"4 \u043c\u0438\u043d\u0443\u0442\u0430"},"schema":{"@context":"https:\/\/schema.org","@graph":[{"@type":"WebPage","@id":"https:\/\/gjakova.rks-gov.net\/sr\/sherbimet-urbanizem\/","url":"https:\/\/gjakova.rks-gov.net\/sr\/sherbimet-urbanizem\/","name":"Sh\u00ebrbimet Urbanizem - Op\u0161tine \u0110akovica","isPartOf":{"@id":"https:\/\/gjakova.rks-gov.net\/sr\/#website"},"datePublished":"2018-02-21T08:28:23+00:00","dateModified":"2024-08-02T07:54:52+00:00","breadcrumb":{"@id":"https:\/\/gjakova.rks-gov.net\/sr\/sherbimet-urbanizem\/#breadcrumb"},"inLanguage":"sr-RS","potentialAction":[{"@type":"ReadAction","target":["https:\/\/gjakova.rks-gov.net\/sr\/sherbimet-urbanizem\/"]}]},{"@type":"BreadcrumbList","@id":"https:\/\/gjakova.rks-gov.net\/sr\/sherbimet-urbanizem\/#breadcrumb","itemListElement":[{"@type":"ListItem","position":1,"name":"Home","item":"https:\/\/gjakova.rks-gov.net\/sr\/"},{"@type":"ListItem","position":2,"name":"Sh\u00ebrbimet Urbanizem"}]},{"@type":"WebSite","@id":"https:\/\/gjakova.rks-gov.net\/sr\/#website","url":"https:\/\/gjakova.rks-gov.net\/sr\/","name":"Komuna e Gjakoves","description":"","publisher":{"@id":"https:\/\/gjakova.rks-gov.net\/sr\/#organization"},"alternateName":"Komuna Gjakove","potentialAction":[{"@type":"SearchAction","target":{"@type":"EntryPoint","urlTemplate":"https:\/\/gjakova.rks-gov.net\/sr\/?s={search_term_string}"},"query-input":{"@type":"PropertyValueSpecification","valueRequired":true,"valueName":"search_term_string"}}],"inLanguage":"sr-RS"},{"@type":"Organization","@id":"https:\/\/gjakova.rks-gov.net\/sr\/#organization","name":"Komuna e Gjakoves","alternateName":"Komuna Gjakove","url":"https:\/\/gjakova.rks-gov.net\/sr\/","logo":{"@type":"ImageObject","inLanguage":"sr-RS","@id":"https:\/\/gjakova.rks-gov.net\/sr\/#\/schema\/logo\/image\/","url":"https:\/\/gjakova.rks-gov.net\/wp-content\/uploads\/2024\/04\/Stema_e_Komunes_Gjakove.svg.png","contentUrl":"https:\/\/gjakova.rks-gov.net\/wp-content\/uploads\/2024\/04\/Stema_e_Komunes_Gjakove.svg.png","width":512,"height":681,"caption":"Komuna e Gjakoves"},"image":{"@id":"https:\/\/gjakova.rks-gov.net\/sr\/#\/schema\/logo\/image\/"},"sameAs":["https:\/\/www.facebook.com\/KomunaeGjakoves\/","https:\/\/www.instagram.com\/komunaegjakoves\/"]}]}},"_links":{"self":[{"href":"https:\/\/gjakova.rks-gov.net\/sr\/wp-json\/wp\/v2\/pages\/67982","targetHints":{"allow":["GET"]}}],"collection":[{"href":"https:\/\/gjakova.rks-gov.net\/sr\/wp-json\/wp\/v2\/pages"}],"about":[{"href":"https:\/\/gjakova.rks-gov.net\/sr\/wp-json\/wp\/v2\/types\/page"}],"author":[{"embeddable":true,"href":"https:\/\/gjakova.rks-gov.net\/sr\/wp-json\/wp\/v2\/users\/1"}],"replies":[{"embeddable":true,"href":"https:\/\/gjakova.rks-gov.net\/sr\/wp-json\/wp\/v2\/comments?post=67982"}],"version-history":[{"count":1,"href":"https:\/\/gjakova.rks-gov.net\/sr\/wp-json\/wp\/v2\/pages\/67982\/revisions"}],"predecessor-version":[{"id":67983,"href":"https:\/\/gjakova.rks-gov.net\/sr\/wp-json\/wp\/v2\/pages\/67982\/revisions\/67983"}],"wp:attachment":[{"href":"https:\/\/gjakova.rks-gov.net\/sr\/wp-json\/wp\/v2\/media?parent=67982"}],"wp:term":[{"taxonomy":"page-category","embeddable":true,"href":"https:\/\/gjakova.rks-gov.net\/sr\/wp-json\/wp\/v2\/page-category?post=67982"}],"curies":[{"name":"wp","href":"https:\/\/api.w.org\/{rel}","templated":true}]}}