{"id":67954,"date":"2018-02-27T09:53:25","date_gmt":"2018-02-27T08:53:25","guid":{"rendered":"https:\/\/gjakova.rks-gov.net\/sherbimet-e-buxhetit-dhe-financave\/"},"modified":"2024-08-02T09:51:43","modified_gmt":"2024-08-02T07:51:43","slug":"sherbimet-e-buxhetit-dhe-financave","status":"publish","type":"page","link":"https:\/\/gjakova.rks-gov.net\/sr\/sherbimet-e-buxhetit-dhe-financave\/","title":{"rendered":"Sh\u00ebrbimet e Buxhetit dhe Financave"},"content":{"rendered":"\t\t<div data-elementor-type=\"wp-page\" data-elementor-id=\"67954\" class=\"elementor elementor-67954 elementor-49967\" data-elementor-post-type=\"page\">\n\t\t\t\t<div class=\"elementor-element elementor-element-56837848 e-con-full responsive-container e-flex e-con e-parent\" data-id=\"56837848\" data-element_type=\"container\" data-e-type=\"container\">\n\t\t<div class=\"elementor-element elementor-element-6a4e7cf6 e-con-full e-flex e-con e-child\" data-id=\"6a4e7cf6\" data-element_type=\"container\" data-e-type=\"container\" data-settings=\"{&quot;background_background&quot;:&quot;classic&quot;}\">\n\t\t\t\t<div class=\"elementor-element elementor-element-58a966cc elementor-nav-menu--dropdown-none sidebar-menu elementor-widget elementor-widget-nav-menu\" data-id=\"58a966cc\" data-element_type=\"widget\" data-e-type=\"widget\" data-settings=\"{&quot;layout&quot;:&quot;vertical&quot;,&quot;submenu_icon&quot;:{&quot;value&quot;:&quot;&lt;svg aria-hidden=\\&quot;true\\&quot; class=\\&quot;e-font-icon-svg e-fas-caret-down\\&quot; viewBox=\\&quot;0 0 320 512\\&quot; xmlns=\\&quot;http:\\\/\\\/www.w3.org\\\/2000\\\/svg\\&quot;&gt;&lt;path d=\\&quot;M31.3 192h257.3c17.8 0 26.7 21.5 14.1 34.1L174.1 354.8c-7.8 7.8-20.5 7.8-28.3 0L17.2 226.1C4.6 213.5 13.5 192 31.3 192z\\&quot;&gt;&lt;\\\/path&gt;&lt;\\\/svg&gt;&quot;,&quot;library&quot;:&quot;fa-solid&quot;}}\" data-widget_type=\"nav-menu.default\">\n\t\t\t\t<div class=\"elementor-widget-container\">\n\t\t\t\t\t\t\t\t<nav aria-label=\"Menu\" class=\"elementor-nav-menu--main elementor-nav-menu__container elementor-nav-menu--layout-vertical e--pointer-none\">\n\t\t\t\t<ul id=\"menu-1-58a966cc\" class=\"elementor-nav-menu sm-vertical\"><li class=\"menu-item menu-item-type-post_type menu-item-object-page menu-item-67301\"><a href=\"https:\/\/gjakova.rks-gov.net\/raportet-e-buxhetit-dhe-financave\/\" class=\"elementor-item\">Raportet e Buxhetit dhe Financave<\/a><\/li>\n<li class=\"menu-item menu-item-type-post_type menu-item-object-page menu-item-67302\"><a href=\"https:\/\/gjakova.rks-gov.net\/sherbimet-10\/\" class=\"elementor-item\">Sh\u00ebrbimet e Buxhetit dhe Financave<\/a><\/li>\n<li class=\"menu-item menu-item-type-post_type menu-item-object-page menu-item-67303\"><a href=\"https:\/\/gjakova.rks-gov.net\/planet-bdf\/\" class=\"elementor-item\">Planet &#8211; BDF<\/a><\/li>\n<\/ul>\t\t\t<\/nav>\n\t\t\t\t\t\t<nav class=\"elementor-nav-menu--dropdown elementor-nav-menu__container\" aria-hidden=\"true\">\n\t\t\t\t<ul id=\"menu-2-58a966cc\" class=\"elementor-nav-menu sm-vertical\"><li class=\"menu-item menu-item-type-post_type menu-item-object-page menu-item-67301\"><a href=\"https:\/\/gjakova.rks-gov.net\/raportet-e-buxhetit-dhe-financave\/\" class=\"elementor-item\" tabindex=\"-1\">Raportet e Buxhetit dhe Financave<\/a><\/li>\n<li class=\"menu-item menu-item-type-post_type menu-item-object-page menu-item-67302\"><a href=\"https:\/\/gjakova.rks-gov.net\/sherbimet-10\/\" class=\"elementor-item\" tabindex=\"-1\">Sh\u00ebrbimet e Buxhetit dhe Financave<\/a><\/li>\n<li class=\"menu-item menu-item-type-post_type menu-item-object-page menu-item-67303\"><a href=\"https:\/\/gjakova.rks-gov.net\/planet-bdf\/\" class=\"elementor-item\" tabindex=\"-1\">Planet &#8211; BDF<\/a><\/li>\n<\/ul>\t\t\t<\/nav>\n\t\t\t\t\t\t<\/div>\n\t\t\t\t<\/div>\n\t\t\t\t<\/div>\n\t\t<div class=\"elementor-element elementor-element-1f469df2 e-con-full e-flex e-con e-child\" data-id=\"1f469df2\" data-element_type=\"container\" data-e-type=\"container\">\n\t\t<div class=\"elementor-element elementor-element-4348802a e-con-full e-flex e-con e-child\" data-id=\"4348802a\" data-element_type=\"container\" data-e-type=\"container\">\n\t\t\t\t<div class=\"elementor-element elementor-element-72bcc880 elementor-widget elementor-widget-theme-post-title elementor-page-title elementor-widget-heading\" data-id=\"72bcc880\" data-element_type=\"widget\" data-e-type=\"widget\" data-widget_type=\"theme-post-title.default\">\n\t\t\t\t<div class=\"elementor-widget-container\">\n\t\t\t\t\t<h1 class=\"elementor-heading-title elementor-size-default\">Sh\u00ebrbimet e Buxhetit dhe Financave<\/h1>\t\t\t\t<\/div>\n\t\t\t\t<\/div>\n\t\t\t\t<\/div>\n\t\t\t\t<div class=\"elementor-element elementor-element-e781d2e elementor-widget elementor-widget-text-editor\" data-id=\"e781d2e\" data-element_type=\"widget\" data-e-type=\"widget\" data-widget_type=\"text-editor.default\">\n\t\t\t\t<div class=\"elementor-widget-container\">\n\t\t\t\t\t\t\t\t\t<p>Ndihmon Kryetarin e Komun\u00ebs n\u00eb p\u00ebrgatitjen e projektbuxhetit, para paraqitjes s\u00eb tij n\u00eb Komitetin p\u00ebr Politike dhe Financa dhe n\u00eb Kuvendin e Komun\u00ebs; Harton planin dinamik t\u00eb realizimit t\u00eb projekteve dhe alokimit t\u00eb mjeteve p\u00ebr z\u00ebrat buxhetor\u00eb; Planifikon pasqyr\u00ebn e rrjedhjes s\u00eb paras\u00eb s\u00eb gatshme; Ofron k\u00ebshilla profesionale p\u00ebr organet komunale lidhur me menaxhimin e buxhetit; Mbik\u00ebqyr\u00eb procedurat dhe shpenzimet e mjeteve buxhetore; Pranoni raportet mujore p\u00ebr dinamik\u00ebn e realizimit t\u00eb projekteve nga drejtorit\u00eb dhe nga Zyra e prokurimit; P\u00ebrgatit\u00eb raportet buxhetore, sipas nevoj\u00ebs dhe k\u00ebrkes\u00ebs, n\u00eb p\u00ebrputhje me aktet ligjore n\u00eb fuqi; Harton projekt rregulloret komunale p\u00ebr \u00e7\u00ebshtje financiare; Udh\u00ebheq me \u00e7\u00ebshtje financiare; \u00cbsht\u00eb p\u00ebrgjegj\u00ebs p\u00ebr mbajtjen e llogarive dhe raporteve vjetore financiare; \u00cbsht\u00eb p\u00ebrgjegj\u00ebs p\u00ebr mbik\u00ebqyrjen e sistemeve dhe procedurave p\u00ebr ekzekutimin e buxhetit; P\u00ebrgatit\u00eb procedurat dhe raportet e kontabilitetit; Planifikon dhe p\u00ebrcakton obligimet n\u00eb baz\u00eb t\u00eb rregulloreve komunale t\u00eb subjekteve t\u00eb caktuara n\u00eb Komun\u00eb, shkall\u00ebn e ngarkes\u00ebs, tarif\u00ebn nga l\u00ebmi i tatimit n\u00eb pron\u00eb, taksave dhe gjobave komunale; Evidenton dhe mban regjistrin e pasuris\u00eb s\u00eb Komun\u00ebs; Mban evidenc\u00ebn e t\u00eb gjitha t\u00eb hyrave vetanake buxhetore t\u00eb Komun\u00ebs; P\u00ebrgatit\u00eb planin unik vjetor t\u00eb pun\u00ebs dhe mbik\u00ebqyr\u00eb realizimin e tij; Mbik\u00ebqyr\u00eb shfryt\u00ebzimin-realizimin e buxhetit p\u00ebrmes programit \u201cFree balanc\u201d; Koordinon pun\u00ebt dhe zhvillon bashk\u00ebpunimin me sektor\u00ebt tjer\u00eb t\u00eb Drejtoris\u00eb, sipas dinamik\u00ebs p\u00ebr harxhimin e buxhetit n\u00eb baz\u00eb te rrjedh\u00ebs s\u00eb paras\u00eb. Kontrollon dhe mbik\u00ebqyr\u00eb pun\u00ebt certifikueseve dhe b\u00ebn miratimin e tyre sipas fondit, kodit dhe kategorive ekonomike. Planifikon dhe mban evidenc\u00ebn e t\u00eb hyrave vetanake t\u00eb tatimit n\u00eb pronat e paluajtshme; P\u00ebrgatit\u00eb faturimin e borxhit(tatimit) p\u00ebr t\u00eb gjitha pronat e paluajtshme; Angazhohet dhe siguron shp\u00ebrndarjen e faturave t\u00eb tatimit n\u00eb pron\u00eb; B\u00ebn shp\u00ebrndarjen e v\u00ebrejtjeve p\u00ebr tatimpagues borxhlinj; Verifikon dhe ri anketon t\u00eb dh\u00ebnat n\u00eb sistem me gjendjen ekzistuese n\u00eb terren; Koordinon pun\u00ebn e operator\u00ebve t\u00eb futjes s\u00eb t\u00eb dh\u00ebnave n\u00eb sistem; Shqyrton ankesat e tatimit n\u00eb pron\u00eb nga bordi komunal; N\u00eb bashk\u00ebpunim me Zyr\u00ebn ligjore, harton propozim rregulloren p\u00ebr tatimin n\u00eb pron\u00eb t\u00eb paluajtshme; Koordinon pun\u00ebn me Departamentin e tatimit n\u00eb pron\u00eb t\u00eb Ministris\u00eb s\u00eb Financave; Kryen edhe pun\u00eb t\u00eb tjera, n\u00eb p\u00ebrputhje me ligjet e aplikueshme n\u00eb kuad\u00ebr t\u00eb fush\u00eb veprimtaris\u00eb s\u00eb Drejtoris\u00eb. Me q\u00ebllim t\u00eb ushtrimit t\u00eb funksioneve t\u00eb p\u00ebrcaktuara me dispozitat ligjore n\u00eb fuqi, Drejtoria e Financave, \u00ebsht\u00eb e organizuar n\u00eb k\u00ebta sektor\u00eb: 1. Sektori i Financa; 2. Sektori i Tatimit n\u00eb Pron\u00eb. 3. Sektori i Buxhetit. 4. Sektori i t\u00eb hyrave vetanake. &nbsp;<\/p>\n\t\t\t\t\t\t\t\t<\/div>\n\t\t\t\t<\/div>\n\t\t\t\t<\/div>\n\t\t\t\t<\/div>\n\t\t\t\t<\/div>\n\t\t","protected":false},"excerpt":{"rendered":"<p>Ndihmon Kryetarin e Komun\u00ebs n\u00eb p\u00ebrgatitjen e projektbuxhetit, para paraqitjes s\u00eb tij n\u00eb Komitetin p\u00ebr Politike dhe Financa dhe n\u00eb Kuvendin e Komun\u00ebs; Harton planin dinamik t\u00eb realizimit t\u00eb projekteve dhe alokimit t\u00eb mjeteve p\u00ebr z\u00ebrat buxhetor\u00eb; Planifikon pasqyr\u00ebn e rrjedhjes s\u00eb paras\u00eb s\u00eb gatshme; Ofron k\u00ebshilla profesionale p\u00ebr organet komunale lidhur me menaxhimin e [&hellip;]<\/p>\n","protected":false},"author":1,"featured_media":0,"parent":0,"menu_order":0,"comment_status":"open","ping_status":"closed","template":"","meta":{"_acf_changed":false,"footnotes":""},"page-category":[],"class_list":["post-67954","page","type-page","status-publish","hentry"],"acf":[],"yoast_head":"<!-- This site is optimized with the Yoast SEO plugin v27.4 - https:\/\/yoast.com\/product\/yoast-seo-wordpress\/ -->\n<title>Sh\u00ebrbimet e Buxhetit dhe Financave - Op\u0161tine \u0110akovica<\/title>\n<meta name=\"robots\" content=\"index, follow, max-snippet:-1, max-image-preview:large, max-video-preview:-1\" \/>\n<link rel=\"canonical\" href=\"https:\/\/gjakova.rks-gov.net\/sr\/sherbimet-e-buxhetit-dhe-financave\/\" \/>\n<meta property=\"og:locale\" content=\"sr_RS\" \/>\n<meta property=\"og:type\" content=\"article\" \/>\n<meta property=\"og:title\" content=\"Sh\u00ebrbimet e Buxhetit dhe Financave - Op\u0161tine \u0110akovica\" \/>\n<meta property=\"og:description\" content=\"Ndihmon Kryetarin e Komun\u00ebs n\u00eb p\u00ebrgatitjen e projektbuxhetit, para paraqitjes s\u00eb tij n\u00eb Komitetin p\u00ebr Politike dhe Financa dhe n\u00eb Kuvendin e Komun\u00ebs; Harton planin dinamik t\u00eb realizimit t\u00eb projekteve dhe alokimit t\u00eb mjeteve p\u00ebr z\u00ebrat buxhetor\u00eb; Planifikon pasqyr\u00ebn e rrjedhjes s\u00eb paras\u00eb s\u00eb gatshme; Ofron k\u00ebshilla profesionale p\u00ebr organet komunale lidhur me menaxhimin e [&hellip;]\" \/>\n<meta property=\"og:url\" content=\"https:\/\/gjakova.rks-gov.net\/sr\/sherbimet-e-buxhetit-dhe-financave\/\" \/>\n<meta property=\"og:site_name\" content=\"Op\u0161tine \u0110akovica\" \/>\n<meta property=\"article:publisher\" content=\"https:\/\/www.facebook.com\/KomunaeGjakoves\/\" \/>\n<meta property=\"article:modified_time\" content=\"2024-08-02T07:51:43+00:00\" \/>\n<meta name=\"twitter:card\" content=\"summary_large_image\" \/>\n<meta name=\"twitter:label1\" content=\"\u041f\u0440\u043e\u0446\u0435\u045a\u0435\u043d\u043e \u0432\u0440\u0435\u043c\u0435 \u0447\u0438\u0442\u0430\u045a\u0430\" \/>\n\t<meta name=\"twitter:data1\" content=\"2 \u043c\u0438\u043d\u0443\u0442\u0430\" \/>\n<script type=\"application\/ld+json\" class=\"yoast-schema-graph\">{\"@context\":\"https:\\\/\\\/schema.org\",\"@graph\":[{\"@type\":\"WebPage\",\"@id\":\"https:\\\/\\\/gjakova.rks-gov.net\\\/sr\\\/sherbimet-e-buxhetit-dhe-financave\\\/\",\"url\":\"https:\\\/\\\/gjakova.rks-gov.net\\\/sr\\\/sherbimet-e-buxhetit-dhe-financave\\\/\",\"name\":\"Sh\u00ebrbimet e Buxhetit dhe Financave - Op\u0161tine \u0110akovica\",\"isPartOf\":{\"@id\":\"https:\\\/\\\/gjakova.rks-gov.net\\\/sr\\\/#website\"},\"datePublished\":\"2018-02-27T08:53:25+00:00\",\"dateModified\":\"2024-08-02T07:51:43+00:00\",\"breadcrumb\":{\"@id\":\"https:\\\/\\\/gjakova.rks-gov.net\\\/sr\\\/sherbimet-e-buxhetit-dhe-financave\\\/#breadcrumb\"},\"inLanguage\":\"sr-RS\",\"potentialAction\":[{\"@type\":\"ReadAction\",\"target\":[\"https:\\\/\\\/gjakova.rks-gov.net\\\/sr\\\/sherbimet-e-buxhetit-dhe-financave\\\/\"]}]},{\"@type\":\"BreadcrumbList\",\"@id\":\"https:\\\/\\\/gjakova.rks-gov.net\\\/sr\\\/sherbimet-e-buxhetit-dhe-financave\\\/#breadcrumb\",\"itemListElement\":[{\"@type\":\"ListItem\",\"position\":1,\"name\":\"Home\",\"item\":\"https:\\\/\\\/gjakova.rks-gov.net\\\/sr\\\/\"},{\"@type\":\"ListItem\",\"position\":2,\"name\":\"Sh\u00ebrbimet e Buxhetit dhe Financave\"}]},{\"@type\":\"WebSite\",\"@id\":\"https:\\\/\\\/gjakova.rks-gov.net\\\/sr\\\/#website\",\"url\":\"https:\\\/\\\/gjakova.rks-gov.net\\\/sr\\\/\",\"name\":\"Komuna e Gjakoves\",\"description\":\"\",\"publisher\":{\"@id\":\"https:\\\/\\\/gjakova.rks-gov.net\\\/sr\\\/#organization\"},\"alternateName\":\"Komuna Gjakove\",\"potentialAction\":[{\"@type\":\"SearchAction\",\"target\":{\"@type\":\"EntryPoint\",\"urlTemplate\":\"https:\\\/\\\/gjakova.rks-gov.net\\\/sr\\\/?s={search_term_string}\"},\"query-input\":{\"@type\":\"PropertyValueSpecification\",\"valueRequired\":true,\"valueName\":\"search_term_string\"}}],\"inLanguage\":\"sr-RS\"},{\"@type\":\"Organization\",\"@id\":\"https:\\\/\\\/gjakova.rks-gov.net\\\/sr\\\/#organization\",\"name\":\"Komuna e Gjakoves\",\"alternateName\":\"Komuna Gjakove\",\"url\":\"https:\\\/\\\/gjakova.rks-gov.net\\\/sr\\\/\",\"logo\":{\"@type\":\"ImageObject\",\"inLanguage\":\"sr-RS\",\"@id\":\"https:\\\/\\\/gjakova.rks-gov.net\\\/sr\\\/#\\\/schema\\\/logo\\\/image\\\/\",\"url\":\"https:\\\/\\\/gjakova.rks-gov.net\\\/wp-content\\\/uploads\\\/2024\\\/04\\\/Stema_e_Komunes_Gjakove.svg.png\",\"contentUrl\":\"https:\\\/\\\/gjakova.rks-gov.net\\\/wp-content\\\/uploads\\\/2024\\\/04\\\/Stema_e_Komunes_Gjakove.svg.png\",\"width\":512,\"height\":681,\"caption\":\"Komuna e Gjakoves\"},\"image\":{\"@id\":\"https:\\\/\\\/gjakova.rks-gov.net\\\/sr\\\/#\\\/schema\\\/logo\\\/image\\\/\"},\"sameAs\":[\"https:\\\/\\\/www.facebook.com\\\/KomunaeGjakoves\\\/\",\"https:\\\/\\\/www.instagram.com\\\/komunaegjakoves\\\/\"]}]}<\/script>\n<!-- \/ Yoast SEO plugin. -->","yoast_head_json":{"title":"Sh\u00ebrbimet e Buxhetit dhe Financave - Op\u0161tine \u0110akovica","robots":{"index":"index","follow":"follow","max-snippet":"max-snippet:-1","max-image-preview":"max-image-preview:large","max-video-preview":"max-video-preview:-1"},"canonical":"https:\/\/gjakova.rks-gov.net\/sr\/sherbimet-e-buxhetit-dhe-financave\/","og_locale":"sr_RS","og_type":"article","og_title":"Sh\u00ebrbimet e Buxhetit dhe Financave - Op\u0161tine \u0110akovica","og_description":"Ndihmon Kryetarin e Komun\u00ebs n\u00eb p\u00ebrgatitjen e projektbuxhetit, para paraqitjes s\u00eb tij n\u00eb Komitetin p\u00ebr Politike dhe Financa dhe n\u00eb Kuvendin e Komun\u00ebs; Harton planin dinamik t\u00eb realizimit t\u00eb projekteve dhe alokimit t\u00eb mjeteve p\u00ebr z\u00ebrat buxhetor\u00eb; Planifikon pasqyr\u00ebn e rrjedhjes s\u00eb paras\u00eb s\u00eb gatshme; Ofron k\u00ebshilla profesionale p\u00ebr organet komunale lidhur me menaxhimin e [&hellip;]","og_url":"https:\/\/gjakova.rks-gov.net\/sr\/sherbimet-e-buxhetit-dhe-financave\/","og_site_name":"Op\u0161tine \u0110akovica","article_publisher":"https:\/\/www.facebook.com\/KomunaeGjakoves\/","article_modified_time":"2024-08-02T07:51:43+00:00","twitter_card":"summary_large_image","twitter_misc":{"\u041f\u0440\u043e\u0446\u0435\u045a\u0435\u043d\u043e \u0432\u0440\u0435\u043c\u0435 \u0447\u0438\u0442\u0430\u045a\u0430":"2 \u043c\u0438\u043d\u0443\u0442\u0430"},"schema":{"@context":"https:\/\/schema.org","@graph":[{"@type":"WebPage","@id":"https:\/\/gjakova.rks-gov.net\/sr\/sherbimet-e-buxhetit-dhe-financave\/","url":"https:\/\/gjakova.rks-gov.net\/sr\/sherbimet-e-buxhetit-dhe-financave\/","name":"Sh\u00ebrbimet e Buxhetit dhe Financave - Op\u0161tine \u0110akovica","isPartOf":{"@id":"https:\/\/gjakova.rks-gov.net\/sr\/#website"},"datePublished":"2018-02-27T08:53:25+00:00","dateModified":"2024-08-02T07:51:43+00:00","breadcrumb":{"@id":"https:\/\/gjakova.rks-gov.net\/sr\/sherbimet-e-buxhetit-dhe-financave\/#breadcrumb"},"inLanguage":"sr-RS","potentialAction":[{"@type":"ReadAction","target":["https:\/\/gjakova.rks-gov.net\/sr\/sherbimet-e-buxhetit-dhe-financave\/"]}]},{"@type":"BreadcrumbList","@id":"https:\/\/gjakova.rks-gov.net\/sr\/sherbimet-e-buxhetit-dhe-financave\/#breadcrumb","itemListElement":[{"@type":"ListItem","position":1,"name":"Home","item":"https:\/\/gjakova.rks-gov.net\/sr\/"},{"@type":"ListItem","position":2,"name":"Sh\u00ebrbimet e Buxhetit dhe Financave"}]},{"@type":"WebSite","@id":"https:\/\/gjakova.rks-gov.net\/sr\/#website","url":"https:\/\/gjakova.rks-gov.net\/sr\/","name":"Komuna e Gjakoves","description":"","publisher":{"@id":"https:\/\/gjakova.rks-gov.net\/sr\/#organization"},"alternateName":"Komuna Gjakove","potentialAction":[{"@type":"SearchAction","target":{"@type":"EntryPoint","urlTemplate":"https:\/\/gjakova.rks-gov.net\/sr\/?s={search_term_string}"},"query-input":{"@type":"PropertyValueSpecification","valueRequired":true,"valueName":"search_term_string"}}],"inLanguage":"sr-RS"},{"@type":"Organization","@id":"https:\/\/gjakova.rks-gov.net\/sr\/#organization","name":"Komuna e Gjakoves","alternateName":"Komuna Gjakove","url":"https:\/\/gjakova.rks-gov.net\/sr\/","logo":{"@type":"ImageObject","inLanguage":"sr-RS","@id":"https:\/\/gjakova.rks-gov.net\/sr\/#\/schema\/logo\/image\/","url":"https:\/\/gjakova.rks-gov.net\/wp-content\/uploads\/2024\/04\/Stema_e_Komunes_Gjakove.svg.png","contentUrl":"https:\/\/gjakova.rks-gov.net\/wp-content\/uploads\/2024\/04\/Stema_e_Komunes_Gjakove.svg.png","width":512,"height":681,"caption":"Komuna e Gjakoves"},"image":{"@id":"https:\/\/gjakova.rks-gov.net\/sr\/#\/schema\/logo\/image\/"},"sameAs":["https:\/\/www.facebook.com\/KomunaeGjakoves\/","https:\/\/www.instagram.com\/komunaegjakoves\/"]}]}},"_links":{"self":[{"href":"https:\/\/gjakova.rks-gov.net\/sr\/wp-json\/wp\/v2\/pages\/67954","targetHints":{"allow":["GET"]}}],"collection":[{"href":"https:\/\/gjakova.rks-gov.net\/sr\/wp-json\/wp\/v2\/pages"}],"about":[{"href":"https:\/\/gjakova.rks-gov.net\/sr\/wp-json\/wp\/v2\/types\/page"}],"author":[{"embeddable":true,"href":"https:\/\/gjakova.rks-gov.net\/sr\/wp-json\/wp\/v2\/users\/1"}],"replies":[{"embeddable":true,"href":"https:\/\/gjakova.rks-gov.net\/sr\/wp-json\/wp\/v2\/comments?post=67954"}],"version-history":[{"count":1,"href":"https:\/\/gjakova.rks-gov.net\/sr\/wp-json\/wp\/v2\/pages\/67954\/revisions"}],"predecessor-version":[{"id":67955,"href":"https:\/\/gjakova.rks-gov.net\/sr\/wp-json\/wp\/v2\/pages\/67954\/revisions\/67955"}],"wp:attachment":[{"href":"https:\/\/gjakova.rks-gov.net\/sr\/wp-json\/wp\/v2\/media?parent=67954"}],"wp:term":[{"taxonomy":"page-category","embeddable":true,"href":"https:\/\/gjakova.rks-gov.net\/sr\/wp-json\/wp\/v2\/page-category?post=67954"}],"curies":[{"name":"wp","href":"https:\/\/api.w.org\/{rel}","templated":true}]}}