{"id":67877,"date":"2017-10-11T11:21:06","date_gmt":"2017-10-11T09:21:06","guid":{"rendered":"https:\/\/gjakova.rks-gov.net\/keshillat-lokal\/"},"modified":"2017-10-11T11:21:06","modified_gmt":"2017-10-11T09:21:06","slug":"keshillat-lokal","status":"publish","type":"page","link":"https:\/\/gjakova.rks-gov.net\/sr\/keshillat-lokal\/","title":{"rendered":"K\u00ebshillat lokal"},"content":{"rendered":"<p>K\u00ebshillat lokale jan\u00eb trupa mb\u00ebshtet\u00ebs t\u00eb organeve t\u00eb komun\u00ebs t\u00eb cilat q\u00eb ndikojn\u00eb n\u00eb konsultime gjith\u00ebp\u00ebrfshir\u00ebse, t\u00eb cilat promovojn\u00eb dhe zhvillojn\u00eb transparenc\u00ebn, llogaridh\u00ebnien dhe pjes\u00ebmarrjen e qytetar\u00ebve n\u00eb proceset e vendim marrjes. K\u00ebshillat lokal jan\u00eb t\u00eb shtrir\u00eb n\u00eb t\u00eb gjith\u00eb fshatrat dhe lagjet e Gjakov\u00ebs. Kryetar\u00ebt e K\u00ebshillave Lokal\u00eb t\u00eb komun\u00ebs s\u00eb Gjakov\u00ebs dhe kontaktet e tyre:   <\/p>\n<table width=\"0\">\n<tbody>\n<tr>\n<td width=\"43\">Nr.<\/td>\n<td width=\"174\">Emri dhe Mbiemri<\/td>\n<td width=\"108\">K\u00ebshilli Lokal<\/td>\n<td width=\"114\">Nr. tel<\/td>\n<\/tr>\n<tr>\n<td width=\"43\">1<\/td>\n<td width=\"174\">Lulzim Haxhiu<\/td>\n<td width=\"108\">-I-<\/td>\n<td width=\"114\">38344188447<\/td>\n<\/tr>\n<tr>\n<td width=\"43\">2<\/td>\n<td width=\"174\">Skender Sina<\/td>\n<td width=\"108\">-II-<\/td>\n<td width=\"114\">38344246769<\/td>\n<\/tr>\n<tr>\n<td width=\"43\">3<\/td>\n<td width=\"174\">Halit Krasniqi<\/td>\n<td width=\"108\">-III-<\/td>\n<td width=\"114\">38344107968<\/td>\n<\/tr>\n<tr>\n<td width=\"43\">4<\/td>\n<td width=\"174\">Mirlind Kabashi<\/td>\n<td width=\"108\">-IV-<\/td>\n<td width=\"114\">38349408020<\/td>\n<\/tr>\n<tr>\n<td width=\"43\">5<\/td>\n<td width=\"174\">Arsim Krasniqi<\/td>\n<td width=\"108\">-V-<\/td>\n<td width=\"114\">38349403103<\/td>\n<\/tr>\n<tr>\n<td width=\"43\">6<\/td>\n<td width=\"174\">Muhamet Guta<\/td>\n<td width=\"108\">-VI-<\/td>\n<td width=\"114\">38344678920<\/td>\n<\/tr>\n<tr>\n<td width=\"43\">7<\/td>\n<td width=\"174\">Ardian Bejra<\/td>\n<td width=\"108\">-VII-<\/td>\n<td width=\"114\">38344635924<\/td>\n<\/tr>\n<tr>\n<td width=\"43\">8<\/td>\n<td width=\"174\">Nevruz Gjoci<\/td>\n<td width=\"108\">-VIII-<\/td>\n<td width=\"114\">38344955027<\/td>\n<\/tr>\n<tr>\n<td width=\"43\">9<\/td>\n<td width=\"174\">Sokol Balaj<\/td>\n<td width=\"108\">-IX-<\/td>\n<td width=\"114\">38348286636<\/td>\n<\/tr>\n<tr>\n<td width=\"43\">10<\/td>\n<td width=\"174\">Selman Sahiti<\/td>\n<td width=\"108\">-X-<\/td>\n<td width=\"114\">38344286919<\/td>\n<\/tr>\n<tr>\n<td width=\"43\">11<\/td>\n<td width=\"174\">Ali Cena<\/td>\n<td width=\"108\">Damjan<\/td>\n<td width=\"114\">38344296043<\/td>\n<\/tr>\n<tr>\n<td width=\"43\">12<\/td>\n<td width=\"174\">Arben Berisha<\/td>\n<td width=\"108\">Lipovec<\/td>\n<td width=\"114\">38349211884<\/td>\n<\/tr>\n<tr>\n<td width=\"43\">13<\/td>\n<td width=\"174\">Filloreta Hoti<\/td>\n<td width=\"108\">Rogov\u00eb<\/td>\n<td width=\"114\"><\/td>\n<\/tr>\n<tr>\n<td width=\"43\">14<\/td>\n<td width=\"174\">Augustin Topalli<\/td>\n<td width=\"108\">Bishtrazhin<\/td>\n<td width=\"114\">38344122791<\/td>\n<\/tr>\n<tr>\n<td width=\"43\">15<\/td>\n<td width=\"174\">Palush Nikolla<\/td>\n<td width=\"108\">Dol<\/td>\n<td width=\"114\">38343930000<\/td>\n<\/tr>\n<tr>\n<td width=\"43\">16<\/td>\n<td width=\"174\">Lulzim Goqi<\/td>\n<td width=\"108\">Molliq<\/td>\n<td width=\"114\">38344839545<\/td>\n<\/tr>\n<tr>\n<td width=\"43\">17<\/td>\n<td width=\"174\">Halil Ahmeti<\/td>\n<td width=\"108\">Ponoshec<\/td>\n<td width=\"114\">38344122756<\/td>\n<\/tr>\n<tr>\n<td width=\"43\">18<\/td>\n<td width=\"174\">Ram Tali<\/td>\n<td width=\"108\">Babaj Bok\u00ebs<\/td>\n<td width=\"114\">38344236919<\/td>\n<\/tr>\n<tr>\n<td width=\"43\">19<\/td>\n<td width=\"174\">Brahim Bajramaj<\/td>\n<td width=\"108\">Ramoc<\/td>\n<td width=\"114\">38345376986<\/td>\n<\/tr>\n<tr>\n<td width=\"43\">20<\/td>\n<td width=\"174\">Zeq\u00eb Tahiri<\/td>\n<td width=\"108\">Sheremetaj<\/td>\n<td width=\"114\">38344805546<\/td>\n<\/tr>\n<tr>\n<td width=\"43\">21<\/td>\n<td width=\"174\">Anton Nikollbibaj<\/td>\n<td width=\"108\">Brekoc<\/td>\n<td width=\"114\"><\/td>\n<\/tr>\n<tr>\n<td width=\"43\">22<\/td>\n<td width=\"174\">Pren Kolaj<\/td>\n<td width=\"108\">Novoselle<\/td>\n<td width=\"114\">38344122618<\/td>\n<\/tr>\n<tr>\n<td width=\"43\">23<\/td>\n<td width=\"174\">Ardian Marku<\/td>\n<td width=\"108\">Doblibare<\/td>\n<td width=\"114\">38349182552<\/td>\n<\/tr>\n<tr>\n<td width=\"43\">24<\/td>\n<td width=\"174\">Xhavit Alijaj<\/td>\n<td width=\"108\">Dujak\u00eb<\/td>\n<td width=\"114\">38344320619<\/td>\n<\/tr>\n<tr>\n<td width=\"43\">25<\/td>\n<td width=\"174\">Fadil Selimi<\/td>\n<td width=\"108\">Skivjan<\/td>\n<td width=\"114\">38345912566<\/td>\n<\/tr>\n<tr>\n<td width=\"43\">26<\/td>\n<td width=\"174\">Muharrem Musa<\/td>\n<td width=\"108\">Bec<\/td>\n<td width=\"114\">38344360025<\/td>\n<\/tr>\n<tr>\n<td width=\"43\">27<\/td>\n<td width=\"174\">Shpend Shala<\/td>\n<td width=\"108\">Cermjan<\/td>\n<td width=\"114\">38344333980<\/td>\n<\/tr>\n<tr>\n<td width=\"43\">28<\/td>\n<td width=\"174\">Dervish Haziraj<\/td>\n<td width=\"108\">G\u00ebrkoc<\/td>\n<td width=\"114\">38344942498<\/td>\n<\/tr>\n<tr>\n<td width=\"43\">29<\/td>\n<td width=\"174\">Hysen Brahimaj<\/td>\n<td width=\"108\">Shqiponje<\/td>\n<td width=\"114\">38344125229<\/td>\n<\/tr>\n<tr>\n<td width=\"43\">30<\/td>\n<td width=\"174\">Ferat Arifi<\/td>\n<td width=\"108\">Kralan<\/td>\n<td width=\"114\">38344371960<\/td>\n<\/tr>\n<\/tbody>\n<\/table>\n","protected":false},"excerpt":{"rendered":"<p>K\u00ebshillat lokale jan\u00eb trupa mb\u00ebshtet\u00ebs t\u00eb organeve t\u00eb komun\u00ebs t\u00eb cilat q\u00eb ndikojn\u00eb n\u00eb konsultime gjith\u00ebp\u00ebrfshir\u00ebse, t\u00eb cilat promovojn\u00eb dhe zhvillojn\u00eb transparenc\u00ebn, llogaridh\u00ebnien dhe pjes\u00ebmarrjen e qytetar\u00ebve n\u00eb proceset e vendim marrjes. K\u00ebshillat lokal jan\u00eb t\u00eb shtrir\u00eb n\u00eb t\u00eb gjith\u00eb fshatrat dhe lagjet e Gjakov\u00ebs. Kryetar\u00ebt e K\u00ebshillave Lokal\u00eb t\u00eb komun\u00ebs s\u00eb Gjakov\u00ebs dhe kontaktet [&hellip;]<\/p>\n","protected":false},"author":1,"featured_media":0,"parent":0,"menu_order":0,"comment_status":"open","ping_status":"open","template":"","meta":{"_acf_changed":false,"footnotes":""},"page-category":[],"class_list":["post-67877","page","type-page","status-publish","hentry"],"acf":[],"yoast_head":"<!-- This site is optimized with the Yoast SEO plugin v27.4 - https:\/\/yoast.com\/product\/yoast-seo-wordpress\/ -->\n<title>K\u00ebshillat lokal - Op\u0161tine \u0110akovica<\/title>\n<meta name=\"robots\" content=\"index, follow, max-snippet:-1, max-image-preview:large, max-video-preview:-1\" \/>\n<link rel=\"canonical\" href=\"https:\/\/gjakova.rks-gov.net\/sr\/keshillat-lokal\/\" \/>\n<meta property=\"og:locale\" content=\"sr_RS\" \/>\n<meta property=\"og:type\" content=\"article\" \/>\n<meta property=\"og:title\" content=\"K\u00ebshillat lokal - Op\u0161tine \u0110akovica\" \/>\n<meta property=\"og:description\" content=\"K\u00ebshillat lokale jan\u00eb trupa mb\u00ebshtet\u00ebs t\u00eb organeve t\u00eb komun\u00ebs t\u00eb cilat q\u00eb ndikojn\u00eb n\u00eb konsultime gjith\u00ebp\u00ebrfshir\u00ebse, t\u00eb cilat promovojn\u00eb dhe zhvillojn\u00eb transparenc\u00ebn, llogaridh\u00ebnien dhe pjes\u00ebmarrjen e qytetar\u00ebve n\u00eb proceset e vendim marrjes. K\u00ebshillat lokal jan\u00eb t\u00eb shtrir\u00eb n\u00eb t\u00eb gjith\u00eb fshatrat dhe lagjet e Gjakov\u00ebs. Kryetar\u00ebt e K\u00ebshillave Lokal\u00eb t\u00eb komun\u00ebs s\u00eb Gjakov\u00ebs dhe kontaktet [&hellip;]\" \/>\n<meta property=\"og:url\" content=\"https:\/\/gjakova.rks-gov.net\/sr\/keshillat-lokal\/\" \/>\n<meta property=\"og:site_name\" content=\"Op\u0161tine \u0110akovica\" \/>\n<meta property=\"article:publisher\" content=\"https:\/\/www.facebook.com\/KomunaeGjakoves\/\" \/>\n<meta name=\"twitter:card\" content=\"summary_large_image\" \/>\n<meta name=\"twitter:label1\" content=\"\u041f\u0440\u043e\u0446\u0435\u045a\u0435\u043d\u043e \u0432\u0440\u0435\u043c\u0435 \u0447\u0438\u0442\u0430\u045a\u0430\" \/>\n\t<meta name=\"twitter:data1\" content=\"1 \u043c\u0438\u043d\u0443\u0442\" \/>\n<script type=\"application\/ld+json\" class=\"yoast-schema-graph\">{\"@context\":\"https:\\\/\\\/schema.org\",\"@graph\":[{\"@type\":\"WebPage\",\"@id\":\"https:\\\/\\\/gjakova.rks-gov.net\\\/sr\\\/keshillat-lokal\\\/\",\"url\":\"https:\\\/\\\/gjakova.rks-gov.net\\\/sr\\\/keshillat-lokal\\\/\",\"name\":\"K\u00ebshillat lokal - Op\u0161tine \u0110akovica\",\"isPartOf\":{\"@id\":\"https:\\\/\\\/gjakova.rks-gov.net\\\/sr\\\/#website\"},\"datePublished\":\"2017-10-11T09:21:06+00:00\",\"breadcrumb\":{\"@id\":\"https:\\\/\\\/gjakova.rks-gov.net\\\/sr\\\/keshillat-lokal\\\/#breadcrumb\"},\"inLanguage\":\"sr-RS\",\"potentialAction\":[{\"@type\":\"ReadAction\",\"target\":[\"https:\\\/\\\/gjakova.rks-gov.net\\\/sr\\\/keshillat-lokal\\\/\"]}]},{\"@type\":\"BreadcrumbList\",\"@id\":\"https:\\\/\\\/gjakova.rks-gov.net\\\/sr\\\/keshillat-lokal\\\/#breadcrumb\",\"itemListElement\":[{\"@type\":\"ListItem\",\"position\":1,\"name\":\"Home\",\"item\":\"https:\\\/\\\/gjakova.rks-gov.net\\\/sr\\\/\"},{\"@type\":\"ListItem\",\"position\":2,\"name\":\"K\u00ebshillat lokal\"}]},{\"@type\":\"WebSite\",\"@id\":\"https:\\\/\\\/gjakova.rks-gov.net\\\/sr\\\/#website\",\"url\":\"https:\\\/\\\/gjakova.rks-gov.net\\\/sr\\\/\",\"name\":\"Komuna e Gjakoves\",\"description\":\"\",\"publisher\":{\"@id\":\"https:\\\/\\\/gjakova.rks-gov.net\\\/sr\\\/#organization\"},\"alternateName\":\"Komuna Gjakove\",\"potentialAction\":[{\"@type\":\"SearchAction\",\"target\":{\"@type\":\"EntryPoint\",\"urlTemplate\":\"https:\\\/\\\/gjakova.rks-gov.net\\\/sr\\\/?s={search_term_string}\"},\"query-input\":{\"@type\":\"PropertyValueSpecification\",\"valueRequired\":true,\"valueName\":\"search_term_string\"}}],\"inLanguage\":\"sr-RS\"},{\"@type\":\"Organization\",\"@id\":\"https:\\\/\\\/gjakova.rks-gov.net\\\/sr\\\/#organization\",\"name\":\"Komuna e Gjakoves\",\"alternateName\":\"Komuna Gjakove\",\"url\":\"https:\\\/\\\/gjakova.rks-gov.net\\\/sr\\\/\",\"logo\":{\"@type\":\"ImageObject\",\"inLanguage\":\"sr-RS\",\"@id\":\"https:\\\/\\\/gjakova.rks-gov.net\\\/sr\\\/#\\\/schema\\\/logo\\\/image\\\/\",\"url\":\"https:\\\/\\\/gjakova.rks-gov.net\\\/wp-content\\\/uploads\\\/2024\\\/04\\\/Stema_e_Komunes_Gjakove.svg.png\",\"contentUrl\":\"https:\\\/\\\/gjakova.rks-gov.net\\\/wp-content\\\/uploads\\\/2024\\\/04\\\/Stema_e_Komunes_Gjakove.svg.png\",\"width\":512,\"height\":681,\"caption\":\"Komuna e Gjakoves\"},\"image\":{\"@id\":\"https:\\\/\\\/gjakova.rks-gov.net\\\/sr\\\/#\\\/schema\\\/logo\\\/image\\\/\"},\"sameAs\":[\"https:\\\/\\\/www.facebook.com\\\/KomunaeGjakoves\\\/\",\"https:\\\/\\\/www.instagram.com\\\/komunaegjakoves\\\/\"]}]}<\/script>\n<!-- \/ Yoast SEO plugin. -->","yoast_head_json":{"title":"K\u00ebshillat lokal - Op\u0161tine \u0110akovica","robots":{"index":"index","follow":"follow","max-snippet":"max-snippet:-1","max-image-preview":"max-image-preview:large","max-video-preview":"max-video-preview:-1"},"canonical":"https:\/\/gjakova.rks-gov.net\/sr\/keshillat-lokal\/","og_locale":"sr_RS","og_type":"article","og_title":"K\u00ebshillat lokal - Op\u0161tine \u0110akovica","og_description":"K\u00ebshillat lokale jan\u00eb trupa mb\u00ebshtet\u00ebs t\u00eb organeve t\u00eb komun\u00ebs t\u00eb cilat q\u00eb ndikojn\u00eb n\u00eb konsultime gjith\u00ebp\u00ebrfshir\u00ebse, t\u00eb cilat promovojn\u00eb dhe zhvillojn\u00eb transparenc\u00ebn, llogaridh\u00ebnien dhe pjes\u00ebmarrjen e qytetar\u00ebve n\u00eb proceset e vendim marrjes. K\u00ebshillat lokal jan\u00eb t\u00eb shtrir\u00eb n\u00eb t\u00eb gjith\u00eb fshatrat dhe lagjet e Gjakov\u00ebs. Kryetar\u00ebt e K\u00ebshillave Lokal\u00eb t\u00eb komun\u00ebs s\u00eb Gjakov\u00ebs dhe kontaktet [&hellip;]","og_url":"https:\/\/gjakova.rks-gov.net\/sr\/keshillat-lokal\/","og_site_name":"Op\u0161tine \u0110akovica","article_publisher":"https:\/\/www.facebook.com\/KomunaeGjakoves\/","twitter_card":"summary_large_image","twitter_misc":{"\u041f\u0440\u043e\u0446\u0435\u045a\u0435\u043d\u043e \u0432\u0440\u0435\u043c\u0435 \u0447\u0438\u0442\u0430\u045a\u0430":"1 \u043c\u0438\u043d\u0443\u0442"},"schema":{"@context":"https:\/\/schema.org","@graph":[{"@type":"WebPage","@id":"https:\/\/gjakova.rks-gov.net\/sr\/keshillat-lokal\/","url":"https:\/\/gjakova.rks-gov.net\/sr\/keshillat-lokal\/","name":"K\u00ebshillat lokal - Op\u0161tine \u0110akovica","isPartOf":{"@id":"https:\/\/gjakova.rks-gov.net\/sr\/#website"},"datePublished":"2017-10-11T09:21:06+00:00","breadcrumb":{"@id":"https:\/\/gjakova.rks-gov.net\/sr\/keshillat-lokal\/#breadcrumb"},"inLanguage":"sr-RS","potentialAction":[{"@type":"ReadAction","target":["https:\/\/gjakova.rks-gov.net\/sr\/keshillat-lokal\/"]}]},{"@type":"BreadcrumbList","@id":"https:\/\/gjakova.rks-gov.net\/sr\/keshillat-lokal\/#breadcrumb","itemListElement":[{"@type":"ListItem","position":1,"name":"Home","item":"https:\/\/gjakova.rks-gov.net\/sr\/"},{"@type":"ListItem","position":2,"name":"K\u00ebshillat lokal"}]},{"@type":"WebSite","@id":"https:\/\/gjakova.rks-gov.net\/sr\/#website","url":"https:\/\/gjakova.rks-gov.net\/sr\/","name":"Komuna e Gjakoves","description":"","publisher":{"@id":"https:\/\/gjakova.rks-gov.net\/sr\/#organization"},"alternateName":"Komuna Gjakove","potentialAction":[{"@type":"SearchAction","target":{"@type":"EntryPoint","urlTemplate":"https:\/\/gjakova.rks-gov.net\/sr\/?s={search_term_string}"},"query-input":{"@type":"PropertyValueSpecification","valueRequired":true,"valueName":"search_term_string"}}],"inLanguage":"sr-RS"},{"@type":"Organization","@id":"https:\/\/gjakova.rks-gov.net\/sr\/#organization","name":"Komuna e Gjakoves","alternateName":"Komuna Gjakove","url":"https:\/\/gjakova.rks-gov.net\/sr\/","logo":{"@type":"ImageObject","inLanguage":"sr-RS","@id":"https:\/\/gjakova.rks-gov.net\/sr\/#\/schema\/logo\/image\/","url":"https:\/\/gjakova.rks-gov.net\/wp-content\/uploads\/2024\/04\/Stema_e_Komunes_Gjakove.svg.png","contentUrl":"https:\/\/gjakova.rks-gov.net\/wp-content\/uploads\/2024\/04\/Stema_e_Komunes_Gjakove.svg.png","width":512,"height":681,"caption":"Komuna e Gjakoves"},"image":{"@id":"https:\/\/gjakova.rks-gov.net\/sr\/#\/schema\/logo\/image\/"},"sameAs":["https:\/\/www.facebook.com\/KomunaeGjakoves\/","https:\/\/www.instagram.com\/komunaegjakoves\/"]}]}},"_links":{"self":[{"href":"https:\/\/gjakova.rks-gov.net\/sr\/wp-json\/wp\/v2\/pages\/67877","targetHints":{"allow":["GET"]}}],"collection":[{"href":"https:\/\/gjakova.rks-gov.net\/sr\/wp-json\/wp\/v2\/pages"}],"about":[{"href":"https:\/\/gjakova.rks-gov.net\/sr\/wp-json\/wp\/v2\/types\/page"}],"author":[{"embeddable":true,"href":"https:\/\/gjakova.rks-gov.net\/sr\/wp-json\/wp\/v2\/users\/1"}],"replies":[{"embeddable":true,"href":"https:\/\/gjakova.rks-gov.net\/sr\/wp-json\/wp\/v2\/comments?post=67877"}],"version-history":[{"count":0,"href":"https:\/\/gjakova.rks-gov.net\/sr\/wp-json\/wp\/v2\/pages\/67877\/revisions"}],"wp:attachment":[{"href":"https:\/\/gjakova.rks-gov.net\/sr\/wp-json\/wp\/v2\/media?parent=67877"}],"wp:term":[{"taxonomy":"page-category","embeddable":true,"href":"https:\/\/gjakova.rks-gov.net\/sr\/wp-json\/wp\/v2\/page-category?post=67877"}],"curies":[{"name":"wp","href":"https:\/\/api.w.org\/{rel}","templated":true}]}}