{"id":67875,"date":"2017-10-11T11:21:06","date_gmt":"2017-10-11T09:21:06","guid":{"rendered":"https:\/\/gjakova.rks-gov.net\/komitetet\/"},"modified":"2017-10-11T11:21:06","modified_gmt":"2017-10-11T09:21:06","slug":"komitetet","status":"publish","type":"page","link":"https:\/\/gjakova.rks-gov.net\/sr\/komitetet\/","title":{"rendered":"Komitetet"},"content":{"rendered":"<p><strong>Komiteti p\u00ebr Politik\u00eb dhe Financa<\/strong> Komiteti p\u00ebr Politik\u00eb dhe Financa kryesohet nga Kryesuesi i Kuvendit dhe p\u00ebrb\u00ebrja e tij duhet t\u00eb reflektoj p\u00ebrfaq\u00ebsimin e entiteteve politike n\u00eb Kuvend. Komiteti p\u00ebr Politik\u00eb dhe Financa \u00ebsht\u00eb p\u00ebrgjegj\u00ebs p\u00ebr shqyrtimin e t\u00eb gjitha politikave, dokumenteve fiskale dhe financiare, planeve dhe iniciativave, duke p\u00ebrfshir\u00eb dokumentet e planifikimit strategjik, korniz\u00ebn vjetore buxhetore afatmesme, planin vjetor t\u00eb prokurimit, rregulloren vjetore p\u00ebr tatimet, tarifat dhe pagesat, planin vjetor t\u00eb pun\u00ebs p\u00ebr auditimin e brendsh\u00ebm, buxhetin vjetor afatmes\u00ebm dhe \u00e7do ndryshim t\u00eb buxhetit gjat\u00eb vitit fiskal si dhe p\u00ebr marrjen e raporteve nga Kryetari dhe dor\u00ebzimin e rekomandimeve n\u00eb Kuvendin e Komun\u00ebs. P\u00ebrb\u00ebrja e Komitetit p\u00ebr Politik\u00eb dhe Financa \u00ebsht\u00eb: 1. Albina Sadrija &#8211; Asllani p\u00ebrfaq\u00ebsuese nga AAK . 2. Augustin Shala, p\u00ebrfaq\u00ebsues nga AAK. 3. Teuta Pallaska &#8211; Milla , p\u00ebrfaq\u00ebsuese nga AAK. 4. Mimoza Shala, p\u00ebrfaq\u00ebsuese nga VV. 5. Ali Tafarshiku , p\u00ebrfaq\u00ebsues nga VV. 6. Labeat Sadrija, p\u00ebrfaq\u00ebsues nga PDK. 7 . Teki Shala, p\u00ebrfaq\u00ebsues nga LDK 8. Krenare Bushaj, p\u00ebrfaq\u00ebsues nga PSHDK . 9. Arb\u00ebnesha Kuqi, Kryesuese e Kuvendit Komiteti p\u00ebr Politik\u00eb dhe Financa kryesohet nga Kryesuesja i Kuvendit t\u00eb Komun\u00ebs Arb\u00ebnesha Kuqi. <del><\/del><span style=\"color: #333399\">______________________________________________________________________________________________________________<\/span><strong>Komiteti p\u00ebr Komunitete<\/strong> Komiteti i Komuniteteve p\u00ebrfshin\u00eb n\u00eb radh\u00ebt veta shumic\u00ebn e thjesht\u00eb nga an\u00ebtar\u00ebt e Kuvendit, an\u00ebtar\u00ebt tjer\u00eb jan\u00eb nga p\u00ebrfaq\u00ebsuesit e komuniteteve. \u00c7do komunitet q\u00eb jeton n\u00eb Komun\u00eb p\u00ebrfaq\u00ebsohet nga s\u00eb paku nj\u00eb p\u00ebrfaq\u00ebsues n\u00eb Komitetin e Komuniteteve. P\u00ebrfaq\u00ebsuesit e komuniteteve jo shumic\u00eb n\u00eb Komun\u00eb e p\u00ebrb\u00ebjn\u00eb shumic\u00ebn e an\u00ebtar\u00ebve t\u00eb Komitetit t\u00eb Komuniteteve. Komiteti i Komuniteteve \u00ebsht\u00eb p\u00ebrgjegj\u00ebs p\u00ebr shqyrtimin e p\u00ebrputhshm\u00ebris\u00eb s\u00eb autoriteteve komunale me ligjin n\u00eb zbatim dhe p\u00ebr shqyrtimin e t\u00eb gjitha politikave komunale, praktikave dhe aktiviteteve p\u00ebr t\u2019u siguruar se t\u00eb drejtat dhe interesat e komuniteteve respektohen plot\u00ebsisht. Komiteti gjithashtu i rekomandon kuvendit masat q\u00eb duhet t\u00eb nd\u00ebrmerren p\u00ebr t\u00eb siguruar jet\u00ebsimin e dispozitave q\u00eb kan\u00eb t\u00eb b\u00ebjn\u00eb me nevoj\u00ebn e komuniteteve p\u00ebr t\u2019u avancuar, shprehur, mbrojtur dhe zhvilluar identitetin e tyre etnik, kulturor, fetar dhe gjuh\u00ebsor, si dhe p\u00ebr t\u00eb siguruar mbrojtje adekuate t\u00eb t\u00eb drejtave t\u00eb komuniteteve brenda Komun\u00ebs. P\u00ebrb\u00ebrja e Komitetit p\u00ebr Komunitete \u00ebsht\u00eb: 1. Ermira Morina, p\u00ebrfaq\u00ebsuese e Komunitetit Egjiptian 2. Ergit Qeli, p\u00ebrfaq\u00ebsues i Komunitetit Egjiptian 3. Emrah Cermiani, p\u00ebrfaq\u00ebsues i Komunitetit Rom 4. Leutrim Bala, p\u00ebrfaq\u00ebsues i Komunitetit Ashkali 5. Ifeta Jakupi , p\u00ebrfaq\u00ebsuese e Komunitetit Boshnjak 6. Nik Hiseni, p\u00ebrfaq\u00ebsues i AAK-s\u00eb 7. Shqipe Fejza, p\u00ebrfaq\u00ebsuese e VV-s\u00eb 8. Lirianda Dahsyla, p\u00ebrfaq\u00ebsuese e PDK-s\u00eb 9. Lerena Kameraj, p\u00ebrfaq\u00ebsuese e PSHDK-s\u00eb<\/p>\n","protected":false},"excerpt":{"rendered":"<p>Komiteti p\u00ebr Politik\u00eb dhe Financa Komiteti p\u00ebr Politik\u00eb dhe Financa kryesohet nga Kryesuesi i Kuvendit dhe p\u00ebrb\u00ebrja e tij duhet t\u00eb reflektoj p\u00ebrfaq\u00ebsimin e entiteteve politike n\u00eb Kuvend. Komiteti p\u00ebr Politik\u00eb dhe Financa \u00ebsht\u00eb p\u00ebrgjegj\u00ebs p\u00ebr shqyrtimin e t\u00eb gjitha politikave, dokumenteve fiskale dhe financiare, planeve dhe iniciativave, duke p\u00ebrfshir\u00eb dokumentet e planifikimit strategjik, korniz\u00ebn [&hellip;]<\/p>\n","protected":false},"author":1,"featured_media":0,"parent":0,"menu_order":0,"comment_status":"open","ping_status":"open","template":"","meta":{"_acf_changed":false,"footnotes":""},"page-category":[],"class_list":["post-67875","page","type-page","status-publish","hentry"],"acf":[],"yoast_head":"<!-- This site is optimized with the Yoast SEO plugin v27.4 - https:\/\/yoast.com\/product\/yoast-seo-wordpress\/ -->\n<title>Komitetet - Op\u0161tine \u0110akovica<\/title>\n<meta name=\"robots\" content=\"index, follow, max-snippet:-1, max-image-preview:large, max-video-preview:-1\" \/>\n<link rel=\"canonical\" href=\"https:\/\/gjakova.rks-gov.net\/sr\/komitetet\/\" \/>\n<meta property=\"og:locale\" content=\"sr_RS\" \/>\n<meta property=\"og:type\" content=\"article\" \/>\n<meta property=\"og:title\" content=\"Komitetet - Op\u0161tine \u0110akovica\" \/>\n<meta property=\"og:description\" content=\"Komiteti p\u00ebr Politik\u00eb dhe Financa Komiteti p\u00ebr Politik\u00eb dhe Financa kryesohet nga Kryesuesi i Kuvendit dhe p\u00ebrb\u00ebrja e tij duhet t\u00eb reflektoj p\u00ebrfaq\u00ebsimin e entiteteve politike n\u00eb Kuvend. Komiteti p\u00ebr Politik\u00eb dhe Financa \u00ebsht\u00eb p\u00ebrgjegj\u00ebs p\u00ebr shqyrtimin e t\u00eb gjitha politikave, dokumenteve fiskale dhe financiare, planeve dhe iniciativave, duke p\u00ebrfshir\u00eb dokumentet e planifikimit strategjik, korniz\u00ebn [&hellip;]\" \/>\n<meta property=\"og:url\" content=\"https:\/\/gjakova.rks-gov.net\/sr\/komitetet\/\" \/>\n<meta property=\"og:site_name\" content=\"Op\u0161tine \u0110akovica\" \/>\n<meta property=\"article:publisher\" content=\"https:\/\/www.facebook.com\/KomunaeGjakoves\/\" \/>\n<meta name=\"twitter:card\" content=\"summary_large_image\" \/>\n<meta name=\"twitter:label1\" content=\"\u041f\u0440\u043e\u0446\u0435\u045a\u0435\u043d\u043e \u0432\u0440\u0435\u043c\u0435 \u0447\u0438\u0442\u0430\u045a\u0430\" \/>\n\t<meta name=\"twitter:data1\" content=\"2 \u043c\u0438\u043d\u0443\u0442\u0430\" \/>\n<script type=\"application\/ld+json\" class=\"yoast-schema-graph\">{\"@context\":\"https:\\\/\\\/schema.org\",\"@graph\":[{\"@type\":\"WebPage\",\"@id\":\"https:\\\/\\\/gjakova.rks-gov.net\\\/sr\\\/komitetet\\\/\",\"url\":\"https:\\\/\\\/gjakova.rks-gov.net\\\/sr\\\/komitetet\\\/\",\"name\":\"Komitetet - Op\u0161tine \u0110akovica\",\"isPartOf\":{\"@id\":\"https:\\\/\\\/gjakova.rks-gov.net\\\/sr\\\/#website\"},\"datePublished\":\"2017-10-11T09:21:06+00:00\",\"breadcrumb\":{\"@id\":\"https:\\\/\\\/gjakova.rks-gov.net\\\/sr\\\/komitetet\\\/#breadcrumb\"},\"inLanguage\":\"sr-RS\",\"potentialAction\":[{\"@type\":\"ReadAction\",\"target\":[\"https:\\\/\\\/gjakova.rks-gov.net\\\/sr\\\/komitetet\\\/\"]}]},{\"@type\":\"BreadcrumbList\",\"@id\":\"https:\\\/\\\/gjakova.rks-gov.net\\\/sr\\\/komitetet\\\/#breadcrumb\",\"itemListElement\":[{\"@type\":\"ListItem\",\"position\":1,\"name\":\"Home\",\"item\":\"https:\\\/\\\/gjakova.rks-gov.net\\\/sr\\\/\"},{\"@type\":\"ListItem\",\"position\":2,\"name\":\"Komitetet\"}]},{\"@type\":\"WebSite\",\"@id\":\"https:\\\/\\\/gjakova.rks-gov.net\\\/sr\\\/#website\",\"url\":\"https:\\\/\\\/gjakova.rks-gov.net\\\/sr\\\/\",\"name\":\"Komuna e Gjakoves\",\"description\":\"\",\"publisher\":{\"@id\":\"https:\\\/\\\/gjakova.rks-gov.net\\\/sr\\\/#organization\"},\"alternateName\":\"Komuna Gjakove\",\"potentialAction\":[{\"@type\":\"SearchAction\",\"target\":{\"@type\":\"EntryPoint\",\"urlTemplate\":\"https:\\\/\\\/gjakova.rks-gov.net\\\/sr\\\/?s={search_term_string}\"},\"query-input\":{\"@type\":\"PropertyValueSpecification\",\"valueRequired\":true,\"valueName\":\"search_term_string\"}}],\"inLanguage\":\"sr-RS\"},{\"@type\":\"Organization\",\"@id\":\"https:\\\/\\\/gjakova.rks-gov.net\\\/sr\\\/#organization\",\"name\":\"Komuna e Gjakoves\",\"alternateName\":\"Komuna Gjakove\",\"url\":\"https:\\\/\\\/gjakova.rks-gov.net\\\/sr\\\/\",\"logo\":{\"@type\":\"ImageObject\",\"inLanguage\":\"sr-RS\",\"@id\":\"https:\\\/\\\/gjakova.rks-gov.net\\\/sr\\\/#\\\/schema\\\/logo\\\/image\\\/\",\"url\":\"https:\\\/\\\/gjakova.rks-gov.net\\\/wp-content\\\/uploads\\\/2024\\\/04\\\/Stema_e_Komunes_Gjakove.svg.png\",\"contentUrl\":\"https:\\\/\\\/gjakova.rks-gov.net\\\/wp-content\\\/uploads\\\/2024\\\/04\\\/Stema_e_Komunes_Gjakove.svg.png\",\"width\":512,\"height\":681,\"caption\":\"Komuna e Gjakoves\"},\"image\":{\"@id\":\"https:\\\/\\\/gjakova.rks-gov.net\\\/sr\\\/#\\\/schema\\\/logo\\\/image\\\/\"},\"sameAs\":[\"https:\\\/\\\/www.facebook.com\\\/KomunaeGjakoves\\\/\",\"https:\\\/\\\/www.instagram.com\\\/komunaegjakoves\\\/\"]}]}<\/script>\n<!-- \/ Yoast SEO plugin. -->","yoast_head_json":{"title":"Komitetet - Op\u0161tine \u0110akovica","robots":{"index":"index","follow":"follow","max-snippet":"max-snippet:-1","max-image-preview":"max-image-preview:large","max-video-preview":"max-video-preview:-1"},"canonical":"https:\/\/gjakova.rks-gov.net\/sr\/komitetet\/","og_locale":"sr_RS","og_type":"article","og_title":"Komitetet - Op\u0161tine \u0110akovica","og_description":"Komiteti p\u00ebr Politik\u00eb dhe Financa Komiteti p\u00ebr Politik\u00eb dhe Financa kryesohet nga Kryesuesi i Kuvendit dhe p\u00ebrb\u00ebrja e tij duhet t\u00eb reflektoj p\u00ebrfaq\u00ebsimin e entiteteve politike n\u00eb Kuvend. Komiteti p\u00ebr Politik\u00eb dhe Financa \u00ebsht\u00eb p\u00ebrgjegj\u00ebs p\u00ebr shqyrtimin e t\u00eb gjitha politikave, dokumenteve fiskale dhe financiare, planeve dhe iniciativave, duke p\u00ebrfshir\u00eb dokumentet e planifikimit strategjik, korniz\u00ebn [&hellip;]","og_url":"https:\/\/gjakova.rks-gov.net\/sr\/komitetet\/","og_site_name":"Op\u0161tine \u0110akovica","article_publisher":"https:\/\/www.facebook.com\/KomunaeGjakoves\/","twitter_card":"summary_large_image","twitter_misc":{"\u041f\u0440\u043e\u0446\u0435\u045a\u0435\u043d\u043e \u0432\u0440\u0435\u043c\u0435 \u0447\u0438\u0442\u0430\u045a\u0430":"2 \u043c\u0438\u043d\u0443\u0442\u0430"},"schema":{"@context":"https:\/\/schema.org","@graph":[{"@type":"WebPage","@id":"https:\/\/gjakova.rks-gov.net\/sr\/komitetet\/","url":"https:\/\/gjakova.rks-gov.net\/sr\/komitetet\/","name":"Komitetet - Op\u0161tine \u0110akovica","isPartOf":{"@id":"https:\/\/gjakova.rks-gov.net\/sr\/#website"},"datePublished":"2017-10-11T09:21:06+00:00","breadcrumb":{"@id":"https:\/\/gjakova.rks-gov.net\/sr\/komitetet\/#breadcrumb"},"inLanguage":"sr-RS","potentialAction":[{"@type":"ReadAction","target":["https:\/\/gjakova.rks-gov.net\/sr\/komitetet\/"]}]},{"@type":"BreadcrumbList","@id":"https:\/\/gjakova.rks-gov.net\/sr\/komitetet\/#breadcrumb","itemListElement":[{"@type":"ListItem","position":1,"name":"Home","item":"https:\/\/gjakova.rks-gov.net\/sr\/"},{"@type":"ListItem","position":2,"name":"Komitetet"}]},{"@type":"WebSite","@id":"https:\/\/gjakova.rks-gov.net\/sr\/#website","url":"https:\/\/gjakova.rks-gov.net\/sr\/","name":"Komuna e Gjakoves","description":"","publisher":{"@id":"https:\/\/gjakova.rks-gov.net\/sr\/#organization"},"alternateName":"Komuna Gjakove","potentialAction":[{"@type":"SearchAction","target":{"@type":"EntryPoint","urlTemplate":"https:\/\/gjakova.rks-gov.net\/sr\/?s={search_term_string}"},"query-input":{"@type":"PropertyValueSpecification","valueRequired":true,"valueName":"search_term_string"}}],"inLanguage":"sr-RS"},{"@type":"Organization","@id":"https:\/\/gjakova.rks-gov.net\/sr\/#organization","name":"Komuna e Gjakoves","alternateName":"Komuna Gjakove","url":"https:\/\/gjakova.rks-gov.net\/sr\/","logo":{"@type":"ImageObject","inLanguage":"sr-RS","@id":"https:\/\/gjakova.rks-gov.net\/sr\/#\/schema\/logo\/image\/","url":"https:\/\/gjakova.rks-gov.net\/wp-content\/uploads\/2024\/04\/Stema_e_Komunes_Gjakove.svg.png","contentUrl":"https:\/\/gjakova.rks-gov.net\/wp-content\/uploads\/2024\/04\/Stema_e_Komunes_Gjakove.svg.png","width":512,"height":681,"caption":"Komuna e Gjakoves"},"image":{"@id":"https:\/\/gjakova.rks-gov.net\/sr\/#\/schema\/logo\/image\/"},"sameAs":["https:\/\/www.facebook.com\/KomunaeGjakoves\/","https:\/\/www.instagram.com\/komunaegjakoves\/"]}]}},"_links":{"self":[{"href":"https:\/\/gjakova.rks-gov.net\/sr\/wp-json\/wp\/v2\/pages\/67875","targetHints":{"allow":["GET"]}}],"collection":[{"href":"https:\/\/gjakova.rks-gov.net\/sr\/wp-json\/wp\/v2\/pages"}],"about":[{"href":"https:\/\/gjakova.rks-gov.net\/sr\/wp-json\/wp\/v2\/types\/page"}],"author":[{"embeddable":true,"href":"https:\/\/gjakova.rks-gov.net\/sr\/wp-json\/wp\/v2\/users\/1"}],"replies":[{"embeddable":true,"href":"https:\/\/gjakova.rks-gov.net\/sr\/wp-json\/wp\/v2\/comments?post=67875"}],"version-history":[{"count":0,"href":"https:\/\/gjakova.rks-gov.net\/sr\/wp-json\/wp\/v2\/pages\/67875\/revisions"}],"wp:attachment":[{"href":"https:\/\/gjakova.rks-gov.net\/sr\/wp-json\/wp\/v2\/media?parent=67875"}],"wp:term":[{"taxonomy":"page-category","embeddable":true,"href":"https:\/\/gjakova.rks-gov.net\/sr\/wp-json\/wp\/v2\/page-category?post=67875"}],"curies":[{"name":"wp","href":"https:\/\/api.w.org\/{rel}","templated":true}]}}