{"id":50391,"date":"2018-10-19T08:17:14","date_gmt":"2018-10-19T06:17:14","guid":{"rendered":"https:\/\/gjakova.rks-gov.net\/administrativna-funkcija\/"},"modified":"2018-10-19T08:17:14","modified_gmt":"2018-10-19T06:17:14","slug":"administrativna-funkcija","status":"publish","type":"page","link":"https:\/\/gjakova.rks-gov.net\/sr\/administrativna-funkcija\/","title":{"rendered":"Administrativna funkcija"},"content":{"rendered":"<p><strong>Administrativna i Politi\u010dka Funkcija<\/strong><\/p>\n<p>Op\u0161tina \u0110akovica funkcioni\u0161e u skladu sa Zakonom o Lokalnoj Samoupravi (Zakon br. 03 \/ L-040), Statuta i drugih podzakonskih akata. Ovaj zakon ima za cilj izgradnju odr\u017eivog sistema lokalne samouprave i pobolj\u0161anja efikasnosti javnih slu\u017ebi u svim op\u0161tinama u Republici Kosovo.<\/p>\n<p>\u010clan 2.1 ovog zakona defini\u0161e pravni status op\u0161tina, nadle\u017enosti i op\u0161ta na\u010dela op\u0161tinskih finansija, organizacije i funkcionisanja op\u0161tinskih organa, unutar op\u0161tine i me\u0111uop\u0161tinsku saradnju, uklju\u010duju\u0107i i prekograni\u010dne saradnje i odnosa izme\u0111u op\u0161tina i centralne vlasti. Op\u0161tine vr\u0161e svoja ovla\u0161\u0107enja u skladu sa principom saradnje i podele vlasti:<\/p>\n<ul>\n<li>Sopstvene nadle\u017enosti;<\/li>\n<li>Delegirane nadle\u017enosi, i<\/li>\n<li>Pro\u0161irene nadle\u017enosti u skladu sa zakonom.<\/li>\n<\/ul>\n<p>Op\u0161tine imaju puna i isklju\u010diva ovla\u0161\u0107enja, u smislu lokalnog interesa, po\u0161tuju\u0107i<\/p>\n<p>standardi navedeni u va\u017ee\u0107im zakonima. Skup\u0161tina Opstine \u0110akovice je najvi\u0161i organ u op\u0161tini, koji se bira neposredno od gra\u0111ana, u skladu sa Zakonom o Lokalnim Izborima. Skup\u0161tina Opstina \u0110akovice ima 35 \u010dlanova i dva stalna odbora. Op\u0161tinska Administracija (uprava) u \u0110akovici je organizovana u 12 direktorijata kojima upravljaju, direktori op\u0161tine u skladu sa strate\u0161kim i politi\u010dkim smernicama predsednika i u skladu sa lokalnim zakonima i propisima.<\/p>\n<p>Politi\u010dka i vladaju\u010da struktura je zasnovana na najnovijim rezultatima izbora organizovanih u 2017. sa 114.418 bira\u010da, uklju\u010duju\u0107i i bira\u010de izvan op\u0161tine. Na ovim izborima izlaznost je bila na 36,25% ili 41.478 bira\u010da (Izvor: Centralna Izborna Komisija).<\/p>\n","protected":false},"excerpt":{"rendered":"<p>Administrativna i Politi\u010dka Funkcija Op\u0161tina \u0110akovica funkcioni\u0161e u skladu sa Zakonom o Lokalnoj Samoupravi (Zakon br. 03 \/ L-040), Statuta i drugih podzakonskih akata. Ovaj zakon ima za cilj izgradnju odr\u017eivog sistema lokalne samouprave i pobolj\u0161anja efikasnosti javnih slu\u017ebi u svim op\u0161tinama u Republici Kosovo. \u010clan 2.1 ovog zakona defini\u0161e pravni status op\u0161tina, nadle\u017enosti i [&hellip;]<\/p>\n","protected":false},"author":1,"featured_media":0,"parent":0,"menu_order":0,"comment_status":"open","ping_status":"open","template":"","meta":{"_acf_changed":false,"footnotes":""},"page-category":[],"class_list":["post-50391","page","type-page","status-publish","hentry"],"acf":[],"yoast_head":"<!-- This site is optimized with the Yoast SEO plugin v27.4 - https:\/\/yoast.com\/product\/yoast-seo-wordpress\/ -->\n<title>Administrativna funkcija - Op\u0161tine \u0110akovica<\/title>\n<meta name=\"robots\" content=\"index, follow, max-snippet:-1, max-image-preview:large, max-video-preview:-1\" \/>\n<link rel=\"canonical\" href=\"https:\/\/gjakova.rks-gov.net\/sr\/administrativna-funkcija\/\" \/>\n<meta property=\"og:locale\" content=\"sr_RS\" \/>\n<meta property=\"og:type\" content=\"article\" \/>\n<meta property=\"og:title\" content=\"Administrativna funkcija - Op\u0161tine \u0110akovica\" \/>\n<meta property=\"og:description\" content=\"Administrativna i Politi\u010dka Funkcija Op\u0161tina \u0110akovica funkcioni\u0161e u skladu sa Zakonom o Lokalnoj Samoupravi (Zakon br. 03 \/ L-040), Statuta i drugih podzakonskih akata. Ovaj zakon ima za cilj izgradnju odr\u017eivog sistema lokalne samouprave i pobolj\u0161anja efikasnosti javnih slu\u017ebi u svim op\u0161tinama u Republici Kosovo. \u010clan 2.1 ovog zakona defini\u0161e pravni status op\u0161tina, nadle\u017enosti i [&hellip;]\" \/>\n<meta property=\"og:url\" content=\"https:\/\/gjakova.rks-gov.net\/sr\/administrativna-funkcija\/\" \/>\n<meta property=\"og:site_name\" content=\"Op\u0161tine \u0110akovica\" \/>\n<meta property=\"article:publisher\" content=\"https:\/\/www.facebook.com\/KomunaeGjakoves\/\" \/>\n<meta name=\"twitter:card\" content=\"summary_large_image\" \/>\n<meta name=\"twitter:label1\" content=\"\u041f\u0440\u043e\u0446\u0435\u045a\u0435\u043d\u043e \u0432\u0440\u0435\u043c\u0435 \u0447\u0438\u0442\u0430\u045a\u0430\" \/>\n\t<meta name=\"twitter:data1\" content=\"1 \u043c\u0438\u043d\u0443\u0442\" \/>\n<script type=\"application\/ld+json\" class=\"yoast-schema-graph\">{\"@context\":\"https:\\\/\\\/schema.org\",\"@graph\":[{\"@type\":\"WebPage\",\"@id\":\"https:\\\/\\\/gjakova.rks-gov.net\\\/sr\\\/administrativna-funkcija\\\/\",\"url\":\"https:\\\/\\\/gjakova.rks-gov.net\\\/sr\\\/administrativna-funkcija\\\/\",\"name\":\"Administrativna funkcija - Op\u0161tine \u0110akovica\",\"isPartOf\":{\"@id\":\"https:\\\/\\\/gjakova.rks-gov.net\\\/sr\\\/#website\"},\"datePublished\":\"2018-10-19T06:17:14+00:00\",\"breadcrumb\":{\"@id\":\"https:\\\/\\\/gjakova.rks-gov.net\\\/sr\\\/administrativna-funkcija\\\/#breadcrumb\"},\"inLanguage\":\"sr-RS\",\"potentialAction\":[{\"@type\":\"ReadAction\",\"target\":[\"https:\\\/\\\/gjakova.rks-gov.net\\\/sr\\\/administrativna-funkcija\\\/\"]}]},{\"@type\":\"BreadcrumbList\",\"@id\":\"https:\\\/\\\/gjakova.rks-gov.net\\\/sr\\\/administrativna-funkcija\\\/#breadcrumb\",\"itemListElement\":[{\"@type\":\"ListItem\",\"position\":1,\"name\":\"Home\",\"item\":\"https:\\\/\\\/gjakova.rks-gov.net\\\/sr\\\/\"},{\"@type\":\"ListItem\",\"position\":2,\"name\":\"Administrativna funkcija\"}]},{\"@type\":\"WebSite\",\"@id\":\"https:\\\/\\\/gjakova.rks-gov.net\\\/sr\\\/#website\",\"url\":\"https:\\\/\\\/gjakova.rks-gov.net\\\/sr\\\/\",\"name\":\"Komuna e Gjakoves\",\"description\":\"\",\"publisher\":{\"@id\":\"https:\\\/\\\/gjakova.rks-gov.net\\\/sr\\\/#organization\"},\"alternateName\":\"Komuna Gjakove\",\"potentialAction\":[{\"@type\":\"SearchAction\",\"target\":{\"@type\":\"EntryPoint\",\"urlTemplate\":\"https:\\\/\\\/gjakova.rks-gov.net\\\/sr\\\/?s={search_term_string}\"},\"query-input\":{\"@type\":\"PropertyValueSpecification\",\"valueRequired\":true,\"valueName\":\"search_term_string\"}}],\"inLanguage\":\"sr-RS\"},{\"@type\":\"Organization\",\"@id\":\"https:\\\/\\\/gjakova.rks-gov.net\\\/sr\\\/#organization\",\"name\":\"Komuna e Gjakoves\",\"alternateName\":\"Komuna Gjakove\",\"url\":\"https:\\\/\\\/gjakova.rks-gov.net\\\/sr\\\/\",\"logo\":{\"@type\":\"ImageObject\",\"inLanguage\":\"sr-RS\",\"@id\":\"https:\\\/\\\/gjakova.rks-gov.net\\\/sr\\\/#\\\/schema\\\/logo\\\/image\\\/\",\"url\":\"https:\\\/\\\/gjakova.rks-gov.net\\\/wp-content\\\/uploads\\\/2024\\\/04\\\/Stema_e_Komunes_Gjakove.svg.png\",\"contentUrl\":\"https:\\\/\\\/gjakova.rks-gov.net\\\/wp-content\\\/uploads\\\/2024\\\/04\\\/Stema_e_Komunes_Gjakove.svg.png\",\"width\":512,\"height\":681,\"caption\":\"Komuna e Gjakoves\"},\"image\":{\"@id\":\"https:\\\/\\\/gjakova.rks-gov.net\\\/sr\\\/#\\\/schema\\\/logo\\\/image\\\/\"},\"sameAs\":[\"https:\\\/\\\/www.facebook.com\\\/KomunaeGjakoves\\\/\",\"https:\\\/\\\/www.instagram.com\\\/komunaegjakoves\\\/\"]}]}<\/script>\n<!-- \/ Yoast SEO plugin. -->","yoast_head_json":{"title":"Administrativna funkcija - Op\u0161tine \u0110akovica","robots":{"index":"index","follow":"follow","max-snippet":"max-snippet:-1","max-image-preview":"max-image-preview:large","max-video-preview":"max-video-preview:-1"},"canonical":"https:\/\/gjakova.rks-gov.net\/sr\/administrativna-funkcija\/","og_locale":"sr_RS","og_type":"article","og_title":"Administrativna funkcija - Op\u0161tine \u0110akovica","og_description":"Administrativna i Politi\u010dka Funkcija Op\u0161tina \u0110akovica funkcioni\u0161e u skladu sa Zakonom o Lokalnoj Samoupravi (Zakon br. 03 \/ L-040), Statuta i drugih podzakonskih akata. Ovaj zakon ima za cilj izgradnju odr\u017eivog sistema lokalne samouprave i pobolj\u0161anja efikasnosti javnih slu\u017ebi u svim op\u0161tinama u Republici Kosovo. \u010clan 2.1 ovog zakona defini\u0161e pravni status op\u0161tina, nadle\u017enosti i [&hellip;]","og_url":"https:\/\/gjakova.rks-gov.net\/sr\/administrativna-funkcija\/","og_site_name":"Op\u0161tine \u0110akovica","article_publisher":"https:\/\/www.facebook.com\/KomunaeGjakoves\/","twitter_card":"summary_large_image","twitter_misc":{"\u041f\u0440\u043e\u0446\u0435\u045a\u0435\u043d\u043e \u0432\u0440\u0435\u043c\u0435 \u0447\u0438\u0442\u0430\u045a\u0430":"1 \u043c\u0438\u043d\u0443\u0442"},"schema":{"@context":"https:\/\/schema.org","@graph":[{"@type":"WebPage","@id":"https:\/\/gjakova.rks-gov.net\/sr\/administrativna-funkcija\/","url":"https:\/\/gjakova.rks-gov.net\/sr\/administrativna-funkcija\/","name":"Administrativna funkcija - Op\u0161tine \u0110akovica","isPartOf":{"@id":"https:\/\/gjakova.rks-gov.net\/sr\/#website"},"datePublished":"2018-10-19T06:17:14+00:00","breadcrumb":{"@id":"https:\/\/gjakova.rks-gov.net\/sr\/administrativna-funkcija\/#breadcrumb"},"inLanguage":"sr-RS","potentialAction":[{"@type":"ReadAction","target":["https:\/\/gjakova.rks-gov.net\/sr\/administrativna-funkcija\/"]}]},{"@type":"BreadcrumbList","@id":"https:\/\/gjakova.rks-gov.net\/sr\/administrativna-funkcija\/#breadcrumb","itemListElement":[{"@type":"ListItem","position":1,"name":"Home","item":"https:\/\/gjakova.rks-gov.net\/sr\/"},{"@type":"ListItem","position":2,"name":"Administrativna funkcija"}]},{"@type":"WebSite","@id":"https:\/\/gjakova.rks-gov.net\/sr\/#website","url":"https:\/\/gjakova.rks-gov.net\/sr\/","name":"Komuna e Gjakoves","description":"","publisher":{"@id":"https:\/\/gjakova.rks-gov.net\/sr\/#organization"},"alternateName":"Komuna Gjakove","potentialAction":[{"@type":"SearchAction","target":{"@type":"EntryPoint","urlTemplate":"https:\/\/gjakova.rks-gov.net\/sr\/?s={search_term_string}"},"query-input":{"@type":"PropertyValueSpecification","valueRequired":true,"valueName":"search_term_string"}}],"inLanguage":"sr-RS"},{"@type":"Organization","@id":"https:\/\/gjakova.rks-gov.net\/sr\/#organization","name":"Komuna e Gjakoves","alternateName":"Komuna Gjakove","url":"https:\/\/gjakova.rks-gov.net\/sr\/","logo":{"@type":"ImageObject","inLanguage":"sr-RS","@id":"https:\/\/gjakova.rks-gov.net\/sr\/#\/schema\/logo\/image\/","url":"https:\/\/gjakova.rks-gov.net\/wp-content\/uploads\/2024\/04\/Stema_e_Komunes_Gjakove.svg.png","contentUrl":"https:\/\/gjakova.rks-gov.net\/wp-content\/uploads\/2024\/04\/Stema_e_Komunes_Gjakove.svg.png","width":512,"height":681,"caption":"Komuna e Gjakoves"},"image":{"@id":"https:\/\/gjakova.rks-gov.net\/sr\/#\/schema\/logo\/image\/"},"sameAs":["https:\/\/www.facebook.com\/KomunaeGjakoves\/","https:\/\/www.instagram.com\/komunaegjakoves\/"]}]}},"_links":{"self":[{"href":"https:\/\/gjakova.rks-gov.net\/sr\/wp-json\/wp\/v2\/pages\/50391","targetHints":{"allow":["GET"]}}],"collection":[{"href":"https:\/\/gjakova.rks-gov.net\/sr\/wp-json\/wp\/v2\/pages"}],"about":[{"href":"https:\/\/gjakova.rks-gov.net\/sr\/wp-json\/wp\/v2\/types\/page"}],"author":[{"embeddable":true,"href":"https:\/\/gjakova.rks-gov.net\/sr\/wp-json\/wp\/v2\/users\/1"}],"replies":[{"embeddable":true,"href":"https:\/\/gjakova.rks-gov.net\/sr\/wp-json\/wp\/v2\/comments?post=50391"}],"version-history":[{"count":0,"href":"https:\/\/gjakova.rks-gov.net\/sr\/wp-json\/wp\/v2\/pages\/50391\/revisions"}],"wp:attachment":[{"href":"https:\/\/gjakova.rks-gov.net\/sr\/wp-json\/wp\/v2\/media?parent=50391"}],"wp:term":[{"taxonomy":"page-category","embeddable":true,"href":"https:\/\/gjakova.rks-gov.net\/sr\/wp-json\/wp\/v2\/page-category?post=50391"}],"curies":[{"name":"wp","href":"https:\/\/api.w.org\/{rel}","templated":true}]}}