{"id":50390,"date":"2018-10-19T08:14:34","date_gmt":"2018-10-19T06:14:34","guid":{"rendered":"https:\/\/gjakova.rks-gov.net\/polozaj-i-stanovnistvo\/"},"modified":"2018-10-19T08:14:34","modified_gmt":"2018-10-19T06:14:34","slug":"polozaj-i-stanovnistvo","status":"publish","type":"page","link":"https:\/\/gjakova.rks-gov.net\/sr\/polozaj-i-stanovnistvo\/","title":{"rendered":"Polo\u017eaj i Stanovni\u0161tvo"},"content":{"rendered":"<p><strong>Polo\u017eaj<\/strong><\/p>\n<p>\u0110akovica se prote\u017ee izme\u0111u geografske \u0161irine 42,22 i geografske du\u017eine 20.26. na levoj obali reke Erenik, isto\u010dno od platoa \u010cabrata, na obe strane reke Krene, na prose\u010dnoj nadmorskoj visini od 365 metara.<\/p>\n<p>Jugo-zapadno od \u0110akovice prote\u017eu se poslednji zraci \u0160ar planine, gde se prote\u017ee brdovit region Hasia, koja se zavr\u0161ava sa aluvijalnom ravnicom (re\u010dnom)<\/p>\n<p>U severnom delu grada prote\u017eu se neogena polja Piskota i Du\u0161kaje. Bre\u017euljci Koznika Cermjana, Babalo\u010da i Here\u010da dele poljsku jamu \u0110akovice od Ravnice Duka\u0111inija.<\/p>\n<p>Na zapadnom delu \u010cabrata, koji ima jednu nadmorsku visinu od 440-460 metara, nalaze se planine Junika i Skeljzena-dela Planina Prokletija (Albanskih Alpa).<\/p>\n<p>Isto\u010dno od \u0110akovice, tamo gde te\u010de reka Erenik u klisuri Belog Drima prote\u017ee se plato kre\u010dnjaka Gradi\u0161a, koji deli poljsku jamu \u0110akovice od one u Prizrenu.<\/p>\n<p>Niske planine sa vratom kao sto su \u010cafa e Pru\u0161it, Dobrune, Morine itd, omogu\u0107ili su uticaj na vetrove Jadranskog Mora kroz doline Drina. Zbog toga \u0110akovica sa okolinom ima umereno kontinentalnu klimu sa elementima Mediterana sa toplim i suvim letima.<\/p>\n<p>Prose\u010dna temperatura u julu je 21,5 \u00b0 C, dok u Januaru -09 C. Letnji meseci su suvi, dok zimski sa vlagom. Prose\u010dna koli\u010dina padavina je 959.3 mm.<\/p>\n<p>Poljsku dolinu \u0110akovice pro\u017eimaju 80 protoka povr\u0161inskih voda koje teku severno od planinskog venca Cermjana i planinskih venaca na jugu grada. 80 protoka se ulivaju u Erenik, koji svojim podru\u017enicama, plodno navodnjava podru\u010dje \u0110akovice. On izvire iz ledenih jezera \u0110eravice i uliva u Drim. Dug je 51 km. Od njegove leve pritoke je Bistrica Lo\u010dana, koja izvire iz visine Plo\u010da zapadno od \u00d0eravice i dele\u0107i \u0110akovicu pod nazivom Krena na dva dela, uliva se u Erenik. Trava i Trakani\u0107 su dve tipi\u010dne poljsker reke koje se ulivaju u Erenik.<\/p>\n<p><strong>Stanovni\u0161tvo<\/strong><\/p>\n<p>Stanovni\u0161tvo \u0110akovice od po\u010detka je bilo uglavnom albansko potomci Ilira, dok jedna manjina je bila srpska a kasnije, nakon kolonizacije, i crnogorska. \u0160to se vere ti\u010de ogromna ve\u0107ina se bili muslimani i katolici (Albanci), dok manjina je bila pravoslavna (Srbi i Crnogorci).<\/p>\n<p>U nedostatku ta\u010dnih statisti\u010dkih podataka o broju stanovnika grada i okoline do druge polovine XIX veka. pomenu\u010demo podatke razli\u010ditih putnika, prema kojima je grad u XVII veku. imao 2.000 ku\u0107a, a 1838 je imao 1900 ku\u0107a sa 21.000 stanovnika. 1857 Gilferding je zvao \u0110akovicu albanski grad sa 3.500 ku\u0107a muslimanskih Albanaca, 70 katoli\u010dkih i 60 srpskih ku\u0107a. Godine 1879. grad sa okolinom je imao 15. 210 stanovnika, 12. 553 Muslimana i 2,757 Hri\u0161\u0107ana. U 1900. prema Millojevi\u010du \u0110akovica je imala 4.000 muslimanskih ku\u010da i 70 srpskih.<\/p>\n<p>U gradu \u0110akovici sa okolinom, koja je obuhvatala 708 km2, 1921 je \u017eivelo 32. 847\u00a0 stanovnika (30. 798 Albanaca muslimana i katolika i 2.049)pravoslavnih Srba i Crnogoraca ; 1931 je \u017eivelo 45. 376 stanovnika (38. 982 Albanaca muslimana i katolika i 6.394 pravoslavnih Srba i Crnogoraca ) \u0161to zna\u010di da je 1921 bilo 93,76 odsto Albanaca i 6,24, posto Srba dok je u 1931 85.91 odsto su bili Albanci, 14.09 posto su bili Srbi i Crnogorci.<\/p>\n<p>Na osnovu rezultata poslednjeg popisa stanovni\u0161tva na Kosovu 2011. godine, ukupan broj stanovnika u op\u0161tini \u0110akovica je 94.556 stanovnika, prema ovoj etni\u010dkoj strukturi:<\/p>\n<p>Albanaca: 87,672 stanovnika;<\/p>\n<p>Egip\u010dana: 5,117;<\/p>\n<p>Roma: 738;<\/p>\n<p>A\u0161kalija: 613;<\/p>\n<p>Bosanaca: 73;<\/p>\n<p>Srba: 17;<\/p>\n<p>Turaka: 16;<\/p>\n<p>Goranaca: 13;<\/p>\n<p>Ostalih: 92;<\/p>\n<p>Neopredeljenih: 205; (Izvor: Statisti\u010dki zavod Kosova).<\/p>\n","protected":false},"excerpt":{"rendered":"<p>Polo\u017eaj \u0110akovica se prote\u017ee izme\u0111u geografske \u0161irine 42,22 i geografske du\u017eine 20.26. na levoj obali reke Erenik, isto\u010dno od platoa \u010cabrata, na obe strane reke Krene, na prose\u010dnoj nadmorskoj visini od 365 metara. Jugo-zapadno od \u0110akovice prote\u017eu se poslednji zraci \u0160ar planine, gde se prote\u017ee brdovit region Hasia, koja se zavr\u0161ava sa aluvijalnom ravnicom (re\u010dnom) [&hellip;]<\/p>\n","protected":false},"author":1,"featured_media":0,"parent":0,"menu_order":0,"comment_status":"open","ping_status":"open","template":"","meta":{"_acf_changed":false,"footnotes":""},"page-category":[],"class_list":["post-50390","page","type-page","status-publish","hentry"],"acf":[],"yoast_head":"<!-- This site is optimized with the Yoast SEO plugin v27.4 - https:\/\/yoast.com\/product\/yoast-seo-wordpress\/ -->\n<title>Polo\u017eaj i Stanovni\u0161tvo - Op\u0161tine \u0110akovica<\/title>\n<meta name=\"robots\" content=\"index, follow, max-snippet:-1, max-image-preview:large, max-video-preview:-1\" \/>\n<link rel=\"canonical\" href=\"https:\/\/gjakova.rks-gov.net\/sr\/polozaj-i-stanovnistvo\/\" \/>\n<meta property=\"og:locale\" content=\"sr_RS\" \/>\n<meta property=\"og:type\" content=\"article\" \/>\n<meta property=\"og:title\" content=\"Polo\u017eaj i Stanovni\u0161tvo - Op\u0161tine \u0110akovica\" \/>\n<meta property=\"og:description\" content=\"Polo\u017eaj \u0110akovica se prote\u017ee izme\u0111u geografske \u0161irine 42,22 i geografske du\u017eine 20.26. na levoj obali reke Erenik, isto\u010dno od platoa \u010cabrata, na obe strane reke Krene, na prose\u010dnoj nadmorskoj visini od 365 metara. Jugo-zapadno od \u0110akovice prote\u017eu se poslednji zraci \u0160ar planine, gde se prote\u017ee brdovit region Hasia, koja se zavr\u0161ava sa aluvijalnom ravnicom (re\u010dnom) [&hellip;]\" \/>\n<meta property=\"og:url\" content=\"https:\/\/gjakova.rks-gov.net\/sr\/polozaj-i-stanovnistvo\/\" \/>\n<meta property=\"og:site_name\" content=\"Op\u0161tine \u0110akovica\" \/>\n<meta property=\"article:publisher\" content=\"https:\/\/www.facebook.com\/KomunaeGjakoves\/\" \/>\n<meta name=\"twitter:card\" content=\"summary_large_image\" \/>\n<meta name=\"twitter:label1\" content=\"\u041f\u0440\u043e\u0446\u0435\u045a\u0435\u043d\u043e \u0432\u0440\u0435\u043c\u0435 \u0447\u0438\u0442\u0430\u045a\u0430\" \/>\n\t<meta name=\"twitter:data1\" content=\"3 \u043c\u0438\u043d\u0443\u0442\u0430\" \/>\n<script type=\"application\/ld+json\" class=\"yoast-schema-graph\">{\"@context\":\"https:\\\/\\\/schema.org\",\"@graph\":[{\"@type\":\"WebPage\",\"@id\":\"https:\\\/\\\/gjakova.rks-gov.net\\\/sr\\\/polozaj-i-stanovnistvo\\\/\",\"url\":\"https:\\\/\\\/gjakova.rks-gov.net\\\/sr\\\/polozaj-i-stanovnistvo\\\/\",\"name\":\"Polo\u017eaj i Stanovni\u0161tvo - Op\u0161tine \u0110akovica\",\"isPartOf\":{\"@id\":\"https:\\\/\\\/gjakova.rks-gov.net\\\/sr\\\/#website\"},\"datePublished\":\"2018-10-19T06:14:34+00:00\",\"breadcrumb\":{\"@id\":\"https:\\\/\\\/gjakova.rks-gov.net\\\/sr\\\/polozaj-i-stanovnistvo\\\/#breadcrumb\"},\"inLanguage\":\"sr-RS\",\"potentialAction\":[{\"@type\":\"ReadAction\",\"target\":[\"https:\\\/\\\/gjakova.rks-gov.net\\\/sr\\\/polozaj-i-stanovnistvo\\\/\"]}]},{\"@type\":\"BreadcrumbList\",\"@id\":\"https:\\\/\\\/gjakova.rks-gov.net\\\/sr\\\/polozaj-i-stanovnistvo\\\/#breadcrumb\",\"itemListElement\":[{\"@type\":\"ListItem\",\"position\":1,\"name\":\"Home\",\"item\":\"https:\\\/\\\/gjakova.rks-gov.net\\\/sr\\\/\"},{\"@type\":\"ListItem\",\"position\":2,\"name\":\"Polo\u017eaj i Stanovni\u0161tvo\"}]},{\"@type\":\"WebSite\",\"@id\":\"https:\\\/\\\/gjakova.rks-gov.net\\\/sr\\\/#website\",\"url\":\"https:\\\/\\\/gjakova.rks-gov.net\\\/sr\\\/\",\"name\":\"Komuna e Gjakoves\",\"description\":\"\",\"publisher\":{\"@id\":\"https:\\\/\\\/gjakova.rks-gov.net\\\/sr\\\/#organization\"},\"alternateName\":\"Komuna Gjakove\",\"potentialAction\":[{\"@type\":\"SearchAction\",\"target\":{\"@type\":\"EntryPoint\",\"urlTemplate\":\"https:\\\/\\\/gjakova.rks-gov.net\\\/sr\\\/?s={search_term_string}\"},\"query-input\":{\"@type\":\"PropertyValueSpecification\",\"valueRequired\":true,\"valueName\":\"search_term_string\"}}],\"inLanguage\":\"sr-RS\"},{\"@type\":\"Organization\",\"@id\":\"https:\\\/\\\/gjakova.rks-gov.net\\\/sr\\\/#organization\",\"name\":\"Komuna e Gjakoves\",\"alternateName\":\"Komuna Gjakove\",\"url\":\"https:\\\/\\\/gjakova.rks-gov.net\\\/sr\\\/\",\"logo\":{\"@type\":\"ImageObject\",\"inLanguage\":\"sr-RS\",\"@id\":\"https:\\\/\\\/gjakova.rks-gov.net\\\/sr\\\/#\\\/schema\\\/logo\\\/image\\\/\",\"url\":\"https:\\\/\\\/gjakova.rks-gov.net\\\/wp-content\\\/uploads\\\/2024\\\/04\\\/Stema_e_Komunes_Gjakove.svg.png\",\"contentUrl\":\"https:\\\/\\\/gjakova.rks-gov.net\\\/wp-content\\\/uploads\\\/2024\\\/04\\\/Stema_e_Komunes_Gjakove.svg.png\",\"width\":512,\"height\":681,\"caption\":\"Komuna e Gjakoves\"},\"image\":{\"@id\":\"https:\\\/\\\/gjakova.rks-gov.net\\\/sr\\\/#\\\/schema\\\/logo\\\/image\\\/\"},\"sameAs\":[\"https:\\\/\\\/www.facebook.com\\\/KomunaeGjakoves\\\/\",\"https:\\\/\\\/www.instagram.com\\\/komunaegjakoves\\\/\"]}]}<\/script>\n<!-- \/ Yoast SEO plugin. -->","yoast_head_json":{"title":"Polo\u017eaj i Stanovni\u0161tvo - Op\u0161tine \u0110akovica","robots":{"index":"index","follow":"follow","max-snippet":"max-snippet:-1","max-image-preview":"max-image-preview:large","max-video-preview":"max-video-preview:-1"},"canonical":"https:\/\/gjakova.rks-gov.net\/sr\/polozaj-i-stanovnistvo\/","og_locale":"sr_RS","og_type":"article","og_title":"Polo\u017eaj i Stanovni\u0161tvo - Op\u0161tine \u0110akovica","og_description":"Polo\u017eaj \u0110akovica se prote\u017ee izme\u0111u geografske \u0161irine 42,22 i geografske du\u017eine 20.26. na levoj obali reke Erenik, isto\u010dno od platoa \u010cabrata, na obe strane reke Krene, na prose\u010dnoj nadmorskoj visini od 365 metara. Jugo-zapadno od \u0110akovice prote\u017eu se poslednji zraci \u0160ar planine, gde se prote\u017ee brdovit region Hasia, koja se zavr\u0161ava sa aluvijalnom ravnicom (re\u010dnom) [&hellip;]","og_url":"https:\/\/gjakova.rks-gov.net\/sr\/polozaj-i-stanovnistvo\/","og_site_name":"Op\u0161tine \u0110akovica","article_publisher":"https:\/\/www.facebook.com\/KomunaeGjakoves\/","twitter_card":"summary_large_image","twitter_misc":{"\u041f\u0440\u043e\u0446\u0435\u045a\u0435\u043d\u043e \u0432\u0440\u0435\u043c\u0435 \u0447\u0438\u0442\u0430\u045a\u0430":"3 \u043c\u0438\u043d\u0443\u0442\u0430"},"schema":{"@context":"https:\/\/schema.org","@graph":[{"@type":"WebPage","@id":"https:\/\/gjakova.rks-gov.net\/sr\/polozaj-i-stanovnistvo\/","url":"https:\/\/gjakova.rks-gov.net\/sr\/polozaj-i-stanovnistvo\/","name":"Polo\u017eaj i Stanovni\u0161tvo - Op\u0161tine \u0110akovica","isPartOf":{"@id":"https:\/\/gjakova.rks-gov.net\/sr\/#website"},"datePublished":"2018-10-19T06:14:34+00:00","breadcrumb":{"@id":"https:\/\/gjakova.rks-gov.net\/sr\/polozaj-i-stanovnistvo\/#breadcrumb"},"inLanguage":"sr-RS","potentialAction":[{"@type":"ReadAction","target":["https:\/\/gjakova.rks-gov.net\/sr\/polozaj-i-stanovnistvo\/"]}]},{"@type":"BreadcrumbList","@id":"https:\/\/gjakova.rks-gov.net\/sr\/polozaj-i-stanovnistvo\/#breadcrumb","itemListElement":[{"@type":"ListItem","position":1,"name":"Home","item":"https:\/\/gjakova.rks-gov.net\/sr\/"},{"@type":"ListItem","position":2,"name":"Polo\u017eaj i Stanovni\u0161tvo"}]},{"@type":"WebSite","@id":"https:\/\/gjakova.rks-gov.net\/sr\/#website","url":"https:\/\/gjakova.rks-gov.net\/sr\/","name":"Komuna e Gjakoves","description":"","publisher":{"@id":"https:\/\/gjakova.rks-gov.net\/sr\/#organization"},"alternateName":"Komuna Gjakove","potentialAction":[{"@type":"SearchAction","target":{"@type":"EntryPoint","urlTemplate":"https:\/\/gjakova.rks-gov.net\/sr\/?s={search_term_string}"},"query-input":{"@type":"PropertyValueSpecification","valueRequired":true,"valueName":"search_term_string"}}],"inLanguage":"sr-RS"},{"@type":"Organization","@id":"https:\/\/gjakova.rks-gov.net\/sr\/#organization","name":"Komuna e Gjakoves","alternateName":"Komuna Gjakove","url":"https:\/\/gjakova.rks-gov.net\/sr\/","logo":{"@type":"ImageObject","inLanguage":"sr-RS","@id":"https:\/\/gjakova.rks-gov.net\/sr\/#\/schema\/logo\/image\/","url":"https:\/\/gjakova.rks-gov.net\/wp-content\/uploads\/2024\/04\/Stema_e_Komunes_Gjakove.svg.png","contentUrl":"https:\/\/gjakova.rks-gov.net\/wp-content\/uploads\/2024\/04\/Stema_e_Komunes_Gjakove.svg.png","width":512,"height":681,"caption":"Komuna e Gjakoves"},"image":{"@id":"https:\/\/gjakova.rks-gov.net\/sr\/#\/schema\/logo\/image\/"},"sameAs":["https:\/\/www.facebook.com\/KomunaeGjakoves\/","https:\/\/www.instagram.com\/komunaegjakoves\/"]}]}},"_links":{"self":[{"href":"https:\/\/gjakova.rks-gov.net\/sr\/wp-json\/wp\/v2\/pages\/50390","targetHints":{"allow":["GET"]}}],"collection":[{"href":"https:\/\/gjakova.rks-gov.net\/sr\/wp-json\/wp\/v2\/pages"}],"about":[{"href":"https:\/\/gjakova.rks-gov.net\/sr\/wp-json\/wp\/v2\/types\/page"}],"author":[{"embeddable":true,"href":"https:\/\/gjakova.rks-gov.net\/sr\/wp-json\/wp\/v2\/users\/1"}],"replies":[{"embeddable":true,"href":"https:\/\/gjakova.rks-gov.net\/sr\/wp-json\/wp\/v2\/comments?post=50390"}],"version-history":[{"count":0,"href":"https:\/\/gjakova.rks-gov.net\/sr\/wp-json\/wp\/v2\/pages\/50390\/revisions"}],"wp:attachment":[{"href":"https:\/\/gjakova.rks-gov.net\/sr\/wp-json\/wp\/v2\/media?parent=50390"}],"wp:term":[{"taxonomy":"page-category","embeddable":true,"href":"https:\/\/gjakova.rks-gov.net\/sr\/wp-json\/wp\/v2\/page-category?post=50390"}],"curies":[{"name":"wp","href":"https:\/\/api.w.org\/{rel}","templated":true}]}}