{"id":50386,"date":"2018-10-19T07:50:30","date_gmt":"2018-10-19T05:50:30","guid":{"rendered":"https:\/\/gjakova.rks-gov.net\/odgovornosti-8\/"},"modified":"2024-08-09T10:23:05","modified_gmt":"2024-08-09T08:23:05","slug":"odgovornosti-8","status":"publish","type":"page","link":"https:\/\/gjakova.rks-gov.net\/sr\/odgovornosti-8\/","title":{"rendered":"Odgovornosti &#8211; Sektor za Zajednice i Povratak"},"content":{"rendered":"\t\t<div data-elementor-type=\"wp-page\" data-elementor-id=\"50386\" class=\"elementor elementor-50386\" data-elementor-post-type=\"page\">\n\t\t\t\t<div class=\"elementor-element elementor-element-592d652e e-con-full responsive-container e-flex e-con e-parent\" data-id=\"592d652e\" data-element_type=\"container\" data-e-type=\"container\">\n\t\t<div class=\"elementor-element elementor-element-2f5dbbbc e-con-full e-flex e-con e-child\" data-id=\"2f5dbbbc\" data-element_type=\"container\" data-e-type=\"container\" data-settings=\"{&quot;background_background&quot;:&quot;classic&quot;}\">\n\t\t\t\t<div class=\"elementor-element elementor-element-20dc91ec elementor-nav-menu--dropdown-none sidebar-menu elementor-widget elementor-widget-nav-menu\" data-id=\"20dc91ec\" data-element_type=\"widget\" data-e-type=\"widget\" data-settings=\"{&quot;layout&quot;:&quot;vertical&quot;,&quot;submenu_icon&quot;:{&quot;value&quot;:&quot;&lt;svg aria-hidden=\\&quot;true\\&quot; class=\\&quot;e-font-icon-svg e-fas-caret-down\\&quot; viewBox=\\&quot;0 0 320 512\\&quot; xmlns=\\&quot;http:\\\/\\\/www.w3.org\\\/2000\\\/svg\\&quot;&gt;&lt;path d=\\&quot;M31.3 192h257.3c17.8 0 26.7 21.5 14.1 34.1L174.1 354.8c-7.8 7.8-20.5 7.8-28.3 0L17.2 226.1C4.6 213.5 13.5 192 31.3 192z\\&quot;&gt;&lt;\\\/path&gt;&lt;\\\/svg&gt;&quot;,&quot;library&quot;:&quot;fa-solid&quot;}}\" data-widget_type=\"nav-menu.default\">\n\t\t\t\t<div class=\"elementor-widget-container\">\n\t\t\t\t\t\t\t\t<nav aria-label=\"\u0418\u0437\u0431\u043e\u0440\u043d\u0438\u043a\" class=\"elementor-nav-menu--main elementor-nav-menu__container elementor-nav-menu--layout-vertical e--pointer-none\">\n\t\t\t\t<ul id=\"menu-1-20dc91ec\" class=\"elementor-nav-menu sm-vertical\"><li class=\"menu-item menu-item-type-post_type menu-item-object-page menu-item-69246\"><a href=\"https:\/\/gjakova.rks-gov.net\/sr\/raporti-2\/\" class=\"elementor-item\">Raporti<\/a><\/li>\n<li class=\"menu-item menu-item-type-post_type menu-item-object-page menu-item-69247\"><a href=\"https:\/\/gjakova.rks-gov.net\/sr\/odgovornosti-8\/\" class=\"elementor-item\">Odgovornosti<\/a><\/li>\n<li class=\"menu-item menu-item-type-post_type menu-item-object-page menu-item-69248\"><a href=\"https:\/\/gjakova.rks-gov.net\/sr\/kontakti-11\/\" class=\"elementor-item\">Kontakti<\/a><\/li>\n<li class=\"menu-item menu-item-type-post_type menu-item-object-page menu-item-69249\"><a href=\"https:\/\/gjakova.rks-gov.net\/sr\/radni-planovi-2\/\" class=\"elementor-item\">Radni planovi<\/a><\/li>\n<\/ul>\t\t\t<\/nav>\n\t\t\t\t\t\t<nav class=\"elementor-nav-menu--dropdown elementor-nav-menu__container\" aria-hidden=\"true\">\n\t\t\t\t<ul id=\"menu-2-20dc91ec\" class=\"elementor-nav-menu sm-vertical\"><li class=\"menu-item menu-item-type-post_type menu-item-object-page menu-item-69246\"><a href=\"https:\/\/gjakova.rks-gov.net\/sr\/raporti-2\/\" class=\"elementor-item\" tabindex=\"-1\">Raporti<\/a><\/li>\n<li class=\"menu-item menu-item-type-post_type menu-item-object-page menu-item-69247\"><a href=\"https:\/\/gjakova.rks-gov.net\/sr\/odgovornosti-8\/\" class=\"elementor-item\" tabindex=\"-1\">Odgovornosti<\/a><\/li>\n<li class=\"menu-item menu-item-type-post_type menu-item-object-page menu-item-69248\"><a href=\"https:\/\/gjakova.rks-gov.net\/sr\/kontakti-11\/\" class=\"elementor-item\" tabindex=\"-1\">Kontakti<\/a><\/li>\n<li class=\"menu-item menu-item-type-post_type menu-item-object-page menu-item-69249\"><a href=\"https:\/\/gjakova.rks-gov.net\/sr\/radni-planovi-2\/\" class=\"elementor-item\" tabindex=\"-1\">Radni planovi<\/a><\/li>\n<\/ul>\t\t\t<\/nav>\n\t\t\t\t\t\t<\/div>\n\t\t\t\t<\/div>\n\t\t\t\t<\/div>\n\t\t<div class=\"elementor-element elementor-element-2439d7a8 e-con-full e-flex e-con e-child\" data-id=\"2439d7a8\" data-element_type=\"container\" data-e-type=\"container\">\n\t\t<div class=\"elementor-element elementor-element-2f69a936 e-con-full e-flex e-con e-child\" data-id=\"2f69a936\" data-element_type=\"container\" data-e-type=\"container\">\n\t\t\t\t<div class=\"elementor-element elementor-element-45841ed7 elementor-widget elementor-widget-theme-post-title elementor-page-title elementor-widget-heading\" data-id=\"45841ed7\" data-element_type=\"widget\" data-e-type=\"widget\" data-widget_type=\"theme-post-title.default\">\n\t\t\t\t<div class=\"elementor-widget-container\">\n\t\t\t\t\t<h1 class=\"elementor-heading-title elementor-size-default\">Odgovornosti &#8211; Sektor za Zajednice i Povratak<\/h1>\t\t\t\t<\/div>\n\t\t\t\t<\/div>\n\t\t\t\t<\/div>\n\t\t\t\t<div class=\"elementor-element elementor-element-0743d67 elementor-widget elementor-widget-text-editor\" data-id=\"0743d67\" data-element_type=\"widget\" data-e-type=\"widget\" data-widget_type=\"text-editor.default\">\n\t\t\t\t<div class=\"elementor-widget-container\">\n\t\t\t\t\t\t\t\t\t<p>Op\u0161tinska Kancelarija za Zajednice i Povratak funkcioni\u0161e na osnovu Pravilnika br. 02\/2010, a njena svrha je za\u0161tita i promovisanje prava zajednica, stvaranje mogu\u0107nosti da imaju jednak pristup svih zajednica u javnim slu\u017ebama kao i stvaranja uslova za odr\u017eivi povratak izbeglica, raseljenih lica iz regiona i unutar zemlje kao i lica vra\u0107enih iz zemalja Evropske Unije. Kancelarija koordinira i pru\u017ea savete nadle\u017enim organima izvr\u0161ne vlasti i predstavnika op\u0161tine, i odgovorna je za:<br \/>Promovisanje i za\u0161tite prava zajednica i njihovih \u010dlanova;<br \/>Promovi\u0161e i \u0161titi ravnopravan pristup svih zajednica u javnim slu\u017ebama;<br \/>Koordinira proces povratka i promovi\u0161e stvaranje uslova za povratak i reintegraciju raseljenih i vra\u0107enih lica u op\u0161tini;<br \/>Priprema plan odgovaraju\u0107ih mera u skladu sa op\u0161tinskim prioritetima i vlastima, da bi pomogla Op\u0161tinu u ispunjavanju svojih obaveza u vezi sa procesom povratka i reintegracije;<br \/>Identifikuje prioritetne potrebe manjinskih zajednica, razvija, obezbeduje i prati realizaciju projekata koji promovi\u0161u prava zajednica, pristup zajednicama u javnim slu\u017ebama, kao i stvaranje uslova za povratak i odr\u017eivu reintegraciju.<br \/>Koordinira sve aktivnosti sa op\u0161tinskim i centralnim dr\u017eavnim institucijama, uklju\u010duju\u0107i ali ne ograni\u010davaju\u0107i se na, Kancelariju Premijera(KP), Ministarstvo za Zajednice i Povratak (MZP), Ministarstvo za Administraciju Lokalne Uprave (MALU), Ministarstvo Unutra\u0161njih Poslova (MUP) i Ministarstvo Rada i Socijalne Za\u0161tite (MRSZ).<br \/>Nadgleda i podnesi redovne izve\u0161taje predsedniku op\u0161tine i Skup\u0161tine Op\u0161tine i institucija centralne vlade o napretku postignutom u oblasti prava zajednica, njihov jednak pristup op\u0161tinskim slu\u017ebama, povratak, ripatrijacija i reintegracija.<br \/>U skladu sa va\u017ee\u0107im propisima o za\u0161titi li\u010dnih podataka, Kancelarija odr\u017eava za statisti\u010dke svrhe i politike, elektronske podatke (baza podataka) za kategorije lica u njenoj za\u0161titi, uklju\u010duju\u0107i i pripadnika manjinskih zajednica, izbjeglice, raseljena lica, dobrovoljnih inevoljnih povratnika. Ove baze podataka bi trebalo da budu u skladu sa bazom podataka MZP, MRSZ i Ministarstva Unutra\u0161njih Poslova. Kancelarija tako\u0111e prikuplja podatke o ljudima koji se vra\u0107aju iz tre\u0107ih zemalja dobrovoljni ili prinudno\u00a0<\/p>\t\t\t\t\t\t\t\t<\/div>\n\t\t\t\t<\/div>\n\t\t\t\t<\/div>\n\t\t\t\t<\/div>\n\t\t\t\t<\/div>\n\t\t","protected":false},"excerpt":{"rendered":"<p>Op\u0161tinska Kancelarija za Zajednice i Povratak funkcioni\u0161e na osnovu Pravilnika br. 02\/2010, a njena svrha je za\u0161tita i promovisanje prava zajednica, stvaranje mogu\u0107nosti da imaju jednak pristup svih zajednica u javnim slu\u017ebama kao i stvaranja uslova za odr\u017eivi povratak izbeglica, raseljenih lica iz regiona i unutar zemlje kao i lica vra\u0107enih iz zemalja Evropske Unije. [&hellip;]<\/p>\n","protected":false},"author":1,"featured_media":0,"parent":0,"menu_order":0,"comment_status":"open","ping_status":"closed","template":"","meta":{"_acf_changed":false,"footnotes":""},"page-category":[],"class_list":["post-50386","page","type-page","status-publish","hentry"],"acf":[],"yoast_head":"<!-- This site is optimized with the Yoast SEO plugin v27.4 - https:\/\/yoast.com\/product\/yoast-seo-wordpress\/ -->\n<title>Odgovornosti - Sektor za Zajednice i Povratak - Op\u0161tine \u0110akovica<\/title>\n<meta name=\"robots\" content=\"index, follow, max-snippet:-1, max-image-preview:large, max-video-preview:-1\" \/>\n<link rel=\"canonical\" href=\"https:\/\/gjakova.rks-gov.net\/sr\/odgovornosti-8\/\" \/>\n<meta property=\"og:locale\" content=\"sr_RS\" \/>\n<meta property=\"og:type\" content=\"article\" \/>\n<meta property=\"og:title\" content=\"Odgovornosti - Sektor za Zajednice i Povratak - Op\u0161tine \u0110akovica\" \/>\n<meta property=\"og:description\" content=\"Op\u0161tinska Kancelarija za Zajednice i Povratak funkcioni\u0161e na osnovu Pravilnika br. 02\/2010, a njena svrha je za\u0161tita i promovisanje prava zajednica, stvaranje mogu\u0107nosti da imaju jednak pristup svih zajednica u javnim slu\u017ebama kao i stvaranja uslova za odr\u017eivi povratak izbeglica, raseljenih lica iz regiona i unutar zemlje kao i lica vra\u0107enih iz zemalja Evropske Unije. [&hellip;]\" \/>\n<meta property=\"og:url\" content=\"https:\/\/gjakova.rks-gov.net\/sr\/odgovornosti-8\/\" \/>\n<meta property=\"og:site_name\" content=\"Op\u0161tine \u0110akovica\" \/>\n<meta property=\"article:publisher\" content=\"https:\/\/www.facebook.com\/KomunaeGjakoves\/\" \/>\n<meta property=\"article:modified_time\" content=\"2024-08-09T08:23:05+00:00\" \/>\n<meta name=\"twitter:card\" content=\"summary_large_image\" \/>\n<meta name=\"twitter:label1\" content=\"\u041f\u0440\u043e\u0446\u0435\u045a\u0435\u043d\u043e \u0432\u0440\u0435\u043c\u0435 \u0447\u0438\u0442\u0430\u045a\u0430\" \/>\n\t<meta name=\"twitter:data1\" content=\"2 \u043c\u0438\u043d\u0443\u0442\u0430\" \/>\n<script type=\"application\/ld+json\" class=\"yoast-schema-graph\">{\"@context\":\"https:\\\/\\\/schema.org\",\"@graph\":[{\"@type\":\"WebPage\",\"@id\":\"https:\\\/\\\/gjakova.rks-gov.net\\\/sr\\\/odgovornosti-8\\\/\",\"url\":\"https:\\\/\\\/gjakova.rks-gov.net\\\/sr\\\/odgovornosti-8\\\/\",\"name\":\"Odgovornosti - Sektor za Zajednice i Povratak - Op\u0161tine \u0110akovica\",\"isPartOf\":{\"@id\":\"https:\\\/\\\/gjakova.rks-gov.net\\\/sr\\\/#website\"},\"datePublished\":\"2018-10-19T05:50:30+00:00\",\"dateModified\":\"2024-08-09T08:23:05+00:00\",\"breadcrumb\":{\"@id\":\"https:\\\/\\\/gjakova.rks-gov.net\\\/sr\\\/odgovornosti-8\\\/#breadcrumb\"},\"inLanguage\":\"sr-RS\",\"potentialAction\":[{\"@type\":\"ReadAction\",\"target\":[\"https:\\\/\\\/gjakova.rks-gov.net\\\/sr\\\/odgovornosti-8\\\/\"]}]},{\"@type\":\"BreadcrumbList\",\"@id\":\"https:\\\/\\\/gjakova.rks-gov.net\\\/sr\\\/odgovornosti-8\\\/#breadcrumb\",\"itemListElement\":[{\"@type\":\"ListItem\",\"position\":1,\"name\":\"Home\",\"item\":\"https:\\\/\\\/gjakova.rks-gov.net\\\/sr\\\/\"},{\"@type\":\"ListItem\",\"position\":2,\"name\":\"Odgovornosti &#8211; Sektor za Zajednice i Povratak\"}]},{\"@type\":\"WebSite\",\"@id\":\"https:\\\/\\\/gjakova.rks-gov.net\\\/sr\\\/#website\",\"url\":\"https:\\\/\\\/gjakova.rks-gov.net\\\/sr\\\/\",\"name\":\"Komuna e Gjakoves\",\"description\":\"\",\"publisher\":{\"@id\":\"https:\\\/\\\/gjakova.rks-gov.net\\\/sr\\\/#organization\"},\"alternateName\":\"Komuna Gjakove\",\"potentialAction\":[{\"@type\":\"SearchAction\",\"target\":{\"@type\":\"EntryPoint\",\"urlTemplate\":\"https:\\\/\\\/gjakova.rks-gov.net\\\/sr\\\/?s={search_term_string}\"},\"query-input\":{\"@type\":\"PropertyValueSpecification\",\"valueRequired\":true,\"valueName\":\"search_term_string\"}}],\"inLanguage\":\"sr-RS\"},{\"@type\":\"Organization\",\"@id\":\"https:\\\/\\\/gjakova.rks-gov.net\\\/sr\\\/#organization\",\"name\":\"Komuna e Gjakoves\",\"alternateName\":\"Komuna Gjakove\",\"url\":\"https:\\\/\\\/gjakova.rks-gov.net\\\/sr\\\/\",\"logo\":{\"@type\":\"ImageObject\",\"inLanguage\":\"sr-RS\",\"@id\":\"https:\\\/\\\/gjakova.rks-gov.net\\\/sr\\\/#\\\/schema\\\/logo\\\/image\\\/\",\"url\":\"https:\\\/\\\/gjakova.rks-gov.net\\\/wp-content\\\/uploads\\\/2024\\\/04\\\/Stema_e_Komunes_Gjakove.svg.png\",\"contentUrl\":\"https:\\\/\\\/gjakova.rks-gov.net\\\/wp-content\\\/uploads\\\/2024\\\/04\\\/Stema_e_Komunes_Gjakove.svg.png\",\"width\":512,\"height\":681,\"caption\":\"Komuna e Gjakoves\"},\"image\":{\"@id\":\"https:\\\/\\\/gjakova.rks-gov.net\\\/sr\\\/#\\\/schema\\\/logo\\\/image\\\/\"},\"sameAs\":[\"https:\\\/\\\/www.facebook.com\\\/KomunaeGjakoves\\\/\",\"https:\\\/\\\/www.instagram.com\\\/komunaegjakoves\\\/\"]}]}<\/script>\n<!-- \/ Yoast SEO plugin. -->","yoast_head_json":{"title":"Odgovornosti - Sektor za Zajednice i Povratak - Op\u0161tine \u0110akovica","robots":{"index":"index","follow":"follow","max-snippet":"max-snippet:-1","max-image-preview":"max-image-preview:large","max-video-preview":"max-video-preview:-1"},"canonical":"https:\/\/gjakova.rks-gov.net\/sr\/odgovornosti-8\/","og_locale":"sr_RS","og_type":"article","og_title":"Odgovornosti - Sektor za Zajednice i Povratak - Op\u0161tine \u0110akovica","og_description":"Op\u0161tinska Kancelarija za Zajednice i Povratak funkcioni\u0161e na osnovu Pravilnika br. 02\/2010, a njena svrha je za\u0161tita i promovisanje prava zajednica, stvaranje mogu\u0107nosti da imaju jednak pristup svih zajednica u javnim slu\u017ebama kao i stvaranja uslova za odr\u017eivi povratak izbeglica, raseljenih lica iz regiona i unutar zemlje kao i lica vra\u0107enih iz zemalja Evropske Unije. [&hellip;]","og_url":"https:\/\/gjakova.rks-gov.net\/sr\/odgovornosti-8\/","og_site_name":"Op\u0161tine \u0110akovica","article_publisher":"https:\/\/www.facebook.com\/KomunaeGjakoves\/","article_modified_time":"2024-08-09T08:23:05+00:00","twitter_card":"summary_large_image","twitter_misc":{"\u041f\u0440\u043e\u0446\u0435\u045a\u0435\u043d\u043e \u0432\u0440\u0435\u043c\u0435 \u0447\u0438\u0442\u0430\u045a\u0430":"2 \u043c\u0438\u043d\u0443\u0442\u0430"},"schema":{"@context":"https:\/\/schema.org","@graph":[{"@type":"WebPage","@id":"https:\/\/gjakova.rks-gov.net\/sr\/odgovornosti-8\/","url":"https:\/\/gjakova.rks-gov.net\/sr\/odgovornosti-8\/","name":"Odgovornosti - Sektor za Zajednice i Povratak - Op\u0161tine \u0110akovica","isPartOf":{"@id":"https:\/\/gjakova.rks-gov.net\/sr\/#website"},"datePublished":"2018-10-19T05:50:30+00:00","dateModified":"2024-08-09T08:23:05+00:00","breadcrumb":{"@id":"https:\/\/gjakova.rks-gov.net\/sr\/odgovornosti-8\/#breadcrumb"},"inLanguage":"sr-RS","potentialAction":[{"@type":"ReadAction","target":["https:\/\/gjakova.rks-gov.net\/sr\/odgovornosti-8\/"]}]},{"@type":"BreadcrumbList","@id":"https:\/\/gjakova.rks-gov.net\/sr\/odgovornosti-8\/#breadcrumb","itemListElement":[{"@type":"ListItem","position":1,"name":"Home","item":"https:\/\/gjakova.rks-gov.net\/sr\/"},{"@type":"ListItem","position":2,"name":"Odgovornosti &#8211; Sektor za Zajednice i Povratak"}]},{"@type":"WebSite","@id":"https:\/\/gjakova.rks-gov.net\/sr\/#website","url":"https:\/\/gjakova.rks-gov.net\/sr\/","name":"Komuna e Gjakoves","description":"","publisher":{"@id":"https:\/\/gjakova.rks-gov.net\/sr\/#organization"},"alternateName":"Komuna Gjakove","potentialAction":[{"@type":"SearchAction","target":{"@type":"EntryPoint","urlTemplate":"https:\/\/gjakova.rks-gov.net\/sr\/?s={search_term_string}"},"query-input":{"@type":"PropertyValueSpecification","valueRequired":true,"valueName":"search_term_string"}}],"inLanguage":"sr-RS"},{"@type":"Organization","@id":"https:\/\/gjakova.rks-gov.net\/sr\/#organization","name":"Komuna e Gjakoves","alternateName":"Komuna Gjakove","url":"https:\/\/gjakova.rks-gov.net\/sr\/","logo":{"@type":"ImageObject","inLanguage":"sr-RS","@id":"https:\/\/gjakova.rks-gov.net\/sr\/#\/schema\/logo\/image\/","url":"https:\/\/gjakova.rks-gov.net\/wp-content\/uploads\/2024\/04\/Stema_e_Komunes_Gjakove.svg.png","contentUrl":"https:\/\/gjakova.rks-gov.net\/wp-content\/uploads\/2024\/04\/Stema_e_Komunes_Gjakove.svg.png","width":512,"height":681,"caption":"Komuna e Gjakoves"},"image":{"@id":"https:\/\/gjakova.rks-gov.net\/sr\/#\/schema\/logo\/image\/"},"sameAs":["https:\/\/www.facebook.com\/KomunaeGjakoves\/","https:\/\/www.instagram.com\/komunaegjakoves\/"]}]}},"_links":{"self":[{"href":"https:\/\/gjakova.rks-gov.net\/sr\/wp-json\/wp\/v2\/pages\/50386","targetHints":{"allow":["GET"]}}],"collection":[{"href":"https:\/\/gjakova.rks-gov.net\/sr\/wp-json\/wp\/v2\/pages"}],"about":[{"href":"https:\/\/gjakova.rks-gov.net\/sr\/wp-json\/wp\/v2\/types\/page"}],"author":[{"embeddable":true,"href":"https:\/\/gjakova.rks-gov.net\/sr\/wp-json\/wp\/v2\/users\/1"}],"replies":[{"embeddable":true,"href":"https:\/\/gjakova.rks-gov.net\/sr\/wp-json\/wp\/v2\/comments?post=50386"}],"version-history":[{"count":4,"href":"https:\/\/gjakova.rks-gov.net\/sr\/wp-json\/wp\/v2\/pages\/50386\/revisions"}],"predecessor-version":[{"id":69388,"href":"https:\/\/gjakova.rks-gov.net\/sr\/wp-json\/wp\/v2\/pages\/50386\/revisions\/69388"}],"wp:attachment":[{"href":"https:\/\/gjakova.rks-gov.net\/sr\/wp-json\/wp\/v2\/media?parent=50386"}],"wp:term":[{"taxonomy":"page-category","embeddable":true,"href":"https:\/\/gjakova.rks-gov.net\/sr\/wp-json\/wp\/v2\/page-category?post=50386"}],"curies":[{"name":"wp","href":"https:\/\/api.w.org\/{rel}","templated":true}]}}