{"id":50372,"date":"2018-10-19T06:54:13","date_gmt":"2018-10-19T04:54:13","guid":{"rendered":"https:\/\/gjakova.rks-gov.net\/odgovornosti-5\/"},"modified":"2024-08-09T09:54:47","modified_gmt":"2024-08-09T07:54:47","slug":"odgovornosti-5","status":"publish","type":"page","link":"https:\/\/gjakova.rks-gov.net\/sr\/odgovornosti-5\/","title":{"rendered":"Odgovornosti- Sektor za Ljudska Prava i Ravnopravnost Polova"},"content":{"rendered":"\t\t<div data-elementor-type=\"wp-page\" data-elementor-id=\"50372\" class=\"elementor elementor-50372\" data-elementor-post-type=\"page\">\n\t\t\t\t<div class=\"elementor-element elementor-element-35f3a25d e-con-full responsive-container e-flex e-con e-parent\" data-id=\"35f3a25d\" data-element_type=\"container\" data-e-type=\"container\">\n\t\t<div class=\"elementor-element elementor-element-24b06385 e-con-full e-flex e-con e-child\" data-id=\"24b06385\" data-element_type=\"container\" data-e-type=\"container\" data-settings=\"{&quot;background_background&quot;:&quot;classic&quot;}\">\n\t\t\t\t<div class=\"elementor-element elementor-element-40885e4 elementor-nav-menu--dropdown-none sidebar-menu elementor-widget elementor-widget-nav-menu\" data-id=\"40885e4\" data-element_type=\"widget\" data-e-type=\"widget\" data-settings=\"{&quot;layout&quot;:&quot;vertical&quot;,&quot;submenu_icon&quot;:{&quot;value&quot;:&quot;&lt;svg aria-hidden=\\&quot;true\\&quot; class=\\&quot;e-font-icon-svg e-fas-caret-down\\&quot; viewBox=\\&quot;0 0 320 512\\&quot; xmlns=\\&quot;http:\\\/\\\/www.w3.org\\\/2000\\\/svg\\&quot;&gt;&lt;path d=\\&quot;M31.3 192h257.3c17.8 0 26.7 21.5 14.1 34.1L174.1 354.8c-7.8 7.8-20.5 7.8-28.3 0L17.2 226.1C4.6 213.5 13.5 192 31.3 192z\\&quot;&gt;&lt;\\\/path&gt;&lt;\\\/svg&gt;&quot;,&quot;library&quot;:&quot;fa-solid&quot;}}\" data-widget_type=\"nav-menu.default\">\n\t\t\t\t<div class=\"elementor-widget-container\">\n\t\t\t\t\t\t\t\t<nav aria-label=\"\u0418\u0437\u0431\u043e\u0440\u043d\u0438\u043a\" class=\"elementor-nav-menu--main elementor-nav-menu__container elementor-nav-menu--layout-vertical e--pointer-none\">\n\t\t\t\t<ul id=\"menu-1-40885e4\" class=\"elementor-nav-menu sm-vertical\"><li class=\"menu-item menu-item-type-post_type menu-item-object-page menu-item-69228\"><a href=\"https:\/\/gjakova.rks-gov.net\/sr\/izvestaji-5\/\" class=\"elementor-item\">Izve\u0161taji<\/a><\/li>\n<li class=\"menu-item menu-item-type-post_type menu-item-object-page menu-item-69229\"><a href=\"https:\/\/gjakova.rks-gov.net\/sr\/kontakti-7\/\" class=\"elementor-item\">Kontakti<\/a><\/li>\n<li class=\"menu-item menu-item-type-post_type menu-item-object-page menu-item-69231\"><a href=\"https:\/\/gjakova.rks-gov.net\/sr\/radni-planovi-3\/\" class=\"elementor-item\">Radni planovi<\/a><\/li>\n<li class=\"menu-item menu-item-type-post_type menu-item-object-page menu-item-69232\"><a href=\"https:\/\/gjakova.rks-gov.net\/sr\/odgovornosti-5\/\" class=\"elementor-item\">Odgovornosti<\/a><\/li>\n<\/ul>\t\t\t<\/nav>\n\t\t\t\t\t\t<nav class=\"elementor-nav-menu--dropdown elementor-nav-menu__container\" aria-hidden=\"true\">\n\t\t\t\t<ul id=\"menu-2-40885e4\" class=\"elementor-nav-menu sm-vertical\"><li class=\"menu-item menu-item-type-post_type menu-item-object-page menu-item-69228\"><a href=\"https:\/\/gjakova.rks-gov.net\/sr\/izvestaji-5\/\" class=\"elementor-item\" tabindex=\"-1\">Izve\u0161taji<\/a><\/li>\n<li class=\"menu-item menu-item-type-post_type menu-item-object-page menu-item-69229\"><a href=\"https:\/\/gjakova.rks-gov.net\/sr\/kontakti-7\/\" class=\"elementor-item\" tabindex=\"-1\">Kontakti<\/a><\/li>\n<li class=\"menu-item menu-item-type-post_type menu-item-object-page menu-item-69231\"><a href=\"https:\/\/gjakova.rks-gov.net\/sr\/radni-planovi-3\/\" class=\"elementor-item\" tabindex=\"-1\">Radni planovi<\/a><\/li>\n<li class=\"menu-item menu-item-type-post_type menu-item-object-page menu-item-69232\"><a href=\"https:\/\/gjakova.rks-gov.net\/sr\/odgovornosti-5\/\" class=\"elementor-item\" tabindex=\"-1\">Odgovornosti<\/a><\/li>\n<\/ul>\t\t\t<\/nav>\n\t\t\t\t\t\t<\/div>\n\t\t\t\t<\/div>\n\t\t\t\t<\/div>\n\t\t<div class=\"elementor-element elementor-element-44aeb5e4 e-con-full e-flex e-con e-child\" data-id=\"44aeb5e4\" data-element_type=\"container\" data-e-type=\"container\">\n\t\t<div class=\"elementor-element elementor-element-50bb6bcf e-con-full e-flex e-con e-child\" data-id=\"50bb6bcf\" data-element_type=\"container\" data-e-type=\"container\">\n\t\t\t\t<div class=\"elementor-element elementor-element-2d20ab0b elementor-widget elementor-widget-theme-post-title elementor-page-title elementor-widget-heading\" data-id=\"2d20ab0b\" data-element_type=\"widget\" data-e-type=\"widget\" data-widget_type=\"theme-post-title.default\">\n\t\t\t\t<div class=\"elementor-widget-container\">\n\t\t\t\t\t<h1 class=\"elementor-heading-title elementor-size-default\">Odgovornosti- Sektor za Ljudska Prava i Ravnopravnost Polova<\/h1>\t\t\t\t<\/div>\n\t\t\t\t<\/div>\n\t\t\t\t<\/div>\n\t\t\t\t<div class=\"elementor-element elementor-element-4bd6792 elementor-widget elementor-widget-text-editor\" data-id=\"4bd6792\" data-element_type=\"widget\" data-e-type=\"widget\" data-widget_type=\"text-editor.default\">\n\t\t\t\t<div class=\"elementor-widget-container\">\n\t\t\t\t\t\t\t\t\t<p>Odgovornosti koordinatora jedinice za ljudskih prava &#8211; PR<br \/>Sa Administrativnim Upustvom-MALS &#8211; Nr. 208\/02 za uspostavljanje Jedinica za Ljudska Prava u Op\u0161tinama, i sa Statutom Op\u0161tine je predvi\u0111eno osnivanje Jedinice za Ljudska Prava, kao odr\u017eiv i odgovoran mehanizam za promociju i za\u0161titu ljudskih prava na op\u0161tinskom nivou, u skladu sa me\u0111unarodnim standardima i politikama Kosovskih Institucija. Ova kancelarija, kao deo op\u0161tinske institucije kao svog delokruga ima punu promociju ljudskih prava,ravnopravnosti polova, za\u0161tite de\u010dijih prava, osoba sa invaliditetom i zajednica<br \/>Glavni Zadaci:<br \/>\u2022 Zadatak 1: Preduzima sve neophodne mere koje se odnose na za\u0161titu i promociju ljudskih prava na op\u0161tinskom nivou;<br \/>\u2022 Zadatak 2: Koordinira, vodi i nadgleda politiku op\u0161tine u oblasti ljudskih prava, uklju\u010duju\u0107i i po\u0161tovanje politika ravnopravnosti polova, prava zajednica, upotreba jezika, jednakih mogu\u0107nosti, sprovo\u0111enje politike za osobe sa invaliditetom, prava dece, protiv diskriminacije i borbu protiv trgovine ljudima;<br \/>\u2022 Zadatak 3: Predstavlja op\u0161tinu u planiranju, kreiranju i sprovo\u0111enju strategija koja se bave LP<br \/>\u2022 Zadatak 4: Planira i priprema plan rada za OJLP.<br \/>\u2022 Zadatak 5: Koordinira projekte i druge aktivnosti u op\u0161tini koje se odnose na po\u0161tovanje ljudskih prava;<br \/>\u2022 Zadatak 6; Upravlja osobljem OJLP;<br \/>\u2022 Zadatak 7: Saraduje sa drugim organizacijama i lokalnim i me\u0111unarodnim institucijama i nevladinim organizacijama u realizaciji projekata i drugih aktivnosti, u ostvarivanju ljudskih prava;<br \/>\u2022 Zadatak 8: Koordinira aktivnosti za Ljudska Pava sa Divizijom za Ljudska Prava u Ministarstvu za Lokalnu Samoupravu (MLS) i priprema periodi\u010dne izve\u0161taje i po zahtevu.<br \/>\u2022 Zadatak 9: Dizajnira i predla\u017ee revizijske politike za postizanje ravnopravnosti polova, prava zajednica, jednakih mogu\u0107nosti, sprovo\u0111enje politika za osobe sa invaliditetom, prava dece i upotreba jezika;<br \/>\u2022 Zadatak 10: Sara\u0111uje sa drugim zvani\u010dnicima u op\u0161tini i prikuplja podatke o trenutnoj situaciji u op\u0161tini i sastavlja izve\u0161taje za Direktorijat Administracije i Personala kao i koordinatora za Ljudska Prava u MALS.<br \/>\u2022 Zadatak 11: Vr\u0161i procenu potrebe za izgradnju kapaciteta u oblasti ljudskih prava u op\u0161tini.<br \/>\u2022 12. Glavni Zadaci: (kratak opis glavnih zadataka, razvrstanih po zna\u010daju i opis proporcije vremena koje treba da se potro\u0161i za svaki zadatak)<\/p><p>Odgovornosti Slu\u017ebenika\/ce za RP<\/p><p>\u2022 Zadatak 1: Koordinira i nadgleda sve aktivnosti koje promovi\u0161u ravnopravnost polova u op\u0161tini;<br \/>\u2022 Zadatak 2: Doprinosi formulisanju planova i politika unutar op\u0161tine koje se odnose na ravnopravnost polova<br \/>\u2022 Zadatak 3: U\u010destvujte u panelu za zapo\u0161ljavanja civilnih slu\u017ebenika u op\u0161tini, kako bi se osiguralo po\u0161tovanje ravnopravnosti polova;<br \/>\u2022 Zadatak 4: Vodi Osnovne- statistike podataka, i analizira ih iz perspektive polova<br \/>\u2022 Zadatak 5: Pokrenuti programe i projekte za unapre\u0111enje polne zastupljenosti u civilnoj slu\u017ebi u op\u0161tini, uklju\u010duju\u0107i unapre\u0111enje polo\u017eaja \u017eena na vi\u0161im strukturama civilnih slu\u017ebi;<br \/>\u2022 Zadatak 6: U\u010destvuje u izradi pravnih akata koje je izdala op\u0161tina, osiguravaju\u0107i da su zakoni u skladu sa osnovnim principima ljudskih prava, odnosno \u017eena;<br \/>\u2022 Zadatak 7: Saradnja sa svim strukturama na lokalnom nivou da bi napredovali i \u0161titili prava \u017eena<br \/>\u2022 Zadatak 8: Poma\u017ee podr\u0161ku i obuku \u010diji je cilj podizanje svesti za unapre\u0111enje ravnopravnosti polova u op\u0161tini;<br \/>\u2022 Zadatak 9: Savetuje i vodi op\u0161tinske organe o pitanjima polova i po\u0161tovanje prava \u017eena;<br \/>\u2022 Zadatak 10: Zastupa op\u0161tinu u sastancima vezanim za pitanja polova;<br \/>\u2022 Zadatak 11: Sara\u0111uje sa zvani\u010dnikom-com za ravnopravnost polova MALS i sa Agencijom za Ravnopravnost Polova Kosova, Kancelarijom Premijera \/ Kancelarijom za dobro Upravljanje i Ljudskih prava<br \/>\u2022 Zadatak 12: U\u010destvuje u koordinaciji lokalnih i me\u0111unarodnih nevladinih organizacija i radi na razvoju i napredovanju u vezi pitanja polova;<br \/>\u2022 Zadatak 13: Priprema mese\u010dne i godi\u0161nje izve\u0161taje o pitanjima polova u op\u0161tini, i prosleduje u APR i MALU, KM\/KDULJP<br \/>\u2022 Zadatak 14: Prema potrebi obavlja i druge poslove koji se odnose na pitanja polova, a koje su u nadle\u017enosti op\u0161tine\u00a0<\/p>\t\t\t\t\t\t\t\t<\/div>\n\t\t\t\t<\/div>\n\t\t\t\t<\/div>\n\t\t\t\t<\/div>\n\t\t\t\t<\/div>\n\t\t","protected":false},"excerpt":{"rendered":"<p>Odgovornosti koordinatora jedinice za ljudskih prava &#8211; PRSa Administrativnim Upustvom-MALS &#8211; Nr. 208\/02 za uspostavljanje Jedinica za Ljudska Prava u Op\u0161tinama, i sa Statutom Op\u0161tine je predvi\u0111eno osnivanje Jedinice za Ljudska Prava, kao odr\u017eiv i odgovoran mehanizam za promociju i za\u0161titu ljudskih prava na op\u0161tinskom nivou, u skladu sa me\u0111unarodnim standardima i politikama Kosovskih Institucija. [&hellip;]<\/p>\n","protected":false},"author":1,"featured_media":0,"parent":0,"menu_order":0,"comment_status":"open","ping_status":"closed","template":"","meta":{"_acf_changed":false,"footnotes":""},"page-category":[],"class_list":["post-50372","page","type-page","status-publish","hentry"],"acf":[],"yoast_head":"<!-- This site is optimized with the Yoast SEO plugin v27.4 - https:\/\/yoast.com\/product\/yoast-seo-wordpress\/ -->\n<title>Odgovornosti- Sektor za Ljudska Prava i Ravnopravnost Polova - Op\u0161tine \u0110akovica<\/title>\n<meta name=\"robots\" content=\"index, follow, max-snippet:-1, max-image-preview:large, max-video-preview:-1\" \/>\n<link rel=\"canonical\" href=\"https:\/\/gjakova.rks-gov.net\/sr\/odgovornosti-5\/\" \/>\n<meta property=\"og:locale\" content=\"sr_RS\" \/>\n<meta property=\"og:type\" content=\"article\" \/>\n<meta property=\"og:title\" content=\"Odgovornosti- Sektor za Ljudska Prava i Ravnopravnost Polova - Op\u0161tine \u0110akovica\" \/>\n<meta property=\"og:description\" content=\"Odgovornosti koordinatora jedinice za ljudskih prava &#8211; PRSa Administrativnim Upustvom-MALS &#8211; Nr. 208\/02 za uspostavljanje Jedinica za Ljudska Prava u Op\u0161tinama, i sa Statutom Op\u0161tine je predvi\u0111eno osnivanje Jedinice za Ljudska Prava, kao odr\u017eiv i odgovoran mehanizam za promociju i za\u0161titu ljudskih prava na op\u0161tinskom nivou, u skladu sa me\u0111unarodnim standardima i politikama Kosovskih Institucija. [&hellip;]\" \/>\n<meta property=\"og:url\" content=\"https:\/\/gjakova.rks-gov.net\/sr\/odgovornosti-5\/\" \/>\n<meta property=\"og:site_name\" content=\"Op\u0161tine \u0110akovica\" \/>\n<meta property=\"article:publisher\" content=\"https:\/\/www.facebook.com\/KomunaeGjakoves\/\" \/>\n<meta property=\"article:modified_time\" content=\"2024-08-09T07:54:47+00:00\" \/>\n<meta name=\"twitter:card\" content=\"summary_large_image\" \/>\n<meta name=\"twitter:label1\" content=\"\u041f\u0440\u043e\u0446\u0435\u045a\u0435\u043d\u043e \u0432\u0440\u0435\u043c\u0435 \u0447\u0438\u0442\u0430\u045a\u0430\" \/>\n\t<meta name=\"twitter:data1\" content=\"3 \u043c\u0438\u043d\u0443\u0442\u0430\" \/>\n<script type=\"application\/ld+json\" class=\"yoast-schema-graph\">{\"@context\":\"https:\\\/\\\/schema.org\",\"@graph\":[{\"@type\":\"WebPage\",\"@id\":\"https:\\\/\\\/gjakova.rks-gov.net\\\/sr\\\/odgovornosti-5\\\/\",\"url\":\"https:\\\/\\\/gjakova.rks-gov.net\\\/sr\\\/odgovornosti-5\\\/\",\"name\":\"Odgovornosti- Sektor za Ljudska Prava i Ravnopravnost Polova - Op\u0161tine \u0110akovica\",\"isPartOf\":{\"@id\":\"https:\\\/\\\/gjakova.rks-gov.net\\\/sr\\\/#website\"},\"datePublished\":\"2018-10-19T04:54:13+00:00\",\"dateModified\":\"2024-08-09T07:54:47+00:00\",\"breadcrumb\":{\"@id\":\"https:\\\/\\\/gjakova.rks-gov.net\\\/sr\\\/odgovornosti-5\\\/#breadcrumb\"},\"inLanguage\":\"sr-RS\",\"potentialAction\":[{\"@type\":\"ReadAction\",\"target\":[\"https:\\\/\\\/gjakova.rks-gov.net\\\/sr\\\/odgovornosti-5\\\/\"]}]},{\"@type\":\"BreadcrumbList\",\"@id\":\"https:\\\/\\\/gjakova.rks-gov.net\\\/sr\\\/odgovornosti-5\\\/#breadcrumb\",\"itemListElement\":[{\"@type\":\"ListItem\",\"position\":1,\"name\":\"Home\",\"item\":\"https:\\\/\\\/gjakova.rks-gov.net\\\/sr\\\/\"},{\"@type\":\"ListItem\",\"position\":2,\"name\":\"Odgovornosti- Sektor za Ljudska Prava i Ravnopravnost Polova\"}]},{\"@type\":\"WebSite\",\"@id\":\"https:\\\/\\\/gjakova.rks-gov.net\\\/sr\\\/#website\",\"url\":\"https:\\\/\\\/gjakova.rks-gov.net\\\/sr\\\/\",\"name\":\"Komuna e Gjakoves\",\"description\":\"\",\"publisher\":{\"@id\":\"https:\\\/\\\/gjakova.rks-gov.net\\\/sr\\\/#organization\"},\"alternateName\":\"Komuna Gjakove\",\"potentialAction\":[{\"@type\":\"SearchAction\",\"target\":{\"@type\":\"EntryPoint\",\"urlTemplate\":\"https:\\\/\\\/gjakova.rks-gov.net\\\/sr\\\/?s={search_term_string}\"},\"query-input\":{\"@type\":\"PropertyValueSpecification\",\"valueRequired\":true,\"valueName\":\"search_term_string\"}}],\"inLanguage\":\"sr-RS\"},{\"@type\":\"Organization\",\"@id\":\"https:\\\/\\\/gjakova.rks-gov.net\\\/sr\\\/#organization\",\"name\":\"Komuna e Gjakoves\",\"alternateName\":\"Komuna Gjakove\",\"url\":\"https:\\\/\\\/gjakova.rks-gov.net\\\/sr\\\/\",\"logo\":{\"@type\":\"ImageObject\",\"inLanguage\":\"sr-RS\",\"@id\":\"https:\\\/\\\/gjakova.rks-gov.net\\\/sr\\\/#\\\/schema\\\/logo\\\/image\\\/\",\"url\":\"https:\\\/\\\/gjakova.rks-gov.net\\\/wp-content\\\/uploads\\\/2024\\\/04\\\/Stema_e_Komunes_Gjakove.svg.png\",\"contentUrl\":\"https:\\\/\\\/gjakova.rks-gov.net\\\/wp-content\\\/uploads\\\/2024\\\/04\\\/Stema_e_Komunes_Gjakove.svg.png\",\"width\":512,\"height\":681,\"caption\":\"Komuna e Gjakoves\"},\"image\":{\"@id\":\"https:\\\/\\\/gjakova.rks-gov.net\\\/sr\\\/#\\\/schema\\\/logo\\\/image\\\/\"},\"sameAs\":[\"https:\\\/\\\/www.facebook.com\\\/KomunaeGjakoves\\\/\",\"https:\\\/\\\/www.instagram.com\\\/komunaegjakoves\\\/\"]}]}<\/script>\n<!-- \/ Yoast SEO plugin. -->","yoast_head_json":{"title":"Odgovornosti- Sektor za Ljudska Prava i Ravnopravnost Polova - Op\u0161tine \u0110akovica","robots":{"index":"index","follow":"follow","max-snippet":"max-snippet:-1","max-image-preview":"max-image-preview:large","max-video-preview":"max-video-preview:-1"},"canonical":"https:\/\/gjakova.rks-gov.net\/sr\/odgovornosti-5\/","og_locale":"sr_RS","og_type":"article","og_title":"Odgovornosti- Sektor za Ljudska Prava i Ravnopravnost Polova - Op\u0161tine \u0110akovica","og_description":"Odgovornosti koordinatora jedinice za ljudskih prava &#8211; PRSa Administrativnim Upustvom-MALS &#8211; Nr. 208\/02 za uspostavljanje Jedinica za Ljudska Prava u Op\u0161tinama, i sa Statutom Op\u0161tine je predvi\u0111eno osnivanje Jedinice za Ljudska Prava, kao odr\u017eiv i odgovoran mehanizam za promociju i za\u0161titu ljudskih prava na op\u0161tinskom nivou, u skladu sa me\u0111unarodnim standardima i politikama Kosovskih Institucija. [&hellip;]","og_url":"https:\/\/gjakova.rks-gov.net\/sr\/odgovornosti-5\/","og_site_name":"Op\u0161tine \u0110akovica","article_publisher":"https:\/\/www.facebook.com\/KomunaeGjakoves\/","article_modified_time":"2024-08-09T07:54:47+00:00","twitter_card":"summary_large_image","twitter_misc":{"\u041f\u0440\u043e\u0446\u0435\u045a\u0435\u043d\u043e \u0432\u0440\u0435\u043c\u0435 \u0447\u0438\u0442\u0430\u045a\u0430":"3 \u043c\u0438\u043d\u0443\u0442\u0430"},"schema":{"@context":"https:\/\/schema.org","@graph":[{"@type":"WebPage","@id":"https:\/\/gjakova.rks-gov.net\/sr\/odgovornosti-5\/","url":"https:\/\/gjakova.rks-gov.net\/sr\/odgovornosti-5\/","name":"Odgovornosti- Sektor za Ljudska Prava i Ravnopravnost Polova - Op\u0161tine \u0110akovica","isPartOf":{"@id":"https:\/\/gjakova.rks-gov.net\/sr\/#website"},"datePublished":"2018-10-19T04:54:13+00:00","dateModified":"2024-08-09T07:54:47+00:00","breadcrumb":{"@id":"https:\/\/gjakova.rks-gov.net\/sr\/odgovornosti-5\/#breadcrumb"},"inLanguage":"sr-RS","potentialAction":[{"@type":"ReadAction","target":["https:\/\/gjakova.rks-gov.net\/sr\/odgovornosti-5\/"]}]},{"@type":"BreadcrumbList","@id":"https:\/\/gjakova.rks-gov.net\/sr\/odgovornosti-5\/#breadcrumb","itemListElement":[{"@type":"ListItem","position":1,"name":"Home","item":"https:\/\/gjakova.rks-gov.net\/sr\/"},{"@type":"ListItem","position":2,"name":"Odgovornosti- Sektor za Ljudska Prava i Ravnopravnost Polova"}]},{"@type":"WebSite","@id":"https:\/\/gjakova.rks-gov.net\/sr\/#website","url":"https:\/\/gjakova.rks-gov.net\/sr\/","name":"Komuna e Gjakoves","description":"","publisher":{"@id":"https:\/\/gjakova.rks-gov.net\/sr\/#organization"},"alternateName":"Komuna Gjakove","potentialAction":[{"@type":"SearchAction","target":{"@type":"EntryPoint","urlTemplate":"https:\/\/gjakova.rks-gov.net\/sr\/?s={search_term_string}"},"query-input":{"@type":"PropertyValueSpecification","valueRequired":true,"valueName":"search_term_string"}}],"inLanguage":"sr-RS"},{"@type":"Organization","@id":"https:\/\/gjakova.rks-gov.net\/sr\/#organization","name":"Komuna e Gjakoves","alternateName":"Komuna Gjakove","url":"https:\/\/gjakova.rks-gov.net\/sr\/","logo":{"@type":"ImageObject","inLanguage":"sr-RS","@id":"https:\/\/gjakova.rks-gov.net\/sr\/#\/schema\/logo\/image\/","url":"https:\/\/gjakova.rks-gov.net\/wp-content\/uploads\/2024\/04\/Stema_e_Komunes_Gjakove.svg.png","contentUrl":"https:\/\/gjakova.rks-gov.net\/wp-content\/uploads\/2024\/04\/Stema_e_Komunes_Gjakove.svg.png","width":512,"height":681,"caption":"Komuna e Gjakoves"},"image":{"@id":"https:\/\/gjakova.rks-gov.net\/sr\/#\/schema\/logo\/image\/"},"sameAs":["https:\/\/www.facebook.com\/KomunaeGjakoves\/","https:\/\/www.instagram.com\/komunaegjakoves\/"]}]}},"_links":{"self":[{"href":"https:\/\/gjakova.rks-gov.net\/sr\/wp-json\/wp\/v2\/pages\/50372","targetHints":{"allow":["GET"]}}],"collection":[{"href":"https:\/\/gjakova.rks-gov.net\/sr\/wp-json\/wp\/v2\/pages"}],"about":[{"href":"https:\/\/gjakova.rks-gov.net\/sr\/wp-json\/wp\/v2\/types\/page"}],"author":[{"embeddable":true,"href":"https:\/\/gjakova.rks-gov.net\/sr\/wp-json\/wp\/v2\/users\/1"}],"replies":[{"embeddable":true,"href":"https:\/\/gjakova.rks-gov.net\/sr\/wp-json\/wp\/v2\/comments?post=50372"}],"version-history":[{"count":4,"href":"https:\/\/gjakova.rks-gov.net\/sr\/wp-json\/wp\/v2\/pages\/50372\/revisions"}],"predecessor-version":[{"id":69341,"href":"https:\/\/gjakova.rks-gov.net\/sr\/wp-json\/wp\/v2\/pages\/50372\/revisions\/69341"}],"wp:attachment":[{"href":"https:\/\/gjakova.rks-gov.net\/sr\/wp-json\/wp\/v2\/media?parent=50372"}],"wp:term":[{"taxonomy":"page-category","embeddable":true,"href":"https:\/\/gjakova.rks-gov.net\/sr\/wp-json\/wp\/v2\/page-category?post=50372"}],"curies":[{"name":"wp","href":"https:\/\/api.w.org\/{rel}","templated":true}]}}