{"id":50370,"date":"2018-07-30T12:46:34","date_gmt":"2018-07-30T10:46:34","guid":{"rendered":"https:\/\/gjakova.rks-gov.net\/usluge-5\/"},"modified":"2024-08-06T11:18:34","modified_gmt":"2024-08-06T09:18:34","slug":"usluge-5","status":"publish","type":"page","link":"https:\/\/gjakova.rks-gov.net\/sr\/usluge-5\/","title":{"rendered":"Usluge &#8211; Poljoprivreda"},"content":{"rendered":"<p>Usluge koje vr\u0161i Direktorijat za Poljoprivredu, \u0160umarstvo i Ruralni Razvoj su:<\/p>\n<p><strong>Zahtev za konverziju poljoprivrednog zemlji\u0161ta u nepoljoprivredno<\/strong><\/p>\n<p>Stranka podnosi zahtev u Kancelariji za Prijem, koji se prosle\u0111uje Direktorijatu za Poljoprivredu, \u0160umarstvo i Ruralni Razvoj kao i Direktorijatu za Urbanizam i Za\u0161titu \u017eivotne Sredine. Direktorijat za Urbanizam vrsi inspekciju na terenu i prosleduje dokument evaluacije kod Direktorijata za Poljoprivredu, \u0160umarstvo i Ruralni Razvoj. Ovaj zadnji donosi odluku (saglasnost) i \u0161alje stranci napismeno. Da bi se omogu\u0107ilo gra\u0111aninu da izgradi objekat na zemlji\u0161tu kojoj se menja destinacija iz poljoprivrednog u nepoljoprivredno.<\/p>\n<p>Potrebni dokumenti za dobijanje saglasnosti su:<\/p>\n<ul>\n<li>Plan lokacije u srazmeri 1: 500,<\/li>\n<li>Polo\u017eaj i broj parcela i susednih objekata \/ Situacioni Plan \/<\/li>\n<li>Dokaz o vlasni\u0161tvu sertifikat &#8211; posedovni list,<\/li>\n<li>Kopija overenog projekta,<\/li>\n<li>Fotokopija li\u010dne karte overena,<\/li>\n<li>Dokaz o uplati poreza na imovinu,<\/li>\n<li>Izjava da je poljoprivredno zemlji\u0161te na kojoj \u0107e se graditi ni\u017ee klase ili ne poseduje drugu poljoprivrednu povr\u0161inu,<\/li>\n<li>Dokaz komunalnih organizacija za mogu\u0107nost priklju\u010denja na tehni\u010dku infrastrukturu\/ Javne organizacije, PTK, KEK, \u010cabrati, Hidrosistem &#8222;Radonji\u0107&#8220;, &#8222;- Duka\u0111in&#8220;<\/li>\n<li>Svi dokumenti moraju biti overeni \/ fotokopije \/.<\/li>\n<\/ul>\n<p>Primedba:<\/p>\n<p>Konverzija poljoprivrednog zemlji\u0161ta u nepoljoprivredno posti\u017ee se tako \u0161to se vrsi pla\u0107anje taksi po ovim kategorijama (klasama):<\/p>\n<table>\n<tbody>\n<tr>\n<td width=\"43\"><strong>Br.<\/strong><\/td>\n<td width=\"186\"><strong>Kategorija zemlji\u0161ta- Klasa<\/strong><\/td>\n<td width=\"144\"><strong>Cena za 1 m<\/strong><strong><sup>2<\/sup><\/strong><strong>\u00a0za kategoriju zemlji\u0161ta<\/strong><\/td>\n<\/tr>\n<tr>\n<td width=\"43\">1.<\/td>\n<td width=\"186\">I<\/td>\n<td width=\"144\">1 \u20ac<\/td>\n<\/tr>\n<tr>\n<td width=\"43\">2.<\/td>\n<td width=\"186\">II<\/td>\n<td width=\"144\">1 \u20ac<\/td>\n<\/tr>\n<tr>\n<td width=\"43\">3.<\/td>\n<td width=\"186\">III<\/td>\n<td width=\"144\">1 \u20ac<\/td>\n<\/tr>\n<tr>\n<td width=\"43\">4.<\/td>\n<td width=\"186\">IV<\/td>\n<td width=\"144\">1 \u20ac<\/td>\n<\/tr>\n<tr>\n<td width=\"43\">5.<\/td>\n<td width=\"186\">V<\/td>\n<td width=\"144\">0.75 \u20ac<\/td>\n<\/tr>\n<tr>\n<td width=\"43\">6.<\/td>\n<td width=\"186\">VI<\/td>\n<td width=\"144\">0.75 \u20ac<\/td>\n<\/tr>\n<tr>\n<td width=\"43\">7.<\/td>\n<td width=\"186\">VII<\/td>\n<td width=\"144\">0.50 \u20ac<\/td>\n<\/tr>\n<tr>\n<td width=\"43\">8.<\/td>\n<td width=\"186\">VIII<\/td>\n<td width=\"144\">0.50 \u20ac<\/td>\n<\/tr>\n<\/tbody>\n<\/table>\n<p>&nbsp;<\/p>\n<p>Za I &#8211; IV- klasu saglasnost za konverziju poljoprivrednog zemlji\u0161ta u nepoljoprivredno uzima se u Ministarstvu Poljoprivrede, \u0160umarstva i Ruralnog Razvoja (MP\u0160RR) i mo\u017ee da traje do godinu dana, dok za V &#8211; VIII- klasu saglasnost za konverziju poljoprivrednog zemlji\u0161ta u ne-poljoprivredno uzima se u Op\u0161tini &#8211; u Direktorijatu za Poljoprivredu, \u0160umarstvo i Ruralni Razvoj (DPSRR).<\/p>\n<p>Ovaj dokument se izdaje od strane Direktora Direktorijata za Poljoprivredu, \u0160umarstvo i Ruralni Razvoj.<\/p>\n<p><strong>Zahtev za subvencije za poljoprivredne useve (p\u0161enica, kukuruz, vinogradi, vo\u0107e i povr\u0107e) i subvencije za sto\u010darstvo, su aplikacije za direktna pla\u0107anja koje objavljuje MP\u0160RR.<\/strong><\/p>\n<p>Dokumenti potrebni za apliciranje su:<\/p>\n<ul>\n<li>Fotokopija li\u010dne karte,<\/li>\n<li>Potvr\u0111uju\u0107i bankovni ra\u010dun poljoprivrednika,<\/li>\n<li>Posedovni list zemlji\u0161ta,<\/li>\n<li>Potvrda poreza na imovinu, kao i<\/li>\n<li>Druga dokumenta u zavisnosti od veli\u010dine aplikacije farmera<\/li>\n<\/ul>\n<p>Ovu uslugu vr\u0161i osoblje Direktorijata za Poljoprivredu (Agron Zora, Dafina Thaqi i Jetmira Glodjani) i besplatna je.<\/p>\n<p><strong>Zahtev za izgradnju Brana i kanala za navodnjavanje poljoprivrednog zemlji\u0161ta,<\/strong><\/p>\n<p>U skladu sa zahtevima poljoprivrednih udru\u017eenja, poljoprivrednih preduze\u0107a &#8222;, grupi farmera kao i individualnih zahteva poljoprivrednika, Direktorijat za Poljoprivredu, \u0160umarstvo i Ruralni Razvoj vr\u0161i izgradnju brana i kanala za navodnjavanje poljoprivrednih proizvoda. Stranka pravi zahtev Kancelariji za Prijem koja onda prosle\u0111uje Direktorijatu za Poljoprivredu. Ako je zahtev realan i dokumentacija potpuna, Direktor Direktorijata za Poljoprivredu podnesi zahtev Upravnom Odboru.<\/p>\n<p>Dokumenta potrebna za zahtev su:<\/p>\n<ol>\n<li>Detaljni projekat;<\/li>\n<li>Procenu uticaja na sredinu (PUS), i<\/li>\n<li>Uslovi voda od strane Ministarstva \u017divotne Sredine i Prostornog Planiranja (MSPP).<\/li>\n<\/ol>\n<p><strong>Zahtev za kanale za navodnjavanje postupak je isti kao za izgradnju Brana.<\/strong><\/p>\n<p><strong>\u00a0<\/strong>Dokumenta potrebna za aplikaciju su:<\/p>\n<ol>\n<li>Broj korisnika za navodnjavanje od zgradnjeovog kanala,<\/li>\n<li>Stanje Postoje\u0107e linije (kanala) i<\/li>\n<li>Navodnjavane povr\u0161ine po katastru (posedovni list)<\/li>\n<li>Zahtev se mora arhivisati od strane Predsednika Mesne Zajednice (ili delegirani od njega) uklju\u010duju\u0107i i identifikacioni dokumenat podnosioca<\/li>\n<\/ol>\n<p><strong>Procena \u0161tete uzrokovane prirodnim faktorima,<\/strong><\/p>\n<p>Poljoprivrednik podnosi zahtev Kancelariji za prijem, koji se prosle\u0111uje Direktorijatu za Poljoprivredu, \u0160umarstvo i Ruralni Razvoj izve\u0161tava za \u0161tetu nastalu na farmi i u proizvodnji. Slu\u017ebenik Direktorijata vr\u0161i inspekciju na terenu i izve\u0161tava o nastaloj \u0161teti. Ako Direktorijat donosi odluku o naknadi \u0161tete, stranci se tra\u017ee dodatna dokumenta. Vr\u0161i se procena \u0161tete izazvane u poljoprivrednoj proizvodnji, sto\u010dnoj, \u0161umarstvu i hidroekonomiji od elementarnih nepogoda (poplava, snega, vetrova, itd).<\/p>\n<p>Dokumenta potrebna za aplikaciju su:<\/p>\n<ol>\n<li>Zahtev poljoprivrednika,<\/li>\n<li>Posedovni list zemljista i<\/li>\n<li>Prate\u010di dokumenti<\/li>\n<\/ol>\n<p>Ovaj dokument izdaje Direktor Direktorijata za Poljoprivredu, \u0160umarstvo i Ruralni Razvoj i besplatan je<\/p>\n<p><strong>Elektronska prijava poljoprivrednika (IBP)<\/strong><\/p>\n<p>Elektronska prijava poljoprivrednika predstavlja jedan jednistven elektronski sistem koji se koristi za registrovanje identiteta svakog poljoprivrednika koji podnosi zahtev za poljoprivrednu pomoc. Posle pomo\u0107i svaki poljoprivrednik dobija jedinstveni identifikacioni broj (IBP).<\/p>\n<p>Dokumenta potrebna za aplikaciju su:<\/p>\n<ul>\n<li>Fotokopja li\u010dne karte,<\/li>\n<li>Potvrda o bankovnom ra\u010dunu poljoprivrednika,<\/li>\n<\/ul>\n<p>Ovu uslugu obavlja osoblje DP\u0160RR (Agron Zora, Dafina Thaqi i Jetmira Glo\u0111ani) i besplatan je<\/p>\n<p><strong>Podno\u0161enje zahteva za zajedni\u010dki lov od strane Udru\u017eenja Lovaca,<\/strong><\/p>\n<p>Nakon objavljivanja javne ponude za upotrebu mesta zajedni\u010dkog lova od strane Direktorijata za\u00a0 Poljoprivredu, \u0160umarstvo i Ruralni Razvoj i odobrenje Ministarstva, udru\u017eenje lovaca iz svih op\u0161tina na Kosovu podnese zahtev. Nakon razmatranja dokumenata slu\u017ebenik prosle\u0111uje tenderske ponude komisiji gde se uzima odluka za kori\u0161\u010denje mesta za zajedni\u010dki lov za 10 godina. Gde se dozvoljava lova\u010dkim udru\u017eenjima da apliciraju njihove rekreativno-sportske aktivnosti.<\/p>\n<p>Dokumenat koji je\u00a0 potreban za aplikaciju je:<\/p>\n<ul>\n<li>Izvod registracije Udru\u017eenja,<\/li>\n<\/ul>\n<p>Naknade za ovu proceduru su:<\/p>\n<ul>\n<li>Do 7 m3 cena je 1 m3\/1.50 \u20ac<\/li>\n<li>Preko 7 m3 cena je 1 m3\/2.00 \u20ac<\/li>\n<li>Tehni\u010dko drvo 1 m3\/2.50 \u20ac<\/li>\n<li>Ritransport 1 m3\/0.30 \u20ac<\/li>\n<\/ul>\n<p><strong>Zahtevi od strane vlasnika sa se\u010du svojih \u0161uma,<\/strong><\/p>\n<p>Stranka pi\u0161e zahtev Kancelariji Prijema, predmet se prosle\u0111uje Direktorijatu za Poljoprivredu, \u0160umarstvo i Ruralni Razvoj. Zvani\u010dnik razmatra zahtev i isti prosle\u0111uje Kosovskoj Agenciji za \u0160umarstvo &#8211; Regionalnoj Kancelariji (KAS-RK). Regionalna kancelarija \u010dini inspekciju \u0161umskih terena i odre\u0111uje meru drve\u010da za se\u010denje. Nakon odre\u0111ivanja mere drve\u010da izdaje se dozvola za se\u010du drva, na regionalnom nivou. Gra\u0111aninu se dozvoljava ili ne dozvoljava se\u010denje drva svog vlasni\u0161tva. Tako\u0111e se odre\u0111uju mere za stabla koje se mogu ise\u0107i.<\/p>\n<p>Dokumenta potrebna za aplikaciju su:<\/p>\n<ul>\n<li>Fotokopja li\u010dne karte,<\/li>\n<li>Flet\u00ebposedimi i tok\u00ebs,<\/li>\n<li>Kopja e planit<\/li>\n<\/ul>\n<p>Saglasnost izdaje Ministarstvo Poljoprivrede, \u0160umarstva i Ruralnog Razvoja &#8211; Kosovske Agencije za \u0160ume dok dozvolu izdaje odgovoran za sektor \u0160umarstva \u00d0avit Hasani\u00a0 i besplatan je<\/p>\n<p><strong>Zahtjev za po\u0161umljavanje,<\/strong><\/p>\n<p>Stranka podnosi zahtev Kancelariji za Prijem koja prosle\u0111uje Direktorijatu za Poljoprivredu, \u0160umarstvo i Ruralni Razvoj. Zahtevu se privr\u017euje potrebna dokumentacija i \u0161alje se Kosovskoj Agenciji za \u0160ume za pregled. Pismeni odgovor od Ministarstva se vra\u0107a Sektoru \u0160uma u Op\u0161tinskom nivou koja obave\u0161tava stranku. Gra\u0111aninu se dozvoljava\u00a0 ili ne dozvoljava po\u0161umljavanje jedne odre\u0111ene povr\u0161ine zemljista (minimum 10 ari).<\/p>\n<p>Dokumenta potrebna za aplikaciju su:<\/p>\n<ul>\n<li>Fotokopja li\u010dne karte,<\/li>\n<li>Flet\u00ebposedimi i tok\u00ebs,<\/li>\n<li>Kopja e planit<\/li>\n<\/ul>\n<p>Ovu uslugu vr\u0161i Kosovska Agencije \u0160umarstva i besplatan je.<\/p>\n<p><strong>Zahtev za kori\u0161\u0107enje \u0161umskog zemlji\u0161ta<\/strong><\/p>\n<p>Stranka podnosi zahtev Kancelariji za Prijem koji se dostavlja Direktorijatu za Poljoprivredu, \u0160umarstvo i Ruralni Razvoj. Zahtev sa kompletnom dokumentacijom se \u0161alje u Ministarstvu za Poljoprivredu, Agenciji za \u0160ume Kosova. Razmatranje i odobravanje zahteva je u nadle\u017enosti Ministarstva. Direktorijat za Poljoprivredu, \u0160umarstvo i Ruralni Razvoj vr\u0161i pra\u0107enje eksploatacije \u0161uma tek nakon odluke Ministarstva. Pru\u017ea se mogu\u0107nost kori\u0161\u0107enja \u0161umskog zemlji\u0161ta koje je u vlasni\u0161tvu dr\u017eave.<\/p>\n<p>Dokumenta potrebna za aplikaciju su:<\/p>\n<ul>\n<li>Fotokopja li\u010dne karte,<\/li>\n<li>Flet\u00ebposedimi i tok\u00ebs,<\/li>\n<li>Kopja e planit<\/li>\n<li>Poslovni sertifikat (ukoliko zahtev pravi biznis)<\/li>\n<li>Potvrda poslovnog poreza<\/li>\n<\/ul>\n<p>Ovu slu\u017ebu vrsi Kosovska Agencija za Sume, koja i odre\u0111uje svoju cenu.<\/p>\n<p><strong>Zahtev za prevoz drve\u0107a<\/strong><\/p>\n<p>Stranka podnosi zahev kod terenskog radnika (\u0161umara) sa dozvolom za se\u010denje i uplatnicom Stranci se izdaje tra\u017eeni dokument (dostavni list) tokom dana. Gde se omogu\u0107ava gra\u0111aninu da vr\u0161i prevoz rezanog drve\u010da na datoj lokaciji, u zavisnosti od svog odredi\u0161ta (za grejanje, industriju, itd)<\/p>\n<p>Ovu uslugu vrsi \u0160umar i besplatna je.<\/p>\n","protected":false},"excerpt":{"rendered":"<p>Usluge koje vr\u0161i Direktorijat za Poljoprivredu, \u0160umarstvo i Ruralni Razvoj su: Zahtev za konverziju poljoprivrednog zemlji\u0161ta u nepoljoprivredno Stranka podnosi zahtev u Kancelariji za Prijem, koji se prosle\u0111uje Direktorijatu za Poljoprivredu, \u0160umarstvo i Ruralni Razvoj kao i Direktorijatu za Urbanizam i Za\u0161titu \u017eivotne Sredine. Direktorijat za Urbanizam vrsi inspekciju na terenu i prosleduje dokument evaluacije [&hellip;]<\/p>\n","protected":false},"author":1,"featured_media":0,"parent":0,"menu_order":0,"comment_status":"open","ping_status":"closed","template":"","meta":{"_acf_changed":false,"footnotes":""},"page-category":[],"class_list":["post-50370","page","type-page","status-publish","hentry"],"acf":[],"yoast_head":"<!-- This site is optimized with the Yoast SEO plugin v27.4 - https:\/\/yoast.com\/product\/yoast-seo-wordpress\/ -->\n<title>Usluge - Poljoprivreda - Op\u0161tine \u0110akovica<\/title>\n<meta name=\"robots\" content=\"index, follow, max-snippet:-1, max-image-preview:large, max-video-preview:-1\" \/>\n<link rel=\"canonical\" href=\"https:\/\/gjakova.rks-gov.net\/sr\/usluge-5\/\" \/>\n<meta property=\"og:locale\" content=\"sr_RS\" \/>\n<meta property=\"og:type\" content=\"article\" \/>\n<meta property=\"og:title\" content=\"Usluge - Poljoprivreda - Op\u0161tine \u0110akovica\" \/>\n<meta property=\"og:description\" content=\"Usluge koje vr\u0161i Direktorijat za Poljoprivredu, \u0160umarstvo i Ruralni Razvoj su: Zahtev za konverziju poljoprivrednog zemlji\u0161ta u nepoljoprivredno Stranka podnosi zahtev u Kancelariji za Prijem, koji se prosle\u0111uje Direktorijatu za Poljoprivredu, \u0160umarstvo i Ruralni Razvoj kao i Direktorijatu za Urbanizam i Za\u0161titu \u017eivotne Sredine. Direktorijat za Urbanizam vrsi inspekciju na terenu i prosleduje dokument evaluacije [&hellip;]\" \/>\n<meta property=\"og:url\" content=\"https:\/\/gjakova.rks-gov.net\/sr\/usluge-5\/\" \/>\n<meta property=\"og:site_name\" content=\"Op\u0161tine \u0110akovica\" \/>\n<meta property=\"article:publisher\" content=\"https:\/\/www.facebook.com\/KomunaeGjakoves\/\" \/>\n<meta property=\"article:modified_time\" content=\"2024-08-06T09:18:34+00:00\" \/>\n<meta name=\"twitter:card\" content=\"summary_large_image\" \/>\n<meta name=\"twitter:label1\" content=\"\u041f\u0440\u043e\u0446\u0435\u045a\u0435\u043d\u043e \u0432\u0440\u0435\u043c\u0435 \u0447\u0438\u0442\u0430\u045a\u0430\" \/>\n\t<meta name=\"twitter:data1\" content=\"6 \u043c\u0438\u043d\u0443\u0442\u0430\" \/>\n<script type=\"application\/ld+json\" class=\"yoast-schema-graph\">{\"@context\":\"https:\\\/\\\/schema.org\",\"@graph\":[{\"@type\":\"WebPage\",\"@id\":\"https:\\\/\\\/gjakova.rks-gov.net\\\/sr\\\/usluge-5\\\/\",\"url\":\"https:\\\/\\\/gjakova.rks-gov.net\\\/sr\\\/usluge-5\\\/\",\"name\":\"Usluge - Poljoprivreda - Op\u0161tine \u0110akovica\",\"isPartOf\":{\"@id\":\"https:\\\/\\\/gjakova.rks-gov.net\\\/sr\\\/#website\"},\"datePublished\":\"2018-07-30T10:46:34+00:00\",\"dateModified\":\"2024-08-06T09:18:34+00:00\",\"breadcrumb\":{\"@id\":\"https:\\\/\\\/gjakova.rks-gov.net\\\/sr\\\/usluge-5\\\/#breadcrumb\"},\"inLanguage\":\"sr-RS\",\"potentialAction\":[{\"@type\":\"ReadAction\",\"target\":[\"https:\\\/\\\/gjakova.rks-gov.net\\\/sr\\\/usluge-5\\\/\"]}]},{\"@type\":\"BreadcrumbList\",\"@id\":\"https:\\\/\\\/gjakova.rks-gov.net\\\/sr\\\/usluge-5\\\/#breadcrumb\",\"itemListElement\":[{\"@type\":\"ListItem\",\"position\":1,\"name\":\"Home\",\"item\":\"https:\\\/\\\/gjakova.rks-gov.net\\\/sr\\\/\"},{\"@type\":\"ListItem\",\"position\":2,\"name\":\"Usluge &#8211; Poljoprivreda\"}]},{\"@type\":\"WebSite\",\"@id\":\"https:\\\/\\\/gjakova.rks-gov.net\\\/sr\\\/#website\",\"url\":\"https:\\\/\\\/gjakova.rks-gov.net\\\/sr\\\/\",\"name\":\"Komuna e Gjakoves\",\"description\":\"\",\"publisher\":{\"@id\":\"https:\\\/\\\/gjakova.rks-gov.net\\\/sr\\\/#organization\"},\"alternateName\":\"Komuna Gjakove\",\"potentialAction\":[{\"@type\":\"SearchAction\",\"target\":{\"@type\":\"EntryPoint\",\"urlTemplate\":\"https:\\\/\\\/gjakova.rks-gov.net\\\/sr\\\/?s={search_term_string}\"},\"query-input\":{\"@type\":\"PropertyValueSpecification\",\"valueRequired\":true,\"valueName\":\"search_term_string\"}}],\"inLanguage\":\"sr-RS\"},{\"@type\":\"Organization\",\"@id\":\"https:\\\/\\\/gjakova.rks-gov.net\\\/sr\\\/#organization\",\"name\":\"Komuna e Gjakoves\",\"alternateName\":\"Komuna Gjakove\",\"url\":\"https:\\\/\\\/gjakova.rks-gov.net\\\/sr\\\/\",\"logo\":{\"@type\":\"ImageObject\",\"inLanguage\":\"sr-RS\",\"@id\":\"https:\\\/\\\/gjakova.rks-gov.net\\\/sr\\\/#\\\/schema\\\/logo\\\/image\\\/\",\"url\":\"https:\\\/\\\/gjakova.rks-gov.net\\\/wp-content\\\/uploads\\\/2024\\\/04\\\/Stema_e_Komunes_Gjakove.svg.png\",\"contentUrl\":\"https:\\\/\\\/gjakova.rks-gov.net\\\/wp-content\\\/uploads\\\/2024\\\/04\\\/Stema_e_Komunes_Gjakove.svg.png\",\"width\":512,\"height\":681,\"caption\":\"Komuna e Gjakoves\"},\"image\":{\"@id\":\"https:\\\/\\\/gjakova.rks-gov.net\\\/sr\\\/#\\\/schema\\\/logo\\\/image\\\/\"},\"sameAs\":[\"https:\\\/\\\/www.facebook.com\\\/KomunaeGjakoves\\\/\",\"https:\\\/\\\/www.instagram.com\\\/komunaegjakoves\\\/\"]}]}<\/script>\n<!-- \/ Yoast SEO plugin. -->","yoast_head_json":{"title":"Usluge - Poljoprivreda - Op\u0161tine \u0110akovica","robots":{"index":"index","follow":"follow","max-snippet":"max-snippet:-1","max-image-preview":"max-image-preview:large","max-video-preview":"max-video-preview:-1"},"canonical":"https:\/\/gjakova.rks-gov.net\/sr\/usluge-5\/","og_locale":"sr_RS","og_type":"article","og_title":"Usluge - Poljoprivreda - Op\u0161tine \u0110akovica","og_description":"Usluge koje vr\u0161i Direktorijat za Poljoprivredu, \u0160umarstvo i Ruralni Razvoj su: Zahtev za konverziju poljoprivrednog zemlji\u0161ta u nepoljoprivredno Stranka podnosi zahtev u Kancelariji za Prijem, koji se prosle\u0111uje Direktorijatu za Poljoprivredu, \u0160umarstvo i Ruralni Razvoj kao i Direktorijatu za Urbanizam i Za\u0161titu \u017eivotne Sredine. Direktorijat za Urbanizam vrsi inspekciju na terenu i prosleduje dokument evaluacije [&hellip;]","og_url":"https:\/\/gjakova.rks-gov.net\/sr\/usluge-5\/","og_site_name":"Op\u0161tine \u0110akovica","article_publisher":"https:\/\/www.facebook.com\/KomunaeGjakoves\/","article_modified_time":"2024-08-06T09:18:34+00:00","twitter_card":"summary_large_image","twitter_misc":{"\u041f\u0440\u043e\u0446\u0435\u045a\u0435\u043d\u043e \u0432\u0440\u0435\u043c\u0435 \u0447\u0438\u0442\u0430\u045a\u0430":"6 \u043c\u0438\u043d\u0443\u0442\u0430"},"schema":{"@context":"https:\/\/schema.org","@graph":[{"@type":"WebPage","@id":"https:\/\/gjakova.rks-gov.net\/sr\/usluge-5\/","url":"https:\/\/gjakova.rks-gov.net\/sr\/usluge-5\/","name":"Usluge - Poljoprivreda - Op\u0161tine \u0110akovica","isPartOf":{"@id":"https:\/\/gjakova.rks-gov.net\/sr\/#website"},"datePublished":"2018-07-30T10:46:34+00:00","dateModified":"2024-08-06T09:18:34+00:00","breadcrumb":{"@id":"https:\/\/gjakova.rks-gov.net\/sr\/usluge-5\/#breadcrumb"},"inLanguage":"sr-RS","potentialAction":[{"@type":"ReadAction","target":["https:\/\/gjakova.rks-gov.net\/sr\/usluge-5\/"]}]},{"@type":"BreadcrumbList","@id":"https:\/\/gjakova.rks-gov.net\/sr\/usluge-5\/#breadcrumb","itemListElement":[{"@type":"ListItem","position":1,"name":"Home","item":"https:\/\/gjakova.rks-gov.net\/sr\/"},{"@type":"ListItem","position":2,"name":"Usluge &#8211; Poljoprivreda"}]},{"@type":"WebSite","@id":"https:\/\/gjakova.rks-gov.net\/sr\/#website","url":"https:\/\/gjakova.rks-gov.net\/sr\/","name":"Komuna e Gjakoves","description":"","publisher":{"@id":"https:\/\/gjakova.rks-gov.net\/sr\/#organization"},"alternateName":"Komuna Gjakove","potentialAction":[{"@type":"SearchAction","target":{"@type":"EntryPoint","urlTemplate":"https:\/\/gjakova.rks-gov.net\/sr\/?s={search_term_string}"},"query-input":{"@type":"PropertyValueSpecification","valueRequired":true,"valueName":"search_term_string"}}],"inLanguage":"sr-RS"},{"@type":"Organization","@id":"https:\/\/gjakova.rks-gov.net\/sr\/#organization","name":"Komuna e Gjakoves","alternateName":"Komuna Gjakove","url":"https:\/\/gjakova.rks-gov.net\/sr\/","logo":{"@type":"ImageObject","inLanguage":"sr-RS","@id":"https:\/\/gjakova.rks-gov.net\/sr\/#\/schema\/logo\/image\/","url":"https:\/\/gjakova.rks-gov.net\/wp-content\/uploads\/2024\/04\/Stema_e_Komunes_Gjakove.svg.png","contentUrl":"https:\/\/gjakova.rks-gov.net\/wp-content\/uploads\/2024\/04\/Stema_e_Komunes_Gjakove.svg.png","width":512,"height":681,"caption":"Komuna e Gjakoves"},"image":{"@id":"https:\/\/gjakova.rks-gov.net\/sr\/#\/schema\/logo\/image\/"},"sameAs":["https:\/\/www.facebook.com\/KomunaeGjakoves\/","https:\/\/www.instagram.com\/komunaegjakoves\/"]}]}},"_links":{"self":[{"href":"https:\/\/gjakova.rks-gov.net\/sr\/wp-json\/wp\/v2\/pages\/50370","targetHints":{"allow":["GET"]}}],"collection":[{"href":"https:\/\/gjakova.rks-gov.net\/sr\/wp-json\/wp\/v2\/pages"}],"about":[{"href":"https:\/\/gjakova.rks-gov.net\/sr\/wp-json\/wp\/v2\/types\/page"}],"author":[{"embeddable":true,"href":"https:\/\/gjakova.rks-gov.net\/sr\/wp-json\/wp\/v2\/users\/1"}],"replies":[{"embeddable":true,"href":"https:\/\/gjakova.rks-gov.net\/sr\/wp-json\/wp\/v2\/comments?post=50370"}],"version-history":[{"count":2,"href":"https:\/\/gjakova.rks-gov.net\/sr\/wp-json\/wp\/v2\/pages\/50370\/revisions"}],"predecessor-version":[{"id":68627,"href":"https:\/\/gjakova.rks-gov.net\/sr\/wp-json\/wp\/v2\/pages\/50370\/revisions\/68627"}],"wp:attachment":[{"href":"https:\/\/gjakova.rks-gov.net\/sr\/wp-json\/wp\/v2\/media?parent=50370"}],"wp:term":[{"taxonomy":"page-category","embeddable":true,"href":"https:\/\/gjakova.rks-gov.net\/sr\/wp-json\/wp\/v2\/page-category?post=50370"}],"curies":[{"name":"wp","href":"https:\/\/api.w.org\/{rel}","templated":true}]}}