{"id":50368,"date":"2018-07-30T12:19:49","date_gmt":"2018-07-30T10:19:49","guid":{"rendered":"https:\/\/gjakova.rks-gov.net\/usluge-3\/"},"modified":"2024-08-06T11:02:11","modified_gmt":"2024-08-06T09:02:11","slug":"usluge-3","status":"publish","type":"page","link":"https:\/\/gjakova.rks-gov.net\/sr\/usluge-3\/","title":{"rendered":"Usluge &#8211; Ekonomski Razvoj"},"content":{"rendered":"<p><strong>Odgovornosti i Usluge Direktorijata za Ekonomski Razvoj<\/strong><\/p>\n<p><strong>\u00a0\u00a0<\/strong><\/p>\n<p><strong>Sektor Ekonomskog Razvoja:<\/strong><\/p>\n<ol>\n<li>Stvaranje pogodnog okvira za odr\u017eivu lokalnu ekonomiju,<\/li>\n<li>Odre\u0111ivanje prioriteta za investicije u Op\u0161tini, kao i njihovu koordinaciju sa MEF-om<\/li>\n<li>Izrada politike ekonomskog razvoja, predlog da se preduzmu mere za lokalni ekonomski razvoj Op\u0161tine,<\/li>\n<li>Izrada globalnog strate\u0161kog plana ekonomskog razvoja Op\u0161tine, u kratkoro\u010dnom i dugoro\u010dnom aspektu,<\/li>\n<li>Izrada idejnih programa, navede\u010di ekonomske aktivnosti u cilju razvoja prioritetnih sektora, kontakti sa lokalnim finansijskim institucijama, kao bankama i me\u0111unarodnim finansijskim institucijama da bi se snabdeli sa dovoljnim i ta\u010dnim informacijama u vezi uslova kreditiranja (finansiranja) razli\u010ditih preduze\u0107a,<\/li>\n<li>Pru\u017eanje saveta raznim privrednicima za investicione mogu\u0107nosti, anga\u017eovanje njihovih kapitala u produktivne aktivnosti i profitabilne, ali i perspektivne,<\/li>\n<li>Organizovanje i upravljanje tradicionalnih sajmova raznih roba,<\/li>\n<li>Davanje pomo\u010di u organizovanju me\u0111unarodnih konferencija za mogu\u0107nost i perspektivu Op\u0161tinskog Ekonomskog razvoja,<\/li>\n<li>Za saradnju sa Ministarstvom Trgovine i Industrije, o mogu\u0107nostima koordiniranja rada na aktivnostima ekonomskog razvoja Op\u0161tine,<\/li>\n<li>Za saradnju sa lokalnim nevladinim organizacijama, Privrednom komorom \u0110akovice i Kosova, lokalnim i nacionalnim relevantnim institucijama kao \u0161to su Ministarstvo za Ekonomski Razvoj, za koordiniranje zajedni\u010dkih aktivnosti, me\u0111usobnu komunikaciju, razmenu informacija, izradu izve\u0161taja u korist ekonomskog razvoja,<\/li>\n<li>Za interakciju sa me\u0111unarodnom zajednicom za koordinaciju rada oko ekonomskog razvoja Op\u0161tine,<\/li>\n<li>Pru\u017eanje informacija i radnih izve\u0161taja, za odre\u0111ene periode za potrebe Op\u0161tinskih institucija,<\/li>\n<li>Razvoj Razvojnih Predloga Projekata za realizaciju njihovog finansijskog poslovanja od strane\u00a0 institucionalnih sredstava Op\u0161tine, Vlade ili donatora i lokalnih i me\u0111unarodnih investitora.<\/li>\n<li>Da odre\u0111uje komisije za stru\u010dni nadzor u realizaciji op\u0161tinskih projekata,<\/li>\n<li>Ispunjava i obaveze i naloge odre\u0111enih od strane Predsednika i Skup\u0161tine.<\/li>\n<\/ol>\n<p><strong>Sektor Turizma:<\/strong><\/p>\n<ol>\n<li>Formiranje godi\u0161nje politike turizma i predlaganje mera koje \u0107e podsta\u0107i privatni sektor da ostvari ciljeve politike razvoja turizma,<\/li>\n<li>Promovisanje razvoja turisti\u010dke aktivnosti za proizvodnju novih turisti\u010dkih proizvoda i interesantnih proizvoda za tr\u017ei\u0161te, ali i pove\u0107anje kvaliteta turisti\u010dke ponude na lokalnom nivou.<\/li>\n<li>Izradu Turisti\u010dkog Paketa, uklju\u010duju\u0107i ekonomske operatere, turisti\u010dke agencije, koje su objavljene u web stranici.<\/li>\n<li>Saradnja sa Kancelarijom za Informisanje Turizma, sa relevantnim lokalnim institucijama, regionalnim i lokalnim, o mogu\u0107nostima koordinacije aktivnosti za razvoj lokalnog turizma, prekograni\u010dnog i \u0161ire.<\/li>\n<\/ol>\n<p><strong>Op\u0161tinski Poslovni Centar<\/strong><\/p>\n<ol>\n<li>Registraciju novih preduze\u0107a i opremu sa sertifikatom biznisa.<\/li>\n<li>Identifikaciju promena u sertifikatima biznisa, i prikupljanje gotovine za ove promene.<\/li>\n<li>Identifikaciju poslovnog raskida,<\/li>\n<li>Obezbe\u0111ivanje formulara za apliciranje i predhodne najave za biznise,<\/li>\n<li>Pru\u017eanje profesionalnih informacija i izve\u0161taja za direktorijate i Op\u0161tinske institucije,<\/li>\n<li>Izdavanje potvrda za radno iskustvo za vlasnike trgovinskih radnji i onih Zanatskih itd za period 1970-1998.<\/li>\n<li>Davanje dozvole za produzenje radnog vremena za poslovne subjekte i nevladinih organizacija kao prikupljanje poreza u skladu sa Pravilnikom na snazi.<\/li>\n<\/ol>\n<p><strong>Sektor Poreza na Firmu:<\/strong><\/p>\n<ol>\n<li>Identifikaciju svih poreskih obveznika na firmu prema Op\u0161tini i prikupljanje odre\u0111enih prihoda,<\/li>\n<li>Posete na terenu od strane Zvani\u010dnika iz DER-a za stanje u kome se nalaze preduze\u0107a, pru\u017eanje saveta i preporuka poslovanja kao i obaveze koje imaju prema Op\u0161tini.<\/li>\n<li>Prihvatanje \u017ealbi od strane preduze\u0107a i pregled predmeta od strane komisije direktorijata.<\/li>\n<\/ol>\n","protected":false},"excerpt":{"rendered":"<p>Odgovornosti i Usluge Direktorijata za Ekonomski Razvoj \u00a0\u00a0 Sektor Ekonomskog Razvoja: Stvaranje pogodnog okvira za odr\u017eivu lokalnu ekonomiju, Odre\u0111ivanje prioriteta za investicije u Op\u0161tini, kao i njihovu koordinaciju sa MEF-om Izrada politike ekonomskog razvoja, predlog da se preduzmu mere za lokalni ekonomski razvoj Op\u0161tine, Izrada globalnog strate\u0161kog plana ekonomskog razvoja Op\u0161tine, u kratkoro\u010dnom i dugoro\u010dnom [&hellip;]<\/p>\n","protected":false},"author":1,"featured_media":0,"parent":0,"menu_order":0,"comment_status":"open","ping_status":"closed","template":"","meta":{"_acf_changed":false,"footnotes":""},"page-category":[],"class_list":["post-50368","page","type-page","status-publish","hentry"],"acf":[],"yoast_head":"<!-- This site is optimized with the Yoast SEO plugin v27.4 - https:\/\/yoast.com\/product\/yoast-seo-wordpress\/ -->\n<title>Usluge - Ekonomski Razvoj - Op\u0161tine \u0110akovica<\/title>\n<meta name=\"robots\" content=\"index, follow, max-snippet:-1, max-image-preview:large, max-video-preview:-1\" \/>\n<link rel=\"canonical\" href=\"https:\/\/gjakova.rks-gov.net\/sr\/usluge-3\/\" \/>\n<meta property=\"og:locale\" content=\"sr_RS\" \/>\n<meta property=\"og:type\" content=\"article\" \/>\n<meta property=\"og:title\" content=\"Usluge - Ekonomski Razvoj - Op\u0161tine \u0110akovica\" \/>\n<meta property=\"og:description\" content=\"Odgovornosti i Usluge Direktorijata za Ekonomski Razvoj \u00a0\u00a0 Sektor Ekonomskog Razvoja: Stvaranje pogodnog okvira za odr\u017eivu lokalnu ekonomiju, Odre\u0111ivanje prioriteta za investicije u Op\u0161tini, kao i njihovu koordinaciju sa MEF-om Izrada politike ekonomskog razvoja, predlog da se preduzmu mere za lokalni ekonomski razvoj Op\u0161tine, Izrada globalnog strate\u0161kog plana ekonomskog razvoja Op\u0161tine, u kratkoro\u010dnom i dugoro\u010dnom [&hellip;]\" \/>\n<meta property=\"og:url\" content=\"https:\/\/gjakova.rks-gov.net\/sr\/usluge-3\/\" \/>\n<meta property=\"og:site_name\" content=\"Op\u0161tine \u0110akovica\" \/>\n<meta property=\"article:publisher\" content=\"https:\/\/www.facebook.com\/KomunaeGjakoves\/\" \/>\n<meta property=\"article:modified_time\" content=\"2024-08-06T09:02:11+00:00\" \/>\n<meta name=\"twitter:card\" content=\"summary_large_image\" \/>\n<meta name=\"twitter:label1\" content=\"\u041f\u0440\u043e\u0446\u0435\u045a\u0435\u043d\u043e \u0432\u0440\u0435\u043c\u0435 \u0447\u0438\u0442\u0430\u045a\u0430\" \/>\n\t<meta name=\"twitter:data1\" content=\"3 \u043c\u0438\u043d\u0443\u0442\u0430\" \/>\n<script type=\"application\/ld+json\" class=\"yoast-schema-graph\">{\"@context\":\"https:\\\/\\\/schema.org\",\"@graph\":[{\"@type\":\"WebPage\",\"@id\":\"https:\\\/\\\/gjakova.rks-gov.net\\\/sr\\\/usluge-3\\\/\",\"url\":\"https:\\\/\\\/gjakova.rks-gov.net\\\/sr\\\/usluge-3\\\/\",\"name\":\"Usluge - Ekonomski Razvoj - Op\u0161tine \u0110akovica\",\"isPartOf\":{\"@id\":\"https:\\\/\\\/gjakova.rks-gov.net\\\/sr\\\/#website\"},\"datePublished\":\"2018-07-30T10:19:49+00:00\",\"dateModified\":\"2024-08-06T09:02:11+00:00\",\"breadcrumb\":{\"@id\":\"https:\\\/\\\/gjakova.rks-gov.net\\\/sr\\\/usluge-3\\\/#breadcrumb\"},\"inLanguage\":\"sr-RS\",\"potentialAction\":[{\"@type\":\"ReadAction\",\"target\":[\"https:\\\/\\\/gjakova.rks-gov.net\\\/sr\\\/usluge-3\\\/\"]}]},{\"@type\":\"BreadcrumbList\",\"@id\":\"https:\\\/\\\/gjakova.rks-gov.net\\\/sr\\\/usluge-3\\\/#breadcrumb\",\"itemListElement\":[{\"@type\":\"ListItem\",\"position\":1,\"name\":\"Home\",\"item\":\"https:\\\/\\\/gjakova.rks-gov.net\\\/sr\\\/\"},{\"@type\":\"ListItem\",\"position\":2,\"name\":\"Usluge &#8211; Ekonomski Razvoj\"}]},{\"@type\":\"WebSite\",\"@id\":\"https:\\\/\\\/gjakova.rks-gov.net\\\/sr\\\/#website\",\"url\":\"https:\\\/\\\/gjakova.rks-gov.net\\\/sr\\\/\",\"name\":\"Komuna e Gjakoves\",\"description\":\"\",\"publisher\":{\"@id\":\"https:\\\/\\\/gjakova.rks-gov.net\\\/sr\\\/#organization\"},\"alternateName\":\"Komuna Gjakove\",\"potentialAction\":[{\"@type\":\"SearchAction\",\"target\":{\"@type\":\"EntryPoint\",\"urlTemplate\":\"https:\\\/\\\/gjakova.rks-gov.net\\\/sr\\\/?s={search_term_string}\"},\"query-input\":{\"@type\":\"PropertyValueSpecification\",\"valueRequired\":true,\"valueName\":\"search_term_string\"}}],\"inLanguage\":\"sr-RS\"},{\"@type\":\"Organization\",\"@id\":\"https:\\\/\\\/gjakova.rks-gov.net\\\/sr\\\/#organization\",\"name\":\"Komuna e Gjakoves\",\"alternateName\":\"Komuna Gjakove\",\"url\":\"https:\\\/\\\/gjakova.rks-gov.net\\\/sr\\\/\",\"logo\":{\"@type\":\"ImageObject\",\"inLanguage\":\"sr-RS\",\"@id\":\"https:\\\/\\\/gjakova.rks-gov.net\\\/sr\\\/#\\\/schema\\\/logo\\\/image\\\/\",\"url\":\"https:\\\/\\\/gjakova.rks-gov.net\\\/wp-content\\\/uploads\\\/2024\\\/04\\\/Stema_e_Komunes_Gjakove.svg.png\",\"contentUrl\":\"https:\\\/\\\/gjakova.rks-gov.net\\\/wp-content\\\/uploads\\\/2024\\\/04\\\/Stema_e_Komunes_Gjakove.svg.png\",\"width\":512,\"height\":681,\"caption\":\"Komuna e Gjakoves\"},\"image\":{\"@id\":\"https:\\\/\\\/gjakova.rks-gov.net\\\/sr\\\/#\\\/schema\\\/logo\\\/image\\\/\"},\"sameAs\":[\"https:\\\/\\\/www.facebook.com\\\/KomunaeGjakoves\\\/\",\"https:\\\/\\\/www.instagram.com\\\/komunaegjakoves\\\/\"]}]}<\/script>\n<!-- \/ Yoast SEO plugin. -->","yoast_head_json":{"title":"Usluge - Ekonomski Razvoj - Op\u0161tine \u0110akovica","robots":{"index":"index","follow":"follow","max-snippet":"max-snippet:-1","max-image-preview":"max-image-preview:large","max-video-preview":"max-video-preview:-1"},"canonical":"https:\/\/gjakova.rks-gov.net\/sr\/usluge-3\/","og_locale":"sr_RS","og_type":"article","og_title":"Usluge - Ekonomski Razvoj - Op\u0161tine \u0110akovica","og_description":"Odgovornosti i Usluge Direktorijata za Ekonomski Razvoj \u00a0\u00a0 Sektor Ekonomskog Razvoja: Stvaranje pogodnog okvira za odr\u017eivu lokalnu ekonomiju, Odre\u0111ivanje prioriteta za investicije u Op\u0161tini, kao i njihovu koordinaciju sa MEF-om Izrada politike ekonomskog razvoja, predlog da se preduzmu mere za lokalni ekonomski razvoj Op\u0161tine, Izrada globalnog strate\u0161kog plana ekonomskog razvoja Op\u0161tine, u kratkoro\u010dnom i dugoro\u010dnom [&hellip;]","og_url":"https:\/\/gjakova.rks-gov.net\/sr\/usluge-3\/","og_site_name":"Op\u0161tine \u0110akovica","article_publisher":"https:\/\/www.facebook.com\/KomunaeGjakoves\/","article_modified_time":"2024-08-06T09:02:11+00:00","twitter_card":"summary_large_image","twitter_misc":{"\u041f\u0440\u043e\u0446\u0435\u045a\u0435\u043d\u043e \u0432\u0440\u0435\u043c\u0435 \u0447\u0438\u0442\u0430\u045a\u0430":"3 \u043c\u0438\u043d\u0443\u0442\u0430"},"schema":{"@context":"https:\/\/schema.org","@graph":[{"@type":"WebPage","@id":"https:\/\/gjakova.rks-gov.net\/sr\/usluge-3\/","url":"https:\/\/gjakova.rks-gov.net\/sr\/usluge-3\/","name":"Usluge - Ekonomski Razvoj - Op\u0161tine \u0110akovica","isPartOf":{"@id":"https:\/\/gjakova.rks-gov.net\/sr\/#website"},"datePublished":"2018-07-30T10:19:49+00:00","dateModified":"2024-08-06T09:02:11+00:00","breadcrumb":{"@id":"https:\/\/gjakova.rks-gov.net\/sr\/usluge-3\/#breadcrumb"},"inLanguage":"sr-RS","potentialAction":[{"@type":"ReadAction","target":["https:\/\/gjakova.rks-gov.net\/sr\/usluge-3\/"]}]},{"@type":"BreadcrumbList","@id":"https:\/\/gjakova.rks-gov.net\/sr\/usluge-3\/#breadcrumb","itemListElement":[{"@type":"ListItem","position":1,"name":"Home","item":"https:\/\/gjakova.rks-gov.net\/sr\/"},{"@type":"ListItem","position":2,"name":"Usluge &#8211; Ekonomski Razvoj"}]},{"@type":"WebSite","@id":"https:\/\/gjakova.rks-gov.net\/sr\/#website","url":"https:\/\/gjakova.rks-gov.net\/sr\/","name":"Komuna e Gjakoves","description":"","publisher":{"@id":"https:\/\/gjakova.rks-gov.net\/sr\/#organization"},"alternateName":"Komuna Gjakove","potentialAction":[{"@type":"SearchAction","target":{"@type":"EntryPoint","urlTemplate":"https:\/\/gjakova.rks-gov.net\/sr\/?s={search_term_string}"},"query-input":{"@type":"PropertyValueSpecification","valueRequired":true,"valueName":"search_term_string"}}],"inLanguage":"sr-RS"},{"@type":"Organization","@id":"https:\/\/gjakova.rks-gov.net\/sr\/#organization","name":"Komuna e Gjakoves","alternateName":"Komuna Gjakove","url":"https:\/\/gjakova.rks-gov.net\/sr\/","logo":{"@type":"ImageObject","inLanguage":"sr-RS","@id":"https:\/\/gjakova.rks-gov.net\/sr\/#\/schema\/logo\/image\/","url":"https:\/\/gjakova.rks-gov.net\/wp-content\/uploads\/2024\/04\/Stema_e_Komunes_Gjakove.svg.png","contentUrl":"https:\/\/gjakova.rks-gov.net\/wp-content\/uploads\/2024\/04\/Stema_e_Komunes_Gjakove.svg.png","width":512,"height":681,"caption":"Komuna e Gjakoves"},"image":{"@id":"https:\/\/gjakova.rks-gov.net\/sr\/#\/schema\/logo\/image\/"},"sameAs":["https:\/\/www.facebook.com\/KomunaeGjakoves\/","https:\/\/www.instagram.com\/komunaegjakoves\/"]}]}},"_links":{"self":[{"href":"https:\/\/gjakova.rks-gov.net\/sr\/wp-json\/wp\/v2\/pages\/50368","targetHints":{"allow":["GET"]}}],"collection":[{"href":"https:\/\/gjakova.rks-gov.net\/sr\/wp-json\/wp\/v2\/pages"}],"about":[{"href":"https:\/\/gjakova.rks-gov.net\/sr\/wp-json\/wp\/v2\/types\/page"}],"author":[{"embeddable":true,"href":"https:\/\/gjakova.rks-gov.net\/sr\/wp-json\/wp\/v2\/users\/1"}],"replies":[{"embeddable":true,"href":"https:\/\/gjakova.rks-gov.net\/sr\/wp-json\/wp\/v2\/comments?post=50368"}],"version-history":[{"count":1,"href":"https:\/\/gjakova.rks-gov.net\/sr\/wp-json\/wp\/v2\/pages\/50368\/revisions"}],"predecessor-version":[{"id":68622,"href":"https:\/\/gjakova.rks-gov.net\/sr\/wp-json\/wp\/v2\/pages\/50368\/revisions\/68622"}],"wp:attachment":[{"href":"https:\/\/gjakova.rks-gov.net\/sr\/wp-json\/wp\/v2\/media?parent=50368"}],"wp:term":[{"taxonomy":"page-category","embeddable":true,"href":"https:\/\/gjakova.rks-gov.net\/sr\/wp-json\/wp\/v2\/page-category?post=50368"}],"curies":[{"name":"wp","href":"https:\/\/api.w.org\/{rel}","templated":true}]}}