{"id":50367,"date":"2018-07-18T09:22:45","date_gmt":"2018-07-18T07:22:45","guid":{"rendered":"https:\/\/gjakova.rks-gov.net\/odgovornosti-4\/"},"modified":"2024-08-09T09:36:34","modified_gmt":"2024-08-09T07:36:34","slug":"odgovornosti-4","status":"publish","type":"page","link":"https:\/\/gjakova.rks-gov.net\/sr\/odgovornosti-4\/","title":{"rendered":"Odgovornosti &#8211; Sektor za Evropsku Integraciju"},"content":{"rendered":"\t\t<div data-elementor-type=\"wp-page\" data-elementor-id=\"50367\" class=\"elementor elementor-50367\" data-elementor-post-type=\"page\">\n\t\t\t\t<div class=\"elementor-element elementor-element-526a65de e-con-full responsive-container e-flex e-con e-parent\" data-id=\"526a65de\" data-element_type=\"container\" data-e-type=\"container\">\n\t\t<div class=\"elementor-element elementor-element-46c1cb30 e-con-full e-flex e-con e-child\" data-id=\"46c1cb30\" data-element_type=\"container\" data-e-type=\"container\" data-settings=\"{&quot;background_background&quot;:&quot;classic&quot;}\">\n\t\t\t\t<div class=\"elementor-element elementor-element-1b4a035b elementor-nav-menu--dropdown-none sidebar-menu elementor-widget elementor-widget-nav-menu\" data-id=\"1b4a035b\" data-element_type=\"widget\" data-e-type=\"widget\" data-settings=\"{&quot;layout&quot;:&quot;vertical&quot;,&quot;submenu_icon&quot;:{&quot;value&quot;:&quot;&lt;svg aria-hidden=\\&quot;true\\&quot; class=\\&quot;e-font-icon-svg e-fas-caret-down\\&quot; viewBox=\\&quot;0 0 320 512\\&quot; xmlns=\\&quot;http:\\\/\\\/www.w3.org\\\/2000\\\/svg\\&quot;&gt;&lt;path d=\\&quot;M31.3 192h257.3c17.8 0 26.7 21.5 14.1 34.1L174.1 354.8c-7.8 7.8-20.5 7.8-28.3 0L17.2 226.1C4.6 213.5 13.5 192 31.3 192z\\&quot;&gt;&lt;\\\/path&gt;&lt;\\\/svg&gt;&quot;,&quot;library&quot;:&quot;fa-solid&quot;}}\" data-widget_type=\"nav-menu.default\">\n\t\t\t\t<div class=\"elementor-widget-container\">\n\t\t\t\t\t\t\t\t<nav aria-label=\"\u0418\u0437\u0431\u043e\u0440\u043d\u0438\u043a\" class=\"elementor-nav-menu--main elementor-nav-menu__container elementor-nav-menu--layout-vertical e--pointer-none\">\n\t\t\t\t<ul id=\"menu-1-1b4a035b\" class=\"elementor-nav-menu sm-vertical\"><li class=\"menu-item menu-item-type-post_type menu-item-object-page menu-item-69226\"><a href=\"https:\/\/gjakova.rks-gov.net\/sr\/kontakti-6\/\" class=\"elementor-item\">Kontakti<\/a><\/li>\n<li class=\"menu-item menu-item-type-post_type menu-item-object-page menu-item-69227\"><a href=\"https:\/\/gjakova.rks-gov.net\/sr\/odgovornosti-4\/\" class=\"elementor-item\">Odgovornosti<\/a><\/li>\n<\/ul>\t\t\t<\/nav>\n\t\t\t\t\t\t<nav class=\"elementor-nav-menu--dropdown elementor-nav-menu__container\" aria-hidden=\"true\">\n\t\t\t\t<ul id=\"menu-2-1b4a035b\" class=\"elementor-nav-menu sm-vertical\"><li class=\"menu-item menu-item-type-post_type menu-item-object-page menu-item-69226\"><a href=\"https:\/\/gjakova.rks-gov.net\/sr\/kontakti-6\/\" class=\"elementor-item\" tabindex=\"-1\">Kontakti<\/a><\/li>\n<li class=\"menu-item menu-item-type-post_type menu-item-object-page menu-item-69227\"><a href=\"https:\/\/gjakova.rks-gov.net\/sr\/odgovornosti-4\/\" class=\"elementor-item\" tabindex=\"-1\">Odgovornosti<\/a><\/li>\n<\/ul>\t\t\t<\/nav>\n\t\t\t\t\t\t<\/div>\n\t\t\t\t<\/div>\n\t\t\t\t<\/div>\n\t\t<div class=\"elementor-element elementor-element-6038d290 e-con-full e-flex e-con e-child\" data-id=\"6038d290\" data-element_type=\"container\" data-e-type=\"container\">\n\t\t<div class=\"elementor-element elementor-element-6ebd6be7 e-con-full e-flex e-con e-child\" data-id=\"6ebd6be7\" data-element_type=\"container\" data-e-type=\"container\">\n\t\t\t\t<div class=\"elementor-element elementor-element-14b86eca elementor-widget elementor-widget-theme-post-title elementor-page-title elementor-widget-heading\" data-id=\"14b86eca\" data-element_type=\"widget\" data-e-type=\"widget\" data-widget_type=\"theme-post-title.default\">\n\t\t\t\t<div class=\"elementor-widget-container\">\n\t\t\t\t\t<h1 class=\"elementor-heading-title elementor-size-default\">Odgovornosti &#8211; Sektor za Evropsku Integraciju<\/h1>\t\t\t\t<\/div>\n\t\t\t\t<\/div>\n\t\t\t\t<\/div>\n\t\t\t\t<div class=\"elementor-element elementor-element-9cb6ce2 elementor-widget elementor-widget-text-editor\" data-id=\"9cb6ce2\" data-element_type=\"widget\" data-e-type=\"widget\" data-widget_type=\"text-editor.default\">\n\t\t\t\t<div class=\"elementor-widget-container\">\n\t\t\t\t\t\t\t\t\t<p>Organizaciona struktura i odgovornosti Kancelarije za Evropske Integracije se odre\u0111uju na osnovu Pravilnika br. 08\/2011 Za&#8220;Organizaciju i Odgovornost Op\u0161tinskih Kancelarija za Evropske Integracije&#8220;, koje su u celini odgovorne za koordinaciju svih pitanja koje se odnose na evropske integracije na op\u0161tinskom nivou.<br \/>Zadaci i Odgovornosti Kancelarije<\/p><p>1. Pru\u017ea podr\u0161ku, savete i profesionalnu ekspertizu Predsedniku Op\u0161tine i Direktorima Opstine u odre\u0111ivanju i postavljanju Op\u0161tinskih prioriteta u oblasti evropskih integracija, uzimaju\u0107i u obzir svrhu sprovo\u0111enja obaveza koje proizilaze za Op\u0161tinu iz svih nacionalnih strate\u0161kih dokumenata za Evropsku Integraciju i odnosa izme\u0111u EU i Kosova.<br \/>2. Blisko sara\u0111uje sa Predsednikom Opstine Predsedavajucem Skup\u0161tine Op\u0161tine i Direktorima Direktorijata, kao i svim drugim op\u0161tinskim strukturama odlu\u010divanja, u razvoju i unapre\u0111ivanju regulatornog okvira i Op\u0161tinskih politika.<br \/>3. Blisko sara\u0111uje sa Predsednikom Op\u0161tine, Predsedavaju\u0107em Skup\u0161tine Op\u0161tine i Direktorima Direktorijata , kao i svim drugim op\u0161tinskim strukturama odlu\u010divanja u izradi Op\u0161tinskog godi\u0161njeg plana, sa ciljem odraza prioriteta i ciljeva koji sadr\u017ee op\u0161tinske strate\u0161ke dokumente, uzimajuci u obzir i sa ciljem sprovo\u0111enja obaveza koje proizilaze za Op\u0161tinu iz svih nacionalnih strate\u0161kih dokumenata za evropske integracije i odnosima Kosova i EU.<br \/>4. Koordinira i konsultuje se u tesnoj saradnji sa Nadle\u017enim Ministarstvom za Lokalnu Samoupravu i Ministarstvom za Evropske Integracije, kako bi se osiguralo uskla\u0111ivanje Op\u0161tinskih politika i prioriteta sa nacionalnim zakonodavnim okvirom i politikama za lokalnu samoupravu i za evropsku integraciju, kao i sa ciljem odraza strate\u0161kih dokumenata Vlade Republike Kosovo za evropske integracije i lokalne samouprave.<br \/>5. Koordinira se i savetuje u bliskoj saradnji sa rukovodstvom op\u0161tine (Predsednik Opstine, Predsedavaju\u010di Skup\u0161tine Op\u0161tine, Direktori Direktorijata i drugih relevantnih op\u0161tinskih struktura) i sa centralnih strukturama (Nadle\u017eno Ministarstvo za Lokalnu Samoupravu i ono za Evropske Integracije) da bi se obezbedilo po\u0161tovanje regulatornog okvira i op\u0161tinske politike sa standardima EU.<br \/>6. U\u010destvuje u definisanju i planiranju Op\u0161tinskih aktivnosti u okviru nacionalnih strate\u0161kih dokumenata za evropske integracije, u bliskoj koordinaciji i saradnji sa Nadle\u017enim Ministarstvom za Lokalnu Samoupravu i Ministarstva za Evropske Integracije.<br \/>7. Vr\u0161i pra\u0107enje, izve\u0161tavanje i redovnu evaluaciju realizacije prioriteta i Op\u0161tinskih strate\u0161kih dokumenata, kao i odgovaraju\u0107ih aktivnosti u okviru nacionalnih strate\u0161kih dokumenata za evropske integracije i Op\u0161tinskih obaveza koje proisti\u010du iz odnosa Evropske unije i Kosova.<br \/>8. Koordinira i blisko sara\u0111uje sa Nadle\u017enim Ministarstvom za lokalnu Samoupravu i Ministarstvom za Evropske Integracije, kako bi se osiguralo odraz izazova, potreba prioriteta, i izve\u0161tavanja Op\u0161tinskih dostignu\u0107a u redovnom radu Inter-Institucionalnih Struktura Koordinacije za Evropske Integracije.<br \/>9. Koordinira, u bliskoj saradnji sa Nadle\u017enim Ministarstvom za Lokalnu Samoupravu i ono za Evropske Integracije, programiranja i implementacije pomo\u0107i EU i pomo\u0107i iz drugih spoljnih izvora (bilateralnih i multilateralnih), u okviru Op\u0161tine.<br \/>10. Pru\u017ea podr\u0161ku i savete Op\u0161tinskih pravnih slu\u017ebi i Komisija Skup\u0161tine Op\u0161tine sa ciljem odraza Acquis-a i relevantnim politikama EU u razvoju regulatornog okvira Op\u0161tine, kao i stara se da se reforma regulatornog okvira odrazi u radu izvr\u0161nih i zakonodavnih organa Op\u0161tine.<br \/>11. Koordinira i sara\u0111uje sa Kancelarijom Osoblja u Op\u0161tini za pove\u0107anje kapaciteta osoblja u pitanjima vezanim za evropske integracije.<br \/>12. Koordinira i blisko sara\u0111uje sa Kancelarijom za Komunikacije i Javno Informisanje u Op\u0161tini za pitanja komunikacije i informacije koje se bave evropskim integracijama.<br \/>13. Preduzima sve druge radnje koje se tra\u017ee od strane Predsednika Op\u0161tine koje se odnose na du\u017enosti i odgovornosti Kancelarije.<\/p><p><strong>Funkcije Kancelarije<\/strong><\/p><p>1. Koordinira proces evropskih integracija;<br \/>2. Koordinaciju procesa regulatornog okvira razvoja i Op\u0161tinskih Politika koje se vezuju sa procesom evropskih integracija i koje proizilaze iz strate\u0161kih dokumenata, kao onih nacionalnih tako i lokalnih, u ovom procesu, uklju\u010duju\u0107i i u\u010de\u0161\u0107e u postavljanju op\u0161tinskih prioriteta u ovoj oblasti i koordinaciju sprovo\u0111enja Op\u0161tinskih obaveza koje proisti\u010du iz odnosa Evropske unije i Kosova ;<br \/>3. U\u010de\u0161\u0107e u postavljanju Opstinskih prioriteta i razvoj regulatornog i politi\u010dkog okvira od strane sektorskih direktorijata, kako bi se odrazile relevantne obaveze u vezi sa evropskim integracijama svakog sektora;<br \/>4. Monitorisanje, redovno izve\u0161tavanje i evaluacija implementacije ovih strate\u0161kih dokumenata i op\u0161tinskih prioriteta kod Predsednika Opstine i centralnih vlasti, preko Odgovornog Ministarstva za Lokalnu Samoupravu;<br \/>5. Koordinacija pomo\u0107i Evropske Unije i druge spoljne pomo\u010di;<br \/>6. Koordinacija i u\u010destvovanje u izradi i sprovo\u0111enju politika i strategija koje imaju za cilj razvoj op\u0161tinskih kapaciteta za uspe\u0161no obavljanje svih neophodnih reformi, uklju\u010duju\u0107i monitoring, izve\u0161tavanje i redovnu procenu njihovog sprovo\u0111enja;<br \/>7. Pru\u017eanje podr\u0161ke svim op\u0161tinskim strukturama za pobolj\u0161anje konsultacije i civilnog dijaloga sa lokalnim civilnim dru\u0161tvom i drugim zainteresovanim stranama i javnosti na op\u0161tinskom nivou.<br \/>8. Podizanje svesti op\u0161tinske administracije, civilnog dru\u0161tva, medija, poslovne zajednice i \u0161ire javnosti o procesu evropskih integracija i promociji evropskih vrednosti i standarda.\u00a0<\/p>\t\t\t\t\t\t\t\t<\/div>\n\t\t\t\t<\/div>\n\t\t\t\t<\/div>\n\t\t\t\t<\/div>\n\t\t\t\t<\/div>\n\t\t","protected":false},"excerpt":{"rendered":"<p>Organizaciona struktura i odgovornosti Kancelarije za Evropske Integracije se odre\u0111uju na osnovu Pravilnika br. 08\/2011 Za&#8220;Organizaciju i Odgovornost Op\u0161tinskih Kancelarija za Evropske Integracije&#8220;, koje su u celini odgovorne za koordinaciju svih pitanja koje se odnose na evropske integracije na op\u0161tinskom nivou.Zadaci i Odgovornosti Kancelarije 1. Pru\u017ea podr\u0161ku, savete i profesionalnu ekspertizu Predsedniku Op\u0161tine i Direktorima [&hellip;]<\/p>\n","protected":false},"author":1,"featured_media":0,"parent":0,"menu_order":0,"comment_status":"open","ping_status":"closed","template":"","meta":{"_acf_changed":false,"footnotes":""},"page-category":[],"class_list":["post-50367","page","type-page","status-publish","hentry"],"acf":[],"yoast_head":"<!-- This site is optimized with the Yoast SEO plugin v27.4 - https:\/\/yoast.com\/product\/yoast-seo-wordpress\/ -->\n<title>Odgovornosti - Sektor za Evropsku Integraciju - Op\u0161tine \u0110akovica<\/title>\n<meta name=\"robots\" content=\"index, follow, max-snippet:-1, max-image-preview:large, max-video-preview:-1\" \/>\n<link rel=\"canonical\" href=\"https:\/\/gjakova.rks-gov.net\/sr\/odgovornosti-4\/\" \/>\n<meta property=\"og:locale\" content=\"sr_RS\" \/>\n<meta property=\"og:type\" content=\"article\" \/>\n<meta property=\"og:title\" content=\"Odgovornosti - Sektor za Evropsku Integraciju - Op\u0161tine \u0110akovica\" \/>\n<meta property=\"og:description\" content=\"Organizaciona struktura i odgovornosti Kancelarije za Evropske Integracije se odre\u0111uju na osnovu Pravilnika br. 08\/2011 Za&#8220;Organizaciju i Odgovornost Op\u0161tinskih Kancelarija za Evropske Integracije&#8220;, koje su u celini odgovorne za koordinaciju svih pitanja koje se odnose na evropske integracije na op\u0161tinskom nivou.Zadaci i Odgovornosti Kancelarije 1. Pru\u017ea podr\u0161ku, savete i profesionalnu ekspertizu Predsedniku Op\u0161tine i Direktorima [&hellip;]\" \/>\n<meta property=\"og:url\" content=\"https:\/\/gjakova.rks-gov.net\/sr\/odgovornosti-4\/\" \/>\n<meta property=\"og:site_name\" content=\"Op\u0161tine \u0110akovica\" \/>\n<meta property=\"article:publisher\" content=\"https:\/\/www.facebook.com\/KomunaeGjakoves\/\" \/>\n<meta property=\"article:modified_time\" content=\"2024-08-09T07:36:34+00:00\" \/>\n<meta name=\"twitter:card\" content=\"summary_large_image\" \/>\n<meta name=\"twitter:label1\" content=\"\u041f\u0440\u043e\u0446\u0435\u045a\u0435\u043d\u043e \u0432\u0440\u0435\u043c\u0435 \u0447\u0438\u0442\u0430\u045a\u0430\" \/>\n\t<meta name=\"twitter:data1\" content=\"4 \u043c\u0438\u043d\u0443\u0442\u0430\" \/>\n<script type=\"application\/ld+json\" class=\"yoast-schema-graph\">{\"@context\":\"https:\\\/\\\/schema.org\",\"@graph\":[{\"@type\":\"WebPage\",\"@id\":\"https:\\\/\\\/gjakova.rks-gov.net\\\/sr\\\/odgovornosti-4\\\/\",\"url\":\"https:\\\/\\\/gjakova.rks-gov.net\\\/sr\\\/odgovornosti-4\\\/\",\"name\":\"Odgovornosti - Sektor za Evropsku Integraciju - Op\u0161tine \u0110akovica\",\"isPartOf\":{\"@id\":\"https:\\\/\\\/gjakova.rks-gov.net\\\/sr\\\/#website\"},\"datePublished\":\"2018-07-18T07:22:45+00:00\",\"dateModified\":\"2024-08-09T07:36:34+00:00\",\"breadcrumb\":{\"@id\":\"https:\\\/\\\/gjakova.rks-gov.net\\\/sr\\\/odgovornosti-4\\\/#breadcrumb\"},\"inLanguage\":\"sr-RS\",\"potentialAction\":[{\"@type\":\"ReadAction\",\"target\":[\"https:\\\/\\\/gjakova.rks-gov.net\\\/sr\\\/odgovornosti-4\\\/\"]}]},{\"@type\":\"BreadcrumbList\",\"@id\":\"https:\\\/\\\/gjakova.rks-gov.net\\\/sr\\\/odgovornosti-4\\\/#breadcrumb\",\"itemListElement\":[{\"@type\":\"ListItem\",\"position\":1,\"name\":\"Home\",\"item\":\"https:\\\/\\\/gjakova.rks-gov.net\\\/sr\\\/\"},{\"@type\":\"ListItem\",\"position\":2,\"name\":\"Odgovornosti &#8211; Sektor za Evropsku Integraciju\"}]},{\"@type\":\"WebSite\",\"@id\":\"https:\\\/\\\/gjakova.rks-gov.net\\\/sr\\\/#website\",\"url\":\"https:\\\/\\\/gjakova.rks-gov.net\\\/sr\\\/\",\"name\":\"Komuna e Gjakoves\",\"description\":\"\",\"publisher\":{\"@id\":\"https:\\\/\\\/gjakova.rks-gov.net\\\/sr\\\/#organization\"},\"alternateName\":\"Komuna Gjakove\",\"potentialAction\":[{\"@type\":\"SearchAction\",\"target\":{\"@type\":\"EntryPoint\",\"urlTemplate\":\"https:\\\/\\\/gjakova.rks-gov.net\\\/sr\\\/?s={search_term_string}\"},\"query-input\":{\"@type\":\"PropertyValueSpecification\",\"valueRequired\":true,\"valueName\":\"search_term_string\"}}],\"inLanguage\":\"sr-RS\"},{\"@type\":\"Organization\",\"@id\":\"https:\\\/\\\/gjakova.rks-gov.net\\\/sr\\\/#organization\",\"name\":\"Komuna e Gjakoves\",\"alternateName\":\"Komuna Gjakove\",\"url\":\"https:\\\/\\\/gjakova.rks-gov.net\\\/sr\\\/\",\"logo\":{\"@type\":\"ImageObject\",\"inLanguage\":\"sr-RS\",\"@id\":\"https:\\\/\\\/gjakova.rks-gov.net\\\/sr\\\/#\\\/schema\\\/logo\\\/image\\\/\",\"url\":\"https:\\\/\\\/gjakova.rks-gov.net\\\/wp-content\\\/uploads\\\/2024\\\/04\\\/Stema_e_Komunes_Gjakove.svg.png\",\"contentUrl\":\"https:\\\/\\\/gjakova.rks-gov.net\\\/wp-content\\\/uploads\\\/2024\\\/04\\\/Stema_e_Komunes_Gjakove.svg.png\",\"width\":512,\"height\":681,\"caption\":\"Komuna e Gjakoves\"},\"image\":{\"@id\":\"https:\\\/\\\/gjakova.rks-gov.net\\\/sr\\\/#\\\/schema\\\/logo\\\/image\\\/\"},\"sameAs\":[\"https:\\\/\\\/www.facebook.com\\\/KomunaeGjakoves\\\/\",\"https:\\\/\\\/www.instagram.com\\\/komunaegjakoves\\\/\"]}]}<\/script>\n<!-- \/ Yoast SEO plugin. -->","yoast_head_json":{"title":"Odgovornosti - Sektor za Evropsku Integraciju - Op\u0161tine \u0110akovica","robots":{"index":"index","follow":"follow","max-snippet":"max-snippet:-1","max-image-preview":"max-image-preview:large","max-video-preview":"max-video-preview:-1"},"canonical":"https:\/\/gjakova.rks-gov.net\/sr\/odgovornosti-4\/","og_locale":"sr_RS","og_type":"article","og_title":"Odgovornosti - Sektor za Evropsku Integraciju - Op\u0161tine \u0110akovica","og_description":"Organizaciona struktura i odgovornosti Kancelarije za Evropske Integracije se odre\u0111uju na osnovu Pravilnika br. 08\/2011 Za&#8220;Organizaciju i Odgovornost Op\u0161tinskih Kancelarija za Evropske Integracije&#8220;, koje su u celini odgovorne za koordinaciju svih pitanja koje se odnose na evropske integracije na op\u0161tinskom nivou.Zadaci i Odgovornosti Kancelarije 1. Pru\u017ea podr\u0161ku, savete i profesionalnu ekspertizu Predsedniku Op\u0161tine i Direktorima [&hellip;]","og_url":"https:\/\/gjakova.rks-gov.net\/sr\/odgovornosti-4\/","og_site_name":"Op\u0161tine \u0110akovica","article_publisher":"https:\/\/www.facebook.com\/KomunaeGjakoves\/","article_modified_time":"2024-08-09T07:36:34+00:00","twitter_card":"summary_large_image","twitter_misc":{"\u041f\u0440\u043e\u0446\u0435\u045a\u0435\u043d\u043e \u0432\u0440\u0435\u043c\u0435 \u0447\u0438\u0442\u0430\u045a\u0430":"4 \u043c\u0438\u043d\u0443\u0442\u0430"},"schema":{"@context":"https:\/\/schema.org","@graph":[{"@type":"WebPage","@id":"https:\/\/gjakova.rks-gov.net\/sr\/odgovornosti-4\/","url":"https:\/\/gjakova.rks-gov.net\/sr\/odgovornosti-4\/","name":"Odgovornosti - Sektor za Evropsku Integraciju - Op\u0161tine \u0110akovica","isPartOf":{"@id":"https:\/\/gjakova.rks-gov.net\/sr\/#website"},"datePublished":"2018-07-18T07:22:45+00:00","dateModified":"2024-08-09T07:36:34+00:00","breadcrumb":{"@id":"https:\/\/gjakova.rks-gov.net\/sr\/odgovornosti-4\/#breadcrumb"},"inLanguage":"sr-RS","potentialAction":[{"@type":"ReadAction","target":["https:\/\/gjakova.rks-gov.net\/sr\/odgovornosti-4\/"]}]},{"@type":"BreadcrumbList","@id":"https:\/\/gjakova.rks-gov.net\/sr\/odgovornosti-4\/#breadcrumb","itemListElement":[{"@type":"ListItem","position":1,"name":"Home","item":"https:\/\/gjakova.rks-gov.net\/sr\/"},{"@type":"ListItem","position":2,"name":"Odgovornosti &#8211; Sektor za Evropsku Integraciju"}]},{"@type":"WebSite","@id":"https:\/\/gjakova.rks-gov.net\/sr\/#website","url":"https:\/\/gjakova.rks-gov.net\/sr\/","name":"Komuna e Gjakoves","description":"","publisher":{"@id":"https:\/\/gjakova.rks-gov.net\/sr\/#organization"},"alternateName":"Komuna Gjakove","potentialAction":[{"@type":"SearchAction","target":{"@type":"EntryPoint","urlTemplate":"https:\/\/gjakova.rks-gov.net\/sr\/?s={search_term_string}"},"query-input":{"@type":"PropertyValueSpecification","valueRequired":true,"valueName":"search_term_string"}}],"inLanguage":"sr-RS"},{"@type":"Organization","@id":"https:\/\/gjakova.rks-gov.net\/sr\/#organization","name":"Komuna e Gjakoves","alternateName":"Komuna Gjakove","url":"https:\/\/gjakova.rks-gov.net\/sr\/","logo":{"@type":"ImageObject","inLanguage":"sr-RS","@id":"https:\/\/gjakova.rks-gov.net\/sr\/#\/schema\/logo\/image\/","url":"https:\/\/gjakova.rks-gov.net\/wp-content\/uploads\/2024\/04\/Stema_e_Komunes_Gjakove.svg.png","contentUrl":"https:\/\/gjakova.rks-gov.net\/wp-content\/uploads\/2024\/04\/Stema_e_Komunes_Gjakove.svg.png","width":512,"height":681,"caption":"Komuna e Gjakoves"},"image":{"@id":"https:\/\/gjakova.rks-gov.net\/sr\/#\/schema\/logo\/image\/"},"sameAs":["https:\/\/www.facebook.com\/KomunaeGjakoves\/","https:\/\/www.instagram.com\/komunaegjakoves\/"]}]}},"_links":{"self":[{"href":"https:\/\/gjakova.rks-gov.net\/sr\/wp-json\/wp\/v2\/pages\/50367","targetHints":{"allow":["GET"]}}],"collection":[{"href":"https:\/\/gjakova.rks-gov.net\/sr\/wp-json\/wp\/v2\/pages"}],"about":[{"href":"https:\/\/gjakova.rks-gov.net\/sr\/wp-json\/wp\/v2\/types\/page"}],"author":[{"embeddable":true,"href":"https:\/\/gjakova.rks-gov.net\/sr\/wp-json\/wp\/v2\/users\/1"}],"replies":[{"embeddable":true,"href":"https:\/\/gjakova.rks-gov.net\/sr\/wp-json\/wp\/v2\/comments?post=50367"}],"version-history":[{"count":4,"href":"https:\/\/gjakova.rks-gov.net\/sr\/wp-json\/wp\/v2\/pages\/50367\/revisions"}],"predecessor-version":[{"id":69281,"href":"https:\/\/gjakova.rks-gov.net\/sr\/wp-json\/wp\/v2\/pages\/50367\/revisions\/69281"}],"wp:attachment":[{"href":"https:\/\/gjakova.rks-gov.net\/sr\/wp-json\/wp\/v2\/media?parent=50367"}],"wp:term":[{"taxonomy":"page-category","embeddable":true,"href":"https:\/\/gjakova.rks-gov.net\/sr\/wp-json\/wp\/v2\/page-category?post=50367"}],"curies":[{"name":"wp","href":"https:\/\/api.w.org\/{rel}","templated":true}]}}