{"id":50364,"date":"2018-07-18T09:06:34","date_gmt":"2018-07-18T07:06:34","guid":{"rendered":"https:\/\/gjakova.rks-gov.net\/kontakti-5\/"},"modified":"2024-08-09T09:33:39","modified_gmt":"2024-08-09T07:33:39","slug":"kontakti-5","status":"publish","type":"page","link":"https:\/\/gjakova.rks-gov.net\/sr\/kontakti-5\/","title":{"rendered":"Kontakti &#8211; Ljudskim Resursima"},"content":{"rendered":"\t\t<div data-elementor-type=\"wp-page\" data-elementor-id=\"50364\" class=\"elementor elementor-50364\" data-elementor-post-type=\"page\">\n\t\t\t\t<div class=\"elementor-element elementor-element-7700c1e2 e-con-full responsive-container e-flex e-con e-parent\" data-id=\"7700c1e2\" data-element_type=\"container\" data-e-type=\"container\">\n\t\t<div class=\"elementor-element elementor-element-1fe524da e-con-full e-flex e-con e-child\" data-id=\"1fe524da\" data-element_type=\"container\" data-e-type=\"container\" data-settings=\"{&quot;background_background&quot;:&quot;classic&quot;}\">\n\t\t\t\t<div class=\"elementor-element elementor-element-78c32c4c elementor-nav-menu--dropdown-none sidebar-menu elementor-widget elementor-widget-nav-menu\" data-id=\"78c32c4c\" data-element_type=\"widget\" data-e-type=\"widget\" data-settings=\"{&quot;layout&quot;:&quot;vertical&quot;,&quot;submenu_icon&quot;:{&quot;value&quot;:&quot;&lt;svg aria-hidden=\\&quot;true\\&quot; class=\\&quot;e-font-icon-svg e-fas-caret-down\\&quot; viewBox=\\&quot;0 0 320 512\\&quot; xmlns=\\&quot;http:\\\/\\\/www.w3.org\\\/2000\\\/svg\\&quot;&gt;&lt;path d=\\&quot;M31.3 192h257.3c17.8 0 26.7 21.5 14.1 34.1L174.1 354.8c-7.8 7.8-20.5 7.8-28.3 0L17.2 226.1C4.6 213.5 13.5 192 31.3 192z\\&quot;&gt;&lt;\\\/path&gt;&lt;\\\/svg&gt;&quot;,&quot;library&quot;:&quot;fa-solid&quot;}}\" data-widget_type=\"nav-menu.default\">\n\t\t\t\t<div class=\"elementor-widget-container\">\n\t\t\t\t\t\t\t\t<nav aria-label=\"\u0418\u0437\u0431\u043e\u0440\u043d\u0438\u043a\" class=\"elementor-nav-menu--main elementor-nav-menu__container elementor-nav-menu--layout-vertical e--pointer-none\">\n\t\t\t\t<ul id=\"menu-1-78c32c4c\" class=\"elementor-nav-menu sm-vertical\"><li class=\"menu-item menu-item-type-post_type menu-item-object-page menu-item-69220\"><a href=\"https:\/\/gjakova.rks-gov.net\/sr\/izvestaji-4\/\" class=\"elementor-item\">Izve\u0161taji<\/a><\/li>\n<li class=\"menu-item menu-item-type-post_type menu-item-object-page menu-item-69221\"><a href=\"https:\/\/gjakova.rks-gov.net\/sr\/planiranje-kadrova\/\" class=\"elementor-item\">Planiranje kadrova<\/a><\/li>\n<li class=\"menu-item menu-item-type-post_type menu-item-object-page menu-item-69222\"><a href=\"https:\/\/gjakova.rks-gov.net\/sr\/odgovornosti-3\/\" class=\"elementor-item\">Odgovornosti<\/a><\/li>\n<li class=\"menu-item menu-item-type-post_type menu-item-object-page menu-item-69223\"><a href=\"https:\/\/gjakova.rks-gov.net\/sr\/kontakti-5\/\" class=\"elementor-item\">Kontakti<\/a><\/li>\n<\/ul>\t\t\t<\/nav>\n\t\t\t\t\t\t<nav class=\"elementor-nav-menu--dropdown elementor-nav-menu__container\" aria-hidden=\"true\">\n\t\t\t\t<ul id=\"menu-2-78c32c4c\" class=\"elementor-nav-menu sm-vertical\"><li class=\"menu-item menu-item-type-post_type menu-item-object-page menu-item-69220\"><a href=\"https:\/\/gjakova.rks-gov.net\/sr\/izvestaji-4\/\" class=\"elementor-item\" tabindex=\"-1\">Izve\u0161taji<\/a><\/li>\n<li class=\"menu-item menu-item-type-post_type menu-item-object-page menu-item-69221\"><a href=\"https:\/\/gjakova.rks-gov.net\/sr\/planiranje-kadrova\/\" class=\"elementor-item\" tabindex=\"-1\">Planiranje kadrova<\/a><\/li>\n<li class=\"menu-item menu-item-type-post_type menu-item-object-page menu-item-69222\"><a href=\"https:\/\/gjakova.rks-gov.net\/sr\/odgovornosti-3\/\" class=\"elementor-item\" tabindex=\"-1\">Odgovornosti<\/a><\/li>\n<li class=\"menu-item menu-item-type-post_type menu-item-object-page menu-item-69223\"><a href=\"https:\/\/gjakova.rks-gov.net\/sr\/kontakti-5\/\" class=\"elementor-item\" tabindex=\"-1\">Kontakti<\/a><\/li>\n<\/ul>\t\t\t<\/nav>\n\t\t\t\t\t\t<\/div>\n\t\t\t\t<\/div>\n\t\t\t\t<\/div>\n\t\t<div class=\"elementor-element elementor-element-7ced1556 e-con-full e-flex e-con e-child\" data-id=\"7ced1556\" data-element_type=\"container\" data-e-type=\"container\">\n\t\t<div class=\"elementor-element elementor-element-7d2acd3d e-con-full e-flex e-con e-child\" data-id=\"7d2acd3d\" data-element_type=\"container\" data-e-type=\"container\">\n\t\t\t\t<div class=\"elementor-element elementor-element-50d4547c elementor-widget elementor-widget-theme-post-title elementor-page-title elementor-widget-heading\" data-id=\"50d4547c\" data-element_type=\"widget\" data-e-type=\"widget\" data-widget_type=\"theme-post-title.default\">\n\t\t\t\t<div class=\"elementor-widget-container\">\n\t\t\t\t\t<h1 class=\"elementor-heading-title elementor-size-default\">Kontakti &#8211; Ljudskim Resursima<\/h1>\t\t\t\t<\/div>\n\t\t\t\t<\/div>\n\t\t\t\t<\/div>\n\t\t\t\t<div class=\"elementor-element elementor-element-30f2149 elementor-widget elementor-widget-text-editor\" data-id=\"30f2149\" data-element_type=\"widget\" data-e-type=\"widget\" data-widget_type=\"text-editor.default\">\n\t\t\t\t<div class=\"elementor-widget-container\">\n\t\t\t\t\t\t\t\t\t<p><strong>Ku\u0161trim Brahimaj<\/strong><\/p><p>Mena\u0111er Osoblja<br \/>Ul.: \u201cMajke Tereze\u201d br. 73 \u00d0akovica<br \/>Tel. VOIP: 038 200 44150<br \/>E-mail: kushtrim.brahimaj@rks-gov.net\u00a0<\/p>\t\t\t\t\t\t\t\t<\/div>\n\t\t\t\t<\/div>\n\t\t\t\t<\/div>\n\t\t\t\t<\/div>\n\t\t\t\t<\/div>\n\t\t","protected":false},"excerpt":{"rendered":"<p>Ku\u0161trim Brahimaj Mena\u0111er OsobljaUl.: \u201cMajke Tereze\u201d br. 73 \u00d0akovicaTel. VOIP: 038 200 44150E-mail: kushtrim.brahimaj@rks-gov.net\u00a0<\/p>\n","protected":false},"author":1,"featured_media":0,"parent":0,"menu_order":0,"comment_status":"open","ping_status":"closed","template":"","meta":{"_acf_changed":false,"footnotes":""},"page-category":[],"class_list":["post-50364","page","type-page","status-publish","hentry"],"acf":[],"yoast_head":"<!-- This site is optimized with the Yoast SEO plugin v27.4 - https:\/\/yoast.com\/product\/yoast-seo-wordpress\/ -->\n<title>Kontakti - Ljudskim Resursima - Op\u0161tine \u0110akovica<\/title>\n<meta name=\"robots\" content=\"index, follow, max-snippet:-1, max-image-preview:large, max-video-preview:-1\" \/>\n<link rel=\"canonical\" href=\"https:\/\/gjakova.rks-gov.net\/sr\/kontakti-5\/\" \/>\n<meta property=\"og:locale\" content=\"sr_RS\" \/>\n<meta property=\"og:type\" content=\"article\" \/>\n<meta property=\"og:title\" content=\"Kontakti - Ljudskim Resursima - Op\u0161tine \u0110akovica\" \/>\n<meta property=\"og:description\" content=\"Ku\u0161trim Brahimaj Mena\u0111er OsobljaUl.: \u201cMajke Tereze\u201d br. 73 \u00d0akovicaTel. VOIP: 038 200 44150E-mail: kushtrim.brahimaj@rks-gov.net\u00a0\" \/>\n<meta property=\"og:url\" content=\"https:\/\/gjakova.rks-gov.net\/sr\/kontakti-5\/\" \/>\n<meta property=\"og:site_name\" content=\"Op\u0161tine \u0110akovica\" \/>\n<meta property=\"article:publisher\" content=\"https:\/\/www.facebook.com\/KomunaeGjakoves\/\" \/>\n<meta property=\"article:modified_time\" content=\"2024-08-09T07:33:39+00:00\" \/>\n<meta name=\"twitter:card\" content=\"summary_large_image\" \/>\n<script type=\"application\/ld+json\" class=\"yoast-schema-graph\">{\"@context\":\"https:\\\/\\\/schema.org\",\"@graph\":[{\"@type\":\"WebPage\",\"@id\":\"https:\\\/\\\/gjakova.rks-gov.net\\\/sr\\\/kontakti-5\\\/\",\"url\":\"https:\\\/\\\/gjakova.rks-gov.net\\\/sr\\\/kontakti-5\\\/\",\"name\":\"Kontakti - Ljudskim Resursima - Op\u0161tine \u0110akovica\",\"isPartOf\":{\"@id\":\"https:\\\/\\\/gjakova.rks-gov.net\\\/sr\\\/#website\"},\"datePublished\":\"2018-07-18T07:06:34+00:00\",\"dateModified\":\"2024-08-09T07:33:39+00:00\",\"breadcrumb\":{\"@id\":\"https:\\\/\\\/gjakova.rks-gov.net\\\/sr\\\/kontakti-5\\\/#breadcrumb\"},\"inLanguage\":\"sr-RS\",\"potentialAction\":[{\"@type\":\"ReadAction\",\"target\":[\"https:\\\/\\\/gjakova.rks-gov.net\\\/sr\\\/kontakti-5\\\/\"]}]},{\"@type\":\"BreadcrumbList\",\"@id\":\"https:\\\/\\\/gjakova.rks-gov.net\\\/sr\\\/kontakti-5\\\/#breadcrumb\",\"itemListElement\":[{\"@type\":\"ListItem\",\"position\":1,\"name\":\"Home\",\"item\":\"https:\\\/\\\/gjakova.rks-gov.net\\\/sr\\\/\"},{\"@type\":\"ListItem\",\"position\":2,\"name\":\"Kontakti &#8211; Ljudskim Resursima\"}]},{\"@type\":\"WebSite\",\"@id\":\"https:\\\/\\\/gjakova.rks-gov.net\\\/sr\\\/#website\",\"url\":\"https:\\\/\\\/gjakova.rks-gov.net\\\/sr\\\/\",\"name\":\"Komuna e Gjakoves\",\"description\":\"\",\"publisher\":{\"@id\":\"https:\\\/\\\/gjakova.rks-gov.net\\\/sr\\\/#organization\"},\"alternateName\":\"Komuna Gjakove\",\"potentialAction\":[{\"@type\":\"SearchAction\",\"target\":{\"@type\":\"EntryPoint\",\"urlTemplate\":\"https:\\\/\\\/gjakova.rks-gov.net\\\/sr\\\/?s={search_term_string}\"},\"query-input\":{\"@type\":\"PropertyValueSpecification\",\"valueRequired\":true,\"valueName\":\"search_term_string\"}}],\"inLanguage\":\"sr-RS\"},{\"@type\":\"Organization\",\"@id\":\"https:\\\/\\\/gjakova.rks-gov.net\\\/sr\\\/#organization\",\"name\":\"Komuna e Gjakoves\",\"alternateName\":\"Komuna Gjakove\",\"url\":\"https:\\\/\\\/gjakova.rks-gov.net\\\/sr\\\/\",\"logo\":{\"@type\":\"ImageObject\",\"inLanguage\":\"sr-RS\",\"@id\":\"https:\\\/\\\/gjakova.rks-gov.net\\\/sr\\\/#\\\/schema\\\/logo\\\/image\\\/\",\"url\":\"https:\\\/\\\/gjakova.rks-gov.net\\\/wp-content\\\/uploads\\\/2024\\\/04\\\/Stema_e_Komunes_Gjakove.svg.png\",\"contentUrl\":\"https:\\\/\\\/gjakova.rks-gov.net\\\/wp-content\\\/uploads\\\/2024\\\/04\\\/Stema_e_Komunes_Gjakove.svg.png\",\"width\":512,\"height\":681,\"caption\":\"Komuna e Gjakoves\"},\"image\":{\"@id\":\"https:\\\/\\\/gjakova.rks-gov.net\\\/sr\\\/#\\\/schema\\\/logo\\\/image\\\/\"},\"sameAs\":[\"https:\\\/\\\/www.facebook.com\\\/KomunaeGjakoves\\\/\",\"https:\\\/\\\/www.instagram.com\\\/komunaegjakoves\\\/\"]}]}<\/script>\n<!-- \/ Yoast SEO plugin. -->","yoast_head_json":{"title":"Kontakti - Ljudskim Resursima - Op\u0161tine \u0110akovica","robots":{"index":"index","follow":"follow","max-snippet":"max-snippet:-1","max-image-preview":"max-image-preview:large","max-video-preview":"max-video-preview:-1"},"canonical":"https:\/\/gjakova.rks-gov.net\/sr\/kontakti-5\/","og_locale":"sr_RS","og_type":"article","og_title":"Kontakti - Ljudskim Resursima - Op\u0161tine \u0110akovica","og_description":"Ku\u0161trim Brahimaj Mena\u0111er OsobljaUl.: \u201cMajke Tereze\u201d br. 73 \u00d0akovicaTel. VOIP: 038 200 44150E-mail: kushtrim.brahimaj@rks-gov.net\u00a0","og_url":"https:\/\/gjakova.rks-gov.net\/sr\/kontakti-5\/","og_site_name":"Op\u0161tine \u0110akovica","article_publisher":"https:\/\/www.facebook.com\/KomunaeGjakoves\/","article_modified_time":"2024-08-09T07:33:39+00:00","twitter_card":"summary_large_image","schema":{"@context":"https:\/\/schema.org","@graph":[{"@type":"WebPage","@id":"https:\/\/gjakova.rks-gov.net\/sr\/kontakti-5\/","url":"https:\/\/gjakova.rks-gov.net\/sr\/kontakti-5\/","name":"Kontakti - Ljudskim Resursima - Op\u0161tine \u0110akovica","isPartOf":{"@id":"https:\/\/gjakova.rks-gov.net\/sr\/#website"},"datePublished":"2018-07-18T07:06:34+00:00","dateModified":"2024-08-09T07:33:39+00:00","breadcrumb":{"@id":"https:\/\/gjakova.rks-gov.net\/sr\/kontakti-5\/#breadcrumb"},"inLanguage":"sr-RS","potentialAction":[{"@type":"ReadAction","target":["https:\/\/gjakova.rks-gov.net\/sr\/kontakti-5\/"]}]},{"@type":"BreadcrumbList","@id":"https:\/\/gjakova.rks-gov.net\/sr\/kontakti-5\/#breadcrumb","itemListElement":[{"@type":"ListItem","position":1,"name":"Home","item":"https:\/\/gjakova.rks-gov.net\/sr\/"},{"@type":"ListItem","position":2,"name":"Kontakti &#8211; Ljudskim Resursima"}]},{"@type":"WebSite","@id":"https:\/\/gjakova.rks-gov.net\/sr\/#website","url":"https:\/\/gjakova.rks-gov.net\/sr\/","name":"Komuna e Gjakoves","description":"","publisher":{"@id":"https:\/\/gjakova.rks-gov.net\/sr\/#organization"},"alternateName":"Komuna Gjakove","potentialAction":[{"@type":"SearchAction","target":{"@type":"EntryPoint","urlTemplate":"https:\/\/gjakova.rks-gov.net\/sr\/?s={search_term_string}"},"query-input":{"@type":"PropertyValueSpecification","valueRequired":true,"valueName":"search_term_string"}}],"inLanguage":"sr-RS"},{"@type":"Organization","@id":"https:\/\/gjakova.rks-gov.net\/sr\/#organization","name":"Komuna e Gjakoves","alternateName":"Komuna Gjakove","url":"https:\/\/gjakova.rks-gov.net\/sr\/","logo":{"@type":"ImageObject","inLanguage":"sr-RS","@id":"https:\/\/gjakova.rks-gov.net\/sr\/#\/schema\/logo\/image\/","url":"https:\/\/gjakova.rks-gov.net\/wp-content\/uploads\/2024\/04\/Stema_e_Komunes_Gjakove.svg.png","contentUrl":"https:\/\/gjakova.rks-gov.net\/wp-content\/uploads\/2024\/04\/Stema_e_Komunes_Gjakove.svg.png","width":512,"height":681,"caption":"Komuna e Gjakoves"},"image":{"@id":"https:\/\/gjakova.rks-gov.net\/sr\/#\/schema\/logo\/image\/"},"sameAs":["https:\/\/www.facebook.com\/KomunaeGjakoves\/","https:\/\/www.instagram.com\/komunaegjakoves\/"]}]}},"_links":{"self":[{"href":"https:\/\/gjakova.rks-gov.net\/sr\/wp-json\/wp\/v2\/pages\/50364","targetHints":{"allow":["GET"]}}],"collection":[{"href":"https:\/\/gjakova.rks-gov.net\/sr\/wp-json\/wp\/v2\/pages"}],"about":[{"href":"https:\/\/gjakova.rks-gov.net\/sr\/wp-json\/wp\/v2\/types\/page"}],"author":[{"embeddable":true,"href":"https:\/\/gjakova.rks-gov.net\/sr\/wp-json\/wp\/v2\/users\/1"}],"replies":[{"embeddable":true,"href":"https:\/\/gjakova.rks-gov.net\/sr\/wp-json\/wp\/v2\/comments?post=50364"}],"version-history":[{"count":4,"href":"https:\/\/gjakova.rks-gov.net\/sr\/wp-json\/wp\/v2\/pages\/50364\/revisions"}],"predecessor-version":[{"id":69269,"href":"https:\/\/gjakova.rks-gov.net\/sr\/wp-json\/wp\/v2\/pages\/50364\/revisions\/69269"}],"wp:attachment":[{"href":"https:\/\/gjakova.rks-gov.net\/sr\/wp-json\/wp\/v2\/media?parent=50364"}],"wp:term":[{"taxonomy":"page-category","embeddable":true,"href":"https:\/\/gjakova.rks-gov.net\/sr\/wp-json\/wp\/v2\/page-category?post=50364"}],"curies":[{"name":"wp","href":"https:\/\/api.w.org\/{rel}","templated":true}]}}