{"id":50362,"date":"2018-07-18T08:57:17","date_gmt":"2018-07-18T06:57:17","guid":{"rendered":"https:\/\/gjakova.rks-gov.net\/odgovornosti-2\/"},"modified":"2024-08-09T09:35:19","modified_gmt":"2024-08-09T07:35:19","slug":"odgovornosti-2","status":"publish","type":"page","link":"https:\/\/gjakova.rks-gov.net\/sr\/odgovornosti-2\/","title":{"rendered":"Odgovornosti &#8211; Pravni Sektor"},"content":{"rendered":"\t\t<div data-elementor-type=\"wp-page\" data-elementor-id=\"50362\" class=\"elementor elementor-50362\" data-elementor-post-type=\"page\">\n\t\t\t\t<div class=\"elementor-element elementor-element-360b16d0 e-con-full responsive-container e-flex e-con e-parent\" data-id=\"360b16d0\" data-element_type=\"container\" data-e-type=\"container\">\n\t\t<div class=\"elementor-element elementor-element-57331d4 e-con-full e-flex e-con e-child\" data-id=\"57331d4\" data-element_type=\"container\" data-e-type=\"container\" data-settings=\"{&quot;background_background&quot;:&quot;classic&quot;}\">\n\t\t\t\t<div class=\"elementor-element elementor-element-1c63bba4 elementor-nav-menu--dropdown-none sidebar-menu elementor-widget elementor-widget-nav-menu\" data-id=\"1c63bba4\" data-element_type=\"widget\" data-e-type=\"widget\" data-settings=\"{&quot;layout&quot;:&quot;vertical&quot;,&quot;submenu_icon&quot;:{&quot;value&quot;:&quot;&lt;svg aria-hidden=\\&quot;true\\&quot; class=\\&quot;e-font-icon-svg e-fas-caret-down\\&quot; viewBox=\\&quot;0 0 320 512\\&quot; xmlns=\\&quot;http:\\\/\\\/www.w3.org\\\/2000\\\/svg\\&quot;&gt;&lt;path d=\\&quot;M31.3 192h257.3c17.8 0 26.7 21.5 14.1 34.1L174.1 354.8c-7.8 7.8-20.5 7.8-28.3 0L17.2 226.1C4.6 213.5 13.5 192 31.3 192z\\&quot;&gt;&lt;\\\/path&gt;&lt;\\\/svg&gt;&quot;,&quot;library&quot;:&quot;fa-solid&quot;}}\" data-widget_type=\"nav-menu.default\">\n\t\t\t\t<div class=\"elementor-widget-container\">\n\t\t\t\t\t\t\t\t<nav aria-label=\"\u0418\u0437\u0431\u043e\u0440\u043d\u0438\u043a\" class=\"elementor-nav-menu--main elementor-nav-menu__container elementor-nav-menu--layout-vertical e--pointer-none\">\n\t\t\t\t<ul id=\"menu-1-1c63bba4\" class=\"elementor-nav-menu sm-vertical\"><li class=\"menu-item menu-item-type-post_type menu-item-object-page menu-item-69224\"><a href=\"https:\/\/gjakova.rks-gov.net\/sr\/kontakti-4\/\" class=\"elementor-item\">Kontakti<\/a><\/li>\n<li class=\"menu-item menu-item-type-post_type menu-item-object-page menu-item-69225\"><a href=\"https:\/\/gjakova.rks-gov.net\/sr\/odgovornosti-2\/\" class=\"elementor-item\">Odgovornosti<\/a><\/li>\n<\/ul>\t\t\t<\/nav>\n\t\t\t\t\t\t<nav class=\"elementor-nav-menu--dropdown elementor-nav-menu__container\" aria-hidden=\"true\">\n\t\t\t\t<ul id=\"menu-2-1c63bba4\" class=\"elementor-nav-menu sm-vertical\"><li class=\"menu-item menu-item-type-post_type menu-item-object-page menu-item-69224\"><a href=\"https:\/\/gjakova.rks-gov.net\/sr\/kontakti-4\/\" class=\"elementor-item\" tabindex=\"-1\">Kontakti<\/a><\/li>\n<li class=\"menu-item menu-item-type-post_type menu-item-object-page menu-item-69225\"><a href=\"https:\/\/gjakova.rks-gov.net\/sr\/odgovornosti-2\/\" class=\"elementor-item\" tabindex=\"-1\">Odgovornosti<\/a><\/li>\n<\/ul>\t\t\t<\/nav>\n\t\t\t\t\t\t<\/div>\n\t\t\t\t<\/div>\n\t\t\t\t<\/div>\n\t\t<div class=\"elementor-element elementor-element-4f310bd e-con-full e-flex e-con e-child\" data-id=\"4f310bd\" data-element_type=\"container\" data-e-type=\"container\">\n\t\t<div class=\"elementor-element elementor-element-2b5bcc0d e-con-full e-flex e-con e-child\" data-id=\"2b5bcc0d\" data-element_type=\"container\" data-e-type=\"container\">\n\t\t\t\t<div class=\"elementor-element elementor-element-6c5ac9a8 elementor-widget elementor-widget-theme-post-title elementor-page-title elementor-widget-heading\" data-id=\"6c5ac9a8\" data-element_type=\"widget\" data-e-type=\"widget\" data-widget_type=\"theme-post-title.default\">\n\t\t\t\t<div class=\"elementor-widget-container\">\n\t\t\t\t\t<h1 class=\"elementor-heading-title elementor-size-default\">Odgovornosti &#8211; Pravni Sektor<\/h1>\t\t\t\t<\/div>\n\t\t\t\t<\/div>\n\t\t\t\t<\/div>\n\t\t\t\t<div class=\"elementor-element elementor-element-d6385c5 elementor-widget elementor-widget-text-editor\" data-id=\"d6385c5\" data-element_type=\"widget\" data-e-type=\"widget\" data-widget_type=\"text-editor.default\">\n\t\t\t\t<div class=\"elementor-widget-container\">\n\t\t\t\t\t\t\t\t\t<p>Zadaci i odgovornosti Pravne Kancelarije<\/p><p>1. Pravna Kancelarija pru\u017ea pravnu pomo\u0107 i sara\u0111uje sa Predsednikom Op\u0161tine, Skup\u0161tinom Op\u0161tinom, Upravnim Odborom i Op\u0161tinskim Organima Javne Uprave, u vezi sa odgovornostima za upravljanje Op\u0161tinom.<br \/>2. Vrsi izradu projekata Statuta i razli\u010ditih Op\u0161tinskih Propisa<br \/>3. Pravna Kancelarija se anga\u017euje i u\u010destvuje u svim procesima i javnim raspravama, do usvajanja akata iz nadle\u017enosti Skup\u0161tine Op\u0161tine.<br \/>4. Pru\u017ea posebnu pravnu pomo\u0107 za sve direktore direktorijata op\u0161tinske administracije.<br \/>5. Izra\u0111uje odluke, naredbe i druge administrativne akte, koji su odobreni od strane Predsednika Op\u0161tine.<br \/>6. Priprema nacrt- odluka Predsednika Op\u0161tine za usvajanje od strane Skup\u0161tine Op\u0161tine<br \/>7. Sastavlja ugovore, sporazume i druge protokolarne dokumente, za kabinet Predsednika Op\u0161tine.<br \/>8. Pru\u017ea pravne savete za Predsednika, za Predsedavaju\u010deg i direktore javnih administrativnih organa Op\u0161tine \u0110akovica.<br \/>9. Priprema pozive i prate\u0107u dokumentaciju, za sastanke Upravnog Odbora.<br \/>10. Poma\u017ee u profesionalnom aspektu Upravni odbor i vodi zapisnike sa sastanaka.<br \/>11. Vrsi nacrt dokumenata zapisnika i obra\u0111uje administrativne akte, odnosno vadi iz zapisnika ekstrakt zaklju\u010daka (konkluzija), odobrenih od strane Upravnog Odbora.<br \/>12. Obavlja i druge stru\u010dne poslove, na zahtev Predsednika Op\u0161tine.<br \/>13. Zvani\u010dnici pravne kancelarije direktno su odgovorni Predsedniku Op\u0161tine za njihov rad.\u00a0<\/p>\t\t\t\t\t\t\t\t<\/div>\n\t\t\t\t<\/div>\n\t\t\t\t<\/div>\n\t\t\t\t<\/div>\n\t\t\t\t<\/div>\n\t\t","protected":false},"excerpt":{"rendered":"<p>Zadaci i odgovornosti Pravne Kancelarije 1. Pravna Kancelarija pru\u017ea pravnu pomo\u0107 i sara\u0111uje sa Predsednikom Op\u0161tine, Skup\u0161tinom Op\u0161tinom, Upravnim Odborom i Op\u0161tinskim Organima Javne Uprave, u vezi sa odgovornostima za upravljanje Op\u0161tinom.2. Vrsi izradu projekata Statuta i razli\u010ditih Op\u0161tinskih Propisa3. Pravna Kancelarija se anga\u017euje i u\u010destvuje u svim procesima i javnim raspravama, do usvajanja akata [&hellip;]<\/p>\n","protected":false},"author":1,"featured_media":0,"parent":0,"menu_order":0,"comment_status":"open","ping_status":"closed","template":"","meta":{"_acf_changed":false,"footnotes":""},"page-category":[],"class_list":["post-50362","page","type-page","status-publish","hentry"],"acf":[],"yoast_head":"<!-- This site is optimized with the Yoast SEO plugin v27.4 - https:\/\/yoast.com\/product\/yoast-seo-wordpress\/ -->\n<title>Odgovornosti - Pravni Sektor - Op\u0161tine \u0110akovica<\/title>\n<meta name=\"robots\" content=\"index, follow, max-snippet:-1, max-image-preview:large, max-video-preview:-1\" \/>\n<link rel=\"canonical\" href=\"https:\/\/gjakova.rks-gov.net\/sr\/odgovornosti-2\/\" \/>\n<meta property=\"og:locale\" content=\"sr_RS\" \/>\n<meta property=\"og:type\" content=\"article\" \/>\n<meta property=\"og:title\" content=\"Odgovornosti - Pravni Sektor - Op\u0161tine \u0110akovica\" \/>\n<meta property=\"og:description\" content=\"Zadaci i odgovornosti Pravne Kancelarije 1. Pravna Kancelarija pru\u017ea pravnu pomo\u0107 i sara\u0111uje sa Predsednikom Op\u0161tine, Skup\u0161tinom Op\u0161tinom, Upravnim Odborom i Op\u0161tinskim Organima Javne Uprave, u vezi sa odgovornostima za upravljanje Op\u0161tinom.2. Vrsi izradu projekata Statuta i razli\u010ditih Op\u0161tinskih Propisa3. Pravna Kancelarija se anga\u017euje i u\u010destvuje u svim procesima i javnim raspravama, do usvajanja akata [&hellip;]\" \/>\n<meta property=\"og:url\" content=\"https:\/\/gjakova.rks-gov.net\/sr\/odgovornosti-2\/\" \/>\n<meta property=\"og:site_name\" content=\"Op\u0161tine \u0110akovica\" \/>\n<meta property=\"article:publisher\" content=\"https:\/\/www.facebook.com\/KomunaeGjakoves\/\" \/>\n<meta property=\"article:modified_time\" content=\"2024-08-09T07:35:19+00:00\" \/>\n<meta name=\"twitter:card\" content=\"summary_large_image\" \/>\n<meta name=\"twitter:label1\" content=\"\u041f\u0440\u043e\u0446\u0435\u045a\u0435\u043d\u043e \u0432\u0440\u0435\u043c\u0435 \u0447\u0438\u0442\u0430\u045a\u0430\" \/>\n\t<meta name=\"twitter:data1\" content=\"1 \u043c\u0438\u043d\u0443\u0442\" \/>\n<script type=\"application\/ld+json\" class=\"yoast-schema-graph\">{\"@context\":\"https:\\\/\\\/schema.org\",\"@graph\":[{\"@type\":\"WebPage\",\"@id\":\"https:\\\/\\\/gjakova.rks-gov.net\\\/sr\\\/odgovornosti-2\\\/\",\"url\":\"https:\\\/\\\/gjakova.rks-gov.net\\\/sr\\\/odgovornosti-2\\\/\",\"name\":\"Odgovornosti - Pravni Sektor - Op\u0161tine \u0110akovica\",\"isPartOf\":{\"@id\":\"https:\\\/\\\/gjakova.rks-gov.net\\\/sr\\\/#website\"},\"datePublished\":\"2018-07-18T06:57:17+00:00\",\"dateModified\":\"2024-08-09T07:35:19+00:00\",\"breadcrumb\":{\"@id\":\"https:\\\/\\\/gjakova.rks-gov.net\\\/sr\\\/odgovornosti-2\\\/#breadcrumb\"},\"inLanguage\":\"sr-RS\",\"potentialAction\":[{\"@type\":\"ReadAction\",\"target\":[\"https:\\\/\\\/gjakova.rks-gov.net\\\/sr\\\/odgovornosti-2\\\/\"]}]},{\"@type\":\"BreadcrumbList\",\"@id\":\"https:\\\/\\\/gjakova.rks-gov.net\\\/sr\\\/odgovornosti-2\\\/#breadcrumb\",\"itemListElement\":[{\"@type\":\"ListItem\",\"position\":1,\"name\":\"Home\",\"item\":\"https:\\\/\\\/gjakova.rks-gov.net\\\/sr\\\/\"},{\"@type\":\"ListItem\",\"position\":2,\"name\":\"Odgovornosti &#8211; Pravni Sektor\"}]},{\"@type\":\"WebSite\",\"@id\":\"https:\\\/\\\/gjakova.rks-gov.net\\\/sr\\\/#website\",\"url\":\"https:\\\/\\\/gjakova.rks-gov.net\\\/sr\\\/\",\"name\":\"Komuna e Gjakoves\",\"description\":\"\",\"publisher\":{\"@id\":\"https:\\\/\\\/gjakova.rks-gov.net\\\/sr\\\/#organization\"},\"alternateName\":\"Komuna Gjakove\",\"potentialAction\":[{\"@type\":\"SearchAction\",\"target\":{\"@type\":\"EntryPoint\",\"urlTemplate\":\"https:\\\/\\\/gjakova.rks-gov.net\\\/sr\\\/?s={search_term_string}\"},\"query-input\":{\"@type\":\"PropertyValueSpecification\",\"valueRequired\":true,\"valueName\":\"search_term_string\"}}],\"inLanguage\":\"sr-RS\"},{\"@type\":\"Organization\",\"@id\":\"https:\\\/\\\/gjakova.rks-gov.net\\\/sr\\\/#organization\",\"name\":\"Komuna e Gjakoves\",\"alternateName\":\"Komuna Gjakove\",\"url\":\"https:\\\/\\\/gjakova.rks-gov.net\\\/sr\\\/\",\"logo\":{\"@type\":\"ImageObject\",\"inLanguage\":\"sr-RS\",\"@id\":\"https:\\\/\\\/gjakova.rks-gov.net\\\/sr\\\/#\\\/schema\\\/logo\\\/image\\\/\",\"url\":\"https:\\\/\\\/gjakova.rks-gov.net\\\/wp-content\\\/uploads\\\/2024\\\/04\\\/Stema_e_Komunes_Gjakove.svg.png\",\"contentUrl\":\"https:\\\/\\\/gjakova.rks-gov.net\\\/wp-content\\\/uploads\\\/2024\\\/04\\\/Stema_e_Komunes_Gjakove.svg.png\",\"width\":512,\"height\":681,\"caption\":\"Komuna e Gjakoves\"},\"image\":{\"@id\":\"https:\\\/\\\/gjakova.rks-gov.net\\\/sr\\\/#\\\/schema\\\/logo\\\/image\\\/\"},\"sameAs\":[\"https:\\\/\\\/www.facebook.com\\\/KomunaeGjakoves\\\/\",\"https:\\\/\\\/www.instagram.com\\\/komunaegjakoves\\\/\"]}]}<\/script>\n<!-- \/ Yoast SEO plugin. -->","yoast_head_json":{"title":"Odgovornosti - Pravni Sektor - Op\u0161tine \u0110akovica","robots":{"index":"index","follow":"follow","max-snippet":"max-snippet:-1","max-image-preview":"max-image-preview:large","max-video-preview":"max-video-preview:-1"},"canonical":"https:\/\/gjakova.rks-gov.net\/sr\/odgovornosti-2\/","og_locale":"sr_RS","og_type":"article","og_title":"Odgovornosti - Pravni Sektor - Op\u0161tine \u0110akovica","og_description":"Zadaci i odgovornosti Pravne Kancelarije 1. Pravna Kancelarija pru\u017ea pravnu pomo\u0107 i sara\u0111uje sa Predsednikom Op\u0161tine, Skup\u0161tinom Op\u0161tinom, Upravnim Odborom i Op\u0161tinskim Organima Javne Uprave, u vezi sa odgovornostima za upravljanje Op\u0161tinom.2. Vrsi izradu projekata Statuta i razli\u010ditih Op\u0161tinskih Propisa3. Pravna Kancelarija se anga\u017euje i u\u010destvuje u svim procesima i javnim raspravama, do usvajanja akata [&hellip;]","og_url":"https:\/\/gjakova.rks-gov.net\/sr\/odgovornosti-2\/","og_site_name":"Op\u0161tine \u0110akovica","article_publisher":"https:\/\/www.facebook.com\/KomunaeGjakoves\/","article_modified_time":"2024-08-09T07:35:19+00:00","twitter_card":"summary_large_image","twitter_misc":{"\u041f\u0440\u043e\u0446\u0435\u045a\u0435\u043d\u043e \u0432\u0440\u0435\u043c\u0435 \u0447\u0438\u0442\u0430\u045a\u0430":"1 \u043c\u0438\u043d\u0443\u0442"},"schema":{"@context":"https:\/\/schema.org","@graph":[{"@type":"WebPage","@id":"https:\/\/gjakova.rks-gov.net\/sr\/odgovornosti-2\/","url":"https:\/\/gjakova.rks-gov.net\/sr\/odgovornosti-2\/","name":"Odgovornosti - Pravni Sektor - Op\u0161tine \u0110akovica","isPartOf":{"@id":"https:\/\/gjakova.rks-gov.net\/sr\/#website"},"datePublished":"2018-07-18T06:57:17+00:00","dateModified":"2024-08-09T07:35:19+00:00","breadcrumb":{"@id":"https:\/\/gjakova.rks-gov.net\/sr\/odgovornosti-2\/#breadcrumb"},"inLanguage":"sr-RS","potentialAction":[{"@type":"ReadAction","target":["https:\/\/gjakova.rks-gov.net\/sr\/odgovornosti-2\/"]}]},{"@type":"BreadcrumbList","@id":"https:\/\/gjakova.rks-gov.net\/sr\/odgovornosti-2\/#breadcrumb","itemListElement":[{"@type":"ListItem","position":1,"name":"Home","item":"https:\/\/gjakova.rks-gov.net\/sr\/"},{"@type":"ListItem","position":2,"name":"Odgovornosti &#8211; Pravni Sektor"}]},{"@type":"WebSite","@id":"https:\/\/gjakova.rks-gov.net\/sr\/#website","url":"https:\/\/gjakova.rks-gov.net\/sr\/","name":"Komuna e Gjakoves","description":"","publisher":{"@id":"https:\/\/gjakova.rks-gov.net\/sr\/#organization"},"alternateName":"Komuna Gjakove","potentialAction":[{"@type":"SearchAction","target":{"@type":"EntryPoint","urlTemplate":"https:\/\/gjakova.rks-gov.net\/sr\/?s={search_term_string}"},"query-input":{"@type":"PropertyValueSpecification","valueRequired":true,"valueName":"search_term_string"}}],"inLanguage":"sr-RS"},{"@type":"Organization","@id":"https:\/\/gjakova.rks-gov.net\/sr\/#organization","name":"Komuna e Gjakoves","alternateName":"Komuna Gjakove","url":"https:\/\/gjakova.rks-gov.net\/sr\/","logo":{"@type":"ImageObject","inLanguage":"sr-RS","@id":"https:\/\/gjakova.rks-gov.net\/sr\/#\/schema\/logo\/image\/","url":"https:\/\/gjakova.rks-gov.net\/wp-content\/uploads\/2024\/04\/Stema_e_Komunes_Gjakove.svg.png","contentUrl":"https:\/\/gjakova.rks-gov.net\/wp-content\/uploads\/2024\/04\/Stema_e_Komunes_Gjakove.svg.png","width":512,"height":681,"caption":"Komuna e Gjakoves"},"image":{"@id":"https:\/\/gjakova.rks-gov.net\/sr\/#\/schema\/logo\/image\/"},"sameAs":["https:\/\/www.facebook.com\/KomunaeGjakoves\/","https:\/\/www.instagram.com\/komunaegjakoves\/"]}]}},"_links":{"self":[{"href":"https:\/\/gjakova.rks-gov.net\/sr\/wp-json\/wp\/v2\/pages\/50362","targetHints":{"allow":["GET"]}}],"collection":[{"href":"https:\/\/gjakova.rks-gov.net\/sr\/wp-json\/wp\/v2\/pages"}],"about":[{"href":"https:\/\/gjakova.rks-gov.net\/sr\/wp-json\/wp\/v2\/types\/page"}],"author":[{"embeddable":true,"href":"https:\/\/gjakova.rks-gov.net\/sr\/wp-json\/wp\/v2\/users\/1"}],"replies":[{"embeddable":true,"href":"https:\/\/gjakova.rks-gov.net\/sr\/wp-json\/wp\/v2\/comments?post=50362"}],"version-history":[{"count":4,"href":"https:\/\/gjakova.rks-gov.net\/sr\/wp-json\/wp\/v2\/pages\/50362\/revisions"}],"predecessor-version":[{"id":69278,"href":"https:\/\/gjakova.rks-gov.net\/sr\/wp-json\/wp\/v2\/pages\/50362\/revisions\/69278"}],"wp:attachment":[{"href":"https:\/\/gjakova.rks-gov.net\/sr\/wp-json\/wp\/v2\/media?parent=50362"}],"wp:term":[{"taxonomy":"page-category","embeddable":true,"href":"https:\/\/gjakova.rks-gov.net\/sr\/wp-json\/wp\/v2\/page-category?post=50362"}],"curies":[{"name":"wp","href":"https:\/\/api.w.org\/{rel}","templated":true}]}}