{"id":50359,"date":"2018-06-18T08:11:33","date_gmt":"2018-06-18T06:11:33","guid":{"rendered":"https:\/\/gjakova.rks-gov.net\/usluge-2\/"},"modified":"2024-10-01T11:54:13","modified_gmt":"2024-10-01T09:54:13","slug":"usluge-2","status":"publish","type":"page","link":"https:\/\/gjakova.rks-gov.net\/sr\/usluge-2\/","title":{"rendered":"Usluge &#8211; Bu\u00f0et i Finansije"},"content":{"rendered":"\t\t<div data-elementor-type=\"wp-page\" data-elementor-id=\"50359\" class=\"elementor elementor-50359\" data-elementor-post-type=\"page\">\n\t\t\t\t<div class=\"elementor-element elementor-element-5d025d8f e-con-full responsive-container e-flex e-con e-parent\" data-id=\"5d025d8f\" data-element_type=\"container\" data-e-type=\"container\">\n\t\t<div class=\"elementor-element elementor-element-15c66d73 e-con-full e-flex e-con e-child\" data-id=\"15c66d73\" data-element_type=\"container\" data-e-type=\"container\" data-settings=\"{&quot;background_background&quot;:&quot;classic&quot;}\">\n\t\t\t\t<div class=\"elementor-element elementor-element-77742b40 elementor-nav-menu--dropdown-none sidebar-menu elementor-widget elementor-widget-nav-menu\" data-id=\"77742b40\" data-element_type=\"widget\" data-e-type=\"widget\" data-settings=\"{&quot;layout&quot;:&quot;vertical&quot;,&quot;submenu_icon&quot;:{&quot;value&quot;:&quot;&lt;svg aria-hidden=\\&quot;true\\&quot; class=\\&quot;e-font-icon-svg e-fas-caret-down\\&quot; viewBox=\\&quot;0 0 320 512\\&quot; xmlns=\\&quot;http:\\\/\\\/www.w3.org\\\/2000\\\/svg\\&quot;&gt;&lt;path d=\\&quot;M31.3 192h257.3c17.8 0 26.7 21.5 14.1 34.1L174.1 354.8c-7.8 7.8-20.5 7.8-28.3 0L17.2 226.1C4.6 213.5 13.5 192 31.3 192z\\&quot;&gt;&lt;\\\/path&gt;&lt;\\\/svg&gt;&quot;,&quot;library&quot;:&quot;fa-solid&quot;}}\" data-widget_type=\"nav-menu.default\">\n\t\t\t\t<div class=\"elementor-widget-container\">\n\t\t\t\t\t\t\t\t<nav aria-label=\"\u0418\u0437\u0431\u043e\u0440\u043d\u0438\u043a\" class=\"elementor-nav-menu--main elementor-nav-menu__container elementor-nav-menu--layout-vertical e--pointer-none\">\n\t\t\t\t<ul id=\"menu-1-77742b40\" class=\"elementor-nav-menu sm-vertical\"><li class=\"menu-item menu-item-type-post_type menu-item-object-page menu-item-70343\"><a href=\"https:\/\/gjakova.rks-gov.net\/sr\/izvestaji-3\/\" class=\"elementor-item\">Izve\u0161taji<\/a><\/li>\n<li class=\"menu-item menu-item-type-post_type menu-item-object-page menu-item-70344\"><a href=\"https:\/\/gjakova.rks-gov.net\/sr\/usluge-2\/\" class=\"elementor-item\">Usluge<\/a><\/li>\n<\/ul>\t\t\t<\/nav>\n\t\t\t\t\t\t<nav class=\"elementor-nav-menu--dropdown elementor-nav-menu__container\" aria-hidden=\"true\">\n\t\t\t\t<ul id=\"menu-2-77742b40\" class=\"elementor-nav-menu sm-vertical\"><li class=\"menu-item menu-item-type-post_type menu-item-object-page menu-item-70343\"><a href=\"https:\/\/gjakova.rks-gov.net\/sr\/izvestaji-3\/\" class=\"elementor-item\" tabindex=\"-1\">Izve\u0161taji<\/a><\/li>\n<li class=\"menu-item menu-item-type-post_type menu-item-object-page menu-item-70344\"><a href=\"https:\/\/gjakova.rks-gov.net\/sr\/usluge-2\/\" class=\"elementor-item\" tabindex=\"-1\">Usluge<\/a><\/li>\n<\/ul>\t\t\t<\/nav>\n\t\t\t\t\t\t<\/div>\n\t\t\t\t<\/div>\n\t\t\t\t<\/div>\n\t\t<div class=\"elementor-element elementor-element-306b80c2 e-con-full e-flex e-con e-child\" data-id=\"306b80c2\" data-element_type=\"container\" data-e-type=\"container\">\n\t\t<div class=\"elementor-element elementor-element-1e6b26b7 e-con-full e-flex e-con e-child\" data-id=\"1e6b26b7\" data-element_type=\"container\" data-e-type=\"container\">\n\t\t\t\t<div class=\"elementor-element elementor-element-45129979 elementor-widget elementor-widget-theme-post-title elementor-page-title elementor-widget-heading\" data-id=\"45129979\" data-element_type=\"widget\" data-e-type=\"widget\" data-widget_type=\"theme-post-title.default\">\n\t\t\t\t<div class=\"elementor-widget-container\">\n\t\t\t\t\t<h1 class=\"elementor-heading-title elementor-size-default\">Usluge &#8211; Bu\u00f0et i Finansije<\/h1>\t\t\t\t<\/div>\n\t\t\t\t<\/div>\n\t\t\t\t<\/div>\n\t\t\t\t<div class=\"elementor-element elementor-element-775569e elementor-widget elementor-widget-text-editor\" data-id=\"775569e\" data-element_type=\"widget\" data-e-type=\"widget\" data-widget_type=\"text-editor.default\">\n\t\t\t\t<div class=\"elementor-widget-container\">\n\t\t\t\t\t\t\t\t\t<p>Poma\u017ee Predsednika Op\u0161tine u pripremi nacrta bu\u0111eta prije njegovog podno\u0161enja u odboru za Politiku i Finansije i u Skup\u0161tini Op\u0161tine;<\/p><p>Razvija dinami\u010dki plan realizacije projekata i raspodelu sredstava bu\u0111etskih linija;<br \/>Planira pregled toka gotovog novca;<\/p><p>Daje stru\u010dne savete op\u0161tinskim vlastima u vezi upravljanja bu\u0111etom;<\/p><p>Nadzire procedure i tro\u0161enje bu\u0111etskih sredstava;<\/p><p>Prima mjese\u010dne izvje\u0161taje o dinamici realizacije projekata od strane direktorijata i od strane Kancelarije nabavke;<\/p><p>Priprema bu\u0111etske izve\u0161taje, prema potrebi i zahtevima, u skladu sa zakonima koji su na snazi;<\/p><p>Izra\u0111uje op\u0161tinske projektske pravilnike o finansijskim pitanjima;<\/p><p>Upravlja finansijskim pitanodgovorna za vo\u0111enje ra\u010duna i godi\u0161njih finansijskih izve\u0161taja;<\/p><p>Odgovoran je za nadgledanje sistema i procedura za izvr\u0161enje bu\u0111eta;<\/p><p>Priprema procedure i ra\u010dunovodstvene izve\u0161taje;<\/p><p>Planira i i uspostavlja obaveze prema op\u0161tinskim propisima odre\u0111enih subjekata u Op\u0161tini, stepen naknade optere\u0107enja od poreza na imovinu, op\u0161tinske takse i kazne; Identifikuje i vodi registar Op\u0161tinske imovine;<br \/>Vodi evidenciju o svim samostalnim bu\u0111etskim prihodima Op\u0161tine;<\/p><p>Priprema jedinstvena\u00a0 godi\u0161nji plan rada i kontroli\u0161e njihovo izvr\u0161enje;<\/p><p>Nadzire upotrebu-realizaciju bu\u0111eta kroz program &#8222;Free Balance&#8220;;<\/p><p>Koordinira i razvija saradnju sa drugim sektorima Direktorijata, u skladu sa dinamikom tro\u0161enja bu\u0111etskih sredstava na osnovu nov\u010danog toka.<\/p><p>Kontroli\u0161e i nadzire rad sertifikacije i odobrava ih prema fondu, kodova i ekonomskih kategorija.<br \/>Planira i vodi evidenciju o prihodima od poreza na nepokretnu imovinu;<\/p><p>Priprema naplatu duga (poreza) za sve nepokretne imovine;<\/p><p>Anga\u017euje i osigurava distribuciju poreza na imovinu;<\/p><p>Vr\u0161i raspodelu primedbi na poreskog obveznika du\u017enika;<\/p><p>Verifikuje i anketira podatke u sistemu sa postoje\u0107om situacijom na terenu;<\/p><p>Koordinira rad operatera za unos podataka u sistemu;<\/p><p>Razmatra \u017ealbe poreza na imovinu od strane op\u0161tinskog odbora;<\/p><p>Planira i vodi evidenciju o samostalnim prihodima na nepokretne imovine;<\/p><p>U saradnji sa zakonodavnom Kancelarijom priprema nacrt pravilnika o porezu na nepokretnu imovinu;<\/p><p>Koordinira rad sa odeljenjem poreza na imovinu Ministarstva Finansija;<\/p><p>Obavlja i druge poslove u skladu sa va\u017ee\u0107im zakonima u oblasti aktivnosti Direktorijata.<\/p><p>U cilju ostvarivanja funkcije propisane va\u017ee\u0107im zakonskim odredbama,<\/p><p>Direktorijat za Finansije je organizovan u slede\u0107im oblastima:<\/p><ol><li>Sektor Finansija;<\/li><li>Sektor Poreza na Imovinu.<\/li><li>Bu\u0111etski Sektor.<\/li><li>Sektor samostalnih prihoda.\u00a0 \u00a0<\/li><\/ol>\t\t\t\t\t\t\t\t<\/div>\n\t\t\t\t<\/div>\n\t\t\t\t<\/div>\n\t\t\t\t<\/div>\n\t\t\t\t<\/div>\n\t\t","protected":false},"excerpt":{"rendered":"<p>Poma\u017ee Predsednika Op\u0161tine u pripremi nacrta bu\u0111eta prije njegovog podno\u0161enja u odboru za Politiku i Finansije i u Skup\u0161tini Op\u0161tine; Razvija dinami\u010dki plan realizacije projekata i raspodelu sredstava bu\u0111etskih linija;Planira pregled toka gotovog novca; Daje stru\u010dne savete op\u0161tinskim vlastima u vezi upravljanja bu\u0111etom; Nadzire procedure i tro\u0161enje bu\u0111etskih sredstava; Prima mjese\u010dne izvje\u0161taje o dinamici realizacije [&hellip;]<\/p>\n","protected":false},"author":1,"featured_media":0,"parent":0,"menu_order":0,"comment_status":"open","ping_status":"closed","template":"","meta":{"_acf_changed":false,"footnotes":""},"page-category":[],"class_list":["post-50359","page","type-page","status-publish","hentry"],"acf":[],"yoast_head":"<!-- This site is optimized with the Yoast SEO plugin v27.4 - https:\/\/yoast.com\/product\/yoast-seo-wordpress\/ -->\n<title>Usluge - Bu\u00f0et i Finansije - Op\u0161tine \u0110akovica<\/title>\n<meta name=\"robots\" content=\"index, follow, max-snippet:-1, max-image-preview:large, max-video-preview:-1\" \/>\n<link rel=\"canonical\" href=\"https:\/\/gjakova.rks-gov.net\/sr\/usluge-2\/\" \/>\n<meta property=\"og:locale\" content=\"sr_RS\" \/>\n<meta property=\"og:type\" content=\"article\" \/>\n<meta property=\"og:title\" content=\"Usluge - Bu\u00f0et i Finansije - Op\u0161tine \u0110akovica\" \/>\n<meta property=\"og:description\" content=\"Poma\u017ee Predsednika Op\u0161tine u pripremi nacrta bu\u0111eta prije njegovog podno\u0161enja u odboru za Politiku i Finansije i u Skup\u0161tini Op\u0161tine; Razvija dinami\u010dki plan realizacije projekata i raspodelu sredstava bu\u0111etskih linija;Planira pregled toka gotovog novca; Daje stru\u010dne savete op\u0161tinskim vlastima u vezi upravljanja bu\u0111etom; Nadzire procedure i tro\u0161enje bu\u0111etskih sredstava; Prima mjese\u010dne izvje\u0161taje o dinamici realizacije [&hellip;]\" \/>\n<meta property=\"og:url\" content=\"https:\/\/gjakova.rks-gov.net\/sr\/usluge-2\/\" \/>\n<meta property=\"og:site_name\" content=\"Op\u0161tine \u0110akovica\" \/>\n<meta property=\"article:publisher\" content=\"https:\/\/www.facebook.com\/KomunaeGjakoves\/\" \/>\n<meta property=\"article:modified_time\" content=\"2024-10-01T09:54:13+00:00\" \/>\n<meta name=\"twitter:card\" content=\"summary_large_image\" \/>\n<meta name=\"twitter:label1\" content=\"\u041f\u0440\u043e\u0446\u0435\u045a\u0435\u043d\u043e \u0432\u0440\u0435\u043c\u0435 \u0447\u0438\u0442\u0430\u045a\u0430\" \/>\n\t<meta name=\"twitter:data1\" content=\"2 \u043c\u0438\u043d\u0443\u0442\u0430\" \/>\n<script type=\"application\/ld+json\" class=\"yoast-schema-graph\">{\"@context\":\"https:\\\/\\\/schema.org\",\"@graph\":[{\"@type\":\"WebPage\",\"@id\":\"https:\\\/\\\/gjakova.rks-gov.net\\\/sr\\\/usluge-2\\\/\",\"url\":\"https:\\\/\\\/gjakova.rks-gov.net\\\/sr\\\/usluge-2\\\/\",\"name\":\"Usluge - Bu\u00f0et i Finansije - Op\u0161tine \u0110akovica\",\"isPartOf\":{\"@id\":\"https:\\\/\\\/gjakova.rks-gov.net\\\/sr\\\/#website\"},\"datePublished\":\"2018-06-18T06:11:33+00:00\",\"dateModified\":\"2024-10-01T09:54:13+00:00\",\"breadcrumb\":{\"@id\":\"https:\\\/\\\/gjakova.rks-gov.net\\\/sr\\\/usluge-2\\\/#breadcrumb\"},\"inLanguage\":\"sr-RS\",\"potentialAction\":[{\"@type\":\"ReadAction\",\"target\":[\"https:\\\/\\\/gjakova.rks-gov.net\\\/sr\\\/usluge-2\\\/\"]}]},{\"@type\":\"BreadcrumbList\",\"@id\":\"https:\\\/\\\/gjakova.rks-gov.net\\\/sr\\\/usluge-2\\\/#breadcrumb\",\"itemListElement\":[{\"@type\":\"ListItem\",\"position\":1,\"name\":\"Home\",\"item\":\"https:\\\/\\\/gjakova.rks-gov.net\\\/sr\\\/\"},{\"@type\":\"ListItem\",\"position\":2,\"name\":\"Usluge &#8211; Bu\u00f0et i Finansije\"}]},{\"@type\":\"WebSite\",\"@id\":\"https:\\\/\\\/gjakova.rks-gov.net\\\/sr\\\/#website\",\"url\":\"https:\\\/\\\/gjakova.rks-gov.net\\\/sr\\\/\",\"name\":\"Komuna e Gjakoves\",\"description\":\"\",\"publisher\":{\"@id\":\"https:\\\/\\\/gjakova.rks-gov.net\\\/sr\\\/#organization\"},\"alternateName\":\"Komuna Gjakove\",\"potentialAction\":[{\"@type\":\"SearchAction\",\"target\":{\"@type\":\"EntryPoint\",\"urlTemplate\":\"https:\\\/\\\/gjakova.rks-gov.net\\\/sr\\\/?s={search_term_string}\"},\"query-input\":{\"@type\":\"PropertyValueSpecification\",\"valueRequired\":true,\"valueName\":\"search_term_string\"}}],\"inLanguage\":\"sr-RS\"},{\"@type\":\"Organization\",\"@id\":\"https:\\\/\\\/gjakova.rks-gov.net\\\/sr\\\/#organization\",\"name\":\"Komuna e Gjakoves\",\"alternateName\":\"Komuna Gjakove\",\"url\":\"https:\\\/\\\/gjakova.rks-gov.net\\\/sr\\\/\",\"logo\":{\"@type\":\"ImageObject\",\"inLanguage\":\"sr-RS\",\"@id\":\"https:\\\/\\\/gjakova.rks-gov.net\\\/sr\\\/#\\\/schema\\\/logo\\\/image\\\/\",\"url\":\"https:\\\/\\\/gjakova.rks-gov.net\\\/wp-content\\\/uploads\\\/2024\\\/04\\\/Stema_e_Komunes_Gjakove.svg.png\",\"contentUrl\":\"https:\\\/\\\/gjakova.rks-gov.net\\\/wp-content\\\/uploads\\\/2024\\\/04\\\/Stema_e_Komunes_Gjakove.svg.png\",\"width\":512,\"height\":681,\"caption\":\"Komuna e Gjakoves\"},\"image\":{\"@id\":\"https:\\\/\\\/gjakova.rks-gov.net\\\/sr\\\/#\\\/schema\\\/logo\\\/image\\\/\"},\"sameAs\":[\"https:\\\/\\\/www.facebook.com\\\/KomunaeGjakoves\\\/\",\"https:\\\/\\\/www.instagram.com\\\/komunaegjakoves\\\/\"]}]}<\/script>\n<!-- \/ Yoast SEO plugin. -->","yoast_head_json":{"title":"Usluge - Bu\u00f0et i Finansije - Op\u0161tine \u0110akovica","robots":{"index":"index","follow":"follow","max-snippet":"max-snippet:-1","max-image-preview":"max-image-preview:large","max-video-preview":"max-video-preview:-1"},"canonical":"https:\/\/gjakova.rks-gov.net\/sr\/usluge-2\/","og_locale":"sr_RS","og_type":"article","og_title":"Usluge - Bu\u00f0et i Finansije - Op\u0161tine \u0110akovica","og_description":"Poma\u017ee Predsednika Op\u0161tine u pripremi nacrta bu\u0111eta prije njegovog podno\u0161enja u odboru za Politiku i Finansije i u Skup\u0161tini Op\u0161tine; Razvija dinami\u010dki plan realizacije projekata i raspodelu sredstava bu\u0111etskih linija;Planira pregled toka gotovog novca; Daje stru\u010dne savete op\u0161tinskim vlastima u vezi upravljanja bu\u0111etom; Nadzire procedure i tro\u0161enje bu\u0111etskih sredstava; Prima mjese\u010dne izvje\u0161taje o dinamici realizacije [&hellip;]","og_url":"https:\/\/gjakova.rks-gov.net\/sr\/usluge-2\/","og_site_name":"Op\u0161tine \u0110akovica","article_publisher":"https:\/\/www.facebook.com\/KomunaeGjakoves\/","article_modified_time":"2024-10-01T09:54:13+00:00","twitter_card":"summary_large_image","twitter_misc":{"\u041f\u0440\u043e\u0446\u0435\u045a\u0435\u043d\u043e \u0432\u0440\u0435\u043c\u0435 \u0447\u0438\u0442\u0430\u045a\u0430":"2 \u043c\u0438\u043d\u0443\u0442\u0430"},"schema":{"@context":"https:\/\/schema.org","@graph":[{"@type":"WebPage","@id":"https:\/\/gjakova.rks-gov.net\/sr\/usluge-2\/","url":"https:\/\/gjakova.rks-gov.net\/sr\/usluge-2\/","name":"Usluge - Bu\u00f0et i Finansije - Op\u0161tine \u0110akovica","isPartOf":{"@id":"https:\/\/gjakova.rks-gov.net\/sr\/#website"},"datePublished":"2018-06-18T06:11:33+00:00","dateModified":"2024-10-01T09:54:13+00:00","breadcrumb":{"@id":"https:\/\/gjakova.rks-gov.net\/sr\/usluge-2\/#breadcrumb"},"inLanguage":"sr-RS","potentialAction":[{"@type":"ReadAction","target":["https:\/\/gjakova.rks-gov.net\/sr\/usluge-2\/"]}]},{"@type":"BreadcrumbList","@id":"https:\/\/gjakova.rks-gov.net\/sr\/usluge-2\/#breadcrumb","itemListElement":[{"@type":"ListItem","position":1,"name":"Home","item":"https:\/\/gjakova.rks-gov.net\/sr\/"},{"@type":"ListItem","position":2,"name":"Usluge &#8211; Bu\u00f0et i Finansije"}]},{"@type":"WebSite","@id":"https:\/\/gjakova.rks-gov.net\/sr\/#website","url":"https:\/\/gjakova.rks-gov.net\/sr\/","name":"Komuna e Gjakoves","description":"","publisher":{"@id":"https:\/\/gjakova.rks-gov.net\/sr\/#organization"},"alternateName":"Komuna Gjakove","potentialAction":[{"@type":"SearchAction","target":{"@type":"EntryPoint","urlTemplate":"https:\/\/gjakova.rks-gov.net\/sr\/?s={search_term_string}"},"query-input":{"@type":"PropertyValueSpecification","valueRequired":true,"valueName":"search_term_string"}}],"inLanguage":"sr-RS"},{"@type":"Organization","@id":"https:\/\/gjakova.rks-gov.net\/sr\/#organization","name":"Komuna e Gjakoves","alternateName":"Komuna Gjakove","url":"https:\/\/gjakova.rks-gov.net\/sr\/","logo":{"@type":"ImageObject","inLanguage":"sr-RS","@id":"https:\/\/gjakova.rks-gov.net\/sr\/#\/schema\/logo\/image\/","url":"https:\/\/gjakova.rks-gov.net\/wp-content\/uploads\/2024\/04\/Stema_e_Komunes_Gjakove.svg.png","contentUrl":"https:\/\/gjakova.rks-gov.net\/wp-content\/uploads\/2024\/04\/Stema_e_Komunes_Gjakove.svg.png","width":512,"height":681,"caption":"Komuna e Gjakoves"},"image":{"@id":"https:\/\/gjakova.rks-gov.net\/sr\/#\/schema\/logo\/image\/"},"sameAs":["https:\/\/www.facebook.com\/KomunaeGjakoves\/","https:\/\/www.instagram.com\/komunaegjakoves\/"]}]}},"_links":{"self":[{"href":"https:\/\/gjakova.rks-gov.net\/sr\/wp-json\/wp\/v2\/pages\/50359","targetHints":{"allow":["GET"]}}],"collection":[{"href":"https:\/\/gjakova.rks-gov.net\/sr\/wp-json\/wp\/v2\/pages"}],"about":[{"href":"https:\/\/gjakova.rks-gov.net\/sr\/wp-json\/wp\/v2\/types\/page"}],"author":[{"embeddable":true,"href":"https:\/\/gjakova.rks-gov.net\/sr\/wp-json\/wp\/v2\/users\/1"}],"replies":[{"embeddable":true,"href":"https:\/\/gjakova.rks-gov.net\/sr\/wp-json\/wp\/v2\/comments?post=50359"}],"version-history":[{"count":4,"href":"https:\/\/gjakova.rks-gov.net\/sr\/wp-json\/wp\/v2\/pages\/50359\/revisions"}],"predecessor-version":[{"id":70361,"href":"https:\/\/gjakova.rks-gov.net\/sr\/wp-json\/wp\/v2\/pages\/50359\/revisions\/70361"}],"wp:attachment":[{"href":"https:\/\/gjakova.rks-gov.net\/sr\/wp-json\/wp\/v2\/media?parent=50359"}],"wp:term":[{"taxonomy":"page-category","embeddable":true,"href":"https:\/\/gjakova.rks-gov.net\/sr\/wp-json\/wp\/v2\/page-category?post=50359"}],"curies":[{"name":"wp","href":"https:\/\/api.w.org\/{rel}","templated":true}]}}