{"id":50349,"date":"2018-06-08T12:56:57","date_gmt":"2018-06-08T10:56:57","guid":{"rendered":"https:\/\/gjakova.rks-gov.net\/usluge\/"},"modified":"2024-10-01T11:45:46","modified_gmt":"2024-10-01T09:45:46","slug":"usluge","status":"publish","type":"page","link":"https:\/\/gjakova.rks-gov.net\/sr\/usluge\/","title":{"rendered":"Usluge &#8211; Administracija"},"content":{"rendered":"\t\t<div data-elementor-type=\"wp-page\" data-elementor-id=\"50349\" class=\"elementor elementor-50349\" data-elementor-post-type=\"page\">\n\t\t\t\t<div class=\"elementor-element elementor-element-4b5c20a2 e-con-full responsive-container e-flex e-con e-parent\" data-id=\"4b5c20a2\" data-element_type=\"container\" data-e-type=\"container\">\n\t\t<div class=\"elementor-element elementor-element-338334cc e-con-full e-flex e-con e-child\" data-id=\"338334cc\" data-element_type=\"container\" data-e-type=\"container\" data-settings=\"{&quot;background_background&quot;:&quot;classic&quot;}\">\n\t\t\t\t<div class=\"elementor-element elementor-element-6e6fe9c5 elementor-nav-menu--dropdown-none sidebar-menu elementor-widget elementor-widget-nav-menu\" data-id=\"6e6fe9c5\" data-element_type=\"widget\" data-e-type=\"widget\" data-settings=\"{&quot;layout&quot;:&quot;vertical&quot;,&quot;submenu_icon&quot;:{&quot;value&quot;:&quot;&lt;svg aria-hidden=\\&quot;true\\&quot; class=\\&quot;e-font-icon-svg e-fas-caret-down\\&quot; viewBox=\\&quot;0 0 320 512\\&quot; xmlns=\\&quot;http:\\\/\\\/www.w3.org\\\/2000\\\/svg\\&quot;&gt;&lt;path d=\\&quot;M31.3 192h257.3c17.8 0 26.7 21.5 14.1 34.1L174.1 354.8c-7.8 7.8-20.5 7.8-28.3 0L17.2 226.1C4.6 213.5 13.5 192 31.3 192z\\&quot;&gt;&lt;\\\/path&gt;&lt;\\\/svg&gt;&quot;,&quot;library&quot;:&quot;fa-solid&quot;}}\" data-widget_type=\"nav-menu.default\">\n\t\t\t\t<div class=\"elementor-widget-container\">\n\t\t\t\t\t\t\t\t<nav aria-label=\"\u0418\u0437\u0431\u043e\u0440\u043d\u0438\u043a\" class=\"elementor-nav-menu--main elementor-nav-menu__container elementor-nav-menu--layout-vertical e--pointer-none\">\n\t\t\t\t<ul id=\"menu-1-6e6fe9c5\" class=\"elementor-nav-menu sm-vertical\"><li class=\"menu-item menu-item-type-post_type menu-item-object-page menu-item-70327\"><a href=\"https:\/\/gjakova.rks-gov.net\/sr\/usluge\/\" class=\"elementor-item\">Usluge<\/a><\/li>\n<li class=\"menu-item menu-item-type-post_type menu-item-object-page menu-item-70328\"><a href=\"https:\/\/gjakova.rks-gov.net\/sr\/izvestaji\/\" class=\"elementor-item\">Izve\u0161taji<\/a><\/li>\n<\/ul>\t\t\t<\/nav>\n\t\t\t\t\t\t<nav class=\"elementor-nav-menu--dropdown elementor-nav-menu__container\" aria-hidden=\"true\">\n\t\t\t\t<ul id=\"menu-2-6e6fe9c5\" class=\"elementor-nav-menu sm-vertical\"><li class=\"menu-item menu-item-type-post_type menu-item-object-page menu-item-70327\"><a href=\"https:\/\/gjakova.rks-gov.net\/sr\/usluge\/\" class=\"elementor-item\" tabindex=\"-1\">Usluge<\/a><\/li>\n<li class=\"menu-item menu-item-type-post_type menu-item-object-page menu-item-70328\"><a href=\"https:\/\/gjakova.rks-gov.net\/sr\/izvestaji\/\" class=\"elementor-item\" tabindex=\"-1\">Izve\u0161taji<\/a><\/li>\n<\/ul>\t\t\t<\/nav>\n\t\t\t\t\t\t<\/div>\n\t\t\t\t<\/div>\n\t\t\t\t<\/div>\n\t\t<div class=\"elementor-element elementor-element-4fa7240b e-con-full e-flex e-con e-child\" data-id=\"4fa7240b\" data-element_type=\"container\" data-e-type=\"container\">\n\t\t<div class=\"elementor-element elementor-element-65a7b9b7 e-con-full e-flex e-con e-child\" data-id=\"65a7b9b7\" data-element_type=\"container\" data-e-type=\"container\">\n\t\t\t\t<div class=\"elementor-element elementor-element-1ac758fb elementor-widget elementor-widget-theme-post-title elementor-page-title elementor-widget-heading\" data-id=\"1ac758fb\" data-element_type=\"widget\" data-e-type=\"widget\" data-widget_type=\"theme-post-title.default\">\n\t\t\t\t<div class=\"elementor-widget-container\">\n\t\t\t\t\t<h1 class=\"elementor-heading-title elementor-size-default\">Usluge &#8211; Administracija<\/h1>\t\t\t\t<\/div>\n\t\t\t\t<\/div>\n\t\t\t\t<\/div>\n\t\t\t\t<div class=\"elementor-element elementor-element-0686112 elementor-widget elementor-widget-text-editor\" data-id=\"0686112\" data-element_type=\"widget\" data-e-type=\"widget\" data-widget_type=\"text-editor.default\">\n\t\t\t\t<div class=\"elementor-widget-container\">\n\t\t\t\t\t\t\t\t\t<p><strong>Upustva za Gra\u0111ane<\/strong><\/p><p>Spisak dokumenata potrebnih za opremljenje sa formularima Civilnog Stanja kao i Upis u Civilne Registre IZVODE<\/p><p><strong>Izvod Ro\u0111enih<\/strong><br \/>1. Da bude upisan u Mati\u010dnim Knjigama Ro\u0111enih<br \/>2. Stari izvod ro\u0111enih (ako nije u mati\u010dnim knjigama ili je naknadno upisan)<br \/>3. Naknada usluge je 1 \u20ac<\/p><p><strong>Izvod Ven\u010danih<\/strong><br \/>1. Par supru\u017enika moraju biti overeni unapred u sistemu (registrovani posle datuma 19.02.2013)<br \/>2. Bele\u0161ke iz Mati\u010dnih Knjiga za upis brakova na isti period<br \/>3. Naknada usluge je 1 \u20ac<\/p><p><strong>Izvod Bra\u010dnog Statusa (stanja) <\/strong><br \/>1. Izvod bra\u010dnog statusa (stanja) se izdaje samo u mestu gde je registrovano ro\u0111enje<br \/>2. Ovaj dokument se izdaje svakih \u0161est meseci.<br \/>3. Ako je dokument izgubljen-izvod se izdaje samo dokazom izve\u0161taja od strane policije;<br \/>4. Naknada usluge je 3 \u20ac<\/p><p><strong>Izvod Dr\u017eavljanstva <\/strong><br \/>1. Ekstrakt ro\u0111enja za stranku koja tra\u017ei potvrdu<br \/>2. Va\u017ee\u0107u li\u010dnu kartu ili paso\u0161 Kosova<br \/>3. Naknada usluge je 1 \u20ac<\/p><p><strong>Izvod porodi\u010dne zajednice<\/strong><br \/>1. Li\u010dna karta (fotokopija)<br \/>2. Ekstrakt i ro\u0111enja i ven\u010danih (fotokopija)<br \/>3. Ekstrakti ro\u0111enja za sve \u010dlanove u\u017ee porodice sa kojima \u017eivi u porodi\u010dnoj zajednici (fotokopije)<br \/>4. Naknada usluge je 3 \u20ac<\/p><p><strong>Izvod o Prebivali\u0161tu<\/strong><br \/>1. Li\u010dna karta (fotokopija)<br \/>2. Ekstrakt i ro\u0111enja<br \/>3. Izvod o prebivali\u0161tu, prema ekstraktu ro\u0111enih<br \/>4. Naknada usluge je 3 \u20ac<\/p><p><strong>POTVRDE<\/strong><\/p><p><strong>Potvrda mesto-boravi\u0161ta<\/strong><br \/>1. Va\u017ee\u0107i paso\u0161 stranke koja tra\u017ei potvrdu- fotokopija<br \/>2. Li\u010dna karta vlasnika-ku\u0107e ili stana- fotokopija<br \/>3. Dokaz doma\u0107ina o svojini-eksploataciji ku\u010de-stana-fotokopija<br \/>4. Naknada usluge je 1 \u20ac<\/p><p><strong>Dokaz o Smrti<\/strong><br \/>1.Izvod o smrti<br \/>2. Posedovni list iz katastra<br \/>3. Izvodi ro\u0111enja za sve \u010dlanove porodice koji u\u010destvuju u nasle\u0111u<br \/>4. Dokaz mo\u017ee uzeti \u010dlan porodice ili ovla\u0161\u010deno lice od strane porodice (ovla\u0161\u0107enje mora biti potvr\u0111eno)<br \/>5. Naknada usluge je besplatno<\/p><p><strong>Ispravka ili promena Imena ili Prezimena <\/strong><br \/>1. Izvod ro\u0111enja i ekstrakt iz centralnog registra (original)<br \/>2. Dokaz od strane suda da nije pod istragom<br \/>3. Potvrda od strane policije za verifikaciju kaznene evidencije<br \/>4. Pisani razlog zasto \u017eelite da promenite ime ili prezime (ako stranka nije punoletna potrebna je izjava roditelja)<br \/>5. Potvrda od strane poreske uprave da nema dug prema dr\u017eavi<br \/>6. Potvrda o porezu na imovinu.<br \/>7. Li\u010dna karta ili paso\u0161 (fotokopije)<br \/>8. Naknada usluge je 10 \u20ac<\/p><p><strong>UPIS RO\u0110ENJA<\/strong><\/p><p><strong>Redovne evidencije dece ro\u0111enih u bolnici<\/strong><br \/>1. Otpusna lista iz bolnice<br \/>2. Izvod ven\u010danih za roditelje novoro\u0111en\u010dadi (fotokopija). Roditelji bez ven\u010danja moraju biti prisutni u slu\u010daju prijave zahteva<br \/>3. Li\u010dne karte ili paso\u0161i roditelja (fotokopija)<br \/>4. Ekstrakti ro\u0111enja za roditelje (fotokopija)<br \/>5. Jedan roditelj treba da je prisutan (ukoliko je ven\u010danje pre ro\u0111enja deteta)<br \/>6. Naknada usluge je 1 \u20ac<\/p><p><strong>Za naknadni upis ro\u0111enih u Zdravstvenim ustanovama<\/strong><br \/>1. Otpusna lista i statisti\u010dki list<br \/>2. Potvrda od strane zdravstvene ustanove za izvr\u0161enu vakcinaciju<br \/>3. Izvod ven\u010danja roditelja<br \/>4. Izvod ro\u0111enja za oba roditelja i jedan identifikacioni dokument\u00a0 ako roditelji nemaju brak<br \/>5. Zapisnik o prijemu o\u010dinstva \/ materinstva, ako roditelji nemaju brak<br \/>6. Naknada usluge je 10 \u20ac<\/p><p><strong>Za naknadni upis ro\u0111enih van Kosova, kada je jedan ili oba od roditelja dr\u017eavljanin Kosova <\/strong><br \/>1. Me\u0111unarodni Izvod ro\u0111enja\u00a0 ili ekvivalentni dokument izdat od strane dr\u017eave u kojoj je ro\u0111en<br \/>2. Izvod ven\u010danja za roditelje deteta<br \/>3. Izjava o prihvatanju o\u010dinstva \/ materinstva, ukoliko je dete vanbra\u010dno;<br \/>4. Fotokopije dokumenata identifikacije roditelja deteta<br \/>5. Dodatni dokument prema potrebi sa Odlukom<br \/>5. Naknada usluge je 10 \u20ac<\/p><p><strong>Za naknadni upis osoba koja ne mogu da obezbede bilo kakav dokaz <\/strong><br \/>1. Otisci prstiju, za osobe starije od 16 godina<br \/>2. Fotogra\ufb01ja<br \/>3. Potpis<br \/>4. Izjava osobe koja se upisuje ako je starija od 10 godina<br \/>5. Izjave dva svedoka, roditelja, ro\u0111aka ili suseda osobe koja se upisuje;<br \/>6. Naknada usluge je 10 \u20ac<br \/>Napomena: Naknadni upis u mati\u010dne knjige, za osobe koje ne mogu da pru\u017ee nikakve dokaze, vr\u0161i se odlukom Kancelarije Civilne Slu\u017ebe<\/p><p><strong>Za naknadni upis ro\u0111enih van zdravstvenih ustanova <\/strong><br \/>1. Izvod ven\u010danja za roditelje deteta<br \/>2. Izjava oba roditelja za prijem o\u010dinstva \/ materinstva, ukoliko je dete vanbra\u010dno<br \/>3. Deklaracija najmanje dva svedoka koji su pomagali tokom poro\u0111aja ili imaju neposredna saznanja o ro\u0111enju deteta van zdravstvene ustanove<br \/>4. Potvrda zdravstvene ustanove za zavr\u0161enu vakcinaciju ili \u0161kolska knji\u017eica<br \/>5. Fotokopije dokumenata identifikacije roditelja deteta i dokumentacija dva svedoka<br \/>6. U slu\u010daju da se nezna otac deteta, registracija se vr\u0161i na osnovu podataka majke<br \/>7. Drugi dokazi kroz koje se testiraju ili dokazuju \u010dinjenice nastanka ro\u0111enja, datum, mesto, roditelji, ili bilo koja druga okolnost od zna\u010daja za dozvoljavanje naknadnog upisa;<br \/>8. Naknada usluge je 10 \u20ac<\/p><p><strong>SKLAPANJE BRAKOVA-VEN\u010cANJE<\/strong><\/p><p><strong>Ven\u010danje<\/strong><br \/>1. Ekstrakti ro\u0111enja za dve zainteresovane stranke za ven\u010danje (original)<br \/>2. Izvodi o bra\u010dnom stanju za obe stranke (original)<br \/>3. Va\u017ee\u0107e li\u010dne karte ili paso\u0161i stranaka koje sklapaju brak i svedoka i popunjavanje zapisnika o sklapanju braka (fotokopija)<br \/>4. Prisustvo obe strane koje sklapaju brak i svedoka u momentu ven\u010danja<br \/>5. Ako su stranke bile razvedene: presuda o prestanku braka ili Delotvorna odluka o prihvatanju \/ priznavanju presude<br \/>6. Ako je mu\u017e \/ \u017eena bilo koje stranke umro:<br \/>izvod umrlih biv\u0161eg bra\u010dnog druga<br \/>7. Ako jedna od stranaka je-nepunoletna:<br \/>Delotvorna odluka Suda o dozvoli sklapanja braka<br \/>8. Za najavu Ven\u010danja par mora biti prisutan<br \/>9. Naknada usluge je 10 \u20ac za ven\u010danja u prostorijama Op\u0161tine, van prostorija Op\u0161tine je 30 \u20ac<\/p><p><strong>Ven\u010danje sa stranim dr\u017eavljanima <\/strong><br \/>1. Izvod rodenja za dve stranke (original)<br \/>Za strane dr\u017eavljane potreban je izvod ro\u0111enja<br \/>Za dr\u017eavljane Kosova potreban je ekstrakt ro\u0111enih<br \/>2. Potvrda o bra\u010dnom stanju za obe stranke (original)<br \/>3. Paso\u0161i ili li\u010dne karte za obe stranke (fotokopije)<br \/>4. Potvrda prebivali\u0161ta stranke od strane dr\u017eave u kojoj \u017eivi<br \/>5. Izvod kapaciteta<br \/>6. Li\u010dne karte ili va\u017ee\u0107i paso\u0161i stranaka koje sklapaju brak i svedoka i popunjavanje zapisnika u vezi vezivanja braka (fotokopija)<br \/>7. Ako jedna od stranaka je-nepunoletna:<br \/>Delotvorna odluka Suda o dozvoli sklapanja braka<br \/>8. Ako su stranke bile razvedene:<br \/>presuda o prestanku braka ili Delotvorna odluka o prihvatanju \/ priznavanju presude<br \/>9. Ako je supru\u017enik bilo koje stranke umro:<br \/>Izvod umrlih biv\u0161eg bra\u010dnog druga<br \/>10. Naknada usluge je 10 \u20ac<\/p><p><strong>Evidencija brakova sprovedenih u inostranstvu <\/strong><br \/>1. Izvod ven\u010danja iz druge dr\u017eave gde se stranka ven\u010dala preveden na slu\u017ebenom jeziku Republike Kosova (Original)<br \/>2. Va\u017ee\u0107u li\u010dnu kartu ili paso\u0161 (fotokopiju)<br \/>3. Ako je izvod nepotpun sa podacima roditeljia, stranka mora da obezbedi i ekstrakt ro\u0111enih za oba bra\u010dna druga<br \/>4. Naknada usluge je 1 \u20ac<\/p><p><strong>REGISTRACIJA SMRTI<\/strong><\/p><p><strong>Redovne evidencije smrti u bolnici <\/strong><br \/>1. Obrazac za prijavu od strane Bolnice<br \/>2. Fotokopija li\u010dne karte pokojnika<br \/>3. Ekstrakt ro\u0111enja preminulog (umrlog)<br \/>4. Fotokopija li\u010dne karte podnosioca<br \/>5. Ekstrakt podnosioca<br \/>6. Naknada usluge je 1 \u20ac<br \/>Napomena: Rok za redovnu registraciju smrti je 30 dana.<\/p><p><strong>Kriterijumi za naknadni upis smrti u registar umrlih<\/strong><br \/>1. Potvrda o smrti od dr\u017eavne ustanove, ako je smrt nastupila u javnom ili privatnoj zdravstvenoj ustanovi<br \/>2. Izvod ro\u0111enih<br \/>3. izvod ven\u010danih za one koji su bili u braku<br \/>4. Kopija identifikacionog dokumenta ili putna isprava osobe za koju se tra\u017ei Izvod<br \/>5. Svedo\u010denje dva svedoka koji su videli umrlog ili su identifikovali le\u0161 bez ikakve sumnje da je smrt nastupila van zdravstvene ustanove<br \/>6. Me\u0111unarodni izvod o smrti, ili ekvivalentni dokument izdat od strane zemalja gde je smrt nastupila<br \/>7. Naknada usluge je 10 \u20ac<br \/>Napomena: naknadni upis umrlih u registru umrlih, vr\u0161i se na osnovu odluke Kancelarije\u00a0 Civilnog Stanja.<\/p><p>\u00a0<\/p><p><strong>Kriterijumi za naknadni upis smrti u slu\u010dajevima kada nije registrovano ro\u0111enje i smrt <\/strong><br \/>1. Fotokopija identifikacionog dokumenta ili bilo koji drugi dokument koji dokazuje njegov identitet<br \/>2. Svedo\u010denje dva svedoka koji su videli umrlog ili su identifikovali le\u0161 bez ikakve sumnje da je smrt nastupila van dr\u017eavne ustanove<br \/>3. Naknada usluge je 10 \u20ac<br \/>Napomena: naknadni upis umrlih u slu\u010dajevima kada nije upisano ro\u0111enje i smrt, vr\u0161i se na osnovu odluke Kancelarije\u00a0 Civilnog Stanja.<\/p><p>\u00a0<\/p><p>\u00a0\u00a0<\/p>\t\t\t\t\t\t\t\t<\/div>\n\t\t\t\t<\/div>\n\t\t\t\t<\/div>\n\t\t\t\t<\/div>\n\t\t\t\t<\/div>\n\t\t","protected":false},"excerpt":{"rendered":"<p>Upustva za Gra\u0111ane Spisak dokumenata potrebnih za opremljenje sa formularima Civilnog Stanja kao i Upis u Civilne Registre IZVODE Izvod Ro\u0111enih1. Da bude upisan u Mati\u010dnim Knjigama Ro\u0111enih2. Stari izvod ro\u0111enih (ako nije u mati\u010dnim knjigama ili je naknadno upisan)3. Naknada usluge je 1 \u20ac Izvod Ven\u010danih1. Par supru\u017enika moraju biti overeni unapred u sistemu [&hellip;]<\/p>\n","protected":false},"author":1,"featured_media":0,"parent":0,"menu_order":0,"comment_status":"open","ping_status":"closed","template":"","meta":{"_acf_changed":false,"footnotes":""},"page-category":[],"class_list":["post-50349","page","type-page","status-publish","hentry"],"acf":[],"yoast_head":"<!-- This site is optimized with the Yoast SEO plugin v27.4 - https:\/\/yoast.com\/product\/yoast-seo-wordpress\/ -->\n<title>Usluge - Administracija - Op\u0161tine \u0110akovica<\/title>\n<meta name=\"robots\" content=\"index, follow, max-snippet:-1, max-image-preview:large, max-video-preview:-1\" \/>\n<link rel=\"canonical\" href=\"https:\/\/gjakova.rks-gov.net\/sr\/usluge\/\" \/>\n<meta property=\"og:locale\" content=\"sr_RS\" \/>\n<meta property=\"og:type\" content=\"article\" \/>\n<meta property=\"og:title\" content=\"Usluge - Administracija - Op\u0161tine \u0110akovica\" \/>\n<meta property=\"og:description\" content=\"Upustva za Gra\u0111ane Spisak dokumenata potrebnih za opremljenje sa formularima Civilnog Stanja kao i Upis u Civilne Registre IZVODE Izvod Ro\u0111enih1. Da bude upisan u Mati\u010dnim Knjigama Ro\u0111enih2. Stari izvod ro\u0111enih (ako nije u mati\u010dnim knjigama ili je naknadno upisan)3. Naknada usluge je 1 \u20ac Izvod Ven\u010danih1. Par supru\u017enika moraju biti overeni unapred u sistemu [&hellip;]\" \/>\n<meta property=\"og:url\" content=\"https:\/\/gjakova.rks-gov.net\/sr\/usluge\/\" \/>\n<meta property=\"og:site_name\" content=\"Op\u0161tine \u0110akovica\" \/>\n<meta property=\"article:publisher\" content=\"https:\/\/www.facebook.com\/KomunaeGjakoves\/\" \/>\n<meta property=\"article:modified_time\" content=\"2024-10-01T09:45:46+00:00\" \/>\n<meta name=\"twitter:card\" content=\"summary_large_image\" \/>\n<meta name=\"twitter:label1\" content=\"\u041f\u0440\u043e\u0446\u0435\u045a\u0435\u043d\u043e \u0432\u0440\u0435\u043c\u0435 \u0447\u0438\u0442\u0430\u045a\u0430\" \/>\n\t<meta name=\"twitter:data1\" content=\"6 \u043c\u0438\u043d\u0443\u0442\u0430\" \/>\n<script type=\"application\/ld+json\" class=\"yoast-schema-graph\">{\"@context\":\"https:\\\/\\\/schema.org\",\"@graph\":[{\"@type\":\"WebPage\",\"@id\":\"https:\\\/\\\/gjakova.rks-gov.net\\\/sr\\\/usluge\\\/\",\"url\":\"https:\\\/\\\/gjakova.rks-gov.net\\\/sr\\\/usluge\\\/\",\"name\":\"Usluge - Administracija - Op\u0161tine \u0110akovica\",\"isPartOf\":{\"@id\":\"https:\\\/\\\/gjakova.rks-gov.net\\\/sr\\\/#website\"},\"datePublished\":\"2018-06-08T10:56:57+00:00\",\"dateModified\":\"2024-10-01T09:45:46+00:00\",\"breadcrumb\":{\"@id\":\"https:\\\/\\\/gjakova.rks-gov.net\\\/sr\\\/usluge\\\/#breadcrumb\"},\"inLanguage\":\"sr-RS\",\"potentialAction\":[{\"@type\":\"ReadAction\",\"target\":[\"https:\\\/\\\/gjakova.rks-gov.net\\\/sr\\\/usluge\\\/\"]}]},{\"@type\":\"BreadcrumbList\",\"@id\":\"https:\\\/\\\/gjakova.rks-gov.net\\\/sr\\\/usluge\\\/#breadcrumb\",\"itemListElement\":[{\"@type\":\"ListItem\",\"position\":1,\"name\":\"Home\",\"item\":\"https:\\\/\\\/gjakova.rks-gov.net\\\/sr\\\/\"},{\"@type\":\"ListItem\",\"position\":2,\"name\":\"Usluge &#8211; Administracija\"}]},{\"@type\":\"WebSite\",\"@id\":\"https:\\\/\\\/gjakova.rks-gov.net\\\/sr\\\/#website\",\"url\":\"https:\\\/\\\/gjakova.rks-gov.net\\\/sr\\\/\",\"name\":\"Komuna e Gjakoves\",\"description\":\"\",\"publisher\":{\"@id\":\"https:\\\/\\\/gjakova.rks-gov.net\\\/sr\\\/#organization\"},\"alternateName\":\"Komuna Gjakove\",\"potentialAction\":[{\"@type\":\"SearchAction\",\"target\":{\"@type\":\"EntryPoint\",\"urlTemplate\":\"https:\\\/\\\/gjakova.rks-gov.net\\\/sr\\\/?s={search_term_string}\"},\"query-input\":{\"@type\":\"PropertyValueSpecification\",\"valueRequired\":true,\"valueName\":\"search_term_string\"}}],\"inLanguage\":\"sr-RS\"},{\"@type\":\"Organization\",\"@id\":\"https:\\\/\\\/gjakova.rks-gov.net\\\/sr\\\/#organization\",\"name\":\"Komuna e Gjakoves\",\"alternateName\":\"Komuna Gjakove\",\"url\":\"https:\\\/\\\/gjakova.rks-gov.net\\\/sr\\\/\",\"logo\":{\"@type\":\"ImageObject\",\"inLanguage\":\"sr-RS\",\"@id\":\"https:\\\/\\\/gjakova.rks-gov.net\\\/sr\\\/#\\\/schema\\\/logo\\\/image\\\/\",\"url\":\"https:\\\/\\\/gjakova.rks-gov.net\\\/wp-content\\\/uploads\\\/2024\\\/04\\\/Stema_e_Komunes_Gjakove.svg.png\",\"contentUrl\":\"https:\\\/\\\/gjakova.rks-gov.net\\\/wp-content\\\/uploads\\\/2024\\\/04\\\/Stema_e_Komunes_Gjakove.svg.png\",\"width\":512,\"height\":681,\"caption\":\"Komuna e Gjakoves\"},\"image\":{\"@id\":\"https:\\\/\\\/gjakova.rks-gov.net\\\/sr\\\/#\\\/schema\\\/logo\\\/image\\\/\"},\"sameAs\":[\"https:\\\/\\\/www.facebook.com\\\/KomunaeGjakoves\\\/\",\"https:\\\/\\\/www.instagram.com\\\/komunaegjakoves\\\/\"]}]}<\/script>\n<!-- \/ Yoast SEO plugin. -->","yoast_head_json":{"title":"Usluge - Administracija - Op\u0161tine \u0110akovica","robots":{"index":"index","follow":"follow","max-snippet":"max-snippet:-1","max-image-preview":"max-image-preview:large","max-video-preview":"max-video-preview:-1"},"canonical":"https:\/\/gjakova.rks-gov.net\/sr\/usluge\/","og_locale":"sr_RS","og_type":"article","og_title":"Usluge - Administracija - Op\u0161tine \u0110akovica","og_description":"Upustva za Gra\u0111ane Spisak dokumenata potrebnih za opremljenje sa formularima Civilnog Stanja kao i Upis u Civilne Registre IZVODE Izvod Ro\u0111enih1. Da bude upisan u Mati\u010dnim Knjigama Ro\u0111enih2. Stari izvod ro\u0111enih (ako nije u mati\u010dnim knjigama ili je naknadno upisan)3. Naknada usluge je 1 \u20ac Izvod Ven\u010danih1. Par supru\u017enika moraju biti overeni unapred u sistemu [&hellip;]","og_url":"https:\/\/gjakova.rks-gov.net\/sr\/usluge\/","og_site_name":"Op\u0161tine \u0110akovica","article_publisher":"https:\/\/www.facebook.com\/KomunaeGjakoves\/","article_modified_time":"2024-10-01T09:45:46+00:00","twitter_card":"summary_large_image","twitter_misc":{"\u041f\u0440\u043e\u0446\u0435\u045a\u0435\u043d\u043e \u0432\u0440\u0435\u043c\u0435 \u0447\u0438\u0442\u0430\u045a\u0430":"6 \u043c\u0438\u043d\u0443\u0442\u0430"},"schema":{"@context":"https:\/\/schema.org","@graph":[{"@type":"WebPage","@id":"https:\/\/gjakova.rks-gov.net\/sr\/usluge\/","url":"https:\/\/gjakova.rks-gov.net\/sr\/usluge\/","name":"Usluge - Administracija - Op\u0161tine \u0110akovica","isPartOf":{"@id":"https:\/\/gjakova.rks-gov.net\/sr\/#website"},"datePublished":"2018-06-08T10:56:57+00:00","dateModified":"2024-10-01T09:45:46+00:00","breadcrumb":{"@id":"https:\/\/gjakova.rks-gov.net\/sr\/usluge\/#breadcrumb"},"inLanguage":"sr-RS","potentialAction":[{"@type":"ReadAction","target":["https:\/\/gjakova.rks-gov.net\/sr\/usluge\/"]}]},{"@type":"BreadcrumbList","@id":"https:\/\/gjakova.rks-gov.net\/sr\/usluge\/#breadcrumb","itemListElement":[{"@type":"ListItem","position":1,"name":"Home","item":"https:\/\/gjakova.rks-gov.net\/sr\/"},{"@type":"ListItem","position":2,"name":"Usluge &#8211; Administracija"}]},{"@type":"WebSite","@id":"https:\/\/gjakova.rks-gov.net\/sr\/#website","url":"https:\/\/gjakova.rks-gov.net\/sr\/","name":"Komuna e Gjakoves","description":"","publisher":{"@id":"https:\/\/gjakova.rks-gov.net\/sr\/#organization"},"alternateName":"Komuna Gjakove","potentialAction":[{"@type":"SearchAction","target":{"@type":"EntryPoint","urlTemplate":"https:\/\/gjakova.rks-gov.net\/sr\/?s={search_term_string}"},"query-input":{"@type":"PropertyValueSpecification","valueRequired":true,"valueName":"search_term_string"}}],"inLanguage":"sr-RS"},{"@type":"Organization","@id":"https:\/\/gjakova.rks-gov.net\/sr\/#organization","name":"Komuna e Gjakoves","alternateName":"Komuna Gjakove","url":"https:\/\/gjakova.rks-gov.net\/sr\/","logo":{"@type":"ImageObject","inLanguage":"sr-RS","@id":"https:\/\/gjakova.rks-gov.net\/sr\/#\/schema\/logo\/image\/","url":"https:\/\/gjakova.rks-gov.net\/wp-content\/uploads\/2024\/04\/Stema_e_Komunes_Gjakove.svg.png","contentUrl":"https:\/\/gjakova.rks-gov.net\/wp-content\/uploads\/2024\/04\/Stema_e_Komunes_Gjakove.svg.png","width":512,"height":681,"caption":"Komuna e Gjakoves"},"image":{"@id":"https:\/\/gjakova.rks-gov.net\/sr\/#\/schema\/logo\/image\/"},"sameAs":["https:\/\/www.facebook.com\/KomunaeGjakoves\/","https:\/\/www.instagram.com\/komunaegjakoves\/"]}]}},"_links":{"self":[{"href":"https:\/\/gjakova.rks-gov.net\/sr\/wp-json\/wp\/v2\/pages\/50349","targetHints":{"allow":["GET"]}}],"collection":[{"href":"https:\/\/gjakova.rks-gov.net\/sr\/wp-json\/wp\/v2\/pages"}],"about":[{"href":"https:\/\/gjakova.rks-gov.net\/sr\/wp-json\/wp\/v2\/types\/page"}],"author":[{"embeddable":true,"href":"https:\/\/gjakova.rks-gov.net\/sr\/wp-json\/wp\/v2\/users\/1"}],"replies":[{"embeddable":true,"href":"https:\/\/gjakova.rks-gov.net\/sr\/wp-json\/wp\/v2\/comments?post=50349"}],"version-history":[{"count":4,"href":"https:\/\/gjakova.rks-gov.net\/sr\/wp-json\/wp\/v2\/pages\/50349\/revisions"}],"predecessor-version":[{"id":70331,"href":"https:\/\/gjakova.rks-gov.net\/sr\/wp-json\/wp\/v2\/pages\/50349\/revisions\/70331"}],"wp:attachment":[{"href":"https:\/\/gjakova.rks-gov.net\/sr\/wp-json\/wp\/v2\/media?parent=50349"}],"wp:term":[{"taxonomy":"page-category","embeddable":true,"href":"https:\/\/gjakova.rks-gov.net\/sr\/wp-json\/wp\/v2\/page-category?post=50349"}],"curies":[{"name":"wp","href":"https:\/\/api.w.org\/{rel}","templated":true}]}}