{"id":50315,"date":"2017-10-11T11:21:06","date_gmt":"2017-10-11T09:21:06","guid":{"rendered":"https:\/\/gjakova.rks-gov.net\/lokalni-saveti\/"},"modified":"2017-10-11T11:21:06","modified_gmt":"2017-10-11T09:21:06","slug":"lokalni-saveti","status":"publish","type":"page","link":"https:\/\/gjakova.rks-gov.net\/sr\/lokalni-saveti\/","title":{"rendered":"Lokalni saveti"},"content":{"rendered":"<p>Lokalni saveti su tela koja podr\u017eavaju op\u0161tinske organe koji uti\u010du na sveobuhvatne konsultacije, koje promovi\u0161u i razvijaju transparentnost, odgovornost i u\u010de\u0161\u0107e gra\u0111ana u procesima dono\u0161enja odluka.<br \/>\nLokalni saveti se prosti\u017eu u svim selima i naseljima u \u0110akovici.<\/p>\n<p>Predsednici Lokalnih Saveta Op\u0161tine \u0110akovica i njihovi kontakti:<\/p>\n<p>&nbsp;<\/p>\n<table style=\"height: 1839px\" width=\"546\">\n<tbody>\n<tr>\n<td width=\"43\">Br.<\/td>\n<td width=\"174\">Ime i Prezime<\/td>\n<td width=\"108\">Lokalna Savet<\/td>\n<td width=\"114\">Br. telefona<\/td>\n<\/tr>\n<tr>\n<td width=\"43\">1<\/td>\n<td width=\"174\">Flamur Babalija<\/td>\n<td width=\"108\">-I-<\/td>\n<td width=\"114\">38649921097<\/td>\n<\/tr>\n<tr>\n<td width=\"43\">2<\/td>\n<td width=\"174\">Gazmir Efendija<\/td>\n<td width=\"108\">-II-<\/td>\n<td width=\"114\">38649921098<\/td>\n<\/tr>\n<tr>\n<td width=\"43\">3<\/td>\n<td width=\"174\">Halit Krasniqi<\/td>\n<td width=\"108\">-III-<\/td>\n<td width=\"114\">38649921099<\/td>\n<\/tr>\n<tr>\n<td width=\"43\">4<\/td>\n<td width=\"174\">Bashkim Efendija<\/td>\n<td width=\"108\">-IV-<\/td>\n<td width=\"114\">38649921126<\/td>\n<\/tr>\n<tr>\n<td width=\"43\">5<\/td>\n<td width=\"174\">Hamez Mema<\/td>\n<td width=\"108\">-V-<\/td>\n<td width=\"114\">38649921127<\/td>\n<\/tr>\n<tr>\n<td width=\"43\">6<\/td>\n<td width=\"174\">Gezim Daka<\/td>\n<td width=\"108\">-VI-<\/td>\n<td width=\"114\">38649921128<\/td>\n<\/tr>\n<tr>\n<td width=\"43\">7<\/td>\n<td width=\"174\">Arb\u00ebr Zhubi<\/td>\n<td width=\"108\">-VII-<\/td>\n<td width=\"114\">38649921129<\/td>\n<\/tr>\n<tr>\n<td width=\"43\">8<\/td>\n<td width=\"174\">Nevruz Gjoci<\/td>\n<td width=\"108\">-VIII-<\/td>\n<td width=\"114\">38649921130<\/td>\n<\/tr>\n<tr>\n<td width=\"43\">9<\/td>\n<td width=\"174\">Ridvan Osmanaj<\/td>\n<td width=\"108\">-IX-<\/td>\n<td width=\"114\">38649921131<\/td>\n<\/tr>\n<tr>\n<td width=\"43\">10<\/td>\n<td width=\"174\"><u>\u00a0<\/u><\/td>\n<td width=\"108\">-X-<\/td>\n<td width=\"114\">38649921132<\/td>\n<\/tr>\n<tr>\n<td width=\"43\">11<\/td>\n<td width=\"174\">Astrit Krasniqi<\/td>\n<td width=\"108\">Damjan<\/td>\n<td width=\"114\">38649921133<\/td>\n<\/tr>\n<tr>\n<td width=\"43\">12<\/td>\n<td width=\"174\">Arben Berisha<\/td>\n<td width=\"108\">Ljipovec<\/td>\n<td width=\"114\">38649921134<\/td>\n<\/tr>\n<tr>\n<td width=\"43\">13<\/td>\n<td width=\"174\">Islam Gashi<\/td>\n<td width=\"108\">Rogovo<\/td>\n<td width=\"114\">38649921135<\/td>\n<\/tr>\n<tr>\n<td width=\"43\">14<\/td>\n<td width=\"174\">Eduard Markaj<\/td>\n<td width=\"108\">Bistra\u017ein<\/td>\n<td width=\"114\">38649921136<\/td>\n<\/tr>\n<tr>\n<td width=\"43\">15<\/td>\n<td width=\"174\">Kastriot Tahiri<\/td>\n<td width=\"108\">Dolj<\/td>\n<td width=\"114\">38649921137<\/td>\n<\/tr>\n<tr>\n<td width=\"43\">16<\/td>\n<td width=\"174\">Misin Nimani<\/td>\n<td width=\"108\">Molli\u010d<\/td>\n<td width=\"114\">38649921138<\/td>\n<\/tr>\n<tr>\n<td width=\"43\">17<\/td>\n<td width=\"174\">Halil Ahmeti<\/td>\n<td width=\"108\">Pono\u0161evac<\/td>\n<td width=\"114\">38649921139<\/td>\n<\/tr>\n<tr>\n<td width=\"43\">18<\/td>\n<td width=\"174\">Ram Tali<\/td>\n<td width=\"108\">Babaj Boke<\/td>\n<td width=\"114\">38649921140<\/td>\n<\/tr>\n<tr>\n<td width=\"43\">19<\/td>\n<td width=\"174\">Adem Islami<\/td>\n<td width=\"108\">Ramoc<\/td>\n<td width=\"114\">38649921141<\/td>\n<\/tr>\n<tr>\n<td width=\"43\">20<\/td>\n<td width=\"174\">Zeq\u00eb Tahiri<\/td>\n<td width=\"108\">\u0160eremetaj<\/td>\n<td width=\"114\">38649921142<\/td>\n<\/tr>\n<tr>\n<td width=\"43\">21<\/td>\n<td width=\"174\">Ram Rexha<\/td>\n<td width=\"108\">Brekovac<\/td>\n<td width=\"114\">38649921143<\/td>\n<\/tr>\n<tr>\n<td width=\"43\">22<\/td>\n<td width=\"174\">Pren Kolaj<\/td>\n<td width=\"108\">Novoselo<\/td>\n<td width=\"114\">38649921144<\/td>\n<\/tr>\n<tr>\n<td width=\"43\">23<\/td>\n<td width=\"174\">Simon Karaqi<\/td>\n<td width=\"108\">Doblibare<\/td>\n<td width=\"114\">38649921145<\/td>\n<\/tr>\n<tr>\n<td width=\"43\">24<\/td>\n<td width=\"174\">Xhavit Alija<\/td>\n<td width=\"108\">Dujak<\/td>\n<td width=\"114\">38649921146<\/td>\n<\/tr>\n<tr>\n<td width=\"43\">25<\/td>\n<td width=\"174\">Fadil Selimi<\/td>\n<td width=\"108\">Skivjane<\/td>\n<td width=\"114\">38649921147<\/td>\n<\/tr>\n<tr>\n<td width=\"43\">26<\/td>\n<td width=\"174\">Shkelzen Maxhuni<\/td>\n<td width=\"108\">Bec<\/td>\n<td width=\"114\">38649921148<\/td>\n<\/tr>\n<tr>\n<td width=\"43\">27<\/td>\n<td width=\"174\">Genc Hoxha<\/td>\n<td width=\"108\">Cermjane<\/td>\n<td width=\"114\">38649921149<\/td>\n<\/tr>\n<tr>\n<td width=\"43\">28<\/td>\n<td width=\"174\">Luan Nimani<\/td>\n<td width=\"108\">Gerkoc<\/td>\n<td width=\"114\">38649921150<\/td>\n<\/tr>\n<tr>\n<td width=\"43\">29<\/td>\n<td width=\"174\">Bajram Hajdari<\/td>\n<td width=\"108\">\u0160\u010diponje<\/td>\n<td width=\"114\">38649921151<\/td>\n<\/tr>\n<tr>\n<td width=\"43\">30<\/td>\n<td width=\"174\">Uk\u00eb\u00a0 Ahmetaj<\/td>\n<td width=\"108\">Kraljan<\/td>\n<td width=\"114\">38649921152<\/td>\n<\/tr>\n<\/tbody>\n<\/table>\n","protected":false},"excerpt":{"rendered":"<p>Lokalni saveti su tela koja podr\u017eavaju op\u0161tinske organe koji uti\u010du na sveobuhvatne konsultacije, koje promovi\u0161u i razvijaju transparentnost, odgovornost i u\u010de\u0161\u0107e gra\u0111ana u procesima dono\u0161enja odluka. Lokalni saveti se prosti\u017eu u svim selima i naseljima u \u0110akovici. Predsednici Lokalnih Saveta Op\u0161tine \u0110akovica i njihovi kontakti: &nbsp; Br. Ime i Prezime Lokalna Savet Br. telefona 1 [&hellip;]<\/p>\n","protected":false},"author":1,"featured_media":0,"parent":0,"menu_order":0,"comment_status":"open","ping_status":"open","template":"","meta":{"_acf_changed":false,"footnotes":""},"page-category":[],"class_list":["post-50315","page","type-page","status-publish","hentry"],"acf":[],"yoast_head":"<!-- This site is optimized with the Yoast SEO plugin v27.4 - https:\/\/yoast.com\/product\/yoast-seo-wordpress\/ -->\n<title>Lokalni saveti - Op\u0161tine \u0110akovica<\/title>\n<meta name=\"robots\" content=\"index, follow, max-snippet:-1, max-image-preview:large, max-video-preview:-1\" \/>\n<link rel=\"canonical\" href=\"https:\/\/gjakova.rks-gov.net\/sr\/lokalni-saveti\/\" \/>\n<meta property=\"og:locale\" content=\"sr_RS\" \/>\n<meta property=\"og:type\" content=\"article\" \/>\n<meta property=\"og:title\" content=\"Lokalni saveti - Op\u0161tine \u0110akovica\" \/>\n<meta property=\"og:description\" content=\"Lokalni saveti su tela koja podr\u017eavaju op\u0161tinske organe koji uti\u010du na sveobuhvatne konsultacije, koje promovi\u0161u i razvijaju transparentnost, odgovornost i u\u010de\u0161\u0107e gra\u0111ana u procesima dono\u0161enja odluka. Lokalni saveti se prosti\u017eu u svim selima i naseljima u \u0110akovici. Predsednici Lokalnih Saveta Op\u0161tine \u0110akovica i njihovi kontakti: &nbsp; Br. Ime i Prezime Lokalna Savet Br. telefona 1 [&hellip;]\" \/>\n<meta property=\"og:url\" content=\"https:\/\/gjakova.rks-gov.net\/sr\/lokalni-saveti\/\" \/>\n<meta property=\"og:site_name\" content=\"Op\u0161tine \u0110akovica\" \/>\n<meta property=\"article:publisher\" content=\"https:\/\/www.facebook.com\/KomunaeGjakoves\/\" \/>\n<meta name=\"twitter:card\" content=\"summary_large_image\" \/>\n<meta name=\"twitter:label1\" content=\"\u041f\u0440\u043e\u0446\u0435\u045a\u0435\u043d\u043e \u0432\u0440\u0435\u043c\u0435 \u0447\u0438\u0442\u0430\u045a\u0430\" \/>\n\t<meta name=\"twitter:data1\" content=\"1 \u043c\u0438\u043d\u0443\u0442\" \/>\n<script type=\"application\/ld+json\" class=\"yoast-schema-graph\">{\"@context\":\"https:\\\/\\\/schema.org\",\"@graph\":[{\"@type\":\"WebPage\",\"@id\":\"https:\\\/\\\/gjakova.rks-gov.net\\\/sr\\\/lokalni-saveti\\\/\",\"url\":\"https:\\\/\\\/gjakova.rks-gov.net\\\/sr\\\/lokalni-saveti\\\/\",\"name\":\"Lokalni saveti - Op\u0161tine \u0110akovica\",\"isPartOf\":{\"@id\":\"https:\\\/\\\/gjakova.rks-gov.net\\\/sr\\\/#website\"},\"datePublished\":\"2017-10-11T09:21:06+00:00\",\"breadcrumb\":{\"@id\":\"https:\\\/\\\/gjakova.rks-gov.net\\\/sr\\\/lokalni-saveti\\\/#breadcrumb\"},\"inLanguage\":\"sr-RS\",\"potentialAction\":[{\"@type\":\"ReadAction\",\"target\":[\"https:\\\/\\\/gjakova.rks-gov.net\\\/sr\\\/lokalni-saveti\\\/\"]}]},{\"@type\":\"BreadcrumbList\",\"@id\":\"https:\\\/\\\/gjakova.rks-gov.net\\\/sr\\\/lokalni-saveti\\\/#breadcrumb\",\"itemListElement\":[{\"@type\":\"ListItem\",\"position\":1,\"name\":\"Home\",\"item\":\"https:\\\/\\\/gjakova.rks-gov.net\\\/sr\\\/\"},{\"@type\":\"ListItem\",\"position\":2,\"name\":\"Lokalni saveti\"}]},{\"@type\":\"WebSite\",\"@id\":\"https:\\\/\\\/gjakova.rks-gov.net\\\/sr\\\/#website\",\"url\":\"https:\\\/\\\/gjakova.rks-gov.net\\\/sr\\\/\",\"name\":\"Komuna e Gjakoves\",\"description\":\"\",\"publisher\":{\"@id\":\"https:\\\/\\\/gjakova.rks-gov.net\\\/sr\\\/#organization\"},\"alternateName\":\"Komuna Gjakove\",\"potentialAction\":[{\"@type\":\"SearchAction\",\"target\":{\"@type\":\"EntryPoint\",\"urlTemplate\":\"https:\\\/\\\/gjakova.rks-gov.net\\\/sr\\\/?s={search_term_string}\"},\"query-input\":{\"@type\":\"PropertyValueSpecification\",\"valueRequired\":true,\"valueName\":\"search_term_string\"}}],\"inLanguage\":\"sr-RS\"},{\"@type\":\"Organization\",\"@id\":\"https:\\\/\\\/gjakova.rks-gov.net\\\/sr\\\/#organization\",\"name\":\"Komuna e Gjakoves\",\"alternateName\":\"Komuna Gjakove\",\"url\":\"https:\\\/\\\/gjakova.rks-gov.net\\\/sr\\\/\",\"logo\":{\"@type\":\"ImageObject\",\"inLanguage\":\"sr-RS\",\"@id\":\"https:\\\/\\\/gjakova.rks-gov.net\\\/sr\\\/#\\\/schema\\\/logo\\\/image\\\/\",\"url\":\"https:\\\/\\\/gjakova.rks-gov.net\\\/wp-content\\\/uploads\\\/2024\\\/04\\\/Stema_e_Komunes_Gjakove.svg.png\",\"contentUrl\":\"https:\\\/\\\/gjakova.rks-gov.net\\\/wp-content\\\/uploads\\\/2024\\\/04\\\/Stema_e_Komunes_Gjakove.svg.png\",\"width\":512,\"height\":681,\"caption\":\"Komuna e Gjakoves\"},\"image\":{\"@id\":\"https:\\\/\\\/gjakova.rks-gov.net\\\/sr\\\/#\\\/schema\\\/logo\\\/image\\\/\"},\"sameAs\":[\"https:\\\/\\\/www.facebook.com\\\/KomunaeGjakoves\\\/\",\"https:\\\/\\\/www.instagram.com\\\/komunaegjakoves\\\/\"]}]}<\/script>\n<!-- \/ Yoast SEO plugin. -->","yoast_head_json":{"title":"Lokalni saveti - Op\u0161tine \u0110akovica","robots":{"index":"index","follow":"follow","max-snippet":"max-snippet:-1","max-image-preview":"max-image-preview:large","max-video-preview":"max-video-preview:-1"},"canonical":"https:\/\/gjakova.rks-gov.net\/sr\/lokalni-saveti\/","og_locale":"sr_RS","og_type":"article","og_title":"Lokalni saveti - Op\u0161tine \u0110akovica","og_description":"Lokalni saveti su tela koja podr\u017eavaju op\u0161tinske organe koji uti\u010du na sveobuhvatne konsultacije, koje promovi\u0161u i razvijaju transparentnost, odgovornost i u\u010de\u0161\u0107e gra\u0111ana u procesima dono\u0161enja odluka. Lokalni saveti se prosti\u017eu u svim selima i naseljima u \u0110akovici. Predsednici Lokalnih Saveta Op\u0161tine \u0110akovica i njihovi kontakti: &nbsp; Br. Ime i Prezime Lokalna Savet Br. telefona 1 [&hellip;]","og_url":"https:\/\/gjakova.rks-gov.net\/sr\/lokalni-saveti\/","og_site_name":"Op\u0161tine \u0110akovica","article_publisher":"https:\/\/www.facebook.com\/KomunaeGjakoves\/","twitter_card":"summary_large_image","twitter_misc":{"\u041f\u0440\u043e\u0446\u0435\u045a\u0435\u043d\u043e \u0432\u0440\u0435\u043c\u0435 \u0447\u0438\u0442\u0430\u045a\u0430":"1 \u043c\u0438\u043d\u0443\u0442"},"schema":{"@context":"https:\/\/schema.org","@graph":[{"@type":"WebPage","@id":"https:\/\/gjakova.rks-gov.net\/sr\/lokalni-saveti\/","url":"https:\/\/gjakova.rks-gov.net\/sr\/lokalni-saveti\/","name":"Lokalni saveti - Op\u0161tine \u0110akovica","isPartOf":{"@id":"https:\/\/gjakova.rks-gov.net\/sr\/#website"},"datePublished":"2017-10-11T09:21:06+00:00","breadcrumb":{"@id":"https:\/\/gjakova.rks-gov.net\/sr\/lokalni-saveti\/#breadcrumb"},"inLanguage":"sr-RS","potentialAction":[{"@type":"ReadAction","target":["https:\/\/gjakova.rks-gov.net\/sr\/lokalni-saveti\/"]}]},{"@type":"BreadcrumbList","@id":"https:\/\/gjakova.rks-gov.net\/sr\/lokalni-saveti\/#breadcrumb","itemListElement":[{"@type":"ListItem","position":1,"name":"Home","item":"https:\/\/gjakova.rks-gov.net\/sr\/"},{"@type":"ListItem","position":2,"name":"Lokalni saveti"}]},{"@type":"WebSite","@id":"https:\/\/gjakova.rks-gov.net\/sr\/#website","url":"https:\/\/gjakova.rks-gov.net\/sr\/","name":"Komuna e Gjakoves","description":"","publisher":{"@id":"https:\/\/gjakova.rks-gov.net\/sr\/#organization"},"alternateName":"Komuna Gjakove","potentialAction":[{"@type":"SearchAction","target":{"@type":"EntryPoint","urlTemplate":"https:\/\/gjakova.rks-gov.net\/sr\/?s={search_term_string}"},"query-input":{"@type":"PropertyValueSpecification","valueRequired":true,"valueName":"search_term_string"}}],"inLanguage":"sr-RS"},{"@type":"Organization","@id":"https:\/\/gjakova.rks-gov.net\/sr\/#organization","name":"Komuna e Gjakoves","alternateName":"Komuna Gjakove","url":"https:\/\/gjakova.rks-gov.net\/sr\/","logo":{"@type":"ImageObject","inLanguage":"sr-RS","@id":"https:\/\/gjakova.rks-gov.net\/sr\/#\/schema\/logo\/image\/","url":"https:\/\/gjakova.rks-gov.net\/wp-content\/uploads\/2024\/04\/Stema_e_Komunes_Gjakove.svg.png","contentUrl":"https:\/\/gjakova.rks-gov.net\/wp-content\/uploads\/2024\/04\/Stema_e_Komunes_Gjakove.svg.png","width":512,"height":681,"caption":"Komuna e Gjakoves"},"image":{"@id":"https:\/\/gjakova.rks-gov.net\/sr\/#\/schema\/logo\/image\/"},"sameAs":["https:\/\/www.facebook.com\/KomunaeGjakoves\/","https:\/\/www.instagram.com\/komunaegjakoves\/"]}]}},"_links":{"self":[{"href":"https:\/\/gjakova.rks-gov.net\/sr\/wp-json\/wp\/v2\/pages\/50315","targetHints":{"allow":["GET"]}}],"collection":[{"href":"https:\/\/gjakova.rks-gov.net\/sr\/wp-json\/wp\/v2\/pages"}],"about":[{"href":"https:\/\/gjakova.rks-gov.net\/sr\/wp-json\/wp\/v2\/types\/page"}],"author":[{"embeddable":true,"href":"https:\/\/gjakova.rks-gov.net\/sr\/wp-json\/wp\/v2\/users\/1"}],"replies":[{"embeddable":true,"href":"https:\/\/gjakova.rks-gov.net\/sr\/wp-json\/wp\/v2\/comments?post=50315"}],"version-history":[{"count":0,"href":"https:\/\/gjakova.rks-gov.net\/sr\/wp-json\/wp\/v2\/pages\/50315\/revisions"}],"wp:attachment":[{"href":"https:\/\/gjakova.rks-gov.net\/sr\/wp-json\/wp\/v2\/media?parent=50315"}],"wp:term":[{"taxonomy":"page-category","embeddable":true,"href":"https:\/\/gjakova.rks-gov.net\/sr\/wp-json\/wp\/v2\/page-category?post=50315"}],"curies":[{"name":"wp","href":"https:\/\/api.w.org\/{rel}","templated":true}]}}