{"id":50314,"date":"2017-10-11T11:21:06","date_gmt":"2017-10-11T09:21:06","guid":{"rendered":"https:\/\/gjakova.rks-gov.net\/komiteteti\/"},"modified":"2017-10-11T11:21:06","modified_gmt":"2017-10-11T09:21:06","slug":"komiteteti","status":"publish","type":"page","link":"https:\/\/gjakova.rks-gov.net\/sr\/komiteteti\/","title":{"rendered":"Komiteteti"},"content":{"rendered":"<p><strong>Odbor za Politiku i Finansije<\/strong><\/p>\n<p>Odbor za Politiku i Finansije predsedava Predsedavaju\u010di Skup\u0161tine i njegov sastav mora da odra\u017eava zastupljenost politi\u010dkih subjekata u Skup\u0161tini.<br \/>\nOdbor za Politiku i Finansije je odgovoran za razmatranje svih politika, fiskalnih i finansijskih dokumenata, planova i inicijativa, uklju\u010duju\u0107i dokumenta strate\u0161kog planiranja, godi\u0161njeg srednjoro\u010dnog okvir bu\u0111eta, godi\u0161nji plan nabavke, godi\u0161nje uredbe o porezima, naknade i isplate, godi\u0161nji plan rad za unutra\u0161nju reviziju, godi\u0161nji srednjoro\u010dni bu\u0111et i bilo koja promena bu\u0111eta tokom fiskalne godine, kao i izve\u0161taje od strane Predsednika i dostavu preporuka u Skup\u0161tini Op\u0161tini.<br \/>\nSastav Odbora za Politiku i Finansije je:<br \/>\n1. Ha\u0111i Sejdiu predstavnik iz AZK .<br \/>\n2. Florentina Djerdjaj, predstavnica iz AZK.<br \/>\n3. Diana \u010carkadjija , predstavnica iz Alternative<br \/>\n4. Hana Zeka, predstavnica iz Alternative .<br \/>\n5. Bekim Jupa , predstavnik iz DPK.<br \/>\n6. Agon Batu\u0161a, predstavnik iz SO.<br \/>\n7 . Bekim Ermeni, predstavnik iz DSK<br \/>\n8. Anton \u0160ala, Predsedavaju\u010di Skup\u0161tine .<br \/>\n9. Fazli Ho\u0111a, predstavnik iz NISMA.<\/p>\n<p>Odbor za Politiku i Finansije predsedava Predsedavaju\u010di Skup\u0161tine Op\u0161tine Anton \u0160alja.<\/p>\n<p>&nbsp;<\/p>\n<p><strong>Odbor za Zajednice<\/strong><\/p>\n<p>Odbor za Zajednice \u0107e uklju\u010diti u svoje redove prostom ve\u0107inom \u010dlanova Skup\u0161tine, ostali \u010dlanovi su predstavnici zajednica. Svaka zajednica koja \u017eivi u Op\u0161tini bi\u010de predstavljena najmanje jednim predstavnikom u Odboru za Zajednice.<br \/>\nPredstavnici neve\u0107inskih zajednica u Opstini \u010dini\u0107e ve\u0107inu \u010dlanova u Odboru za Zajednice.<br \/>\nOdbor za Zajednice je odgovoran za razmatranje saglasnosti Op\u0161tinske vlasti sa va\u017ee\u0107im zakonom i razmatranje svih op\u0161tinskih politika, praksi i aktivnosti kako bi se osiguralo da se prava i interesi zajednica u potpunosti po\u0161tuju. Odbor tako\u0111e preporu\u010duje Op\u0161tini mere koje treba da se preduzmu da se obezbedi sprovo\u0111enje odredbi koje se ti\u010du potreba zajednica da se promovi\u0161u, izraze, o\u010duvaju i razviju svoj etni\u010dki, kulturni, verski i jezi\u010dki identitet, kao i da obezbedi adekvatnu za\u0161titu prava zajednica unutar Op\u0161tine.<br \/>\nSastav Odbora za Zajednice je:<br \/>\n1. Elvana \u010cori, predstavnica Egip\u010danske Zajednice<br \/>\n2. Bisljim Hoti, predstavnik Egip\u010danske Zajednice<br \/>\n3. Senad Gu\u0161ani, predstavnik Romske Zajednice<br \/>\n4. Fadilj Podrimja, predstavnik A\u0161kalijske Zajednice<br \/>\n5. Ifeta Jakupi , predstavnica Bosanske Zajednice<br \/>\n6. Jusuf Osmani, predstavnik AZK<br \/>\n7. Edi Ga\u0111a Puka, predstavnica Alternative<br \/>\n8. Dafina Syla , predstavnica DPK<br \/>\n9. Mimoza \u0160alja, predstavnica SO<\/p>\n","protected":false},"excerpt":{"rendered":"<p>Odbor za Politiku i Finansije Odbor za Politiku i Finansije predsedava Predsedavaju\u010di Skup\u0161tine i njegov sastav mora da odra\u017eava zastupljenost politi\u010dkih subjekata u Skup\u0161tini. Odbor za Politiku i Finansije je odgovoran za razmatranje svih politika, fiskalnih i finansijskih dokumenata, planova i inicijativa, uklju\u010duju\u0107i dokumenta strate\u0161kog planiranja, godi\u0161njeg srednjoro\u010dnog okvir bu\u0111eta, godi\u0161nji plan nabavke, godi\u0161nje uredbe [&hellip;]<\/p>\n","protected":false},"author":1,"featured_media":0,"parent":0,"menu_order":0,"comment_status":"open","ping_status":"open","template":"","meta":{"_acf_changed":false,"footnotes":""},"page-category":[],"class_list":["post-50314","page","type-page","status-publish","hentry"],"acf":[],"yoast_head":"<!-- This site is optimized with the Yoast SEO plugin v27.4 - https:\/\/yoast.com\/product\/yoast-seo-wordpress\/ -->\n<title>Komiteteti - Op\u0161tine \u0110akovica<\/title>\n<meta name=\"robots\" content=\"index, follow, max-snippet:-1, max-image-preview:large, max-video-preview:-1\" \/>\n<link rel=\"canonical\" href=\"https:\/\/gjakova.rks-gov.net\/sr\/komiteteti\/\" \/>\n<meta property=\"og:locale\" content=\"sr_RS\" \/>\n<meta property=\"og:type\" content=\"article\" \/>\n<meta property=\"og:title\" content=\"Komiteteti - Op\u0161tine \u0110akovica\" \/>\n<meta property=\"og:description\" content=\"Odbor za Politiku i Finansije Odbor za Politiku i Finansije predsedava Predsedavaju\u010di Skup\u0161tine i njegov sastav mora da odra\u017eava zastupljenost politi\u010dkih subjekata u Skup\u0161tini. Odbor za Politiku i Finansije je odgovoran za razmatranje svih politika, fiskalnih i finansijskih dokumenata, planova i inicijativa, uklju\u010duju\u0107i dokumenta strate\u0161kog planiranja, godi\u0161njeg srednjoro\u010dnog okvir bu\u0111eta, godi\u0161nji plan nabavke, godi\u0161nje uredbe [&hellip;]\" \/>\n<meta property=\"og:url\" content=\"https:\/\/gjakova.rks-gov.net\/sr\/komiteteti\/\" \/>\n<meta property=\"og:site_name\" content=\"Op\u0161tine \u0110akovica\" \/>\n<meta property=\"article:publisher\" content=\"https:\/\/www.facebook.com\/KomunaeGjakoves\/\" \/>\n<meta name=\"twitter:card\" content=\"summary_large_image\" \/>\n<meta name=\"twitter:label1\" content=\"\u041f\u0440\u043e\u0446\u0435\u045a\u0435\u043d\u043e \u0432\u0440\u0435\u043c\u0435 \u0447\u0438\u0442\u0430\u045a\u0430\" \/>\n\t<meta name=\"twitter:data1\" content=\"2 \u043c\u0438\u043d\u0443\u0442\u0430\" \/>\n<script type=\"application\/ld+json\" class=\"yoast-schema-graph\">{\"@context\":\"https:\\\/\\\/schema.org\",\"@graph\":[{\"@type\":\"WebPage\",\"@id\":\"https:\\\/\\\/gjakova.rks-gov.net\\\/sr\\\/komiteteti\\\/\",\"url\":\"https:\\\/\\\/gjakova.rks-gov.net\\\/sr\\\/komiteteti\\\/\",\"name\":\"Komiteteti - Op\u0161tine \u0110akovica\",\"isPartOf\":{\"@id\":\"https:\\\/\\\/gjakova.rks-gov.net\\\/sr\\\/#website\"},\"datePublished\":\"2017-10-11T09:21:06+00:00\",\"breadcrumb\":{\"@id\":\"https:\\\/\\\/gjakova.rks-gov.net\\\/sr\\\/komiteteti\\\/#breadcrumb\"},\"inLanguage\":\"sr-RS\",\"potentialAction\":[{\"@type\":\"ReadAction\",\"target\":[\"https:\\\/\\\/gjakova.rks-gov.net\\\/sr\\\/komiteteti\\\/\"]}]},{\"@type\":\"BreadcrumbList\",\"@id\":\"https:\\\/\\\/gjakova.rks-gov.net\\\/sr\\\/komiteteti\\\/#breadcrumb\",\"itemListElement\":[{\"@type\":\"ListItem\",\"position\":1,\"name\":\"Home\",\"item\":\"https:\\\/\\\/gjakova.rks-gov.net\\\/sr\\\/\"},{\"@type\":\"ListItem\",\"position\":2,\"name\":\"Komiteteti\"}]},{\"@type\":\"WebSite\",\"@id\":\"https:\\\/\\\/gjakova.rks-gov.net\\\/sr\\\/#website\",\"url\":\"https:\\\/\\\/gjakova.rks-gov.net\\\/sr\\\/\",\"name\":\"Komuna e Gjakoves\",\"description\":\"\",\"publisher\":{\"@id\":\"https:\\\/\\\/gjakova.rks-gov.net\\\/sr\\\/#organization\"},\"alternateName\":\"Komuna Gjakove\",\"potentialAction\":[{\"@type\":\"SearchAction\",\"target\":{\"@type\":\"EntryPoint\",\"urlTemplate\":\"https:\\\/\\\/gjakova.rks-gov.net\\\/sr\\\/?s={search_term_string}\"},\"query-input\":{\"@type\":\"PropertyValueSpecification\",\"valueRequired\":true,\"valueName\":\"search_term_string\"}}],\"inLanguage\":\"sr-RS\"},{\"@type\":\"Organization\",\"@id\":\"https:\\\/\\\/gjakova.rks-gov.net\\\/sr\\\/#organization\",\"name\":\"Komuna e Gjakoves\",\"alternateName\":\"Komuna Gjakove\",\"url\":\"https:\\\/\\\/gjakova.rks-gov.net\\\/sr\\\/\",\"logo\":{\"@type\":\"ImageObject\",\"inLanguage\":\"sr-RS\",\"@id\":\"https:\\\/\\\/gjakova.rks-gov.net\\\/sr\\\/#\\\/schema\\\/logo\\\/image\\\/\",\"url\":\"https:\\\/\\\/gjakova.rks-gov.net\\\/wp-content\\\/uploads\\\/2024\\\/04\\\/Stema_e_Komunes_Gjakove.svg.png\",\"contentUrl\":\"https:\\\/\\\/gjakova.rks-gov.net\\\/wp-content\\\/uploads\\\/2024\\\/04\\\/Stema_e_Komunes_Gjakove.svg.png\",\"width\":512,\"height\":681,\"caption\":\"Komuna e Gjakoves\"},\"image\":{\"@id\":\"https:\\\/\\\/gjakova.rks-gov.net\\\/sr\\\/#\\\/schema\\\/logo\\\/image\\\/\"},\"sameAs\":[\"https:\\\/\\\/www.facebook.com\\\/KomunaeGjakoves\\\/\",\"https:\\\/\\\/www.instagram.com\\\/komunaegjakoves\\\/\"]}]}<\/script>\n<!-- \/ Yoast SEO plugin. -->","yoast_head_json":{"title":"Komiteteti - Op\u0161tine \u0110akovica","robots":{"index":"index","follow":"follow","max-snippet":"max-snippet:-1","max-image-preview":"max-image-preview:large","max-video-preview":"max-video-preview:-1"},"canonical":"https:\/\/gjakova.rks-gov.net\/sr\/komiteteti\/","og_locale":"sr_RS","og_type":"article","og_title":"Komiteteti - Op\u0161tine \u0110akovica","og_description":"Odbor za Politiku i Finansije Odbor za Politiku i Finansije predsedava Predsedavaju\u010di Skup\u0161tine i njegov sastav mora da odra\u017eava zastupljenost politi\u010dkih subjekata u Skup\u0161tini. Odbor za Politiku i Finansije je odgovoran za razmatranje svih politika, fiskalnih i finansijskih dokumenata, planova i inicijativa, uklju\u010duju\u0107i dokumenta strate\u0161kog planiranja, godi\u0161njeg srednjoro\u010dnog okvir bu\u0111eta, godi\u0161nji plan nabavke, godi\u0161nje uredbe [&hellip;]","og_url":"https:\/\/gjakova.rks-gov.net\/sr\/komiteteti\/","og_site_name":"Op\u0161tine \u0110akovica","article_publisher":"https:\/\/www.facebook.com\/KomunaeGjakoves\/","twitter_card":"summary_large_image","twitter_misc":{"\u041f\u0440\u043e\u0446\u0435\u045a\u0435\u043d\u043e \u0432\u0440\u0435\u043c\u0435 \u0447\u0438\u0442\u0430\u045a\u0430":"2 \u043c\u0438\u043d\u0443\u0442\u0430"},"schema":{"@context":"https:\/\/schema.org","@graph":[{"@type":"WebPage","@id":"https:\/\/gjakova.rks-gov.net\/sr\/komiteteti\/","url":"https:\/\/gjakova.rks-gov.net\/sr\/komiteteti\/","name":"Komiteteti - Op\u0161tine \u0110akovica","isPartOf":{"@id":"https:\/\/gjakova.rks-gov.net\/sr\/#website"},"datePublished":"2017-10-11T09:21:06+00:00","breadcrumb":{"@id":"https:\/\/gjakova.rks-gov.net\/sr\/komiteteti\/#breadcrumb"},"inLanguage":"sr-RS","potentialAction":[{"@type":"ReadAction","target":["https:\/\/gjakova.rks-gov.net\/sr\/komiteteti\/"]}]},{"@type":"BreadcrumbList","@id":"https:\/\/gjakova.rks-gov.net\/sr\/komiteteti\/#breadcrumb","itemListElement":[{"@type":"ListItem","position":1,"name":"Home","item":"https:\/\/gjakova.rks-gov.net\/sr\/"},{"@type":"ListItem","position":2,"name":"Komiteteti"}]},{"@type":"WebSite","@id":"https:\/\/gjakova.rks-gov.net\/sr\/#website","url":"https:\/\/gjakova.rks-gov.net\/sr\/","name":"Komuna e Gjakoves","description":"","publisher":{"@id":"https:\/\/gjakova.rks-gov.net\/sr\/#organization"},"alternateName":"Komuna Gjakove","potentialAction":[{"@type":"SearchAction","target":{"@type":"EntryPoint","urlTemplate":"https:\/\/gjakova.rks-gov.net\/sr\/?s={search_term_string}"},"query-input":{"@type":"PropertyValueSpecification","valueRequired":true,"valueName":"search_term_string"}}],"inLanguage":"sr-RS"},{"@type":"Organization","@id":"https:\/\/gjakova.rks-gov.net\/sr\/#organization","name":"Komuna e Gjakoves","alternateName":"Komuna Gjakove","url":"https:\/\/gjakova.rks-gov.net\/sr\/","logo":{"@type":"ImageObject","inLanguage":"sr-RS","@id":"https:\/\/gjakova.rks-gov.net\/sr\/#\/schema\/logo\/image\/","url":"https:\/\/gjakova.rks-gov.net\/wp-content\/uploads\/2024\/04\/Stema_e_Komunes_Gjakove.svg.png","contentUrl":"https:\/\/gjakova.rks-gov.net\/wp-content\/uploads\/2024\/04\/Stema_e_Komunes_Gjakove.svg.png","width":512,"height":681,"caption":"Komuna e Gjakoves"},"image":{"@id":"https:\/\/gjakova.rks-gov.net\/sr\/#\/schema\/logo\/image\/"},"sameAs":["https:\/\/www.facebook.com\/KomunaeGjakoves\/","https:\/\/www.instagram.com\/komunaegjakoves\/"]}]}},"_links":{"self":[{"href":"https:\/\/gjakova.rks-gov.net\/sr\/wp-json\/wp\/v2\/pages\/50314","targetHints":{"allow":["GET"]}}],"collection":[{"href":"https:\/\/gjakova.rks-gov.net\/sr\/wp-json\/wp\/v2\/pages"}],"about":[{"href":"https:\/\/gjakova.rks-gov.net\/sr\/wp-json\/wp\/v2\/types\/page"}],"author":[{"embeddable":true,"href":"https:\/\/gjakova.rks-gov.net\/sr\/wp-json\/wp\/v2\/users\/1"}],"replies":[{"embeddable":true,"href":"https:\/\/gjakova.rks-gov.net\/sr\/wp-json\/wp\/v2\/comments?post=50314"}],"version-history":[{"count":0,"href":"https:\/\/gjakova.rks-gov.net\/sr\/wp-json\/wp\/v2\/pages\/50314\/revisions"}],"wp:attachment":[{"href":"https:\/\/gjakova.rks-gov.net\/sr\/wp-json\/wp\/v2\/media?parent=50314"}],"wp:term":[{"taxonomy":"page-category","embeddable":true,"href":"https:\/\/gjakova.rks-gov.net\/sr\/wp-json\/wp\/v2\/page-category?post=50314"}],"curies":[{"name":"wp","href":"https:\/\/api.w.org\/{rel}","templated":true}]}}