{"id":50306,"date":"2017-10-11T11:21:06","date_gmt":"2017-10-11T09:21:06","guid":{"rendered":"https:\/\/gjakova.rks-gov.net\/odgovornosti\/"},"modified":"2024-08-09T09:54:26","modified_gmt":"2024-08-09T07:54:26","slug":"odgovornosti","status":"publish","type":"page","link":"https:\/\/gjakova.rks-gov.net\/sr\/odgovornosti\/","title":{"rendered":"Odgovornosti &#8211; Sektor za Izve\u0161tavanje, Informisanje i Saradnju"},"content":{"rendered":"\t\t<div data-elementor-type=\"wp-page\" data-elementor-id=\"50306\" class=\"elementor elementor-50306\" data-elementor-post-type=\"page\">\n\t\t\t\t<div class=\"elementor-element elementor-element-153960e2 e-con-full responsive-container e-flex e-con e-parent\" data-id=\"153960e2\" data-element_type=\"container\" data-e-type=\"container\">\n\t\t<div class=\"elementor-element elementor-element-59178aec e-con-full e-flex e-con e-child\" data-id=\"59178aec\" data-element_type=\"container\" data-e-type=\"container\" data-settings=\"{&quot;background_background&quot;:&quot;classic&quot;}\">\n\t\t\t\t<div class=\"elementor-element elementor-element-377f465b elementor-nav-menu--dropdown-none sidebar-menu elementor-widget elementor-widget-nav-menu\" data-id=\"377f465b\" data-element_type=\"widget\" data-e-type=\"widget\" data-settings=\"{&quot;layout&quot;:&quot;vertical&quot;,&quot;submenu_icon&quot;:{&quot;value&quot;:&quot;&lt;svg aria-hidden=\\&quot;true\\&quot; class=\\&quot;e-font-icon-svg e-fas-caret-down\\&quot; viewBox=\\&quot;0 0 320 512\\&quot; xmlns=\\&quot;http:\\\/\\\/www.w3.org\\\/2000\\\/svg\\&quot;&gt;&lt;path d=\\&quot;M31.3 192h257.3c17.8 0 26.7 21.5 14.1 34.1L174.1 354.8c-7.8 7.8-20.5 7.8-28.3 0L17.2 226.1C4.6 213.5 13.5 192 31.3 192z\\&quot;&gt;&lt;\\\/path&gt;&lt;\\\/svg&gt;&quot;,&quot;library&quot;:&quot;fa-solid&quot;}}\" data-widget_type=\"nav-menu.default\">\n\t\t\t\t<div class=\"elementor-widget-container\">\n\t\t\t\t\t\t\t\t<nav aria-label=\"\u0418\u0437\u0431\u043e\u0440\u043d\u0438\u043a\" class=\"elementor-nav-menu--main elementor-nav-menu__container elementor-nav-menu--layout-vertical e--pointer-none\">\n\t\t\t\t<ul id=\"menu-1-377f465b\" class=\"elementor-nav-menu sm-vertical\"><li class=\"menu-item menu-item-type-post_type menu-item-object-page menu-item-69238\"><a href=\"https:\/\/gjakova.rks-gov.net\/sr\/raporti-kzi\/\" class=\"elementor-item\">Raporti \u2013 KZI<\/a><\/li>\n<li class=\"menu-item menu-item-type-post_type menu-item-object-page menu-item-69239\"><a href=\"https:\/\/gjakova.rks-gov.net\/sr\/kontakti-9\/\" class=\"elementor-item\">Kontakti<\/a><\/li>\n<li class=\"menu-item menu-item-type-post_type menu-item-object-page menu-item-69240\"><a href=\"https:\/\/gjakova.rks-gov.net\/sr\/odgovornosti\/\" class=\"elementor-item\">Odgovornosti<\/a><\/li>\n<li class=\"menu-item menu-item-type-post_type menu-item-object-page menu-item-69241\"><a href=\"https:\/\/gjakova.rks-gov.net\/sr\/planovi-sektor-za-izvestavanje-informisanje-i-saradnju\/\" class=\"elementor-item\">Planovi<\/a><\/li>\n<\/ul>\t\t\t<\/nav>\n\t\t\t\t\t\t<nav class=\"elementor-nav-menu--dropdown elementor-nav-menu__container\" aria-hidden=\"true\">\n\t\t\t\t<ul id=\"menu-2-377f465b\" class=\"elementor-nav-menu sm-vertical\"><li class=\"menu-item menu-item-type-post_type menu-item-object-page menu-item-69238\"><a href=\"https:\/\/gjakova.rks-gov.net\/sr\/raporti-kzi\/\" class=\"elementor-item\" tabindex=\"-1\">Raporti \u2013 KZI<\/a><\/li>\n<li class=\"menu-item menu-item-type-post_type menu-item-object-page menu-item-69239\"><a href=\"https:\/\/gjakova.rks-gov.net\/sr\/kontakti-9\/\" class=\"elementor-item\" tabindex=\"-1\">Kontakti<\/a><\/li>\n<li class=\"menu-item menu-item-type-post_type menu-item-object-page menu-item-69240\"><a href=\"https:\/\/gjakova.rks-gov.net\/sr\/odgovornosti\/\" class=\"elementor-item\" tabindex=\"-1\">Odgovornosti<\/a><\/li>\n<li class=\"menu-item menu-item-type-post_type menu-item-object-page menu-item-69241\"><a href=\"https:\/\/gjakova.rks-gov.net\/sr\/planovi-sektor-za-izvestavanje-informisanje-i-saradnju\/\" class=\"elementor-item\" tabindex=\"-1\">Planovi<\/a><\/li>\n<\/ul>\t\t\t<\/nav>\n\t\t\t\t\t\t<\/div>\n\t\t\t\t<\/div>\n\t\t\t\t<\/div>\n\t\t<div class=\"elementor-element elementor-element-6b3ae473 e-con-full e-flex e-con e-child\" data-id=\"6b3ae473\" data-element_type=\"container\" data-e-type=\"container\">\n\t\t<div class=\"elementor-element elementor-element-31276c6e e-con-full e-flex e-con e-child\" data-id=\"31276c6e\" data-element_type=\"container\" data-e-type=\"container\">\n\t\t\t\t<div class=\"elementor-element elementor-element-db91a05 elementor-widget elementor-widget-theme-post-title elementor-page-title elementor-widget-heading\" data-id=\"db91a05\" data-element_type=\"widget\" data-e-type=\"widget\" data-widget_type=\"theme-post-title.default\">\n\t\t\t\t<div class=\"elementor-widget-container\">\n\t\t\t\t\t<h1 class=\"elementor-heading-title elementor-size-default\">Odgovornosti &#8211; Sektor za Izve\u0161tavanje, Informisanje i Saradnju<\/h1>\t\t\t\t<\/div>\n\t\t\t\t<\/div>\n\t\t\t\t<\/div>\n\t\t\t\t<div class=\"elementor-element elementor-element-3320190 elementor-widget elementor-widget-text-editor\" data-id=\"3320190\" data-element_type=\"widget\" data-e-type=\"widget\" data-widget_type=\"text-editor.default\">\n\t\t\t\t<div class=\"elementor-widget-container\">\n\t\t\t\t\t\t\t\t\t<p>Kancelarija za informisanje brine o transparentnosti vlasti prema javnosti.<\/p><p>Prati sve aktivnosti Predsednika Op\u0161tine, Skup\u0161tine Op\u0161tine, Direktorijata i drugih Izvrsnih Jedinica i brine se da ih u\u010dini javnim odluke i stavove op\u0161tinskih institucija.<\/p><p>U\u010destvuje u direktnim susretima predsednika Op\u0161tine.<\/p><p>Prati sastanke Skup\u0161tine, Odbora, Upravnog Odbora.<\/p><p>Koordinira vezu sa novinarima u vezi sa pitanjima koja se odnose na aktivnosti op\u0161tinskih institucija.<\/p><p>Koordinira razvoj i implementaciju op\u0161tinskih kampanja za javnu komunikaciju.<\/p><p>Pru\u017ea informacije o politici op\u0161tinskih razvoja.<\/p><p>Obave\u0161tava medije o svim javnim skupovima i konferencijama.<\/p><p>Odgovora na zahteve medija u vezi sa op\u0161tinskim poslovima.<\/p><p>Odr\u017eava kontakte sa predstavnicima medija, civilnog dru\u0161tva i drugih organizacija.<\/p><p>Prosleduje predstavnike medija unutar op\u0161tine i registruje izjave op\u0161tinskih zvani\u010dnika date predstavnicima medija.<\/p><p>Poma\u017ee op\u0161tinsko rukovodstvo u planiranju i realizaciji konkretnih kampanja koje imaju za cilj davanje va\u017enih poruka gra\u0111anima.<\/p><p>Posreduje u zakazivanju intervjua op\u0161tinskih rukovodioca za \u0161tampu.<\/p><p>Redovno informi\u0161e op\u0161tinsko rukovodstvo za odnose sa \u0161tampom i njihovim mogu\u0107im reakcijama prema op\u0161tinskim aktivnostima.<\/p><p>Priprema informativne listove, biltene, bro\u0161ure, itd<\/p><p>Selekcionira i arhivira \u010dlankove novinara koje se ti\u010du op\u0161tine.<\/p><p>Odr\u017eava i a\u017eurira veb stranicu op\u0161tine, objavljuju\u010di sva obave\u0161tenja sa sastanaka, informacije\u00a0 od strane Predsednika Op\u0161tine, Skup\u0161tine Op\u0161tine i njenih organa, planova i izve\u0161taja Skup\u0161tine Op\u0161tine i njenih organa<\/p><p>Vrsi objavu obave\u0161tenja, konkursa i tendera, kao i sve druge informacije i publikacije va\u017ene za gra\u0111ane i javnost.\u00a0<\/p>\t\t\t\t\t\t\t\t<\/div>\n\t\t\t\t<\/div>\n\t\t\t\t<\/div>\n\t\t\t\t<\/div>\n\t\t\t\t<\/div>\n\t\t","protected":false},"excerpt":{"rendered":"<p>Kancelarija za informisanje brine o transparentnosti vlasti prema javnosti. Prati sve aktivnosti Predsednika Op\u0161tine, Skup\u0161tine Op\u0161tine, Direktorijata i drugih Izvrsnih Jedinica i brine se da ih u\u010dini javnim odluke i stavove op\u0161tinskih institucija. U\u010destvuje u direktnim susretima predsednika Op\u0161tine. Prati sastanke Skup\u0161tine, Odbora, Upravnog Odbora. Koordinira vezu sa novinarima u vezi sa pitanjima koja se [&hellip;]<\/p>\n","protected":false},"author":1,"featured_media":0,"parent":0,"menu_order":0,"comment_status":"open","ping_status":"closed","template":"","meta":{"_acf_changed":false,"footnotes":""},"page-category":[],"class_list":["post-50306","page","type-page","status-publish","hentry"],"acf":[],"yoast_head":"<!-- This site is optimized with the Yoast SEO plugin v27.4 - https:\/\/yoast.com\/product\/yoast-seo-wordpress\/ -->\n<title>Odgovornosti - Sektor za Izve\u0161tavanje, Informisanje i Saradnju - Op\u0161tine \u0110akovica<\/title>\n<meta name=\"robots\" content=\"index, follow, max-snippet:-1, max-image-preview:large, max-video-preview:-1\" \/>\n<link rel=\"canonical\" href=\"https:\/\/gjakova.rks-gov.net\/sr\/odgovornosti\/\" \/>\n<meta property=\"og:locale\" content=\"sr_RS\" \/>\n<meta property=\"og:type\" content=\"article\" \/>\n<meta property=\"og:title\" content=\"Odgovornosti - Sektor za Izve\u0161tavanje, Informisanje i Saradnju - Op\u0161tine \u0110akovica\" \/>\n<meta property=\"og:description\" content=\"Kancelarija za informisanje brine o transparentnosti vlasti prema javnosti. Prati sve aktivnosti Predsednika Op\u0161tine, Skup\u0161tine Op\u0161tine, Direktorijata i drugih Izvrsnih Jedinica i brine se da ih u\u010dini javnim odluke i stavove op\u0161tinskih institucija. U\u010destvuje u direktnim susretima predsednika Op\u0161tine. Prati sastanke Skup\u0161tine, Odbora, Upravnog Odbora. Koordinira vezu sa novinarima u vezi sa pitanjima koja se [&hellip;]\" \/>\n<meta property=\"og:url\" content=\"https:\/\/gjakova.rks-gov.net\/sr\/odgovornosti\/\" \/>\n<meta property=\"og:site_name\" content=\"Op\u0161tine \u0110akovica\" \/>\n<meta property=\"article:publisher\" content=\"https:\/\/www.facebook.com\/KomunaeGjakoves\/\" \/>\n<meta property=\"article:modified_time\" content=\"2024-08-09T07:54:26+00:00\" \/>\n<meta name=\"twitter:card\" content=\"summary_large_image\" \/>\n<meta name=\"twitter:label1\" content=\"\u041f\u0440\u043e\u0446\u0435\u045a\u0435\u043d\u043e \u0432\u0440\u0435\u043c\u0435 \u0447\u0438\u0442\u0430\u045a\u0430\" \/>\n\t<meta name=\"twitter:data1\" content=\"1 \u043c\u0438\u043d\u0443\u0442\" \/>\n<script type=\"application\/ld+json\" class=\"yoast-schema-graph\">{\"@context\":\"https:\\\/\\\/schema.org\",\"@graph\":[{\"@type\":\"WebPage\",\"@id\":\"https:\\\/\\\/gjakova.rks-gov.net\\\/sr\\\/odgovornosti\\\/\",\"url\":\"https:\\\/\\\/gjakova.rks-gov.net\\\/sr\\\/odgovornosti\\\/\",\"name\":\"Odgovornosti - Sektor za Izve\u0161tavanje, Informisanje i Saradnju - Op\u0161tine \u0110akovica\",\"isPartOf\":{\"@id\":\"https:\\\/\\\/gjakova.rks-gov.net\\\/sr\\\/#website\"},\"datePublished\":\"2017-10-11T09:21:06+00:00\",\"dateModified\":\"2024-08-09T07:54:26+00:00\",\"breadcrumb\":{\"@id\":\"https:\\\/\\\/gjakova.rks-gov.net\\\/sr\\\/odgovornosti\\\/#breadcrumb\"},\"inLanguage\":\"sr-RS\",\"potentialAction\":[{\"@type\":\"ReadAction\",\"target\":[\"https:\\\/\\\/gjakova.rks-gov.net\\\/sr\\\/odgovornosti\\\/\"]}]},{\"@type\":\"BreadcrumbList\",\"@id\":\"https:\\\/\\\/gjakova.rks-gov.net\\\/sr\\\/odgovornosti\\\/#breadcrumb\",\"itemListElement\":[{\"@type\":\"ListItem\",\"position\":1,\"name\":\"Home\",\"item\":\"https:\\\/\\\/gjakova.rks-gov.net\\\/sr\\\/\"},{\"@type\":\"ListItem\",\"position\":2,\"name\":\"Odgovornosti &#8211; Sektor za Izve\u0161tavanje, Informisanje i Saradnju\"}]},{\"@type\":\"WebSite\",\"@id\":\"https:\\\/\\\/gjakova.rks-gov.net\\\/sr\\\/#website\",\"url\":\"https:\\\/\\\/gjakova.rks-gov.net\\\/sr\\\/\",\"name\":\"Komuna e Gjakoves\",\"description\":\"\",\"publisher\":{\"@id\":\"https:\\\/\\\/gjakova.rks-gov.net\\\/sr\\\/#organization\"},\"alternateName\":\"Komuna Gjakove\",\"potentialAction\":[{\"@type\":\"SearchAction\",\"target\":{\"@type\":\"EntryPoint\",\"urlTemplate\":\"https:\\\/\\\/gjakova.rks-gov.net\\\/sr\\\/?s={search_term_string}\"},\"query-input\":{\"@type\":\"PropertyValueSpecification\",\"valueRequired\":true,\"valueName\":\"search_term_string\"}}],\"inLanguage\":\"sr-RS\"},{\"@type\":\"Organization\",\"@id\":\"https:\\\/\\\/gjakova.rks-gov.net\\\/sr\\\/#organization\",\"name\":\"Komuna e Gjakoves\",\"alternateName\":\"Komuna Gjakove\",\"url\":\"https:\\\/\\\/gjakova.rks-gov.net\\\/sr\\\/\",\"logo\":{\"@type\":\"ImageObject\",\"inLanguage\":\"sr-RS\",\"@id\":\"https:\\\/\\\/gjakova.rks-gov.net\\\/sr\\\/#\\\/schema\\\/logo\\\/image\\\/\",\"url\":\"https:\\\/\\\/gjakova.rks-gov.net\\\/wp-content\\\/uploads\\\/2024\\\/04\\\/Stema_e_Komunes_Gjakove.svg.png\",\"contentUrl\":\"https:\\\/\\\/gjakova.rks-gov.net\\\/wp-content\\\/uploads\\\/2024\\\/04\\\/Stema_e_Komunes_Gjakove.svg.png\",\"width\":512,\"height\":681,\"caption\":\"Komuna e Gjakoves\"},\"image\":{\"@id\":\"https:\\\/\\\/gjakova.rks-gov.net\\\/sr\\\/#\\\/schema\\\/logo\\\/image\\\/\"},\"sameAs\":[\"https:\\\/\\\/www.facebook.com\\\/KomunaeGjakoves\\\/\",\"https:\\\/\\\/www.instagram.com\\\/komunaegjakoves\\\/\"]}]}<\/script>\n<!-- \/ Yoast SEO plugin. -->","yoast_head_json":{"title":"Odgovornosti - Sektor za Izve\u0161tavanje, Informisanje i Saradnju - Op\u0161tine \u0110akovica","robots":{"index":"index","follow":"follow","max-snippet":"max-snippet:-1","max-image-preview":"max-image-preview:large","max-video-preview":"max-video-preview:-1"},"canonical":"https:\/\/gjakova.rks-gov.net\/sr\/odgovornosti\/","og_locale":"sr_RS","og_type":"article","og_title":"Odgovornosti - Sektor za Izve\u0161tavanje, Informisanje i Saradnju - Op\u0161tine \u0110akovica","og_description":"Kancelarija za informisanje brine o transparentnosti vlasti prema javnosti. Prati sve aktivnosti Predsednika Op\u0161tine, Skup\u0161tine Op\u0161tine, Direktorijata i drugih Izvrsnih Jedinica i brine se da ih u\u010dini javnim odluke i stavove op\u0161tinskih institucija. U\u010destvuje u direktnim susretima predsednika Op\u0161tine. Prati sastanke Skup\u0161tine, Odbora, Upravnog Odbora. Koordinira vezu sa novinarima u vezi sa pitanjima koja se [&hellip;]","og_url":"https:\/\/gjakova.rks-gov.net\/sr\/odgovornosti\/","og_site_name":"Op\u0161tine \u0110akovica","article_publisher":"https:\/\/www.facebook.com\/KomunaeGjakoves\/","article_modified_time":"2024-08-09T07:54:26+00:00","twitter_card":"summary_large_image","twitter_misc":{"\u041f\u0440\u043e\u0446\u0435\u045a\u0435\u043d\u043e \u0432\u0440\u0435\u043c\u0435 \u0447\u0438\u0442\u0430\u045a\u0430":"1 \u043c\u0438\u043d\u0443\u0442"},"schema":{"@context":"https:\/\/schema.org","@graph":[{"@type":"WebPage","@id":"https:\/\/gjakova.rks-gov.net\/sr\/odgovornosti\/","url":"https:\/\/gjakova.rks-gov.net\/sr\/odgovornosti\/","name":"Odgovornosti - Sektor za Izve\u0161tavanje, Informisanje i Saradnju - Op\u0161tine \u0110akovica","isPartOf":{"@id":"https:\/\/gjakova.rks-gov.net\/sr\/#website"},"datePublished":"2017-10-11T09:21:06+00:00","dateModified":"2024-08-09T07:54:26+00:00","breadcrumb":{"@id":"https:\/\/gjakova.rks-gov.net\/sr\/odgovornosti\/#breadcrumb"},"inLanguage":"sr-RS","potentialAction":[{"@type":"ReadAction","target":["https:\/\/gjakova.rks-gov.net\/sr\/odgovornosti\/"]}]},{"@type":"BreadcrumbList","@id":"https:\/\/gjakova.rks-gov.net\/sr\/odgovornosti\/#breadcrumb","itemListElement":[{"@type":"ListItem","position":1,"name":"Home","item":"https:\/\/gjakova.rks-gov.net\/sr\/"},{"@type":"ListItem","position":2,"name":"Odgovornosti &#8211; Sektor za Izve\u0161tavanje, Informisanje i Saradnju"}]},{"@type":"WebSite","@id":"https:\/\/gjakova.rks-gov.net\/sr\/#website","url":"https:\/\/gjakova.rks-gov.net\/sr\/","name":"Komuna e Gjakoves","description":"","publisher":{"@id":"https:\/\/gjakova.rks-gov.net\/sr\/#organization"},"alternateName":"Komuna Gjakove","potentialAction":[{"@type":"SearchAction","target":{"@type":"EntryPoint","urlTemplate":"https:\/\/gjakova.rks-gov.net\/sr\/?s={search_term_string}"},"query-input":{"@type":"PropertyValueSpecification","valueRequired":true,"valueName":"search_term_string"}}],"inLanguage":"sr-RS"},{"@type":"Organization","@id":"https:\/\/gjakova.rks-gov.net\/sr\/#organization","name":"Komuna e Gjakoves","alternateName":"Komuna Gjakove","url":"https:\/\/gjakova.rks-gov.net\/sr\/","logo":{"@type":"ImageObject","inLanguage":"sr-RS","@id":"https:\/\/gjakova.rks-gov.net\/sr\/#\/schema\/logo\/image\/","url":"https:\/\/gjakova.rks-gov.net\/wp-content\/uploads\/2024\/04\/Stema_e_Komunes_Gjakove.svg.png","contentUrl":"https:\/\/gjakova.rks-gov.net\/wp-content\/uploads\/2024\/04\/Stema_e_Komunes_Gjakove.svg.png","width":512,"height":681,"caption":"Komuna e Gjakoves"},"image":{"@id":"https:\/\/gjakova.rks-gov.net\/sr\/#\/schema\/logo\/image\/"},"sameAs":["https:\/\/www.facebook.com\/KomunaeGjakoves\/","https:\/\/www.instagram.com\/komunaegjakoves\/"]}]}},"_links":{"self":[{"href":"https:\/\/gjakova.rks-gov.net\/sr\/wp-json\/wp\/v2\/pages\/50306","targetHints":{"allow":["GET"]}}],"collection":[{"href":"https:\/\/gjakova.rks-gov.net\/sr\/wp-json\/wp\/v2\/pages"}],"about":[{"href":"https:\/\/gjakova.rks-gov.net\/sr\/wp-json\/wp\/v2\/types\/page"}],"author":[{"embeddable":true,"href":"https:\/\/gjakova.rks-gov.net\/sr\/wp-json\/wp\/v2\/users\/1"}],"replies":[{"embeddable":true,"href":"https:\/\/gjakova.rks-gov.net\/sr\/wp-json\/wp\/v2\/comments?post=50306"}],"version-history":[{"count":4,"href":"https:\/\/gjakova.rks-gov.net\/sr\/wp-json\/wp\/v2\/pages\/50306\/revisions"}],"predecessor-version":[{"id":69317,"href":"https:\/\/gjakova.rks-gov.net\/sr\/wp-json\/wp\/v2\/pages\/50306\/revisions\/69317"}],"wp:attachment":[{"href":"https:\/\/gjakova.rks-gov.net\/sr\/wp-json\/wp\/v2\/media?parent=50306"}],"wp:term":[{"taxonomy":"page-category","embeddable":true,"href":"https:\/\/gjakova.rks-gov.net\/sr\/wp-json\/wp\/v2\/page-category?post=50306"}],"curies":[{"name":"wp","href":"https:\/\/api.w.org\/{rel}","templated":true}]}}