{"id":43652,"date":"2024-06-03T13:50:26","date_gmt":"2024-06-03T11:50:26","guid":{"rendered":"http:\/\/localhost:100\/dpn-prizereni\/tatimi-ne-prone\/"},"modified":"2025-09-25T11:34:03","modified_gmt":"2025-09-25T09:34:03","slug":"tatimi-ne-prone","status":"publish","type":"page","link":"https:\/\/gjakova.rks-gov.net\/sr\/tatimi-ne-prone\/","title":{"rendered":"Tatimi n\u00eb pron\u00eb"},"content":{"rendered":"\t\t<div data-elementor-type=\"wp-page\" data-elementor-id=\"43652\" class=\"elementor elementor-43652 elementor-43595\" data-elementor-post-type=\"page\">\n\t\t\t\t<div class=\"elementor-element elementor-element-b62f517 e-con-full responsive-container e-flex e-con e-parent\" data-id=\"b62f517\" data-element_type=\"container\" data-e-type=\"container\">\n\t\t\t\t<div class=\"elementor-element elementor-element-b3cfca0 elementor-widget elementor-widget-theme-post-title elementor-page-title elementor-widget-heading\" data-id=\"b3cfca0\" data-element_type=\"widget\" data-e-type=\"widget\" data-widget_type=\"theme-post-title.default\">\n\t\t\t\t<div class=\"elementor-widget-container\">\n\t\t\t\t\t<h1 class=\"elementor-heading-title elementor-size-default\">Tatimi n\u00eb pron\u00eb<\/h1>\t\t\t\t<\/div>\n\t\t\t\t<\/div>\n\t\t\t\t<div class=\"elementor-element elementor-element-9eedad0 elementor-widget elementor-widget-heading\" data-id=\"9eedad0\" data-element_type=\"widget\" data-e-type=\"widget\" data-widget_type=\"heading.default\">\n\t\t\t\t<div class=\"elementor-widget-container\">\n\t\t\t\t\t<h2 class=\"elementor-heading-title elementor-size-default\">Shkarko fatur\u00ebn e tatimit n\u00eb pron\u00eb duke klikuar n\u00eb veg\u00ebzat e m\u00ebposhtme, si dhe paguaj direkt pa provizion n\u00ebp\u00ebrmjet platform\u00ebs eKosova<\/h2>\t\t\t\t<\/div>\n\t\t\t\t<\/div>\n\t\t<div class=\"elementor-element elementor-element-45550c8 e-con-full publicCallsBox e-flex e-con e-child\" data-id=\"45550c8\" data-element_type=\"container\" data-e-type=\"container\" data-settings=\"{&quot;background_background&quot;:&quot;classic&quot;}\">\n\t\t<div class=\"elementor-element elementor-element-3bcea59 e-con-full e-flex e-con e-child\" data-id=\"3bcea59\" data-element_type=\"container\" data-e-type=\"container\">\n\t\t<div class=\"elementor-element elementor-element-a0c799b e-con-full doc-img e-flex e-con e-child\" data-id=\"a0c799b\" data-element_type=\"container\" data-e-type=\"container\">\n\t\t\t\t<div class=\"elementor-element elementor-element-470577b elementor-widget elementor-widget-image\" data-id=\"470577b\" data-element_type=\"widget\" data-e-type=\"widget\" data-widget_type=\"image.default\">\n\t\t\t\t<div class=\"elementor-widget-container\">\n\t\t\t\t\t\t\t\t\t\t\t\t\t\t\t\t<a href=\"https:\/\/ekosova.rks-gov.net\/SubService\/270\" target=\"_blank\">\n\t\t\t\t\t\t\t<img decoding=\"async\" width=\"64\" height=\"64\" src=\"https:\/\/gjakova.rks-gov.net\/wp-content\/uploads\/2024\/07\/Smalltaxes.png\" class=\"attachment-large size-large wp-image-48823\" alt=\"\" \/>\t\t\t\t\t\t\t\t<\/a>\n\t\t\t\t\t\t\t\t\t\t\t\t\t\t\t<\/div>\n\t\t\t\t<\/div>\n\t\t\t\t<\/div>\n\t\t\t\t<\/div>\n\t\t<div class=\"elementor-element elementor-element-08c307d e-con-full e-flex e-con e-child\" data-id=\"08c307d\" data-element_type=\"container\" data-e-type=\"container\">\n\t\t\t\t<div class=\"elementor-element elementor-element-1df7caa elementor-widget elementor-widget-heading\" data-id=\"1df7caa\" data-element_type=\"widget\" data-e-type=\"widget\" data-widget_type=\"heading.default\">\n\t\t\t\t<div class=\"elementor-widget-container\">\n\t\t\t\t\t<h2 class=\"elementor-heading-title elementor-size-default\"><a href=\"https:\/\/ekosova.rks-gov.net\/SubService\/270\" target=\"_blank\">Fatura e tatimit t\u00eb pron\u00ebs individuale<\/a><\/h2>\t\t\t\t<\/div>\n\t\t\t\t<\/div>\n\t\t\t\t<\/div>\n\t\t\t\t<\/div>\n\t\t<div class=\"elementor-element elementor-element-ff247aa e-con-full publicCallsBox e-flex e-con e-child\" data-id=\"ff247aa\" data-element_type=\"container\" data-e-type=\"container\" data-settings=\"{&quot;background_background&quot;:&quot;classic&quot;}\">\n\t\t<div class=\"elementor-element elementor-element-7ee8f4c e-con-full e-flex e-con e-child\" data-id=\"7ee8f4c\" data-element_type=\"container\" data-e-type=\"container\">\n\t\t<div class=\"elementor-element elementor-element-d8f616b e-con-full doc-img e-flex e-con e-child\" data-id=\"d8f616b\" data-element_type=\"container\" data-e-type=\"container\">\n\t\t\t\t<div class=\"elementor-element elementor-element-ce9f412 elementor-widget elementor-widget-image\" data-id=\"ce9f412\" data-element_type=\"widget\" data-e-type=\"widget\" data-widget_type=\"image.default\">\n\t\t\t\t<div class=\"elementor-widget-container\">\n\t\t\t\t\t\t\t\t\t\t\t\t\t\t\t\t<a href=\"https:\/\/ekosova.rks-gov.net\/SubService\/271\" target=\"_blank\">\n\t\t\t\t\t\t\t<img decoding=\"async\" width=\"64\" height=\"64\" src=\"https:\/\/gjakova.rks-gov.net\/wp-content\/uploads\/2024\/07\/Smalltaxes.png\" class=\"attachment-large size-large wp-image-48823\" alt=\"\" \/>\t\t\t\t\t\t\t\t<\/a>\n\t\t\t\t\t\t\t\t\t\t\t\t\t\t\t<\/div>\n\t\t\t\t<\/div>\n\t\t\t\t<\/div>\n\t\t\t\t<\/div>\n\t\t<div class=\"elementor-element elementor-element-0340c9b e-con-full e-flex e-con e-child\" data-id=\"0340c9b\" data-element_type=\"container\" data-e-type=\"container\">\n\t\t\t\t<div class=\"elementor-element elementor-element-a0b9834 elementor-widget elementor-widget-heading\" data-id=\"a0b9834\" data-element_type=\"widget\" data-e-type=\"widget\" data-widget_type=\"heading.default\">\n\t\t\t\t<div class=\"elementor-widget-container\">\n\t\t\t\t\t<h2 class=\"elementor-heading-title elementor-size-default\"><a href=\"https:\/\/ekosova.rks-gov.net\/SubService\/271\" target=\"_blank\">Fatura e tatimit t\u00eb pron\u00ebs p\u00ebr persona t\u00eb tjer\u00eb<\/a><\/h2>\t\t\t\t<\/div>\n\t\t\t\t<\/div>\n\t\t\t\t<\/div>\n\t\t\t\t<\/div>\n\t\t<div class=\"elementor-element elementor-element-8f682e8 e-con-full publicCallsBox e-flex e-con e-child\" data-id=\"8f682e8\" data-element_type=\"container\" data-e-type=\"container\" data-settings=\"{&quot;background_background&quot;:&quot;classic&quot;}\">\n\t\t<div class=\"elementor-element elementor-element-d727ee2 e-con-full e-flex e-con e-child\" data-id=\"d727ee2\" data-element_type=\"container\" data-e-type=\"container\">\n\t\t<div class=\"elementor-element elementor-element-0d77eca e-con-full doc-img e-flex e-con e-child\" data-id=\"0d77eca\" data-element_type=\"container\" data-e-type=\"container\">\n\t\t\t\t<div class=\"elementor-element elementor-element-e2a63eb elementor-widget elementor-widget-image\" data-id=\"e2a63eb\" data-element_type=\"widget\" data-e-type=\"widget\" data-widget_type=\"image.default\">\n\t\t\t\t<div class=\"elementor-widget-container\">\n\t\t\t\t\t\t\t\t\t\t\t\t\t\t\t\t<a href=\"https:\/\/ekosova.rks-gov.net\/SubService\/286\" target=\"_blank\">\n\t\t\t\t\t\t\t<img decoding=\"async\" width=\"64\" height=\"64\" src=\"https:\/\/gjakova.rks-gov.net\/wp-content\/uploads\/2024\/07\/Smalltaxes.png\" class=\"attachment-large size-large wp-image-48823\" alt=\"\" \/>\t\t\t\t\t\t\t\t<\/a>\n\t\t\t\t\t\t\t\t\t\t\t\t\t\t\t<\/div>\n\t\t\t\t<\/div>\n\t\t\t\t<\/div>\n\t\t\t\t<\/div>\n\t\t<div class=\"elementor-element elementor-element-6bfd74b e-con-full e-flex e-con e-child\" data-id=\"6bfd74b\" data-element_type=\"container\" data-e-type=\"container\">\n\t\t\t\t<div class=\"elementor-element elementor-element-6ab8347 elementor-widget elementor-widget-heading\" data-id=\"6ab8347\" data-element_type=\"widget\" data-e-type=\"widget\" data-widget_type=\"heading.default\">\n\t\t\t\t<div class=\"elementor-widget-container\">\n\t\t\t\t\t<h2 class=\"elementor-heading-title elementor-size-default\"><a href=\"https:\/\/ekosova.rks-gov.net\/SubService\/286\" target=\"_blank\">Fatura e tatimit t\u00eb pron\u00ebs s\u00eb biznesit<\/a><\/h2>\t\t\t\t<\/div>\n\t\t\t\t<\/div>\n\t\t\t\t<\/div>\n\t\t\t\t<\/div>\n\t\t\t\t<\/div>\n\t\t\t\t<\/div>\n\t\t","protected":false},"excerpt":{"rendered":"<p>Shkarko fatur\u00ebn e tatimit n\u00eb pron\u00eb duke klikuar n\u00eb veg\u00ebzat e m\u00ebposhtme, si dhe paguaj direkt pa provizion n\u00ebp\u00ebrmjet platform\u00ebs eKosova Fatura e tatimit t\u00eb pron\u00ebs individuale Fatura e tatimit t\u00eb pron\u00ebs p\u00ebr persona t\u00eb tjer\u00eb Fatura e tatimit t\u00eb pron\u00ebs s\u00eb biznesit<\/p>\n","protected":false},"author":1,"featured_media":48673,"parent":0,"menu_order":18,"comment_status":"closed","ping_status":"closed","template":"","meta":{"_acf_changed":false,"footnotes":""},"page-category":[142],"class_list":["post-43652","page","type-page","status-publish","has-post-thumbnail","hentry","page-category-sherbime-sr"],"acf":[],"yoast_head":"<!-- This site is optimized with the Yoast SEO plugin v27.4 - https:\/\/yoast.com\/product\/yoast-seo-wordpress\/ -->\n<title>Tatimi n\u00eb pron\u00eb - Op\u0161tine \u0110akovica<\/title>\n<meta name=\"robots\" content=\"index, follow, max-snippet:-1, max-image-preview:large, max-video-preview:-1\" \/>\n<link rel=\"canonical\" href=\"https:\/\/gjakova.rks-gov.net\/sr\/tatimi-ne-prone\/\" \/>\n<meta property=\"og:locale\" content=\"sr_RS\" \/>\n<meta property=\"og:type\" content=\"article\" \/>\n<meta property=\"og:title\" content=\"Tatimi n\u00eb pron\u00eb - Op\u0161tine \u0110akovica\" \/>\n<meta property=\"og:description\" content=\"Shkarko fatur\u00ebn e tatimit n\u00eb pron\u00eb duke klikuar n\u00eb veg\u00ebzat e m\u00ebposhtme, si dhe paguaj direkt pa provizion n\u00ebp\u00ebrmjet platform\u00ebs eKosova Fatura e tatimit t\u00eb pron\u00ebs individuale Fatura e tatimit t\u00eb pron\u00ebs p\u00ebr persona t\u00eb tjer\u00eb Fatura e tatimit t\u00eb pron\u00ebs s\u00eb biznesit\" \/>\n<meta property=\"og:url\" content=\"https:\/\/gjakova.rks-gov.net\/sr\/tatimi-ne-prone\/\" \/>\n<meta property=\"og:site_name\" content=\"Op\u0161tine \u0110akovica\" \/>\n<meta property=\"article:publisher\" content=\"https:\/\/www.facebook.com\/KomunaeGjakoves\/\" \/>\n<meta property=\"article:modified_time\" content=\"2025-09-25T09:34:03+00:00\" \/>\n<meta property=\"og:image\" content=\"https:\/\/gjakova.rks-gov.net\/wp-content\/uploads\/2024\/07\/taxes.png\" \/>\n\t<meta property=\"og:image:width\" content=\"512\" \/>\n\t<meta property=\"og:image:height\" content=\"512\" \/>\n\t<meta property=\"og:image:type\" content=\"image\/png\" \/>\n<meta name=\"twitter:card\" content=\"summary_large_image\" \/>\n<script type=\"application\/ld+json\" class=\"yoast-schema-graph\">{\"@context\":\"https:\\\/\\\/schema.org\",\"@graph\":[{\"@type\":\"WebPage\",\"@id\":\"https:\\\/\\\/gjakova.rks-gov.net\\\/sr\\\/tatimi-ne-prone\\\/\",\"url\":\"https:\\\/\\\/gjakova.rks-gov.net\\\/sr\\\/tatimi-ne-prone\\\/\",\"name\":\"Tatimi n\u00eb pron\u00eb - Op\u0161tine \u0110akovica\",\"isPartOf\":{\"@id\":\"https:\\\/\\\/gjakova.rks-gov.net\\\/sr\\\/#website\"},\"primaryImageOfPage\":{\"@id\":\"https:\\\/\\\/gjakova.rks-gov.net\\\/sr\\\/tatimi-ne-prone\\\/#primaryimage\"},\"image\":{\"@id\":\"https:\\\/\\\/gjakova.rks-gov.net\\\/sr\\\/tatimi-ne-prone\\\/#primaryimage\"},\"thumbnailUrl\":\"https:\\\/\\\/gjakova.rks-gov.net\\\/wp-content\\\/uploads\\\/2024\\\/07\\\/taxes.png\",\"datePublished\":\"2024-06-03T11:50:26+00:00\",\"dateModified\":\"2025-09-25T09:34:03+00:00\",\"breadcrumb\":{\"@id\":\"https:\\\/\\\/gjakova.rks-gov.net\\\/sr\\\/tatimi-ne-prone\\\/#breadcrumb\"},\"inLanguage\":\"sr-RS\",\"potentialAction\":[{\"@type\":\"ReadAction\",\"target\":[\"https:\\\/\\\/gjakova.rks-gov.net\\\/sr\\\/tatimi-ne-prone\\\/\"]}]},{\"@type\":\"ImageObject\",\"inLanguage\":\"sr-RS\",\"@id\":\"https:\\\/\\\/gjakova.rks-gov.net\\\/sr\\\/tatimi-ne-prone\\\/#primaryimage\",\"url\":\"https:\\\/\\\/gjakova.rks-gov.net\\\/wp-content\\\/uploads\\\/2024\\\/07\\\/taxes.png\",\"contentUrl\":\"https:\\\/\\\/gjakova.rks-gov.net\\\/wp-content\\\/uploads\\\/2024\\\/07\\\/taxes.png\",\"width\":512,\"height\":512},{\"@type\":\"BreadcrumbList\",\"@id\":\"https:\\\/\\\/gjakova.rks-gov.net\\\/sr\\\/tatimi-ne-prone\\\/#breadcrumb\",\"itemListElement\":[{\"@type\":\"ListItem\",\"position\":1,\"name\":\"Home\",\"item\":\"https:\\\/\\\/gjakova.rks-gov.net\\\/sr\\\/\"},{\"@type\":\"ListItem\",\"position\":2,\"name\":\"Tatimi n\u00eb pron\u00eb\"}]},{\"@type\":\"WebSite\",\"@id\":\"https:\\\/\\\/gjakova.rks-gov.net\\\/sr\\\/#website\",\"url\":\"https:\\\/\\\/gjakova.rks-gov.net\\\/sr\\\/\",\"name\":\"Komuna e Gjakoves\",\"description\":\"\",\"publisher\":{\"@id\":\"https:\\\/\\\/gjakova.rks-gov.net\\\/sr\\\/#organization\"},\"alternateName\":\"Komuna Gjakove\",\"potentialAction\":[{\"@type\":\"SearchAction\",\"target\":{\"@type\":\"EntryPoint\",\"urlTemplate\":\"https:\\\/\\\/gjakova.rks-gov.net\\\/sr\\\/?s={search_term_string}\"},\"query-input\":{\"@type\":\"PropertyValueSpecification\",\"valueRequired\":true,\"valueName\":\"search_term_string\"}}],\"inLanguage\":\"sr-RS\"},{\"@type\":\"Organization\",\"@id\":\"https:\\\/\\\/gjakova.rks-gov.net\\\/sr\\\/#organization\",\"name\":\"Komuna e Gjakoves\",\"alternateName\":\"Komuna Gjakove\",\"url\":\"https:\\\/\\\/gjakova.rks-gov.net\\\/sr\\\/\",\"logo\":{\"@type\":\"ImageObject\",\"inLanguage\":\"sr-RS\",\"@id\":\"https:\\\/\\\/gjakova.rks-gov.net\\\/sr\\\/#\\\/schema\\\/logo\\\/image\\\/\",\"url\":\"https:\\\/\\\/gjakova.rks-gov.net\\\/wp-content\\\/uploads\\\/2024\\\/04\\\/Stema_e_Komunes_Gjakove.svg.png\",\"contentUrl\":\"https:\\\/\\\/gjakova.rks-gov.net\\\/wp-content\\\/uploads\\\/2024\\\/04\\\/Stema_e_Komunes_Gjakove.svg.png\",\"width\":512,\"height\":681,\"caption\":\"Komuna e Gjakoves\"},\"image\":{\"@id\":\"https:\\\/\\\/gjakova.rks-gov.net\\\/sr\\\/#\\\/schema\\\/logo\\\/image\\\/\"},\"sameAs\":[\"https:\\\/\\\/www.facebook.com\\\/KomunaeGjakoves\\\/\",\"https:\\\/\\\/www.instagram.com\\\/komunaegjakoves\\\/\"]}]}<\/script>\n<!-- \/ Yoast SEO plugin. -->","yoast_head_json":{"title":"Tatimi n\u00eb pron\u00eb - Op\u0161tine \u0110akovica","robots":{"index":"index","follow":"follow","max-snippet":"max-snippet:-1","max-image-preview":"max-image-preview:large","max-video-preview":"max-video-preview:-1"},"canonical":"https:\/\/gjakova.rks-gov.net\/sr\/tatimi-ne-prone\/","og_locale":"sr_RS","og_type":"article","og_title":"Tatimi n\u00eb pron\u00eb - Op\u0161tine \u0110akovica","og_description":"Shkarko fatur\u00ebn e tatimit n\u00eb pron\u00eb duke klikuar n\u00eb veg\u00ebzat e m\u00ebposhtme, si dhe paguaj direkt pa provizion n\u00ebp\u00ebrmjet platform\u00ebs eKosova Fatura e tatimit t\u00eb pron\u00ebs individuale Fatura e tatimit t\u00eb pron\u00ebs p\u00ebr persona t\u00eb tjer\u00eb Fatura e tatimit t\u00eb pron\u00ebs s\u00eb biznesit","og_url":"https:\/\/gjakova.rks-gov.net\/sr\/tatimi-ne-prone\/","og_site_name":"Op\u0161tine \u0110akovica","article_publisher":"https:\/\/www.facebook.com\/KomunaeGjakoves\/","article_modified_time":"2025-09-25T09:34:03+00:00","og_image":[{"width":512,"height":512,"url":"https:\/\/gjakova.rks-gov.net\/wp-content\/uploads\/2024\/07\/taxes.png","type":"image\/png"}],"twitter_card":"summary_large_image","schema":{"@context":"https:\/\/schema.org","@graph":[{"@type":"WebPage","@id":"https:\/\/gjakova.rks-gov.net\/sr\/tatimi-ne-prone\/","url":"https:\/\/gjakova.rks-gov.net\/sr\/tatimi-ne-prone\/","name":"Tatimi n\u00eb pron\u00eb - Op\u0161tine \u0110akovica","isPartOf":{"@id":"https:\/\/gjakova.rks-gov.net\/sr\/#website"},"primaryImageOfPage":{"@id":"https:\/\/gjakova.rks-gov.net\/sr\/tatimi-ne-prone\/#primaryimage"},"image":{"@id":"https:\/\/gjakova.rks-gov.net\/sr\/tatimi-ne-prone\/#primaryimage"},"thumbnailUrl":"https:\/\/gjakova.rks-gov.net\/wp-content\/uploads\/2024\/07\/taxes.png","datePublished":"2024-06-03T11:50:26+00:00","dateModified":"2025-09-25T09:34:03+00:00","breadcrumb":{"@id":"https:\/\/gjakova.rks-gov.net\/sr\/tatimi-ne-prone\/#breadcrumb"},"inLanguage":"sr-RS","potentialAction":[{"@type":"ReadAction","target":["https:\/\/gjakova.rks-gov.net\/sr\/tatimi-ne-prone\/"]}]},{"@type":"ImageObject","inLanguage":"sr-RS","@id":"https:\/\/gjakova.rks-gov.net\/sr\/tatimi-ne-prone\/#primaryimage","url":"https:\/\/gjakova.rks-gov.net\/wp-content\/uploads\/2024\/07\/taxes.png","contentUrl":"https:\/\/gjakova.rks-gov.net\/wp-content\/uploads\/2024\/07\/taxes.png","width":512,"height":512},{"@type":"BreadcrumbList","@id":"https:\/\/gjakova.rks-gov.net\/sr\/tatimi-ne-prone\/#breadcrumb","itemListElement":[{"@type":"ListItem","position":1,"name":"Home","item":"https:\/\/gjakova.rks-gov.net\/sr\/"},{"@type":"ListItem","position":2,"name":"Tatimi n\u00eb pron\u00eb"}]},{"@type":"WebSite","@id":"https:\/\/gjakova.rks-gov.net\/sr\/#website","url":"https:\/\/gjakova.rks-gov.net\/sr\/","name":"Komuna e Gjakoves","description":"","publisher":{"@id":"https:\/\/gjakova.rks-gov.net\/sr\/#organization"},"alternateName":"Komuna Gjakove","potentialAction":[{"@type":"SearchAction","target":{"@type":"EntryPoint","urlTemplate":"https:\/\/gjakova.rks-gov.net\/sr\/?s={search_term_string}"},"query-input":{"@type":"PropertyValueSpecification","valueRequired":true,"valueName":"search_term_string"}}],"inLanguage":"sr-RS"},{"@type":"Organization","@id":"https:\/\/gjakova.rks-gov.net\/sr\/#organization","name":"Komuna e Gjakoves","alternateName":"Komuna Gjakove","url":"https:\/\/gjakova.rks-gov.net\/sr\/","logo":{"@type":"ImageObject","inLanguage":"sr-RS","@id":"https:\/\/gjakova.rks-gov.net\/sr\/#\/schema\/logo\/image\/","url":"https:\/\/gjakova.rks-gov.net\/wp-content\/uploads\/2024\/04\/Stema_e_Komunes_Gjakove.svg.png","contentUrl":"https:\/\/gjakova.rks-gov.net\/wp-content\/uploads\/2024\/04\/Stema_e_Komunes_Gjakove.svg.png","width":512,"height":681,"caption":"Komuna e Gjakoves"},"image":{"@id":"https:\/\/gjakova.rks-gov.net\/sr\/#\/schema\/logo\/image\/"},"sameAs":["https:\/\/www.facebook.com\/KomunaeGjakoves\/","https:\/\/www.instagram.com\/komunaegjakoves\/"]}]}},"_links":{"self":[{"href":"https:\/\/gjakova.rks-gov.net\/sr\/wp-json\/wp\/v2\/pages\/43652","targetHints":{"allow":["GET"]}}],"collection":[{"href":"https:\/\/gjakova.rks-gov.net\/sr\/wp-json\/wp\/v2\/pages"}],"about":[{"href":"https:\/\/gjakova.rks-gov.net\/sr\/wp-json\/wp\/v2\/types\/page"}],"author":[{"embeddable":true,"href":"https:\/\/gjakova.rks-gov.net\/sr\/wp-json\/wp\/v2\/users\/1"}],"replies":[{"embeddable":true,"href":"https:\/\/gjakova.rks-gov.net\/sr\/wp-json\/wp\/v2\/comments?post=43652"}],"version-history":[{"count":4,"href":"https:\/\/gjakova.rks-gov.net\/sr\/wp-json\/wp\/v2\/pages\/43652\/revisions"}],"predecessor-version":[{"id":100401,"href":"https:\/\/gjakova.rks-gov.net\/sr\/wp-json\/wp\/v2\/pages\/43652\/revisions\/100401"}],"wp:featuredmedia":[{"embeddable":true,"href":"https:\/\/gjakova.rks-gov.net\/sr\/wp-json\/wp\/v2\/media\/48673"}],"wp:attachment":[{"href":"https:\/\/gjakova.rks-gov.net\/sr\/wp-json\/wp\/v2\/media?parent=43652"}],"wp:term":[{"taxonomy":"page-category","embeddable":true,"href":"https:\/\/gjakova.rks-gov.net\/sr\/wp-json\/wp\/v2\/page-category?post=43652"}],"curies":[{"name":"wp","href":"https:\/\/api.w.org\/{rel}","templated":true}]}}