{"id":68967,"date":"2017-06-14T07:17:02","date_gmt":"2017-06-14T05:17:02","guid":{"rendered":"https:\/\/gjakova.rks-gov.net\/sektori-per-integrime-evropiane\/"},"modified":"2017-06-14T07:17:02","modified_gmt":"2017-06-14T05:17:02","slug":"sektori-per-integrime-evropiane","status":"publish","type":"page","link":"https:\/\/gjakova.rks-gov.net\/en\/sektori-per-integrime-evropiane\/","title":{"rendered":"Sektori p\u00ebr Integrime Evropiane"},"content":{"rendered":"<div> Zyra p\u00ebr Integrime Evropiane (ZIE) n\u00eb Komun\u00ebn e Gjakov\u00ebs \u00ebsht\u00eb themeluar me miratim nga Kuvendi I Komun\u00ebs dhe si e till funsksionon n\u00eb kuad\u00ebr t\u00eb Kabinetit t\u00eb Kryetarit edhe \u00ebsht\u00eb p\u00ebrgjegj\u00ebse p\u00ebr koordinimin e t\u00eb gjitha \u00e7\u00ebshtjeve q\u00eb kan\u00eb t\u00eb b\u00ebjn\u00eb me integrimin evropian n\u00eb nivel komunal, si dhe t\u00eb sigurojn\u00eb kryerjen e t\u00eb gjitha obligimeve t\u00eb Komun\u00ebs n\u00eb kuad\u00ebr t\u00eb k\u00ebtij procesi. <\/p>\n<p style=\"text-align: center\"><strong><em>Vizioni:<\/em><\/strong><\/p>\n<p style=\"text-align: center\">\u201cNj\u00eb qeverisje lokale me standard evropiane, gjithmon\u00eb n\u00eb mb\u00ebshtetje t\u00eb q\u00ebllimit dhe procesit t\u00eb p\u00ebrgjithsh\u00ebm Komb\u00ebtar drejt prespektiv\u00ebs Evropiane.&#8221;<\/p>\n<p style=\"text-align: center\"><strong><em>Misioni:<\/em><\/strong><\/p>\n<p style=\"text-align: center\">\u201cN\u00eb bashkpunim me instancat p\u00ebrkat\u00ebse lokale dhe q\u00ebndrore, t\u00eb mb\u00ebshtes\u00eb Komun\u00ebn n\u00eb arritjen e standardeve evropiane dhe p\u00ebrmbushjen e obligimeve t\u00eb dala nga dokumentet strategjike nacionale p\u00ebr integrim evropian si dhe t\u00eb koordinoj\u00eb t\u00eb gjith\u00eb \u00e7\u00ebshtjet locale t\u00eb procesit t\u00eb integrimit evropian, p\u00ebrmes rrespektimit t\u00eb praktikave dhe rregullave t\u00eb p\u00ebrcaktuara nga BE-ja.\u201d<\/p>\n<\/div>\n","protected":false},"excerpt":{"rendered":"<p>Zyra p\u00ebr Integrime Evropiane (ZIE) n\u00eb Komun\u00ebn e Gjakov\u00ebs \u00ebsht\u00eb themeluar me miratim nga Kuvendi I Komun\u00ebs dhe si e till funsksionon n\u00eb kuad\u00ebr t\u00eb Kabinetit t\u00eb Kryetarit edhe \u00ebsht\u00eb p\u00ebrgjegj\u00ebse p\u00ebr koordinimin e t\u00eb gjitha \u00e7\u00ebshtjeve q\u00eb kan\u00eb t\u00eb b\u00ebjn\u00eb me integrimin evropian n\u00eb nivel komunal, si dhe t\u00eb sigurojn\u00eb kryerjen e t\u00eb gjitha [&hellip;]<\/p>\n","protected":false},"author":1,"featured_media":0,"parent":0,"menu_order":0,"comment_status":"open","ping_status":"open","template":"","meta":{"_acf_changed":false,"footnotes":""},"page-category":[],"class_list":["post-68967","page","type-page","status-publish","hentry"],"acf":[],"yoast_head":"<!-- This site is optimized with the Yoast SEO plugin v27.4 - https:\/\/yoast.com\/product\/yoast-seo-wordpress\/ -->\n<title>Sektori p\u00ebr Integrime Evropiane - Municipality of Gjakova<\/title>\n<meta name=\"robots\" content=\"index, follow, max-snippet:-1, max-image-preview:large, max-video-preview:-1\" \/>\n<link rel=\"canonical\" href=\"https:\/\/gjakova.rks-gov.net\/en\/sektori-per-integrime-evropiane\/\" \/>\n<meta property=\"og:locale\" content=\"en_US\" \/>\n<meta property=\"og:type\" content=\"article\" \/>\n<meta property=\"og:title\" content=\"Sektori p\u00ebr Integrime Evropiane - Municipality of Gjakova\" \/>\n<meta property=\"og:description\" content=\"Zyra p\u00ebr Integrime Evropiane (ZIE) n\u00eb Komun\u00ebn e Gjakov\u00ebs \u00ebsht\u00eb themeluar me miratim nga Kuvendi I Komun\u00ebs dhe si e till funsksionon n\u00eb kuad\u00ebr t\u00eb Kabinetit t\u00eb Kryetarit edhe \u00ebsht\u00eb p\u00ebrgjegj\u00ebse p\u00ebr koordinimin e t\u00eb gjitha \u00e7\u00ebshtjeve q\u00eb kan\u00eb t\u00eb b\u00ebjn\u00eb me integrimin evropian n\u00eb nivel komunal, si dhe t\u00eb sigurojn\u00eb kryerjen e t\u00eb gjitha [&hellip;]\" \/>\n<meta property=\"og:url\" content=\"https:\/\/gjakova.rks-gov.net\/en\/sektori-per-integrime-evropiane\/\" \/>\n<meta property=\"og:site_name\" content=\"Municipality of Gjakova\" \/>\n<meta property=\"article:publisher\" content=\"https:\/\/www.facebook.com\/KomunaeGjakoves\/\" \/>\n<meta name=\"twitter:card\" content=\"summary_large_image\" \/>\n<meta name=\"twitter:label1\" content=\"Est. reading time\" \/>\n\t<meta name=\"twitter:data1\" content=\"1 minute\" \/>\n<script type=\"application\/ld+json\" class=\"yoast-schema-graph\">{\"@context\":\"https:\\\/\\\/schema.org\",\"@graph\":[{\"@type\":\"WebPage\",\"@id\":\"https:\\\/\\\/gjakova.rks-gov.net\\\/en\\\/sektori-per-integrime-evropiane\\\/\",\"url\":\"https:\\\/\\\/gjakova.rks-gov.net\\\/en\\\/sektori-per-integrime-evropiane\\\/\",\"name\":\"Sektori p\u00ebr Integrime Evropiane - Municipality of Gjakova\",\"isPartOf\":{\"@id\":\"https:\\\/\\\/gjakova.rks-gov.net\\\/en\\\/#website\"},\"datePublished\":\"2017-06-14T05:17:02+00:00\",\"breadcrumb\":{\"@id\":\"https:\\\/\\\/gjakova.rks-gov.net\\\/en\\\/sektori-per-integrime-evropiane\\\/#breadcrumb\"},\"inLanguage\":\"en-US\",\"potentialAction\":[{\"@type\":\"ReadAction\",\"target\":[\"https:\\\/\\\/gjakova.rks-gov.net\\\/en\\\/sektori-per-integrime-evropiane\\\/\"]}]},{\"@type\":\"BreadcrumbList\",\"@id\":\"https:\\\/\\\/gjakova.rks-gov.net\\\/en\\\/sektori-per-integrime-evropiane\\\/#breadcrumb\",\"itemListElement\":[{\"@type\":\"ListItem\",\"position\":1,\"name\":\"Home\",\"item\":\"https:\\\/\\\/gjakova.rks-gov.net\\\/en\\\/\"},{\"@type\":\"ListItem\",\"position\":2,\"name\":\"Sektori p\u00ebr Integrime Evropiane\"}]},{\"@type\":\"WebSite\",\"@id\":\"https:\\\/\\\/gjakova.rks-gov.net\\\/en\\\/#website\",\"url\":\"https:\\\/\\\/gjakova.rks-gov.net\\\/en\\\/\",\"name\":\"Komuna e Gjakoves\",\"description\":\"\",\"publisher\":{\"@id\":\"https:\\\/\\\/gjakova.rks-gov.net\\\/en\\\/#organization\"},\"alternateName\":\"Komuna Gjakove\",\"potentialAction\":[{\"@type\":\"SearchAction\",\"target\":{\"@type\":\"EntryPoint\",\"urlTemplate\":\"https:\\\/\\\/gjakova.rks-gov.net\\\/en\\\/?s={search_term_string}\"},\"query-input\":{\"@type\":\"PropertyValueSpecification\",\"valueRequired\":true,\"valueName\":\"search_term_string\"}}],\"inLanguage\":\"en-US\"},{\"@type\":\"Organization\",\"@id\":\"https:\\\/\\\/gjakova.rks-gov.net\\\/en\\\/#organization\",\"name\":\"Komuna e Gjakoves\",\"alternateName\":\"Komuna Gjakove\",\"url\":\"https:\\\/\\\/gjakova.rks-gov.net\\\/en\\\/\",\"logo\":{\"@type\":\"ImageObject\",\"inLanguage\":\"en-US\",\"@id\":\"https:\\\/\\\/gjakova.rks-gov.net\\\/en\\\/#\\\/schema\\\/logo\\\/image\\\/\",\"url\":\"https:\\\/\\\/gjakova.rks-gov.net\\\/wp-content\\\/uploads\\\/2024\\\/04\\\/Stema_e_Komunes_Gjakove.svg.png\",\"contentUrl\":\"https:\\\/\\\/gjakova.rks-gov.net\\\/wp-content\\\/uploads\\\/2024\\\/04\\\/Stema_e_Komunes_Gjakove.svg.png\",\"width\":512,\"height\":681,\"caption\":\"Komuna e Gjakoves\"},\"image\":{\"@id\":\"https:\\\/\\\/gjakova.rks-gov.net\\\/en\\\/#\\\/schema\\\/logo\\\/image\\\/\"},\"sameAs\":[\"https:\\\/\\\/www.facebook.com\\\/KomunaeGjakoves\\\/\",\"https:\\\/\\\/www.instagram.com\\\/komunaegjakoves\\\/\"]}]}<\/script>\n<!-- \/ Yoast SEO plugin. -->","yoast_head_json":{"title":"Sektori p\u00ebr Integrime Evropiane - Municipality of Gjakova","robots":{"index":"index","follow":"follow","max-snippet":"max-snippet:-1","max-image-preview":"max-image-preview:large","max-video-preview":"max-video-preview:-1"},"canonical":"https:\/\/gjakova.rks-gov.net\/en\/sektori-per-integrime-evropiane\/","og_locale":"en_US","og_type":"article","og_title":"Sektori p\u00ebr Integrime Evropiane - Municipality of Gjakova","og_description":"Zyra p\u00ebr Integrime Evropiane (ZIE) n\u00eb Komun\u00ebn e Gjakov\u00ebs \u00ebsht\u00eb themeluar me miratim nga Kuvendi I Komun\u00ebs dhe si e till funsksionon n\u00eb kuad\u00ebr t\u00eb Kabinetit t\u00eb Kryetarit edhe \u00ebsht\u00eb p\u00ebrgjegj\u00ebse p\u00ebr koordinimin e t\u00eb gjitha \u00e7\u00ebshtjeve q\u00eb kan\u00eb t\u00eb b\u00ebjn\u00eb me integrimin evropian n\u00eb nivel komunal, si dhe t\u00eb sigurojn\u00eb kryerjen e t\u00eb gjitha [&hellip;]","og_url":"https:\/\/gjakova.rks-gov.net\/en\/sektori-per-integrime-evropiane\/","og_site_name":"Municipality of Gjakova","article_publisher":"https:\/\/www.facebook.com\/KomunaeGjakoves\/","twitter_card":"summary_large_image","twitter_misc":{"Est. reading time":"1 minute"},"schema":{"@context":"https:\/\/schema.org","@graph":[{"@type":"WebPage","@id":"https:\/\/gjakova.rks-gov.net\/en\/sektori-per-integrime-evropiane\/","url":"https:\/\/gjakova.rks-gov.net\/en\/sektori-per-integrime-evropiane\/","name":"Sektori p\u00ebr Integrime Evropiane - Municipality of Gjakova","isPartOf":{"@id":"https:\/\/gjakova.rks-gov.net\/en\/#website"},"datePublished":"2017-06-14T05:17:02+00:00","breadcrumb":{"@id":"https:\/\/gjakova.rks-gov.net\/en\/sektori-per-integrime-evropiane\/#breadcrumb"},"inLanguage":"en-US","potentialAction":[{"@type":"ReadAction","target":["https:\/\/gjakova.rks-gov.net\/en\/sektori-per-integrime-evropiane\/"]}]},{"@type":"BreadcrumbList","@id":"https:\/\/gjakova.rks-gov.net\/en\/sektori-per-integrime-evropiane\/#breadcrumb","itemListElement":[{"@type":"ListItem","position":1,"name":"Home","item":"https:\/\/gjakova.rks-gov.net\/en\/"},{"@type":"ListItem","position":2,"name":"Sektori p\u00ebr Integrime Evropiane"}]},{"@type":"WebSite","@id":"https:\/\/gjakova.rks-gov.net\/en\/#website","url":"https:\/\/gjakova.rks-gov.net\/en\/","name":"Komuna e Gjakoves","description":"","publisher":{"@id":"https:\/\/gjakova.rks-gov.net\/en\/#organization"},"alternateName":"Komuna Gjakove","potentialAction":[{"@type":"SearchAction","target":{"@type":"EntryPoint","urlTemplate":"https:\/\/gjakova.rks-gov.net\/en\/?s={search_term_string}"},"query-input":{"@type":"PropertyValueSpecification","valueRequired":true,"valueName":"search_term_string"}}],"inLanguage":"en-US"},{"@type":"Organization","@id":"https:\/\/gjakova.rks-gov.net\/en\/#organization","name":"Komuna e Gjakoves","alternateName":"Komuna Gjakove","url":"https:\/\/gjakova.rks-gov.net\/en\/","logo":{"@type":"ImageObject","inLanguage":"en-US","@id":"https:\/\/gjakova.rks-gov.net\/en\/#\/schema\/logo\/image\/","url":"https:\/\/gjakova.rks-gov.net\/wp-content\/uploads\/2024\/04\/Stema_e_Komunes_Gjakove.svg.png","contentUrl":"https:\/\/gjakova.rks-gov.net\/wp-content\/uploads\/2024\/04\/Stema_e_Komunes_Gjakove.svg.png","width":512,"height":681,"caption":"Komuna e Gjakoves"},"image":{"@id":"https:\/\/gjakova.rks-gov.net\/en\/#\/schema\/logo\/image\/"},"sameAs":["https:\/\/www.facebook.com\/KomunaeGjakoves\/","https:\/\/www.instagram.com\/komunaegjakoves\/"]}]}},"_links":{"self":[{"href":"https:\/\/gjakova.rks-gov.net\/en\/wp-json\/wp\/v2\/pages\/68967","targetHints":{"allow":["GET"]}}],"collection":[{"href":"https:\/\/gjakova.rks-gov.net\/en\/wp-json\/wp\/v2\/pages"}],"about":[{"href":"https:\/\/gjakova.rks-gov.net\/en\/wp-json\/wp\/v2\/types\/page"}],"author":[{"embeddable":true,"href":"https:\/\/gjakova.rks-gov.net\/en\/wp-json\/wp\/v2\/users\/1"}],"replies":[{"embeddable":true,"href":"https:\/\/gjakova.rks-gov.net\/en\/wp-json\/wp\/v2\/comments?post=68967"}],"version-history":[{"count":0,"href":"https:\/\/gjakova.rks-gov.net\/en\/wp-json\/wp\/v2\/pages\/68967\/revisions"}],"wp:attachment":[{"href":"https:\/\/gjakova.rks-gov.net\/en\/wp-json\/wp\/v2\/media?parent=68967"}],"wp:term":[{"taxonomy":"page-category","embeddable":true,"href":"https:\/\/gjakova.rks-gov.net\/en\/wp-json\/wp\/v2\/page-category?post=68967"}],"curies":[{"name":"wp","href":"https:\/\/api.w.org\/{rel}","templated":true}]}}