{"id":68430,"date":"2018-02-14T10:56:53","date_gmt":"2018-02-14T09:56:53","guid":{"rendered":"https:\/\/gjakova.rks-gov.net\/sherbimet-publike\/"},"modified":"2024-08-02T11:30:48","modified_gmt":"2024-08-02T09:30:48","slug":"sherbimet-publike","status":"publish","type":"page","link":"https:\/\/gjakova.rks-gov.net\/en\/sherbimet-publike\/","title":{"rendered":"Sh\u00ebrbimet Publike"},"content":{"rendered":"\t\t<div data-elementor-type=\"wp-page\" data-elementor-id=\"68430\" class=\"elementor elementor-68430 elementor-49949\" data-elementor-post-type=\"page\">\n\t\t\t\t<div class=\"elementor-element elementor-element-59adcb07 e-con-full responsive-container e-flex e-con e-parent\" data-id=\"59adcb07\" data-element_type=\"container\" data-e-type=\"container\">\n\t\t<div class=\"elementor-element elementor-element-780f9ac1 e-con-full e-flex e-con e-child\" data-id=\"780f9ac1\" data-element_type=\"container\" data-e-type=\"container\" data-settings=\"{&quot;background_background&quot;:&quot;classic&quot;}\">\n\t\t\t\t<div class=\"elementor-element elementor-element-7fb98997 elementor-nav-menu--dropdown-none sidebar-menu elementor-widget elementor-widget-nav-menu\" data-id=\"7fb98997\" data-element_type=\"widget\" data-e-type=\"widget\" data-settings=\"{&quot;layout&quot;:&quot;vertical&quot;,&quot;submenu_icon&quot;:{&quot;value&quot;:&quot;&lt;svg aria-hidden=\\&quot;true\\&quot; class=\\&quot;e-font-icon-svg e-fas-caret-down\\&quot; viewBox=\\&quot;0 0 320 512\\&quot; xmlns=\\&quot;http:\\\/\\\/www.w3.org\\\/2000\\\/svg\\&quot;&gt;&lt;path d=\\&quot;M31.3 192h257.3c17.8 0 26.7 21.5 14.1 34.1L174.1 354.8c-7.8 7.8-20.5 7.8-28.3 0L17.2 226.1C4.6 213.5 13.5 192 31.3 192z\\&quot;&gt;&lt;\\\/path&gt;&lt;\\\/svg&gt;&quot;,&quot;library&quot;:&quot;fa-solid&quot;}}\" data-widget_type=\"nav-menu.default\">\n\t\t\t\t<div class=\"elementor-widget-container\">\n\t\t\t\t\t\t\t\t<nav aria-label=\"Menu\" class=\"elementor-nav-menu--main elementor-nav-menu__container elementor-nav-menu--layout-vertical e--pointer-none\">\n\t\t\t\t<ul id=\"menu-1-7fb98997\" class=\"elementor-nav-menu sm-vertical\"><li class=\"menu-item menu-item-type-post_type menu-item-object-page menu-item-67343\"><a href=\"https:\/\/gjakova.rks-gov.net\/sherbimet-3\/\" class=\"elementor-item\">Sh\u00ebrbimet Publike<\/a><\/li>\n<li class=\"menu-item menu-item-type-post_type menu-item-object-page menu-item-67344\"><a href=\"https:\/\/gjakova.rks-gov.net\/planet-dshp\/\" class=\"elementor-item\">Planet &#8211; DSHP<\/a><\/li>\n<\/ul>\t\t\t<\/nav>\n\t\t\t\t\t\t<nav class=\"elementor-nav-menu--dropdown elementor-nav-menu__container\" aria-hidden=\"true\">\n\t\t\t\t<ul id=\"menu-2-7fb98997\" class=\"elementor-nav-menu sm-vertical\"><li class=\"menu-item menu-item-type-post_type menu-item-object-page menu-item-67343\"><a href=\"https:\/\/gjakova.rks-gov.net\/sherbimet-3\/\" class=\"elementor-item\" tabindex=\"-1\">Sh\u00ebrbimet Publike<\/a><\/li>\n<li class=\"menu-item menu-item-type-post_type menu-item-object-page menu-item-67344\"><a href=\"https:\/\/gjakova.rks-gov.net\/planet-dshp\/\" class=\"elementor-item\" tabindex=\"-1\">Planet &#8211; DSHP<\/a><\/li>\n<\/ul>\t\t\t<\/nav>\n\t\t\t\t\t\t<\/div>\n\t\t\t\t<\/div>\n\t\t\t\t<\/div>\n\t\t<div class=\"elementor-element elementor-element-19092979 e-con-full e-flex e-con e-child\" data-id=\"19092979\" data-element_type=\"container\" data-e-type=\"container\">\n\t\t<div class=\"elementor-element elementor-element-723e4151 e-con-full e-flex e-con e-child\" data-id=\"723e4151\" data-element_type=\"container\" data-e-type=\"container\">\n\t\t\t\t<div class=\"elementor-element elementor-element-76701580 elementor-widget elementor-widget-theme-post-title elementor-page-title elementor-widget-heading\" data-id=\"76701580\" data-element_type=\"widget\" data-e-type=\"widget\" data-widget_type=\"theme-post-title.default\">\n\t\t\t\t<div class=\"elementor-widget-container\">\n\t\t\t\t\t<h1 class=\"elementor-heading-title elementor-size-default\">Sh\u00ebrbimet Publike<\/h1>\t\t\t\t<\/div>\n\t\t\t\t<\/div>\n\t\t\t\t<\/div>\n\t\t\t\t<div class=\"elementor-element elementor-element-967a826 elementor-widget elementor-widget-text-editor\" data-id=\"967a826\" data-element_type=\"widget\" data-e-type=\"widget\" data-widget_type=\"text-editor.default\">\n\t\t\t\t<div class=\"elementor-widget-container\">\n\t\t\t\t\t\t\t\t\t<p>&nbsp; Drejtoria e Sh\u00ebrbimeve Publike p\u00ebrcjell punimet t\u00eb veprimtaris\u00eb s\u00eb sh\u00ebrbimeve publike, n\u00eb t\u00ebr\u00eb territorin e Komun\u00ebs si dhe menaxhon t\u00eb gjitha punimet n\u00eb pron\u00ebn publike dhe komunale. Sh\u00ebrbimet e k\u00ebsaj drejtorie jan\u00eb t\u00eb p\u00ebrcaktuara n\u00eb baz\u00eb t\u00eb Statutit Komunal, ligjeve dhe rregulloreve n\u00eb fuqi. Kjo drejtori ka t\u00eb ndara sh\u00ebrbimet n\u00eb disa nj\u00ebsi themelore, ku secila ka detyrat dhe p\u00ebrgjegj\u00ebsit e saj. M\u00eb posht\u00eb jan\u00eb p\u00ebrshkruar sh\u00ebrbimet q\u00eb ofron secila nj\u00ebsi. &nbsp;<strong><u>Sektori p\u00ebr Menaxhimin e Mbeturinave dhe Ambientit<\/u><\/strong> Udh\u00ebheq\u00ebse e sektorit: <a href=\"mailto:albana.bakalli@rks-gov.net\">albana.bakalli@rks-gov.net<\/a> Zyrtaret p\u00ebr menaxhim t\u00eb mbeturinave<strong>:<\/strong> <a href=\"mailto:milot.roka@rks-gov.net\">milot.roka@rks-gov.net<\/a> dhe <a href=\"mailto:samir.sylmeta@rks-gov.net\">samir.sylmeta@rks-gov.net<\/a> Monitorimin e pun\u00ebve dhe kompanive t\u00eb angazhuara p\u00ebr mir\u00ebmbajtjen dhe pastrimin e rrug\u00ebve si dhe hap\u00ebsirave tjera komunale. Monitorimi i Mir\u00ebmbajt\u00ebs s\u00eb rrug\u00ebve Monitorimi i Mir\u00ebmbajt\u00ebs Gjelb\u00ebrimit Monitorimi i mbjell\u00ebs s\u00eb fidan\u00ebve Hartimin e propozim-projekteve p\u00ebr menaxhimin e mbeturinave dhe rregullimin e hap\u00ebsirave publike. Hartimi i Rregullores Komunale p\u00ebr Menaxhim t\u00eb Mbeturinave Hartimi i Planit Lokal t\u00eb Menaxhimit t\u00eb Mbeturinave Hartimi i Rregullores p\u00ebr taksa dhe tarifave Hartimi i Koncept Planeve &#8211; Hartimi i planit per menaxhimin e mbeturinave Hartimi i koncept planit p\u00ebr hartimin e mbeturinave te v\u00ebllimshme Hartimi i koncept planit p\u00ebr menaxhimin e mbeturinave te ngurta Hartimi i krijimi i data baz\u00ebs dhe analiz\u00ebn teknike te ekonomive familjare dhe bizneseve ne menaxhimin e mbeturinave Organizimi i fushatave t\u00eb ndryshme p\u00ebr vet\u00ebdijesim t\u00eb qytetareve p\u00ebr nj\u00eb ambient m\u00eb t\u00eb past\u00ebr Organizimi i fushatave t\u00eb ndryshme p\u00ebr vet\u00ebdijesim t\u00eb riciklimit t\u00eb mbeturinave Menaxhimi i Pastrimit t\u00eb deponive t\u00eb egra. Evidentimi dhe lokalizimi i ndot\u00ebsve t\u00eb ambientit. <strong>Zyrtar p\u00ebr Mir\u00ebmbajtja e gjelb\u00ebrimit t\u00eb qytetit\/ tregje, parqe dhe varreza<\/strong><strong><u> : <\/u><\/strong><a href=\"mailto:pjeter.frrokaj@rks-gov.net\">pjeter.frrokaj@rks-gov.net<\/a> Monitorimin e pun\u00ebve dhe kompanive t\u00eb angazhuara p\u00ebr mir\u00ebmbajtjen e hap\u00ebsirave gjelb\u00ebruese, tregjeve, parqeve dhe varrezave. Hartimin e propozim-projekteve p\u00ebr rregullimin e hap\u00ebsirave t\u00eb gjelb\u00ebruara, tregjeve, parqeve dhe varrezave. Menaxhimin e trajtimit t\u00eb qeneve dhe kafsh\u00ebve tjera n\u00eb hap\u00ebsirat publike.         Dh\u00ebnien e p\u00eblqimit p\u00ebr vendosjen e shportave, ul\u00ebseve, rregullimin e parqeve dhe rregullimin e varrezave &nbsp;<strong><u>Komunikacioni:<\/u><\/strong> Zyrtari p\u00ebr kontakt: <a href=\"mailto:leke.sina@rks-gov.net\">leke.sina@rks-gov.net<\/a> Zyrtaret p\u00ebr inspektim: <a href=\"mailto:pjeter.marku@rks-gov.net\">pjeter.marku@rks-gov.net<\/a> dhe <a href=\"mailto:bujar.muhaxhiri@rks-gov.net\">bujar.muhaxhiri@rks-gov.net<\/a> Monitorimin e pun\u00ebve dhe kompanive t\u00eb angazhuara p\u00ebr mir\u00ebmbajtjen dhe vendosjen e sinjalizimit horizontal, vertikal dhe ndri\u00e7ues. Monitorimin e pun\u00ebve dhe kompanive t\u00eb angazhuara p\u00ebr sanim t\u00eb rrug\u00ebve me asfalt dhe zhavorr. Monitorimin e pun\u00ebve dhe kompanive t\u00eb angazhuara p\u00ebr menaxhimin e hap\u00ebsirave publike p\u00ebr parking. Monitorimin e pun\u00ebve dhe kompanive t\u00eb angazhuara p\u00ebr transport urban dhe periferik t\u00eb udh\u00ebtar\u00ebve. Hartimin e propozim-projekteve p\u00ebr rregullimin dhe planifikimin e komunikacionit rrugor. Hartimin e propozim-projekteve p\u00ebr rregullimin dhe planifikimin e transportit urban dhe periferik t\u00eb udh\u00ebtar\u00ebve. Hartimin e propozim-projekteve p\u00ebr rregullimin dhe planifikimin e hap\u00ebsirave publike p\u00ebr parking. Inspektimi dhe l\u00ebshimi i lejeve p\u00ebr ushtrimin e veprimtaris\u00eb s\u00eb transportit urban dhe periferik t\u00eb udh\u00ebtar\u00ebve. Inspektimi dhe l\u00ebshimi i lejeve p\u00ebr ushtrimin e veprimtaris\u00eb TAXI (4+1) dhe (8+1). L\u00ebshimi i lejeve p\u00ebr bllokimin e rrug\u00ebve n\u00eb rastet e ve\u00e7anta. L\u00ebshimi i lejeve t\u00eb qarkullimit p\u00ebr rrug\u00ebt ku \u00ebsht\u00eb i ndaluar qarkullimi. L\u00ebshimi i lejeve t\u00eb qarkullimit p\u00ebr automjetet transportuese pesha totale e t\u00eb cilave kalon vler\u00ebn 3.5 t. N\u00eb rastet kur k\u00ebto automjete kan\u00eb p\u00ebr q\u00ebllim furnizimin dhe transportin e materialeve t\u00eb ndryshme. L\u00ebshimi i lejeve t\u00eb qarkullimit p\u00ebr automjetet transportuese t\u00eb cilat kan\u00eb p\u00ebr q\u00ebllim furnizimin e lokaleve afariste. Kryen mbik\u00ebqyrjen e kompanive t\u00eb cilat e b\u00ebjn\u00eb bartjen dhe ruajtjen e automjeteve t\u00eb sekuestruara nga policia si dhe p\u00ebrgatitjen e shpalljeve p\u00ebr shitjen e k\u00ebtyre automjeteve, p\u00ebrmes procedur\u00ebs s\u00eb ankandit publik. &nbsp;<strong><u>Infrastruktura<\/u><\/strong><u>:<\/u> Zyrtaret p\u00ebr kontakt: <a href=\"mailto:rize.morina@rks-gov.net\">rize.morina@rks-gov.net<\/a> dhe <a href=\"mailto:nexhib.qehaja@rks-gov.net\">nexhib.qehaja@rks-gov.net<\/a> Monitorimin e pun\u00ebve dhe kompanive t\u00eb angazhuara p\u00ebr nd\u00ebrtimin e rrug\u00ebve dhe trotuareve me asfalt dhe kub\u00ebza. Monitorimin e pun\u00ebve dhe kompanive t\u00eb angazhuara p\u00ebr nd\u00ebrtimin e kanalizimeve, kanaleve p\u00ebr ujitje, urave, mureve mbrojt\u00ebse dhe \u2018\u2019Veprave t\u00eb Artit\u2019\u2019 si pjes\u00eb t\u00eb rrug\u00ebs. Monitorimin e pun\u00ebve dhe kompanive t\u00eb angazhuara p\u00ebr nd\u00ebrtimin e shesheve, objekteve dhe hap\u00ebsirave tjera publike. Hartimin e propozim-projekteve p\u00ebr sanimin dhe nd\u00ebrtimin e rrug\u00ebve komunale. Hartimin e propozim-projekteve p\u00ebr sanimin dhe nd\u00ebrtimin e trotuareve. Hartimin e propozim-projekteve p\u00ebr sanimin dhe nd\u00ebrtimin e shesheve.                    Dh\u00ebnia e p\u00eblqimeve p\u00ebr punime n\u00eb rrug\u00eb, kanalizime, ura dhe objekte n\u00eb rrug\u00eb. &nbsp;<strong><u>Ndri\u00e7imi Publik, energjetika dhe ngrohja:<\/u><\/strong> Zyrtare p\u00ebr kontakt: <a href=\"mailto:Ilhamije.kumnova@rks-gov.net\">Ilhamije.kumnova@rks-gov.net<\/a> Monitorimin e pun\u00ebve dhe kompanive t\u00eb angazhuara p\u00ebr mir\u00ebmbajtjen dhe shtrirjen e rrjetit t\u00eb ndri\u00e7imit publik. Hartimin e propozim-projekteve p\u00ebr shtrirjen e rrjetit elektrik t\u00eb tensionit t\u00eb lart\u00eb Hartimin e propozim-projekteve p\u00ebr shtrirjen e rrjetit elektrik t\u00eb tensionit t\u00eb ul\u00ebt Dh\u00ebnia e p\u00eblqimeve p\u00ebr vendosjen dhe dislokimin e TS-ve  &nbsp;<\/p>\n\t\t\t\t\t\t\t\t<\/div>\n\t\t\t\t<\/div>\n\t\t\t\t<\/div>\n\t\t\t\t<\/div>\n\t\t\t\t<\/div>\n\t\t","protected":false},"excerpt":{"rendered":"<p>&nbsp; Drejtoria e Sh\u00ebrbimeve Publike p\u00ebrcjell punimet t\u00eb veprimtaris\u00eb s\u00eb sh\u00ebrbimeve publike, n\u00eb t\u00ebr\u00eb territorin e Komun\u00ebs si dhe menaxhon t\u00eb gjitha punimet n\u00eb pron\u00ebn publike dhe komunale. Sh\u00ebrbimet e k\u00ebsaj drejtorie jan\u00eb t\u00eb p\u00ebrcaktuara n\u00eb baz\u00eb t\u00eb Statutit Komunal, ligjeve dhe rregulloreve n\u00eb fuqi. Kjo drejtori ka t\u00eb ndara sh\u00ebrbimet n\u00eb disa nj\u00ebsi themelore, [&hellip;]<\/p>\n","protected":false},"author":1,"featured_media":0,"parent":0,"menu_order":0,"comment_status":"open","ping_status":"closed","template":"","meta":{"_acf_changed":false,"footnotes":""},"page-category":[],"class_list":["post-68430","page","type-page","status-publish","hentry"],"acf":[],"yoast_head":"<!-- This site is optimized with the Yoast SEO plugin v27.4 - https:\/\/yoast.com\/product\/yoast-seo-wordpress\/ -->\n<title>Sh\u00ebrbimet Publike - Municipality of Gjakova<\/title>\n<meta name=\"robots\" content=\"index, follow, max-snippet:-1, max-image-preview:large, max-video-preview:-1\" \/>\n<link rel=\"canonical\" href=\"https:\/\/gjakova.rks-gov.net\/en\/sherbimet-publike\/\" \/>\n<meta property=\"og:locale\" content=\"en_US\" \/>\n<meta property=\"og:type\" content=\"article\" \/>\n<meta property=\"og:title\" content=\"Sh\u00ebrbimet Publike - Municipality of Gjakova\" \/>\n<meta property=\"og:description\" content=\"&nbsp; Drejtoria e Sh\u00ebrbimeve Publike p\u00ebrcjell punimet t\u00eb veprimtaris\u00eb s\u00eb sh\u00ebrbimeve publike, n\u00eb t\u00ebr\u00eb territorin e Komun\u00ebs si dhe menaxhon t\u00eb gjitha punimet n\u00eb pron\u00ebn publike dhe komunale. Sh\u00ebrbimet e k\u00ebsaj drejtorie jan\u00eb t\u00eb p\u00ebrcaktuara n\u00eb baz\u00eb t\u00eb Statutit Komunal, ligjeve dhe rregulloreve n\u00eb fuqi. Kjo drejtori ka t\u00eb ndara sh\u00ebrbimet n\u00eb disa nj\u00ebsi themelore, [&hellip;]\" \/>\n<meta property=\"og:url\" content=\"https:\/\/gjakova.rks-gov.net\/en\/sherbimet-publike\/\" \/>\n<meta property=\"og:site_name\" content=\"Municipality of Gjakova\" \/>\n<meta property=\"article:publisher\" content=\"https:\/\/www.facebook.com\/KomunaeGjakoves\/\" \/>\n<meta property=\"article:modified_time\" content=\"2024-08-02T09:30:48+00:00\" \/>\n<meta name=\"twitter:card\" content=\"summary_large_image\" \/>\n<meta name=\"twitter:label1\" content=\"Est. reading time\" \/>\n\t<meta name=\"twitter:data1\" content=\"5 minutes\" \/>\n<script type=\"application\/ld+json\" class=\"yoast-schema-graph\">{\"@context\":\"https:\\\/\\\/schema.org\",\"@graph\":[{\"@type\":\"WebPage\",\"@id\":\"https:\\\/\\\/gjakova.rks-gov.net\\\/en\\\/sherbimet-publike\\\/\",\"url\":\"https:\\\/\\\/gjakova.rks-gov.net\\\/en\\\/sherbimet-publike\\\/\",\"name\":\"Sh\u00ebrbimet Publike - Municipality of Gjakova\",\"isPartOf\":{\"@id\":\"https:\\\/\\\/gjakova.rks-gov.net\\\/en\\\/#website\"},\"datePublished\":\"2018-02-14T09:56:53+00:00\",\"dateModified\":\"2024-08-02T09:30:48+00:00\",\"breadcrumb\":{\"@id\":\"https:\\\/\\\/gjakova.rks-gov.net\\\/en\\\/sherbimet-publike\\\/#breadcrumb\"},\"inLanguage\":\"en-US\",\"potentialAction\":[{\"@type\":\"ReadAction\",\"target\":[\"https:\\\/\\\/gjakova.rks-gov.net\\\/en\\\/sherbimet-publike\\\/\"]}]},{\"@type\":\"BreadcrumbList\",\"@id\":\"https:\\\/\\\/gjakova.rks-gov.net\\\/en\\\/sherbimet-publike\\\/#breadcrumb\",\"itemListElement\":[{\"@type\":\"ListItem\",\"position\":1,\"name\":\"Home\",\"item\":\"https:\\\/\\\/gjakova.rks-gov.net\\\/en\\\/\"},{\"@type\":\"ListItem\",\"position\":2,\"name\":\"Sh\u00ebrbimet Publike\"}]},{\"@type\":\"WebSite\",\"@id\":\"https:\\\/\\\/gjakova.rks-gov.net\\\/en\\\/#website\",\"url\":\"https:\\\/\\\/gjakova.rks-gov.net\\\/en\\\/\",\"name\":\"Komuna e Gjakoves\",\"description\":\"\",\"publisher\":{\"@id\":\"https:\\\/\\\/gjakova.rks-gov.net\\\/en\\\/#organization\"},\"alternateName\":\"Komuna Gjakove\",\"potentialAction\":[{\"@type\":\"SearchAction\",\"target\":{\"@type\":\"EntryPoint\",\"urlTemplate\":\"https:\\\/\\\/gjakova.rks-gov.net\\\/en\\\/?s={search_term_string}\"},\"query-input\":{\"@type\":\"PropertyValueSpecification\",\"valueRequired\":true,\"valueName\":\"search_term_string\"}}],\"inLanguage\":\"en-US\"},{\"@type\":\"Organization\",\"@id\":\"https:\\\/\\\/gjakova.rks-gov.net\\\/en\\\/#organization\",\"name\":\"Komuna e Gjakoves\",\"alternateName\":\"Komuna Gjakove\",\"url\":\"https:\\\/\\\/gjakova.rks-gov.net\\\/en\\\/\",\"logo\":{\"@type\":\"ImageObject\",\"inLanguage\":\"en-US\",\"@id\":\"https:\\\/\\\/gjakova.rks-gov.net\\\/en\\\/#\\\/schema\\\/logo\\\/image\\\/\",\"url\":\"https:\\\/\\\/gjakova.rks-gov.net\\\/wp-content\\\/uploads\\\/2024\\\/04\\\/Stema_e_Komunes_Gjakove.svg.png\",\"contentUrl\":\"https:\\\/\\\/gjakova.rks-gov.net\\\/wp-content\\\/uploads\\\/2024\\\/04\\\/Stema_e_Komunes_Gjakove.svg.png\",\"width\":512,\"height\":681,\"caption\":\"Komuna e Gjakoves\"},\"image\":{\"@id\":\"https:\\\/\\\/gjakova.rks-gov.net\\\/en\\\/#\\\/schema\\\/logo\\\/image\\\/\"},\"sameAs\":[\"https:\\\/\\\/www.facebook.com\\\/KomunaeGjakoves\\\/\",\"https:\\\/\\\/www.instagram.com\\\/komunaegjakoves\\\/\"]}]}<\/script>\n<!-- \/ Yoast SEO plugin. -->","yoast_head_json":{"title":"Sh\u00ebrbimet Publike - Municipality of Gjakova","robots":{"index":"index","follow":"follow","max-snippet":"max-snippet:-1","max-image-preview":"max-image-preview:large","max-video-preview":"max-video-preview:-1"},"canonical":"https:\/\/gjakova.rks-gov.net\/en\/sherbimet-publike\/","og_locale":"en_US","og_type":"article","og_title":"Sh\u00ebrbimet Publike - Municipality of Gjakova","og_description":"&nbsp; Drejtoria e Sh\u00ebrbimeve Publike p\u00ebrcjell punimet t\u00eb veprimtaris\u00eb s\u00eb sh\u00ebrbimeve publike, n\u00eb t\u00ebr\u00eb territorin e Komun\u00ebs si dhe menaxhon t\u00eb gjitha punimet n\u00eb pron\u00ebn publike dhe komunale. Sh\u00ebrbimet e k\u00ebsaj drejtorie jan\u00eb t\u00eb p\u00ebrcaktuara n\u00eb baz\u00eb t\u00eb Statutit Komunal, ligjeve dhe rregulloreve n\u00eb fuqi. Kjo drejtori ka t\u00eb ndara sh\u00ebrbimet n\u00eb disa nj\u00ebsi themelore, [&hellip;]","og_url":"https:\/\/gjakova.rks-gov.net\/en\/sherbimet-publike\/","og_site_name":"Municipality of Gjakova","article_publisher":"https:\/\/www.facebook.com\/KomunaeGjakoves\/","article_modified_time":"2024-08-02T09:30:48+00:00","twitter_card":"summary_large_image","twitter_misc":{"Est. reading time":"5 minutes"},"schema":{"@context":"https:\/\/schema.org","@graph":[{"@type":"WebPage","@id":"https:\/\/gjakova.rks-gov.net\/en\/sherbimet-publike\/","url":"https:\/\/gjakova.rks-gov.net\/en\/sherbimet-publike\/","name":"Sh\u00ebrbimet Publike - Municipality of Gjakova","isPartOf":{"@id":"https:\/\/gjakova.rks-gov.net\/en\/#website"},"datePublished":"2018-02-14T09:56:53+00:00","dateModified":"2024-08-02T09:30:48+00:00","breadcrumb":{"@id":"https:\/\/gjakova.rks-gov.net\/en\/sherbimet-publike\/#breadcrumb"},"inLanguage":"en-US","potentialAction":[{"@type":"ReadAction","target":["https:\/\/gjakova.rks-gov.net\/en\/sherbimet-publike\/"]}]},{"@type":"BreadcrumbList","@id":"https:\/\/gjakova.rks-gov.net\/en\/sherbimet-publike\/#breadcrumb","itemListElement":[{"@type":"ListItem","position":1,"name":"Home","item":"https:\/\/gjakova.rks-gov.net\/en\/"},{"@type":"ListItem","position":2,"name":"Sh\u00ebrbimet Publike"}]},{"@type":"WebSite","@id":"https:\/\/gjakova.rks-gov.net\/en\/#website","url":"https:\/\/gjakova.rks-gov.net\/en\/","name":"Komuna e Gjakoves","description":"","publisher":{"@id":"https:\/\/gjakova.rks-gov.net\/en\/#organization"},"alternateName":"Komuna Gjakove","potentialAction":[{"@type":"SearchAction","target":{"@type":"EntryPoint","urlTemplate":"https:\/\/gjakova.rks-gov.net\/en\/?s={search_term_string}"},"query-input":{"@type":"PropertyValueSpecification","valueRequired":true,"valueName":"search_term_string"}}],"inLanguage":"en-US"},{"@type":"Organization","@id":"https:\/\/gjakova.rks-gov.net\/en\/#organization","name":"Komuna e Gjakoves","alternateName":"Komuna Gjakove","url":"https:\/\/gjakova.rks-gov.net\/en\/","logo":{"@type":"ImageObject","inLanguage":"en-US","@id":"https:\/\/gjakova.rks-gov.net\/en\/#\/schema\/logo\/image\/","url":"https:\/\/gjakova.rks-gov.net\/wp-content\/uploads\/2024\/04\/Stema_e_Komunes_Gjakove.svg.png","contentUrl":"https:\/\/gjakova.rks-gov.net\/wp-content\/uploads\/2024\/04\/Stema_e_Komunes_Gjakove.svg.png","width":512,"height":681,"caption":"Komuna e Gjakoves"},"image":{"@id":"https:\/\/gjakova.rks-gov.net\/en\/#\/schema\/logo\/image\/"},"sameAs":["https:\/\/www.facebook.com\/KomunaeGjakoves\/","https:\/\/www.instagram.com\/komunaegjakoves\/"]}]}},"_links":{"self":[{"href":"https:\/\/gjakova.rks-gov.net\/en\/wp-json\/wp\/v2\/pages\/68430","targetHints":{"allow":["GET"]}}],"collection":[{"href":"https:\/\/gjakova.rks-gov.net\/en\/wp-json\/wp\/v2\/pages"}],"about":[{"href":"https:\/\/gjakova.rks-gov.net\/en\/wp-json\/wp\/v2\/types\/page"}],"author":[{"embeddable":true,"href":"https:\/\/gjakova.rks-gov.net\/en\/wp-json\/wp\/v2\/users\/1"}],"replies":[{"embeddable":true,"href":"https:\/\/gjakova.rks-gov.net\/en\/wp-json\/wp\/v2\/comments?post=68430"}],"version-history":[{"count":1,"href":"https:\/\/gjakova.rks-gov.net\/en\/wp-json\/wp\/v2\/pages\/68430\/revisions"}],"predecessor-version":[{"id":68431,"href":"https:\/\/gjakova.rks-gov.net\/en\/wp-json\/wp\/v2\/pages\/68430\/revisions\/68431"}],"wp:attachment":[{"href":"https:\/\/gjakova.rks-gov.net\/en\/wp-json\/wp\/v2\/media?parent=68430"}],"wp:term":[{"taxonomy":"page-category","embeddable":true,"href":"https:\/\/gjakova.rks-gov.net\/en\/wp-json\/wp\/v2\/page-category?post=68430"}],"curies":[{"name":"wp","href":"https:\/\/api.w.org\/{rel}","templated":true}]}}