{"id":68410,"date":"2018-07-27T11:12:42","date_gmt":"2018-07-27T09:12:42","guid":{"rendered":"https:\/\/gjakova.rks-gov.net\/dokumentet-dsh\/"},"modified":"2024-08-02T11:29:32","modified_gmt":"2024-08-02T09:29:32","slug":"dokumentet-dsh","status":"publish","type":"page","link":"https:\/\/gjakova.rks-gov.net\/en\/dokumentet-dsh\/","title":{"rendered":"Dokumentet &#8211; DSH"},"content":{"rendered":"\t\t<div data-elementor-type=\"wp-page\" data-elementor-id=\"68410\" class=\"elementor elementor-68410 elementor-49990\" data-elementor-post-type=\"page\">\n\t\t\t\t<div class=\"elementor-element elementor-element-5939b137 e-con-full responsive-container e-flex e-con e-parent\" data-id=\"5939b137\" data-element_type=\"container\">\n\t\t<div class=\"elementor-element elementor-element-2768e782 e-con-full e-flex e-con e-child\" data-id=\"2768e782\" data-element_type=\"container\" data-settings=\"{&quot;background_background&quot;:&quot;classic&quot;}\">\n\t\t\t\t<div class=\"elementor-element elementor-element-4c4abc13 elementor-nav-menu--dropdown-none sidebar-menu elementor-widget elementor-widget-nav-menu\" data-id=\"4c4abc13\" data-element_type=\"widget\" data-settings=\"{&quot;layout&quot;:&quot;vertical&quot;,&quot;submenu_icon&quot;:{&quot;value&quot;:&quot;&lt;svg aria-hidden=\\&quot;true\\&quot; class=\\&quot;e-font-icon-svg e-fas-caret-down\\&quot; viewBox=\\&quot;0 0 320 512\\&quot; xmlns=\\&quot;http:\\\/\\\/www.w3.org\\\/2000\\\/svg\\&quot;&gt;&lt;path d=\\&quot;M31.3 192h257.3c17.8 0 26.7 21.5 14.1 34.1L174.1 354.8c-7.8 7.8-20.5 7.8-28.3 0L17.2 226.1C4.6 213.5 13.5 192 31.3 192z\\&quot;&gt;&lt;\\\/path&gt;&lt;\\\/svg&gt;&quot;,&quot;library&quot;:&quot;fa-solid&quot;}}\" data-widget_type=\"nav-menu.default\">\n\t\t\t\t<div class=\"elementor-widget-container\">\n\t\t\t\t\t\t\t\t<nav aria-label=\"Menu\" class=\"elementor-nav-menu--main elementor-nav-menu__container elementor-nav-menu--layout-vertical e--pointer-none\">\n\t\t\t\t<ul id=\"menu-1-4c4abc13\" class=\"elementor-nav-menu sm-vertical\"><li class=\"menu-item menu-item-type-post_type menu-item-object-page menu-item-67217\"><a href=\"https:\/\/gjakova.rks-gov.net\/dokumentet-dsh\/\" class=\"elementor-item\">Dokumentet &#8211; DSH<\/a><\/li>\n<li class=\"menu-item menu-item-type-post_type menu-item-object-page menu-item-67218\"><a href=\"https:\/\/gjakova.rks-gov.net\/te-dhenat-e-objekteve-shendetesore-dshms\/\" class=\"elementor-item\">T\u00eb dh\u00ebnat e objekteve sh\u00ebndet\u00ebsore \u2013 DSHMS<\/a><\/li>\n<li class=\"menu-item menu-item-type-post_type menu-item-object-page menu-item-67219\"><a href=\"https:\/\/gjakova.rks-gov.net\/planet-dshms\/\" class=\"elementor-item\">Planet &#8211; DSHMS<\/a><\/li>\n<li class=\"menu-item menu-item-type-post_type menu-item-object-page menu-item-67220\"><a href=\"https:\/\/gjakova.rks-gov.net\/raportet-shendetesia\/\" class=\"elementor-item\">Raportet &#8211; Sh\u00ebndet\u00ebsia<\/a><\/li>\n<\/ul>\t\t\t<\/nav>\n\t\t\t\t\t\t<nav class=\"elementor-nav-menu--dropdown elementor-nav-menu__container\" aria-hidden=\"true\">\n\t\t\t\t<ul id=\"menu-2-4c4abc13\" class=\"elementor-nav-menu sm-vertical\"><li class=\"menu-item menu-item-type-post_type menu-item-object-page menu-item-67217\"><a href=\"https:\/\/gjakova.rks-gov.net\/dokumentet-dsh\/\" class=\"elementor-item\" tabindex=\"-1\">Dokumentet &#8211; DSH<\/a><\/li>\n<li class=\"menu-item menu-item-type-post_type menu-item-object-page menu-item-67218\"><a href=\"https:\/\/gjakova.rks-gov.net\/te-dhenat-e-objekteve-shendetesore-dshms\/\" class=\"elementor-item\" tabindex=\"-1\">T\u00eb dh\u00ebnat e objekteve sh\u00ebndet\u00ebsore \u2013 DSHMS<\/a><\/li>\n<li class=\"menu-item menu-item-type-post_type menu-item-object-page menu-item-67219\"><a href=\"https:\/\/gjakova.rks-gov.net\/planet-dshms\/\" class=\"elementor-item\" tabindex=\"-1\">Planet &#8211; DSHMS<\/a><\/li>\n<li class=\"menu-item menu-item-type-post_type menu-item-object-page menu-item-67220\"><a href=\"https:\/\/gjakova.rks-gov.net\/raportet-shendetesia\/\" class=\"elementor-item\" tabindex=\"-1\">Raportet &#8211; Sh\u00ebndet\u00ebsia<\/a><\/li>\n<\/ul>\t\t\t<\/nav>\n\t\t\t\t\t\t<\/div>\n\t\t\t\t<\/div>\n\t\t\t\t<\/div>\n\t\t<div class=\"elementor-element elementor-element-2b74a73e e-con-full e-flex e-con e-child\" data-id=\"2b74a73e\" data-element_type=\"container\">\n\t\t<div class=\"elementor-element elementor-element-2e810dc e-con-full e-flex e-con e-child\" data-id=\"2e810dc\" data-element_type=\"container\">\n\t\t\t\t<div class=\"elementor-element elementor-element-36d3bcfa elementor-widget elementor-widget-theme-post-title elementor-page-title elementor-widget-heading\" data-id=\"36d3bcfa\" data-element_type=\"widget\" data-widget_type=\"theme-post-title.default\">\n\t\t\t\t<div class=\"elementor-widget-container\">\n\t\t\t\t\t<h1 class=\"elementor-heading-title elementor-size-default\">Dokumentet &#8211; DSH<\/h1>\t\t\t\t<\/div>\n\t\t\t\t<\/div>\n\t\t\t\t<\/div>\n\t\t\t\t<div class=\"elementor-element elementor-element-37d8590 elementor-widget elementor-widget-text-editor\" data-id=\"37d8590\" data-element_type=\"widget\" data-widget_type=\"text-editor.default\">\n\t\t\t\t<div class=\"elementor-widget-container\">\n\t\t\t\t\t\t\t\t\t<p><a href=\"https:\/\/gjakova.rks-gov.net\/wp-content\/uploads\/2018\/07\/Projekti-Permiresimi-i-qasjes-dhe-cilesise-ne-kujdesin-dhe-zhvillimin-gjate-femijerise-se-hershme-ne-Kosove-Save-the-Children.pdf\" target=\"_blank\" rel=\"noopener\">Projekti Permiresimi i qasjes dhe cilesise ne kujdesin dhe zhvillimin gjate femijerise se hershme ne Kosove &#8211; Save the Children<\/a><\/p>\n\t\t\t\t\t\t\t\t<\/div>\n\t\t\t\t<\/div>\n\t\t\t\t<\/div>\n\t\t\t\t<\/div>\n\t\t\t\t<\/div>\n\t\t","protected":false},"excerpt":{"rendered":"<p>Projekti Permiresimi i qasjes dhe cilesise ne kujdesin dhe zhvillimin gjate femijerise se hershme ne Kosove &#8211; Save the Children<\/p>\n","protected":false},"author":1,"featured_media":0,"parent":0,"menu_order":0,"comment_status":"open","ping_status":"open","template":"","meta":{"_acf_changed":false,"footnotes":""},"page-category":[],"class_list":["post-68410","page","type-page","status-publish","hentry"],"acf":[],"yoast_head":"<!-- This site is optimized with the Yoast SEO plugin v26.8 - https:\/\/yoast.com\/product\/yoast-seo-wordpress\/ -->\n<title>Dokumentet - DSH - Municipality of Gjakova<\/title>\n<meta name=\"robots\" content=\"index, follow, max-snippet:-1, max-image-preview:large, max-video-preview:-1\" \/>\n<link rel=\"canonical\" href=\"https:\/\/gjakova.rks-gov.net\/en\/dokumentet-dsh\/\" \/>\n<meta property=\"og:locale\" content=\"en_US\" \/>\n<meta property=\"og:type\" content=\"article\" \/>\n<meta property=\"og:title\" content=\"Dokumentet - DSH - Municipality of Gjakova\" \/>\n<meta property=\"og:description\" content=\"Projekti Permiresimi i qasjes dhe cilesise ne kujdesin dhe zhvillimin gjate femijerise se hershme ne Kosove &#8211; Save the Children\" \/>\n<meta property=\"og:url\" content=\"https:\/\/gjakova.rks-gov.net\/en\/dokumentet-dsh\/\" \/>\n<meta property=\"og:site_name\" content=\"Municipality of Gjakova\" \/>\n<meta property=\"article:publisher\" content=\"https:\/\/www.facebook.com\/KomunaeGjakoves\/\" \/>\n<meta property=\"article:modified_time\" content=\"2024-08-02T09:29:32+00:00\" \/>\n<meta name=\"twitter:card\" content=\"summary_large_image\" \/>\n<script type=\"application\/ld+json\" class=\"yoast-schema-graph\">{\"@context\":\"https:\/\/schema.org\",\"@graph\":[{\"@type\":\"WebPage\",\"@id\":\"https:\/\/gjakova.rks-gov.net\/en\/dokumentet-dsh\/\",\"url\":\"https:\/\/gjakova.rks-gov.net\/en\/dokumentet-dsh\/\",\"name\":\"Dokumentet - DSH - Municipality of Gjakova\",\"isPartOf\":{\"@id\":\"https:\/\/gjakova.rks-gov.net\/en\/#website\"},\"datePublished\":\"2018-07-27T09:12:42+00:00\",\"dateModified\":\"2024-08-02T09:29:32+00:00\",\"breadcrumb\":{\"@id\":\"https:\/\/gjakova.rks-gov.net\/en\/dokumentet-dsh\/#breadcrumb\"},\"inLanguage\":\"en-US\",\"potentialAction\":[{\"@type\":\"ReadAction\",\"target\":[\"https:\/\/gjakova.rks-gov.net\/en\/dokumentet-dsh\/\"]}]},{\"@type\":\"BreadcrumbList\",\"@id\":\"https:\/\/gjakova.rks-gov.net\/en\/dokumentet-dsh\/#breadcrumb\",\"itemListElement\":[{\"@type\":\"ListItem\",\"position\":1,\"name\":\"Home\",\"item\":\"https:\/\/gjakova.rks-gov.net\/en\/\"},{\"@type\":\"ListItem\",\"position\":2,\"name\":\"Dokumentet &#8211; DSH\"}]},{\"@type\":\"WebSite\",\"@id\":\"https:\/\/gjakova.rks-gov.net\/en\/#website\",\"url\":\"https:\/\/gjakova.rks-gov.net\/en\/\",\"name\":\"Komuna e Gjakoves\",\"description\":\"\",\"publisher\":{\"@id\":\"https:\/\/gjakova.rks-gov.net\/en\/#organization\"},\"alternateName\":\"Komuna Gjakove\",\"potentialAction\":[{\"@type\":\"SearchAction\",\"target\":{\"@type\":\"EntryPoint\",\"urlTemplate\":\"https:\/\/gjakova.rks-gov.net\/en\/?s={search_term_string}\"},\"query-input\":{\"@type\":\"PropertyValueSpecification\",\"valueRequired\":true,\"valueName\":\"search_term_string\"}}],\"inLanguage\":\"en-US\"},{\"@type\":\"Organization\",\"@id\":\"https:\/\/gjakova.rks-gov.net\/en\/#organization\",\"name\":\"Komuna e Gjakoves\",\"alternateName\":\"Komuna Gjakove\",\"url\":\"https:\/\/gjakova.rks-gov.net\/en\/\",\"logo\":{\"@type\":\"ImageObject\",\"inLanguage\":\"en-US\",\"@id\":\"https:\/\/gjakova.rks-gov.net\/en\/#\/schema\/logo\/image\/\",\"url\":\"https:\/\/gjakova.rks-gov.net\/wp-content\/uploads\/2024\/04\/Stema_e_Komunes_Gjakove.svg.png\",\"contentUrl\":\"https:\/\/gjakova.rks-gov.net\/wp-content\/uploads\/2024\/04\/Stema_e_Komunes_Gjakove.svg.png\",\"width\":512,\"height\":681,\"caption\":\"Komuna e Gjakoves\"},\"image\":{\"@id\":\"https:\/\/gjakova.rks-gov.net\/en\/#\/schema\/logo\/image\/\"},\"sameAs\":[\"https:\/\/www.facebook.com\/KomunaeGjakoves\/\",\"https:\/\/www.instagram.com\/komunaegjakoves\/\"]}]}<\/script>\n<!-- \/ Yoast SEO plugin. -->","yoast_head_json":{"title":"Dokumentet - DSH - Municipality of Gjakova","robots":{"index":"index","follow":"follow","max-snippet":"max-snippet:-1","max-image-preview":"max-image-preview:large","max-video-preview":"max-video-preview:-1"},"canonical":"https:\/\/gjakova.rks-gov.net\/en\/dokumentet-dsh\/","og_locale":"en_US","og_type":"article","og_title":"Dokumentet - DSH - Municipality of Gjakova","og_description":"Projekti Permiresimi i qasjes dhe cilesise ne kujdesin dhe zhvillimin gjate femijerise se hershme ne Kosove &#8211; Save the Children","og_url":"https:\/\/gjakova.rks-gov.net\/en\/dokumentet-dsh\/","og_site_name":"Municipality of Gjakova","article_publisher":"https:\/\/www.facebook.com\/KomunaeGjakoves\/","article_modified_time":"2024-08-02T09:29:32+00:00","twitter_card":"summary_large_image","schema":{"@context":"https:\/\/schema.org","@graph":[{"@type":"WebPage","@id":"https:\/\/gjakova.rks-gov.net\/en\/dokumentet-dsh\/","url":"https:\/\/gjakova.rks-gov.net\/en\/dokumentet-dsh\/","name":"Dokumentet - DSH - Municipality of Gjakova","isPartOf":{"@id":"https:\/\/gjakova.rks-gov.net\/en\/#website"},"datePublished":"2018-07-27T09:12:42+00:00","dateModified":"2024-08-02T09:29:32+00:00","breadcrumb":{"@id":"https:\/\/gjakova.rks-gov.net\/en\/dokumentet-dsh\/#breadcrumb"},"inLanguage":"en-US","potentialAction":[{"@type":"ReadAction","target":["https:\/\/gjakova.rks-gov.net\/en\/dokumentet-dsh\/"]}]},{"@type":"BreadcrumbList","@id":"https:\/\/gjakova.rks-gov.net\/en\/dokumentet-dsh\/#breadcrumb","itemListElement":[{"@type":"ListItem","position":1,"name":"Home","item":"https:\/\/gjakova.rks-gov.net\/en\/"},{"@type":"ListItem","position":2,"name":"Dokumentet &#8211; DSH"}]},{"@type":"WebSite","@id":"https:\/\/gjakova.rks-gov.net\/en\/#website","url":"https:\/\/gjakova.rks-gov.net\/en\/","name":"Komuna e Gjakoves","description":"","publisher":{"@id":"https:\/\/gjakova.rks-gov.net\/en\/#organization"},"alternateName":"Komuna Gjakove","potentialAction":[{"@type":"SearchAction","target":{"@type":"EntryPoint","urlTemplate":"https:\/\/gjakova.rks-gov.net\/en\/?s={search_term_string}"},"query-input":{"@type":"PropertyValueSpecification","valueRequired":true,"valueName":"search_term_string"}}],"inLanguage":"en-US"},{"@type":"Organization","@id":"https:\/\/gjakova.rks-gov.net\/en\/#organization","name":"Komuna e Gjakoves","alternateName":"Komuna Gjakove","url":"https:\/\/gjakova.rks-gov.net\/en\/","logo":{"@type":"ImageObject","inLanguage":"en-US","@id":"https:\/\/gjakova.rks-gov.net\/en\/#\/schema\/logo\/image\/","url":"https:\/\/gjakova.rks-gov.net\/wp-content\/uploads\/2024\/04\/Stema_e_Komunes_Gjakove.svg.png","contentUrl":"https:\/\/gjakova.rks-gov.net\/wp-content\/uploads\/2024\/04\/Stema_e_Komunes_Gjakove.svg.png","width":512,"height":681,"caption":"Komuna e Gjakoves"},"image":{"@id":"https:\/\/gjakova.rks-gov.net\/en\/#\/schema\/logo\/image\/"},"sameAs":["https:\/\/www.facebook.com\/KomunaeGjakoves\/","https:\/\/www.instagram.com\/komunaegjakoves\/"]}]}},"_links":{"self":[{"href":"https:\/\/gjakova.rks-gov.net\/en\/wp-json\/wp\/v2\/pages\/68410","targetHints":{"allow":["GET"]}}],"collection":[{"href":"https:\/\/gjakova.rks-gov.net\/en\/wp-json\/wp\/v2\/pages"}],"about":[{"href":"https:\/\/gjakova.rks-gov.net\/en\/wp-json\/wp\/v2\/types\/page"}],"author":[{"embeddable":true,"href":"https:\/\/gjakova.rks-gov.net\/en\/wp-json\/wp\/v2\/users\/1"}],"replies":[{"embeddable":true,"href":"https:\/\/gjakova.rks-gov.net\/en\/wp-json\/wp\/v2\/comments?post=68410"}],"version-history":[{"count":1,"href":"https:\/\/gjakova.rks-gov.net\/en\/wp-json\/wp\/v2\/pages\/68410\/revisions"}],"predecessor-version":[{"id":68411,"href":"https:\/\/gjakova.rks-gov.net\/en\/wp-json\/wp\/v2\/pages\/68410\/revisions\/68411"}],"wp:attachment":[{"href":"https:\/\/gjakova.rks-gov.net\/en\/wp-json\/wp\/v2\/media?parent=68410"}],"wp:term":[{"taxonomy":"page-category","embeddable":true,"href":"https:\/\/gjakova.rks-gov.net\/en\/wp-json\/wp\/v2\/page-category?post=68410"}],"curies":[{"name":"wp","href":"https:\/\/api.w.org\/{rel}","templated":true}]}}