{"id":67994,"date":"2019-09-23T09:19:02","date_gmt":"2019-09-23T07:19:02","guid":{"rendered":"https:\/\/gjakova.rks-gov.net\/legalizimet\/"},"modified":"2024-08-02T09:56:42","modified_gmt":"2024-08-02T07:56:42","slug":"legalizimet","status":"publish","type":"page","link":"https:\/\/gjakova.rks-gov.net\/en\/legalizimet\/","title":{"rendered":"Legalizimet"},"content":{"rendered":"\t\t<div data-elementor-type=\"wp-page\" data-elementor-id=\"67994\" class=\"elementor elementor-67994 elementor-50017\" data-elementor-post-type=\"page\">\n\t\t\t\t<div class=\"elementor-element elementor-element-5ab1238d e-con-full responsive-container e-flex e-con e-parent\" data-id=\"5ab1238d\" data-element_type=\"container\" data-e-type=\"container\">\n\t\t<div class=\"elementor-element elementor-element-2ac779e9 e-con-full e-flex e-con e-child\" data-id=\"2ac779e9\" data-element_type=\"container\" data-e-type=\"container\" data-settings=\"{&quot;background_background&quot;:&quot;classic&quot;}\">\n\t\t\t\t<div class=\"elementor-element elementor-element-11a7dc0f elementor-nav-menu--dropdown-none sidebar-menu elementor-widget elementor-widget-nav-menu\" data-id=\"11a7dc0f\" data-element_type=\"widget\" data-e-type=\"widget\" data-settings=\"{&quot;layout&quot;:&quot;vertical&quot;,&quot;submenu_icon&quot;:{&quot;value&quot;:&quot;&lt;svg aria-hidden=\\&quot;true\\&quot; class=\\&quot;e-font-icon-svg e-fas-caret-down\\&quot; viewBox=\\&quot;0 0 320 512\\&quot; xmlns=\\&quot;http:\\\/\\\/www.w3.org\\\/2000\\\/svg\\&quot;&gt;&lt;path d=\\&quot;M31.3 192h257.3c17.8 0 26.7 21.5 14.1 34.1L174.1 354.8c-7.8 7.8-20.5 7.8-28.3 0L17.2 226.1C4.6 213.5 13.5 192 31.3 192z\\&quot;&gt;&lt;\\\/path&gt;&lt;\\\/svg&gt;&quot;,&quot;library&quot;:&quot;fa-solid&quot;}}\" data-widget_type=\"nav-menu.default\">\n\t\t\t\t<div class=\"elementor-widget-container\">\n\t\t\t\t\t\t\t\t<nav aria-label=\"Menu\" class=\"elementor-nav-menu--main elementor-nav-menu__container elementor-nav-menu--layout-vertical e--pointer-none\">\n\t\t\t\t<ul id=\"menu-1-11a7dc0f\" class=\"elementor-nav-menu sm-vertical\"><li class=\"menu-item menu-item-type-post_type menu-item-object-page menu-item-66856\"><a href=\"https:\/\/gjakova.rks-gov.net\/planet-dumm\/\" class=\"elementor-item\">Planet &#8211; DUMM<\/a><\/li>\n<li class=\"menu-item menu-item-type-post_type menu-item-object-page menu-item-66857\"><a href=\"https:\/\/gjakova.rks-gov.net\/legalizimet\/\" class=\"elementor-item\">Legalizimet<\/a><\/li>\n<li class=\"menu-item menu-item-type-post_type menu-item-object-page menu-item-66858\"><a href=\"https:\/\/gjakova.rks-gov.net\/sherbimet-8\/\" class=\"elementor-item\">Sh\u00ebrbimet Urbanizem<\/a><\/li>\n<li class=\"menu-item menu-item-type-post_type menu-item-object-page menu-item-66859\"><a href=\"https:\/\/gjakova.rks-gov.net\/planet-rregulluese\/\" class=\"elementor-item\">Planet Rregulluese<\/a><\/li>\n<\/ul>\t\t\t<\/nav>\n\t\t\t\t\t\t<nav class=\"elementor-nav-menu--dropdown elementor-nav-menu__container\" aria-hidden=\"true\">\n\t\t\t\t<ul id=\"menu-2-11a7dc0f\" class=\"elementor-nav-menu sm-vertical\"><li class=\"menu-item menu-item-type-post_type menu-item-object-page menu-item-66856\"><a href=\"https:\/\/gjakova.rks-gov.net\/planet-dumm\/\" class=\"elementor-item\" tabindex=\"-1\">Planet &#8211; DUMM<\/a><\/li>\n<li class=\"menu-item menu-item-type-post_type menu-item-object-page menu-item-66857\"><a href=\"https:\/\/gjakova.rks-gov.net\/legalizimet\/\" class=\"elementor-item\" tabindex=\"-1\">Legalizimet<\/a><\/li>\n<li class=\"menu-item menu-item-type-post_type menu-item-object-page menu-item-66858\"><a href=\"https:\/\/gjakova.rks-gov.net\/sherbimet-8\/\" class=\"elementor-item\" tabindex=\"-1\">Sh\u00ebrbimet Urbanizem<\/a><\/li>\n<li class=\"menu-item menu-item-type-post_type menu-item-object-page menu-item-66859\"><a href=\"https:\/\/gjakova.rks-gov.net\/planet-rregulluese\/\" class=\"elementor-item\" tabindex=\"-1\">Planet Rregulluese<\/a><\/li>\n<\/ul>\t\t\t<\/nav>\n\t\t\t\t\t\t<\/div>\n\t\t\t\t<\/div>\n\t\t\t\t<\/div>\n\t\t<div class=\"elementor-element elementor-element-4fa320cd e-con-full e-flex e-con e-child\" data-id=\"4fa320cd\" data-element_type=\"container\" data-e-type=\"container\">\n\t\t<div class=\"elementor-element elementor-element-44e1f0b9 e-con-full e-flex e-con e-child\" data-id=\"44e1f0b9\" data-element_type=\"container\" data-e-type=\"container\">\n\t\t\t\t<div class=\"elementor-element elementor-element-21e8931e elementor-widget elementor-widget-theme-post-title elementor-page-title elementor-widget-heading\" data-id=\"21e8931e\" data-element_type=\"widget\" data-e-type=\"widget\" data-widget_type=\"theme-post-title.default\">\n\t\t\t\t<div class=\"elementor-widget-container\">\n\t\t\t\t\t<h1 class=\"elementor-heading-title elementor-size-default\">Legalizimet<\/h1>\t\t\t\t<\/div>\n\t\t\t\t<\/div>\n\t\t\t\t<\/div>\n\t\t\t\t<div class=\"elementor-element elementor-element-a70ff33 elementor-widget elementor-widget-text-editor\" data-id=\"a70ff33\" data-element_type=\"widget\" data-e-type=\"widget\" data-widget_type=\"text-editor.default\">\n\t\t\t\t<div class=\"elementor-widget-container\">\n\t\t\t\t\t\t\t\t\t<p><strong>LEGALIZO ND\u00cbRTIMIN &#8211; Formular\u00ebt nga paketa e UA, p\u00ebr aplikim p\u00ebr trajtim t\u00eb nd\u00ebrtimeve pa leje<\/strong><\/p>\n<ul>\n<li><a href=\"https:\/\/gjakova.rks-gov.net\/wp-content\/uploads\/2019\/09\/Shtojca-1.docx\" target=\"_blank\" rel=\"noopener\"><a href=\"https:\/\/gjakova.rks-gov.net\/wp-content\/uploads\/2019\/09\/Shtojca-1.docx\">Shtojca 1 Formulari standard i aplikimit p\u00ebr certifikat\u00eb t\u00eb legalizimit p\u00ebr kategorin\u00eb I dhe sht\u00ebpit\u00eb e kategoris\u00eb II (mbi 450m2) <\/a> <\/a><\/li>\n<li><a href=\"https:\/\/gjakova.rks-gov.net\/wp-content\/uploads\/2019\/09\/Shtojca-1A.docx\" target=\"_blank\" rel=\"noopener\"><a href=\"https:\/\/gjakova.rks-gov.net\/wp-content\/uploads\/2019\/09\/Shtojca-1A.docx\">Shtojca 1A Formulari standard i aplikimit p\u00ebr leje t\u00eb legalizimit p\u00ebr p\u00ebrfundim t\u00eb nd\u00ebrtimit p\u00ebr kategorin\u00eb I (p\u00ebrve\u00e7 depove deri 1500 m2) dhe sht\u00ebpit\u00eb e kategoris\u00eb II (mbi 450m2)<\/a><\/a><\/li>\n<li><a href=\"https:\/\/gjakova.rks-gov.net\/wp-content\/uploads\/2019\/09\/Shtojca-1B.docx\" target=\"_blank\" rel=\"noopener\"><a href=\"https:\/\/gjakova.rks-gov.net\/wp-content\/uploads\/2019\/09\/Shtojca-1B.docx\">Shtojca 1B Deklarat\u00eb e pronarit t\u00eb nd\u00ebrtimit pa leje<\/a><\/a><\/li>\n<li><a href=\"https:\/\/gjakova.rks-gov.net\/wp-content\/uploads\/2019\/09\/Shtojca-2-1.docx\" target=\"_blank\" rel=\"noopener\"><g id=\"gid_0\">Shtojca 2.<\/g> <\/a><\/li>\n<li><a href=\"https:\/\/gjakova.rks-gov.net\/wp-content\/uploads\/2019\/09\/Shtojca-2A.docx\" target=\"_blank\" rel=\"noopener\"><a href=\"https:\/\/gjakova.rks-gov.net\/wp-content\/uploads\/2019\/09\/Shtojca-2A.docx\">Shtojca 2A Formulari standard i aplikimit p\u00ebr leje t\u00eb legalizimit p\u00ebr p\u00ebrfundim t\u00eb nd\u00ebrtimit p\u00ebr kategorin\u00eb II (jo sht\u00ebpit\u00eb)<\/a><\/a><\/li>\n<li><a href=\"https:\/\/gjakova.rks-gov.net\/wp-content\/uploads\/2019\/09\/Shtojca-3.docx\" target=\"_blank\" rel=\"noopener\"><a href=\"https:\/\/gjakova.rks-gov.net\/wp-content\/uploads\/2019\/09\/Shtojca-3.docx\">Shtojca 3 Formulari standard i aplikimit p\u00ebr lirim nga taksat p\u00ebr legalizimin e nd\u00ebrtimit pa leje<\/a><\/a><\/li>\n<\/ul>\n\t\t\t\t\t\t\t\t<\/div>\n\t\t\t\t<\/div>\n\t\t\t\t<\/div>\n\t\t\t\t<\/div>\n\t\t\t\t<\/div>\n\t\t","protected":false},"excerpt":{"rendered":"<p>LEGALIZO ND\u00cbRTIMIN &#8211; Formular\u00ebt nga paketa e UA, p\u00ebr aplikim p\u00ebr trajtim t\u00eb nd\u00ebrtimeve pa leje Shtojca 1 Formulari standard i aplikimit p\u00ebr certifikat\u00eb t\u00eb legalizimit p\u00ebr kategorin\u00eb I dhe sht\u00ebpit\u00eb e kategoris\u00eb II (mbi 450m2) Shtojca 1A Formulari standard i aplikimit p\u00ebr leje t\u00eb legalizimit p\u00ebr p\u00ebrfundim t\u00eb nd\u00ebrtimit p\u00ebr kategorin\u00eb I (p\u00ebrve\u00e7 depove [&hellip;]<\/p>\n","protected":false},"author":1,"featured_media":0,"parent":0,"menu_order":0,"comment_status":"open","ping_status":"open","template":"","meta":{"_acf_changed":false,"footnotes":""},"page-category":[],"class_list":["post-67994","page","type-page","status-publish","hentry"],"acf":[],"yoast_head":"<!-- This site is optimized with the Yoast SEO plugin v27.4 - https:\/\/yoast.com\/product\/yoast-seo-wordpress\/ -->\n<title>Legalizimet - Municipality of Gjakova<\/title>\n<meta name=\"robots\" content=\"index, follow, max-snippet:-1, max-image-preview:large, max-video-preview:-1\" \/>\n<link rel=\"canonical\" href=\"https:\/\/gjakova.rks-gov.net\/en\/legalizimet\/\" \/>\n<meta property=\"og:locale\" content=\"en_US\" \/>\n<meta property=\"og:type\" content=\"article\" \/>\n<meta property=\"og:title\" content=\"Legalizimet - Municipality of Gjakova\" \/>\n<meta property=\"og:description\" content=\"LEGALIZO ND\u00cbRTIMIN &#8211; Formular\u00ebt nga paketa e UA, p\u00ebr aplikim p\u00ebr trajtim t\u00eb nd\u00ebrtimeve pa leje Shtojca 1 Formulari standard i aplikimit p\u00ebr certifikat\u00eb t\u00eb legalizimit p\u00ebr kategorin\u00eb I dhe sht\u00ebpit\u00eb e kategoris\u00eb II (mbi 450m2) Shtojca 1A Formulari standard i aplikimit p\u00ebr leje t\u00eb legalizimit p\u00ebr p\u00ebrfundim t\u00eb nd\u00ebrtimit p\u00ebr kategorin\u00eb I (p\u00ebrve\u00e7 depove [&hellip;]\" \/>\n<meta property=\"og:url\" content=\"https:\/\/gjakova.rks-gov.net\/en\/legalizimet\/\" \/>\n<meta property=\"og:site_name\" content=\"Municipality of Gjakova\" \/>\n<meta property=\"article:publisher\" content=\"https:\/\/www.facebook.com\/KomunaeGjakoves\/\" \/>\n<meta property=\"article:modified_time\" content=\"2024-08-02T07:56:42+00:00\" \/>\n<meta name=\"twitter:card\" content=\"summary_large_image\" \/>\n<meta name=\"twitter:label1\" content=\"Est. reading time\" \/>\n\t<meta name=\"twitter:data1\" content=\"1 minute\" \/>\n<script type=\"application\/ld+json\" class=\"yoast-schema-graph\">{\"@context\":\"https:\\\/\\\/schema.org\",\"@graph\":[{\"@type\":\"WebPage\",\"@id\":\"https:\\\/\\\/gjakova.rks-gov.net\\\/en\\\/legalizimet\\\/\",\"url\":\"https:\\\/\\\/gjakova.rks-gov.net\\\/en\\\/legalizimet\\\/\",\"name\":\"Legalizimet - Municipality of Gjakova\",\"isPartOf\":{\"@id\":\"https:\\\/\\\/gjakova.rks-gov.net\\\/en\\\/#website\"},\"datePublished\":\"2019-09-23T07:19:02+00:00\",\"dateModified\":\"2024-08-02T07:56:42+00:00\",\"breadcrumb\":{\"@id\":\"https:\\\/\\\/gjakova.rks-gov.net\\\/en\\\/legalizimet\\\/#breadcrumb\"},\"inLanguage\":\"en-US\",\"potentialAction\":[{\"@type\":\"ReadAction\",\"target\":[\"https:\\\/\\\/gjakova.rks-gov.net\\\/en\\\/legalizimet\\\/\"]}]},{\"@type\":\"BreadcrumbList\",\"@id\":\"https:\\\/\\\/gjakova.rks-gov.net\\\/en\\\/legalizimet\\\/#breadcrumb\",\"itemListElement\":[{\"@type\":\"ListItem\",\"position\":1,\"name\":\"Home\",\"item\":\"https:\\\/\\\/gjakova.rks-gov.net\\\/en\\\/\"},{\"@type\":\"ListItem\",\"position\":2,\"name\":\"Legalizimet\"}]},{\"@type\":\"WebSite\",\"@id\":\"https:\\\/\\\/gjakova.rks-gov.net\\\/en\\\/#website\",\"url\":\"https:\\\/\\\/gjakova.rks-gov.net\\\/en\\\/\",\"name\":\"Komuna e Gjakoves\",\"description\":\"\",\"publisher\":{\"@id\":\"https:\\\/\\\/gjakova.rks-gov.net\\\/en\\\/#organization\"},\"alternateName\":\"Komuna Gjakove\",\"potentialAction\":[{\"@type\":\"SearchAction\",\"target\":{\"@type\":\"EntryPoint\",\"urlTemplate\":\"https:\\\/\\\/gjakova.rks-gov.net\\\/en\\\/?s={search_term_string}\"},\"query-input\":{\"@type\":\"PropertyValueSpecification\",\"valueRequired\":true,\"valueName\":\"search_term_string\"}}],\"inLanguage\":\"en-US\"},{\"@type\":\"Organization\",\"@id\":\"https:\\\/\\\/gjakova.rks-gov.net\\\/en\\\/#organization\",\"name\":\"Komuna e Gjakoves\",\"alternateName\":\"Komuna Gjakove\",\"url\":\"https:\\\/\\\/gjakova.rks-gov.net\\\/en\\\/\",\"logo\":{\"@type\":\"ImageObject\",\"inLanguage\":\"en-US\",\"@id\":\"https:\\\/\\\/gjakova.rks-gov.net\\\/en\\\/#\\\/schema\\\/logo\\\/image\\\/\",\"url\":\"https:\\\/\\\/gjakova.rks-gov.net\\\/wp-content\\\/uploads\\\/2024\\\/04\\\/Stema_e_Komunes_Gjakove.svg.png\",\"contentUrl\":\"https:\\\/\\\/gjakova.rks-gov.net\\\/wp-content\\\/uploads\\\/2024\\\/04\\\/Stema_e_Komunes_Gjakove.svg.png\",\"width\":512,\"height\":681,\"caption\":\"Komuna e Gjakoves\"},\"image\":{\"@id\":\"https:\\\/\\\/gjakova.rks-gov.net\\\/en\\\/#\\\/schema\\\/logo\\\/image\\\/\"},\"sameAs\":[\"https:\\\/\\\/www.facebook.com\\\/KomunaeGjakoves\\\/\",\"https:\\\/\\\/www.instagram.com\\\/komunaegjakoves\\\/\"]}]}<\/script>\n<!-- \/ Yoast SEO plugin. -->","yoast_head_json":{"title":"Legalizimet - Municipality of Gjakova","robots":{"index":"index","follow":"follow","max-snippet":"max-snippet:-1","max-image-preview":"max-image-preview:large","max-video-preview":"max-video-preview:-1"},"canonical":"https:\/\/gjakova.rks-gov.net\/en\/legalizimet\/","og_locale":"en_US","og_type":"article","og_title":"Legalizimet - Municipality of Gjakova","og_description":"LEGALIZO ND\u00cbRTIMIN &#8211; Formular\u00ebt nga paketa e UA, p\u00ebr aplikim p\u00ebr trajtim t\u00eb nd\u00ebrtimeve pa leje Shtojca 1 Formulari standard i aplikimit p\u00ebr certifikat\u00eb t\u00eb legalizimit p\u00ebr kategorin\u00eb I dhe sht\u00ebpit\u00eb e kategoris\u00eb II (mbi 450m2) Shtojca 1A Formulari standard i aplikimit p\u00ebr leje t\u00eb legalizimit p\u00ebr p\u00ebrfundim t\u00eb nd\u00ebrtimit p\u00ebr kategorin\u00eb I (p\u00ebrve\u00e7 depove [&hellip;]","og_url":"https:\/\/gjakova.rks-gov.net\/en\/legalizimet\/","og_site_name":"Municipality of Gjakova","article_publisher":"https:\/\/www.facebook.com\/KomunaeGjakoves\/","article_modified_time":"2024-08-02T07:56:42+00:00","twitter_card":"summary_large_image","twitter_misc":{"Est. reading time":"1 minute"},"schema":{"@context":"https:\/\/schema.org","@graph":[{"@type":"WebPage","@id":"https:\/\/gjakova.rks-gov.net\/en\/legalizimet\/","url":"https:\/\/gjakova.rks-gov.net\/en\/legalizimet\/","name":"Legalizimet - Municipality of Gjakova","isPartOf":{"@id":"https:\/\/gjakova.rks-gov.net\/en\/#website"},"datePublished":"2019-09-23T07:19:02+00:00","dateModified":"2024-08-02T07:56:42+00:00","breadcrumb":{"@id":"https:\/\/gjakova.rks-gov.net\/en\/legalizimet\/#breadcrumb"},"inLanguage":"en-US","potentialAction":[{"@type":"ReadAction","target":["https:\/\/gjakova.rks-gov.net\/en\/legalizimet\/"]}]},{"@type":"BreadcrumbList","@id":"https:\/\/gjakova.rks-gov.net\/en\/legalizimet\/#breadcrumb","itemListElement":[{"@type":"ListItem","position":1,"name":"Home","item":"https:\/\/gjakova.rks-gov.net\/en\/"},{"@type":"ListItem","position":2,"name":"Legalizimet"}]},{"@type":"WebSite","@id":"https:\/\/gjakova.rks-gov.net\/en\/#website","url":"https:\/\/gjakova.rks-gov.net\/en\/","name":"Komuna e Gjakoves","description":"","publisher":{"@id":"https:\/\/gjakova.rks-gov.net\/en\/#organization"},"alternateName":"Komuna Gjakove","potentialAction":[{"@type":"SearchAction","target":{"@type":"EntryPoint","urlTemplate":"https:\/\/gjakova.rks-gov.net\/en\/?s={search_term_string}"},"query-input":{"@type":"PropertyValueSpecification","valueRequired":true,"valueName":"search_term_string"}}],"inLanguage":"en-US"},{"@type":"Organization","@id":"https:\/\/gjakova.rks-gov.net\/en\/#organization","name":"Komuna e Gjakoves","alternateName":"Komuna Gjakove","url":"https:\/\/gjakova.rks-gov.net\/en\/","logo":{"@type":"ImageObject","inLanguage":"en-US","@id":"https:\/\/gjakova.rks-gov.net\/en\/#\/schema\/logo\/image\/","url":"https:\/\/gjakova.rks-gov.net\/wp-content\/uploads\/2024\/04\/Stema_e_Komunes_Gjakove.svg.png","contentUrl":"https:\/\/gjakova.rks-gov.net\/wp-content\/uploads\/2024\/04\/Stema_e_Komunes_Gjakove.svg.png","width":512,"height":681,"caption":"Komuna e Gjakoves"},"image":{"@id":"https:\/\/gjakova.rks-gov.net\/en\/#\/schema\/logo\/image\/"},"sameAs":["https:\/\/www.facebook.com\/KomunaeGjakoves\/","https:\/\/www.instagram.com\/komunaegjakoves\/"]}]}},"_links":{"self":[{"href":"https:\/\/gjakova.rks-gov.net\/en\/wp-json\/wp\/v2\/pages\/67994","targetHints":{"allow":["GET"]}}],"collection":[{"href":"https:\/\/gjakova.rks-gov.net\/en\/wp-json\/wp\/v2\/pages"}],"about":[{"href":"https:\/\/gjakova.rks-gov.net\/en\/wp-json\/wp\/v2\/types\/page"}],"author":[{"embeddable":true,"href":"https:\/\/gjakova.rks-gov.net\/en\/wp-json\/wp\/v2\/users\/1"}],"replies":[{"embeddable":true,"href":"https:\/\/gjakova.rks-gov.net\/en\/wp-json\/wp\/v2\/comments?post=67994"}],"version-history":[{"count":1,"href":"https:\/\/gjakova.rks-gov.net\/en\/wp-json\/wp\/v2\/pages\/67994\/revisions"}],"predecessor-version":[{"id":67995,"href":"https:\/\/gjakova.rks-gov.net\/en\/wp-json\/wp\/v2\/pages\/67994\/revisions\/67995"}],"wp:attachment":[{"href":"https:\/\/gjakova.rks-gov.net\/en\/wp-json\/wp\/v2\/media?parent=67994"}],"wp:term":[{"taxonomy":"page-category","embeddable":true,"href":"https:\/\/gjakova.rks-gov.net\/en\/wp-json\/wp\/v2\/page-category?post=67994"}],"curies":[{"name":"wp","href":"https:\/\/api.w.org\/{rel}","templated":true}]}}