{"id":67960,"date":"2018-02-16T13:49:10","date_gmt":"2018-02-16T12:49:10","guid":{"rendered":"https:\/\/gjakova.rks-gov.net\/sherbimet-zhvillimi-ekonomik\/"},"modified":"2024-08-02T09:53:06","modified_gmt":"2024-08-02T07:53:06","slug":"sherbimet-zhvillimi-ekonomik","status":"publish","type":"page","link":"https:\/\/gjakova.rks-gov.net\/en\/sherbimet-zhvillimi-ekonomik\/","title":{"rendered":"Sh\u00ebrbimet &#8211; Zhvillimi Ekonomik"},"content":{"rendered":"\t\t<div data-elementor-type=\"wp-page\" data-elementor-id=\"67960\" class=\"elementor elementor-67960 elementor-49952\" data-elementor-post-type=\"page\">\n\t\t\t\t<div class=\"elementor-element elementor-element-68162e21 e-con-full responsive-container e-flex e-con e-parent\" data-id=\"68162e21\" data-element_type=\"container\" data-e-type=\"container\">\n\t\t<div class=\"elementor-element elementor-element-1f92850 e-con-full e-flex e-con e-child\" data-id=\"1f92850\" data-element_type=\"container\" data-e-type=\"container\" data-settings=\"{&quot;background_background&quot;:&quot;classic&quot;}\">\n\t\t\t\t<div class=\"elementor-element elementor-element-242ee82d elementor-nav-menu--dropdown-none sidebar-menu elementor-widget elementor-widget-nav-menu\" data-id=\"242ee82d\" data-element_type=\"widget\" data-e-type=\"widget\" data-settings=\"{&quot;layout&quot;:&quot;vertical&quot;,&quot;submenu_icon&quot;:{&quot;value&quot;:&quot;&lt;svg aria-hidden=\\&quot;true\\&quot; class=\\&quot;e-font-icon-svg e-fas-caret-down\\&quot; viewBox=\\&quot;0 0 320 512\\&quot; xmlns=\\&quot;http:\\\/\\\/www.w3.org\\\/2000\\\/svg\\&quot;&gt;&lt;path d=\\&quot;M31.3 192h257.3c17.8 0 26.7 21.5 14.1 34.1L174.1 354.8c-7.8 7.8-20.5 7.8-28.3 0L17.2 226.1C4.6 213.5 13.5 192 31.3 192z\\&quot;&gt;&lt;\\\/path&gt;&lt;\\\/svg&gt;&quot;,&quot;library&quot;:&quot;fa-solid&quot;}}\" data-widget_type=\"nav-menu.default\">\n\t\t\t\t<div class=\"elementor-widget-container\">\n\t\t\t\t\t\t\t\t<nav aria-label=\"Menu\" class=\"elementor-nav-menu--main elementor-nav-menu__container elementor-nav-menu--layout-vertical e--pointer-none\">\n\t\t\t\t<ul id=\"menu-1-242ee82d\" class=\"elementor-nav-menu sm-vertical\"><li class=\"menu-item menu-item-type-post_type menu-item-object-page menu-item-67545\"><a href=\"https:\/\/gjakova.rks-gov.net\/fondi-zhvillimor-grandet-komunale\/\" class=\"elementor-item\">Fondi Zhvillimor &#8211; Grandet Komunale<\/a><\/li>\n<li class=\"menu-item menu-item-type-post_type menu-item-object-page menu-item-67546\"><a href=\"https:\/\/gjakova.rks-gov.net\/regjistrimi-i-bizneseve\/\" class=\"elementor-item\">Regjistrimi i bizneseve<\/a><\/li>\n<li class=\"menu-item menu-item-type-post_type menu-item-object-page menu-item-67547\"><a href=\"https:\/\/gjakova.rks-gov.net\/projektet-2\/\" class=\"elementor-item\">Projektet &#8211; Zhvillimi Ekonomik<\/a><\/li>\n<li class=\"menu-item menu-item-type-post_type menu-item-object-page menu-item-67548\"><a href=\"https:\/\/gjakova.rks-gov.net\/planet-dzhe\/\" class=\"elementor-item\">Planet &#8211; DZHE<\/a><\/li>\n<li class=\"menu-item menu-item-type-post_type menu-item-object-page menu-item-67551\"><a href=\"https:\/\/gjakova.rks-gov.net\/sherbimet-5\/\" class=\"elementor-item\">Sh\u00ebrbimet &#8211; Zhvillimi Ekonomik<\/a><\/li>\n<\/ul>\t\t\t<\/nav>\n\t\t\t\t\t\t<nav class=\"elementor-nav-menu--dropdown elementor-nav-menu__container\" aria-hidden=\"true\">\n\t\t\t\t<ul id=\"menu-2-242ee82d\" class=\"elementor-nav-menu sm-vertical\"><li class=\"menu-item menu-item-type-post_type menu-item-object-page menu-item-67545\"><a href=\"https:\/\/gjakova.rks-gov.net\/fondi-zhvillimor-grandet-komunale\/\" class=\"elementor-item\" tabindex=\"-1\">Fondi Zhvillimor &#8211; Grandet Komunale<\/a><\/li>\n<li class=\"menu-item menu-item-type-post_type menu-item-object-page menu-item-67546\"><a href=\"https:\/\/gjakova.rks-gov.net\/regjistrimi-i-bizneseve\/\" class=\"elementor-item\" tabindex=\"-1\">Regjistrimi i bizneseve<\/a><\/li>\n<li class=\"menu-item menu-item-type-post_type menu-item-object-page menu-item-67547\"><a href=\"https:\/\/gjakova.rks-gov.net\/projektet-2\/\" class=\"elementor-item\" tabindex=\"-1\">Projektet &#8211; Zhvillimi Ekonomik<\/a><\/li>\n<li class=\"menu-item menu-item-type-post_type menu-item-object-page menu-item-67548\"><a href=\"https:\/\/gjakova.rks-gov.net\/planet-dzhe\/\" class=\"elementor-item\" tabindex=\"-1\">Planet &#8211; DZHE<\/a><\/li>\n<li class=\"menu-item menu-item-type-post_type menu-item-object-page menu-item-67551\"><a href=\"https:\/\/gjakova.rks-gov.net\/sherbimet-5\/\" class=\"elementor-item\" tabindex=\"-1\">Sh\u00ebrbimet &#8211; Zhvillimi Ekonomik<\/a><\/li>\n<\/ul>\t\t\t<\/nav>\n\t\t\t\t\t\t<\/div>\n\t\t\t\t<\/div>\n\t\t\t\t<\/div>\n\t\t<div class=\"elementor-element elementor-element-5e8ecf7c e-con-full e-flex e-con e-child\" data-id=\"5e8ecf7c\" data-element_type=\"container\" data-e-type=\"container\">\n\t\t<div class=\"elementor-element elementor-element-7b29e6fd e-con-full e-flex e-con e-child\" data-id=\"7b29e6fd\" data-element_type=\"container\" data-e-type=\"container\">\n\t\t\t\t<div class=\"elementor-element elementor-element-2b70c87d elementor-widget elementor-widget-theme-post-title elementor-page-title elementor-widget-heading\" data-id=\"2b70c87d\" data-element_type=\"widget\" data-e-type=\"widget\" data-widget_type=\"theme-post-title.default\">\n\t\t\t\t<div class=\"elementor-widget-container\">\n\t\t\t\t\t<h1 class=\"elementor-heading-title elementor-size-default\">Sh\u00ebrbimet &#8211; Zhvillimi Ekonomik<\/h1>\t\t\t\t<\/div>\n\t\t\t\t<\/div>\n\t\t\t\t<\/div>\n\t\t<div class=\"elementor-element elementor-element-285574f e-con-full e-flex e-con e-child\" data-id=\"285574f\" data-element_type=\"container\" data-e-type=\"container\">\n\t\t\t\t<div class=\"elementor-element elementor-element-ba4ab9a elementor-widget elementor-widget-text-editor\" data-id=\"ba4ab9a\" data-element_type=\"widget\" data-e-type=\"widget\" data-widget_type=\"text-editor.default\">\n\t\t\t\t<div class=\"elementor-widget-container\">\n\t\t\t\t\t\t\t\t\t<p><strong>P\u00ebrgjegj\u00ebsit\u00eb dhe Sh\u00ebrbimet e drejtoris\u00eb p\u00ebr Zhvillim Ekonomik<\/strong><\/p>\n<p><strong> <\/strong><strong> <\/strong><\/p>\n<p><strong>Sektori i Zhvillimit Ekonomik: <\/strong><\/p>\n<ol>\n<li>Krijimi e nj\u00eb kornize t\u00eb p\u00ebrshtatshme p\u00ebr ekonomi t\u00eb q\u00ebndrueshme lokale,<\/li>\n<li>Caktimi i prioriteteve p\u00ebr investime n\u00eb Komun\u00eb, si dhe koordinimi i tre me MEF-in,<\/li>\n<li>Hartimin e politik\u00ebs s\u00eb zhvillimit ekonomik, propozimin e marrjes s\u00eb masave p\u00ebr zhvillimin ekonomik t\u00eb Komun\u00ebs,<\/li>\n<li>Hartimin e planit global strategjik t\u00eb zhvillimit ekonomik t\u00eb Komun\u00ebs, n\u00eb aspektin afatshkurt\u00ebr dhe n\u00eb aspektin afatgjat\u00eb<\/li>\n<li>Hartimin e programeve ideore, duke i specifikuar veprimtarit\u00eb ekonomike me q\u00ebllim t\u00eb zhvillimit t\u00eb sektor\u00ebve par\u00ebsor\u00eb, kontaktet me institucionet vendore financiare, si me banka dhe me institucione financiare nd\u00ebrkomb\u00ebtare, p\u00ebr t\u2019u pajisur me informacione t\u00eb mjaftueshme e t\u00eb sakta, lidhur me kushtet e kreditimit (financimit) t\u00eb bizneseve t\u00eb ndryshme,<\/li>\n<li>Dh\u00ebnien e k\u00ebshillave p\u00ebr afarist\u00ebt e ndrysh\u00ebm p\u00ebr mund\u00ebsin\u00eb e investimeve, angazhimit t\u00eb kapitalit t\u00eb tyre n\u00eb veprimtarit\u00eb prodhuese e fitimprur\u00ebse, por edhe perspektive,<\/li>\n<li>Organizimin dhe menaxhimin e panaireve tradicionale t\u00eb mallrave t\u00eb ndryshme,<\/li>\n<li>Dh\u00ebnien e ndihm\u00ebs n\u00eb organizimin e konferencave nd\u00ebrkomb\u00ebtare p\u00ebr mund\u00ebsin\u00eb dhe perspektiv\u00ebn e zhvillimit ekonomik t\u00eb Komun\u00ebs,<\/li>\n<li>P\u00ebr bashk\u00ebpunimin me Ministrin\u00eb e Tregtis\u00eb dhe Industris\u00eb, rreth mund\u00ebsis\u00eb s\u00eb bashk\u00ebrenditjes s\u00eb pun\u00ebve e t\u00eb aktiviteteve p\u00ebr zhvillimin ekonomik t\u00eb Komun\u00ebs,<\/li>\n<li>P\u00ebr bashk\u00ebpunimin me OJQ-t\u00eb lokale, od\u00ebn ekonomike t\u00eb Gjakov\u00ebs, dhe Kosov\u00ebs, Institucionet relevante lokale dhe vendore si Ministrin\u00eb e Zhvillimit Ekonomik, p\u00ebr bashk\u00ebrenditjen e aktiviteteve t\u00eb p\u00ebrbashk\u00ebta, komunikimin e nd\u00ebrsjell\u00eb, shk\u00ebmbimin e informative, hartimin e raporteve n\u00eb favor t\u00eb zhvillimit ekonomik<\/li>\n<li>P\u00ebr bashk\u00ebveprimin me nd\u00ebrkomb\u00ebtar\u00ebt p\u00ebr bashk\u00ebrenditjen e pun\u00ebve rreth zhvillimit ekonomik t\u00eb Komun\u00ebs,<\/li>\n<li>Dh\u00ebnien e informatave dhe raporteve t\u00eb pun\u00ebs, p\u00ebr periudha t\u00eb caktuara p\u00ebr nevojat e institucioneve Komunale,<\/li>\n<li>Hartimi i Projekt Propozimeve zhvillimore p\u00ebr realizimin financiar t\u00eb tyre nga fondet institucionale t\u00eb Komun\u00ebs, Qeveris\u00eb apo t\u00eb donatore dhe investitor\u00ebve lokal dhe nd\u00ebrkomb\u00ebtar.<\/li>\n<li>T\u00eb caktoj komisionet p\u00ebr mbik\u00ebqyrje profesionale n\u00eb realizimin e projekteve komunale,<\/li>\n<li>P\u00ebrmbush\u00eb edhe detyrat dhe urdh\u00ebresat q\u00eb i caktohen nga Kryetari dhe Kuvendi.<\/li>\n<\/ol>\n<p><strong>Sektori i Turizmit:<\/strong><\/p>\n<ol>\n<li>Formimin e politik\u00ebs vjetore turistike dhe propozimin e masave me t\u00eb cilat do t\u00eb nxitet sektori privat, p\u00ebr t\u2019i arritur synimet e politik\u00ebs s\u00eb zhvillimit t\u00eb turizmit,<\/li>\n<li>Nxitjen e zhvillimit t\u00eb veprimtaris\u00eb turistike p\u00ebr prodhimin e produkteve t\u00eb reja turistike dhe t\u00eb produkteve interesante p\u00ebr tregun, por edhe rritjen e cil\u00ebsis\u00eb s\u00eb ofert\u00ebs turistike n\u00eb nivel lokal.<\/li>\n<li>Hartimin e Pakos Turistike p\u00ebrfshir\u00eb operatoret ekonomik, agjencione turistike , t\u00eb cilat publikohen n\u00eb \u00ebebfaqe.<\/li>\n<li>Bashk\u00ebpunimi me Zyren e Informacionit p\u00ebr Turiz\u00ebm, me institucionet relevante lokale, rajonale dhe vendore, rreth mund\u00ebsive t\u00eb bashk\u00ebrenditjes s\u00eb aktiviteteve p\u00ebr zhvillimin e turizmit lokal, nd\u00ebrkufitar dhe m\u00eb gj\u00ebr\u00eb.<\/li>\n<\/ol>\n<p><strong>Qendra Komunale e Biznesit<\/strong><\/p>\n<ol>\n<li>Regjistrimin e bisneseve t\u00eb reja dhe paisja me certificate t\u00eb biznesit.<\/li>\n<li>Evidentimin e ndryshimeve n\u00eb certifikatat e biznesit, dhe ark\u00ebtimin e pagesave p\u00ebr k\u00ebto ndryshime.<\/li>\n<li>Evidentimin e shuarjes s\u00eb biznesit<\/li>\n<li>Dh\u00ebnien e formular\u00ebve p\u00ebr aplikim dhe njoftim paraprak p\u00ebr bizneset,<\/li>\n<li>Dh\u00ebnien e informatave profesionale dhe raporteve p\u00ebr drejtorit\u00eb dhe institucionet e Komun\u00ebs,<\/li>\n<li>L\u00ebshimi I v\u00ebrtetimeve p\u00ebr p\u00ebrvoj\u00ebn e pun\u00ebs p\u00ebr pronar\u00ebt e dyqaneve tregtare dhe atyre Zejtare etj. p\u00ebr periudhat 1970-1998 .<\/li>\n<li>Dh\u00ebnien e lejes p\u00ebr zgjatje t\u00eb orarit t\u00eb pun\u00ebs p\u00ebr subjektet afariste dhe OJQ ve si ark\u00ebtimin e taks\u00ebs sipas Rregullores n\u00eb fuqi.<\/li>\n<\/ol>\n<p><strong>Sektori i Taks\u00ebs n\u00eb Firm\u00eb:<\/strong><\/p>\n<ol>\n<li>Evidentimin e t\u00eb gjith\u00eb obliguesve t\u00eb taks\u00ebs n\u00eb firm\u00eb ndaj Komun\u00ebs dhe ark\u00ebtimin e t\u00eb hyrave p\u00ebrkat\u00ebse,<\/li>\n<li>Vizitat ne teren nga Zyrtar\u00ebt e DZHE se p\u00ebr gjendjen n\u00eb t\u00eb cil\u00ebn gjenden bizneset, dh\u00ebnien e k\u00ebshillave dhe rekomandimeve t\u00eb t\u00eb berit biznes si dhe obligimet q\u00eb kan ndaj Komun\u00ebs.<\/li>\n<li>Pranimi I ankesave nga bizneset dhe shqyrtimi i l\u00ebnd\u00ebve nga komisioni pran\u00eb drejtoris\u00eb.<\/li>\n<\/ol>\n\t\t\t\t\t\t\t\t<\/div>\n\t\t\t\t<\/div>\n\t\t\t\t<\/div>\n\t\t\t\t<\/div>\n\t\t\t\t<\/div>\n\t\t\t\t<\/div>\n\t\t","protected":false},"excerpt":{"rendered":"<p>P\u00ebrgjegj\u00ebsit\u00eb dhe Sh\u00ebrbimet e drejtoris\u00eb p\u00ebr Zhvillim Ekonomik Sektori i Zhvillimit Ekonomik: Krijimi e nj\u00eb kornize t\u00eb p\u00ebrshtatshme p\u00ebr ekonomi t\u00eb q\u00ebndrueshme lokale, Caktimi i prioriteteve p\u00ebr investime n\u00eb Komun\u00eb, si dhe koordinimi i tre me MEF-in, Hartimin e politik\u00ebs s\u00eb zhvillimit ekonomik, propozimin e marrjes s\u00eb masave p\u00ebr zhvillimin ekonomik t\u00eb Komun\u00ebs, Hartimin e [&hellip;]<\/p>\n","protected":false},"author":1,"featured_media":0,"parent":0,"menu_order":0,"comment_status":"open","ping_status":"closed","template":"","meta":{"_acf_changed":false,"footnotes":""},"page-category":[],"class_list":["post-67960","page","type-page","status-publish","hentry"],"acf":[],"yoast_head":"<!-- This site is optimized with the Yoast SEO plugin v27.4 - https:\/\/yoast.com\/product\/yoast-seo-wordpress\/ -->\n<title>Sh\u00ebrbimet - Zhvillimi Ekonomik - Municipality of Gjakova<\/title>\n<meta name=\"robots\" content=\"index, follow, max-snippet:-1, max-image-preview:large, max-video-preview:-1\" \/>\n<link rel=\"canonical\" href=\"https:\/\/gjakova.rks-gov.net\/en\/sherbimet-zhvillimi-ekonomik\/\" \/>\n<meta property=\"og:locale\" content=\"en_US\" \/>\n<meta property=\"og:type\" content=\"article\" \/>\n<meta property=\"og:title\" content=\"Sh\u00ebrbimet - Zhvillimi Ekonomik - Municipality of Gjakova\" \/>\n<meta property=\"og:description\" content=\"P\u00ebrgjegj\u00ebsit\u00eb dhe Sh\u00ebrbimet e drejtoris\u00eb p\u00ebr Zhvillim Ekonomik Sektori i Zhvillimit Ekonomik: Krijimi e nj\u00eb kornize t\u00eb p\u00ebrshtatshme p\u00ebr ekonomi t\u00eb q\u00ebndrueshme lokale, Caktimi i prioriteteve p\u00ebr investime n\u00eb Komun\u00eb, si dhe koordinimi i tre me MEF-in, Hartimin e politik\u00ebs s\u00eb zhvillimit ekonomik, propozimin e marrjes s\u00eb masave p\u00ebr zhvillimin ekonomik t\u00eb Komun\u00ebs, Hartimin e [&hellip;]\" \/>\n<meta property=\"og:url\" content=\"https:\/\/gjakova.rks-gov.net\/en\/sherbimet-zhvillimi-ekonomik\/\" \/>\n<meta property=\"og:site_name\" content=\"Municipality of Gjakova\" \/>\n<meta property=\"article:publisher\" content=\"https:\/\/www.facebook.com\/KomunaeGjakoves\/\" \/>\n<meta property=\"article:modified_time\" content=\"2024-08-02T07:53:06+00:00\" \/>\n<meta name=\"twitter:card\" content=\"summary_large_image\" \/>\n<meta name=\"twitter:label1\" content=\"Est. reading time\" \/>\n\t<meta name=\"twitter:data1\" content=\"4 minutes\" \/>\n<script type=\"application\/ld+json\" class=\"yoast-schema-graph\">{\"@context\":\"https:\\\/\\\/schema.org\",\"@graph\":[{\"@type\":\"WebPage\",\"@id\":\"https:\\\/\\\/gjakova.rks-gov.net\\\/en\\\/sherbimet-zhvillimi-ekonomik\\\/\",\"url\":\"https:\\\/\\\/gjakova.rks-gov.net\\\/en\\\/sherbimet-zhvillimi-ekonomik\\\/\",\"name\":\"Sh\u00ebrbimet - Zhvillimi Ekonomik - Municipality of Gjakova\",\"isPartOf\":{\"@id\":\"https:\\\/\\\/gjakova.rks-gov.net\\\/en\\\/#website\"},\"datePublished\":\"2018-02-16T12:49:10+00:00\",\"dateModified\":\"2024-08-02T07:53:06+00:00\",\"breadcrumb\":{\"@id\":\"https:\\\/\\\/gjakova.rks-gov.net\\\/en\\\/sherbimet-zhvillimi-ekonomik\\\/#breadcrumb\"},\"inLanguage\":\"en-US\",\"potentialAction\":[{\"@type\":\"ReadAction\",\"target\":[\"https:\\\/\\\/gjakova.rks-gov.net\\\/en\\\/sherbimet-zhvillimi-ekonomik\\\/\"]}]},{\"@type\":\"BreadcrumbList\",\"@id\":\"https:\\\/\\\/gjakova.rks-gov.net\\\/en\\\/sherbimet-zhvillimi-ekonomik\\\/#breadcrumb\",\"itemListElement\":[{\"@type\":\"ListItem\",\"position\":1,\"name\":\"Home\",\"item\":\"https:\\\/\\\/gjakova.rks-gov.net\\\/en\\\/\"},{\"@type\":\"ListItem\",\"position\":2,\"name\":\"Sh\u00ebrbimet &#8211; Zhvillimi Ekonomik\"}]},{\"@type\":\"WebSite\",\"@id\":\"https:\\\/\\\/gjakova.rks-gov.net\\\/en\\\/#website\",\"url\":\"https:\\\/\\\/gjakova.rks-gov.net\\\/en\\\/\",\"name\":\"Komuna e Gjakoves\",\"description\":\"\",\"publisher\":{\"@id\":\"https:\\\/\\\/gjakova.rks-gov.net\\\/en\\\/#organization\"},\"alternateName\":\"Komuna Gjakove\",\"potentialAction\":[{\"@type\":\"SearchAction\",\"target\":{\"@type\":\"EntryPoint\",\"urlTemplate\":\"https:\\\/\\\/gjakova.rks-gov.net\\\/en\\\/?s={search_term_string}\"},\"query-input\":{\"@type\":\"PropertyValueSpecification\",\"valueRequired\":true,\"valueName\":\"search_term_string\"}}],\"inLanguage\":\"en-US\"},{\"@type\":\"Organization\",\"@id\":\"https:\\\/\\\/gjakova.rks-gov.net\\\/en\\\/#organization\",\"name\":\"Komuna e Gjakoves\",\"alternateName\":\"Komuna Gjakove\",\"url\":\"https:\\\/\\\/gjakova.rks-gov.net\\\/en\\\/\",\"logo\":{\"@type\":\"ImageObject\",\"inLanguage\":\"en-US\",\"@id\":\"https:\\\/\\\/gjakova.rks-gov.net\\\/en\\\/#\\\/schema\\\/logo\\\/image\\\/\",\"url\":\"https:\\\/\\\/gjakova.rks-gov.net\\\/wp-content\\\/uploads\\\/2024\\\/04\\\/Stema_e_Komunes_Gjakove.svg.png\",\"contentUrl\":\"https:\\\/\\\/gjakova.rks-gov.net\\\/wp-content\\\/uploads\\\/2024\\\/04\\\/Stema_e_Komunes_Gjakove.svg.png\",\"width\":512,\"height\":681,\"caption\":\"Komuna e Gjakoves\"},\"image\":{\"@id\":\"https:\\\/\\\/gjakova.rks-gov.net\\\/en\\\/#\\\/schema\\\/logo\\\/image\\\/\"},\"sameAs\":[\"https:\\\/\\\/www.facebook.com\\\/KomunaeGjakoves\\\/\",\"https:\\\/\\\/www.instagram.com\\\/komunaegjakoves\\\/\"]}]}<\/script>\n<!-- \/ Yoast SEO plugin. -->","yoast_head_json":{"title":"Sh\u00ebrbimet - Zhvillimi Ekonomik - Municipality of Gjakova","robots":{"index":"index","follow":"follow","max-snippet":"max-snippet:-1","max-image-preview":"max-image-preview:large","max-video-preview":"max-video-preview:-1"},"canonical":"https:\/\/gjakova.rks-gov.net\/en\/sherbimet-zhvillimi-ekonomik\/","og_locale":"en_US","og_type":"article","og_title":"Sh\u00ebrbimet - Zhvillimi Ekonomik - Municipality of Gjakova","og_description":"P\u00ebrgjegj\u00ebsit\u00eb dhe Sh\u00ebrbimet e drejtoris\u00eb p\u00ebr Zhvillim Ekonomik Sektori i Zhvillimit Ekonomik: Krijimi e nj\u00eb kornize t\u00eb p\u00ebrshtatshme p\u00ebr ekonomi t\u00eb q\u00ebndrueshme lokale, Caktimi i prioriteteve p\u00ebr investime n\u00eb Komun\u00eb, si dhe koordinimi i tre me MEF-in, Hartimin e politik\u00ebs s\u00eb zhvillimit ekonomik, propozimin e marrjes s\u00eb masave p\u00ebr zhvillimin ekonomik t\u00eb Komun\u00ebs, Hartimin e [&hellip;]","og_url":"https:\/\/gjakova.rks-gov.net\/en\/sherbimet-zhvillimi-ekonomik\/","og_site_name":"Municipality of Gjakova","article_publisher":"https:\/\/www.facebook.com\/KomunaeGjakoves\/","article_modified_time":"2024-08-02T07:53:06+00:00","twitter_card":"summary_large_image","twitter_misc":{"Est. reading time":"4 minutes"},"schema":{"@context":"https:\/\/schema.org","@graph":[{"@type":"WebPage","@id":"https:\/\/gjakova.rks-gov.net\/en\/sherbimet-zhvillimi-ekonomik\/","url":"https:\/\/gjakova.rks-gov.net\/en\/sherbimet-zhvillimi-ekonomik\/","name":"Sh\u00ebrbimet - Zhvillimi Ekonomik - Municipality of Gjakova","isPartOf":{"@id":"https:\/\/gjakova.rks-gov.net\/en\/#website"},"datePublished":"2018-02-16T12:49:10+00:00","dateModified":"2024-08-02T07:53:06+00:00","breadcrumb":{"@id":"https:\/\/gjakova.rks-gov.net\/en\/sherbimet-zhvillimi-ekonomik\/#breadcrumb"},"inLanguage":"en-US","potentialAction":[{"@type":"ReadAction","target":["https:\/\/gjakova.rks-gov.net\/en\/sherbimet-zhvillimi-ekonomik\/"]}]},{"@type":"BreadcrumbList","@id":"https:\/\/gjakova.rks-gov.net\/en\/sherbimet-zhvillimi-ekonomik\/#breadcrumb","itemListElement":[{"@type":"ListItem","position":1,"name":"Home","item":"https:\/\/gjakova.rks-gov.net\/en\/"},{"@type":"ListItem","position":2,"name":"Sh\u00ebrbimet &#8211; Zhvillimi Ekonomik"}]},{"@type":"WebSite","@id":"https:\/\/gjakova.rks-gov.net\/en\/#website","url":"https:\/\/gjakova.rks-gov.net\/en\/","name":"Komuna e Gjakoves","description":"","publisher":{"@id":"https:\/\/gjakova.rks-gov.net\/en\/#organization"},"alternateName":"Komuna Gjakove","potentialAction":[{"@type":"SearchAction","target":{"@type":"EntryPoint","urlTemplate":"https:\/\/gjakova.rks-gov.net\/en\/?s={search_term_string}"},"query-input":{"@type":"PropertyValueSpecification","valueRequired":true,"valueName":"search_term_string"}}],"inLanguage":"en-US"},{"@type":"Organization","@id":"https:\/\/gjakova.rks-gov.net\/en\/#organization","name":"Komuna e Gjakoves","alternateName":"Komuna Gjakove","url":"https:\/\/gjakova.rks-gov.net\/en\/","logo":{"@type":"ImageObject","inLanguage":"en-US","@id":"https:\/\/gjakova.rks-gov.net\/en\/#\/schema\/logo\/image\/","url":"https:\/\/gjakova.rks-gov.net\/wp-content\/uploads\/2024\/04\/Stema_e_Komunes_Gjakove.svg.png","contentUrl":"https:\/\/gjakova.rks-gov.net\/wp-content\/uploads\/2024\/04\/Stema_e_Komunes_Gjakove.svg.png","width":512,"height":681,"caption":"Komuna e Gjakoves"},"image":{"@id":"https:\/\/gjakova.rks-gov.net\/en\/#\/schema\/logo\/image\/"},"sameAs":["https:\/\/www.facebook.com\/KomunaeGjakoves\/","https:\/\/www.instagram.com\/komunaegjakoves\/"]}]}},"_links":{"self":[{"href":"https:\/\/gjakova.rks-gov.net\/en\/wp-json\/wp\/v2\/pages\/67960","targetHints":{"allow":["GET"]}}],"collection":[{"href":"https:\/\/gjakova.rks-gov.net\/en\/wp-json\/wp\/v2\/pages"}],"about":[{"href":"https:\/\/gjakova.rks-gov.net\/en\/wp-json\/wp\/v2\/types\/page"}],"author":[{"embeddable":true,"href":"https:\/\/gjakova.rks-gov.net\/en\/wp-json\/wp\/v2\/users\/1"}],"replies":[{"embeddable":true,"href":"https:\/\/gjakova.rks-gov.net\/en\/wp-json\/wp\/v2\/comments?post=67960"}],"version-history":[{"count":1,"href":"https:\/\/gjakova.rks-gov.net\/en\/wp-json\/wp\/v2\/pages\/67960\/revisions"}],"predecessor-version":[{"id":67961,"href":"https:\/\/gjakova.rks-gov.net\/en\/wp-json\/wp\/v2\/pages\/67960\/revisions\/67961"}],"wp:attachment":[{"href":"https:\/\/gjakova.rks-gov.net\/en\/wp-json\/wp\/v2\/media?parent=67960"}],"wp:term":[{"taxonomy":"page-category","embeddable":true,"href":"https:\/\/gjakova.rks-gov.net\/en\/wp-json\/wp\/v2\/page-category?post=67960"}],"curies":[{"name":"wp","href":"https:\/\/api.w.org\/{rel}","templated":true}]}}