{"id":67886,"date":"2018-05-25T13:38:55","date_gmt":"2018-05-25T11:38:55","guid":{"rendered":"https:\/\/gjakova.rks-gov.net\/planet\/"},"modified":"2024-08-02T09:06:31","modified_gmt":"2024-08-02T07:06:31","slug":"planet","status":"publish","type":"page","link":"https:\/\/gjakova.rks-gov.net\/en\/planet\/","title":{"rendered":"Planet"},"content":{"rendered":"\t\t<div data-elementor-type=\"wp-page\" data-elementor-id=\"67886\" class=\"elementor elementor-67886 elementor-49986\" data-elementor-post-type=\"page\">\n\t\t\t\t<div class=\"elementor-element elementor-element-69ebaa9e e-con-full responsive-container e-flex e-con e-parent\" data-id=\"69ebaa9e\" data-element_type=\"container\" data-e-type=\"container\">\n\t\t<div class=\"elementor-element elementor-element-1c7c630d e-con-full e-flex e-con e-child\" data-id=\"1c7c630d\" data-element_type=\"container\" data-e-type=\"container\" data-settings=\"{&quot;background_background&quot;:&quot;classic&quot;}\">\n\t\t\t\t<div class=\"elementor-element elementor-element-602308ed elementor-nav-menu--dropdown-none sidebar-menu elementor-widget elementor-widget-nav-menu\" data-id=\"602308ed\" data-element_type=\"widget\" data-e-type=\"widget\" data-settings=\"{&quot;layout&quot;:&quot;vertical&quot;,&quot;submenu_icon&quot;:{&quot;value&quot;:&quot;&lt;svg aria-hidden=\\&quot;true\\&quot; class=\\&quot;e-font-icon-svg e-fas-caret-down\\&quot; viewBox=\\&quot;0 0 320 512\\&quot; xmlns=\\&quot;http:\\\/\\\/www.w3.org\\\/2000\\\/svg\\&quot;&gt;&lt;path d=\\&quot;M31.3 192h257.3c17.8 0 26.7 21.5 14.1 34.1L174.1 354.8c-7.8 7.8-20.5 7.8-28.3 0L17.2 226.1C4.6 213.5 13.5 192 31.3 192z\\&quot;&gt;&lt;\\\/path&gt;&lt;\\\/svg&gt;&quot;,&quot;library&quot;:&quot;fa-solid&quot;}}\" data-widget_type=\"nav-menu.default\">\n\t\t\t\t<div class=\"elementor-widget-container\">\n\t\t\t\t\t\t\t\t<nav aria-label=\"Menu\" class=\"elementor-nav-menu--main elementor-nav-menu__container elementor-nav-menu--layout-vertical e--pointer-none\">\n\t\t\t\t<ul id=\"menu-1-602308ed\" class=\"elementor-nav-menu sm-vertical\"><li class=\"menu-item menu-item-type-post_type menu-item-object-page menu-item-67076\"><a href=\"https:\/\/gjakova.rks-gov.net\/raportet\/\" class=\"elementor-item\">Raportet<\/a><\/li>\n<li class=\"menu-item menu-item-type-post_type menu-item-object-page menu-item-67079\"><a href=\"https:\/\/gjakova.rks-gov.net\/planet\/\" class=\"elementor-item\">Planet<\/a><\/li>\n<li class=\"menu-item menu-item-type-post_type menu-item-object-page menu-item-67080\"><a href=\"https:\/\/gjakova.rks-gov.net\/ndermarrjet-komunale\/\" class=\"elementor-item\">Nd\u00ebrmarrjet Komunale<\/a><\/li>\n<li class=\"menu-item menu-item-type-post_type menu-item-object-page menu-item-67082\"><a href=\"https:\/\/gjakova.rks-gov.net\/vendimet-e-asamblese\/\" class=\"elementor-item\">Vendimet e Asambles\u00eb<\/a><\/li>\n<li class=\"menu-item menu-item-type-post_type menu-item-object-page menu-item-67085\"><a href=\"https:\/\/gjakova.rks-gov.net\/draft-dokumentet\/\" class=\"elementor-item\">Draft Dokumentet<\/a><\/li>\n<\/ul>\t\t\t<\/nav>\n\t\t\t\t\t\t<nav class=\"elementor-nav-menu--dropdown elementor-nav-menu__container\" aria-hidden=\"true\">\n\t\t\t\t<ul id=\"menu-2-602308ed\" class=\"elementor-nav-menu sm-vertical\"><li class=\"menu-item menu-item-type-post_type menu-item-object-page menu-item-67076\"><a href=\"https:\/\/gjakova.rks-gov.net\/raportet\/\" class=\"elementor-item\" tabindex=\"-1\">Raportet<\/a><\/li>\n<li class=\"menu-item menu-item-type-post_type menu-item-object-page menu-item-67079\"><a href=\"https:\/\/gjakova.rks-gov.net\/planet\/\" class=\"elementor-item\" tabindex=\"-1\">Planet<\/a><\/li>\n<li class=\"menu-item menu-item-type-post_type menu-item-object-page menu-item-67080\"><a href=\"https:\/\/gjakova.rks-gov.net\/ndermarrjet-komunale\/\" class=\"elementor-item\" tabindex=\"-1\">Nd\u00ebrmarrjet Komunale<\/a><\/li>\n<li class=\"menu-item menu-item-type-post_type menu-item-object-page menu-item-67082\"><a href=\"https:\/\/gjakova.rks-gov.net\/vendimet-e-asamblese\/\" class=\"elementor-item\" tabindex=\"-1\">Vendimet e Asambles\u00eb<\/a><\/li>\n<li class=\"menu-item menu-item-type-post_type menu-item-object-page menu-item-67085\"><a href=\"https:\/\/gjakova.rks-gov.net\/draft-dokumentet\/\" class=\"elementor-item\" tabindex=\"-1\">Draft Dokumentet<\/a><\/li>\n<\/ul>\t\t\t<\/nav>\n\t\t\t\t\t\t<\/div>\n\t\t\t\t<\/div>\n\t\t\t\t<\/div>\n\t\t<div class=\"elementor-element elementor-element-2f22d3d0 e-con-full e-flex e-con e-child\" data-id=\"2f22d3d0\" data-element_type=\"container\" data-e-type=\"container\">\n\t\t<div class=\"elementor-element elementor-element-7789049e e-con-full e-flex e-con e-child\" data-id=\"7789049e\" data-element_type=\"container\" data-e-type=\"container\">\n\t\t\t\t<div class=\"elementor-element elementor-element-c4c94de elementor-widget elementor-widget-theme-post-title elementor-page-title elementor-widget-heading\" data-id=\"c4c94de\" data-element_type=\"widget\" data-e-type=\"widget\" data-widget_type=\"theme-post-title.default\">\n\t\t\t\t<div class=\"elementor-widget-container\">\n\t\t\t\t\t<h1 class=\"elementor-heading-title elementor-size-default\">Planet<\/h1>\t\t\t\t<\/div>\n\t\t\t\t<\/div>\n\t\t\t\t<\/div>\n\t\t\t\t<div class=\"elementor-element elementor-element-e0cef01 elementor-widget elementor-widget-text-editor\" data-id=\"e0cef01\" data-element_type=\"widget\" data-e-type=\"widget\" data-widget_type=\"text-editor.default\">\n\t\t\t\t<div class=\"elementor-widget-container\">\n\t\t\t\t\t\t\t\t\t<ul>\n<li><a href=\"https:\/\/gjakova.rks-gov.net\/wp-content\/uploads\/2024\/03\/HARTA-ZONALE-KOMUNALE-2024-2032.pdf\" target=\"_blank\" rel=\"noopener\"><a href=\"https:\/\/gjakova.rks-gov.net\/wp-content\/uploads\/2024\/03\/HARTA-ZONALE-KOMUNALE-2024-2032.pdf\">HARTA ZONALE KOMUNALE 2024-2032<\/a><\/a><\/li>\n<li><a href=\"https:\/\/gjakova.rks-gov.net\/wp-content\/uploads\/2024\/03\/Plani-per-Integritet-2024-2026.pdf\" target=\"_blank\" rel=\"noopener\"><a href=\"https:\/\/gjakova.rks-gov.net\/wp-content\/uploads\/2024\/03\/Plani-per-Integritet-2024-2026.pdf\">Plani p\u00ebr Integritet 2024-2026<\/a><\/a><\/li>\n<li><a href=\"https:\/\/gjakova.rks-gov.net\/wp-content\/uploads\/2024\/01\/Plani-i-Konsultimeve-Publike-2024-2.pdf\" target=\"_blank\" rel=\"noopener\"><a href=\"https:\/\/gjakova.rks-gov.net\/wp-content\/uploads\/2024\/01\/Plani-i-Konsultimeve-Publike-2024-2.pdf\">Plani i Konsultimeve Publike 2024<\/a><\/a><\/li>\n<li><a href=\"https:\/\/gjakova.rks-gov.net\/wp-content\/uploads\/2024\/01\/Plani-Komunal-i-Veprimit-per-Energjine-dhe-Klime-PKVEK-2023-2030.pdf\" target=\"_blank\" rel=\"noopener\"><a href=\"https:\/\/gjakova.rks-gov.net\/wp-content\/uploads\/2024\/01\/Plani-Komunal-i-Veprimit-per-Energjine-dhe-Klime-PKVEK-2023-2030.pdf\">Plani Komunal i Veprimit p\u00ebr Energjin\u00eb dhe Klim\u00eb (PKVEK) 2023 &#8211; 2030<\/a><\/a><\/li>\n<li><a href=\"https:\/\/gjakova.rks-gov.net\/wp-content\/uploads\/2023\/01\/Plani-i-Punes-se-Kuvendi-te-Komunes-per-vitin-2023.pdf\" target=\"_blank\" rel=\"noopener\"><a href=\"https:\/\/gjakova.rks-gov.net\/wp-content\/uploads\/2023\/01\/Plani-i-Punes-se-Kuvendi-te-Komunes-per-vitin-2023.pdf\">Plani i Punes se Kuvendit Komunal 2023<\/a><\/a><\/li>\n<li><a href=\"https:\/\/gjakova.rks-gov.net\/wp-content\/uploads\/2023\/01\/Plani-i-Punes-per-KKSB-per-vitin-2023.docx\" target=\"_blank\" rel=\"noopener\"><a href=\"https:\/\/gjakova.rks-gov.net\/wp-content\/uploads\/2023\/01\/Plani-i-Punes-per-KKSB-per-vitin-2023.docx\">Plani i Punes i KKSB-se 2023<\/a><\/a><\/li>\n<li><a href=\"https:\/\/gjakova.rks-gov.net\/wp-content\/uploads\/2022\/05\/Plani-i-Punes-i-KKSB-se-2022.pdf\" target=\"_blank\" rel=\"noopener noreferrer\"><a href=\"https:\/\/gjakova.rks-gov.net\/wp-content\/uploads\/2022\/05\/Plani-i-Punes-i-KKSB-se-2022.pdf\">Plani i Punes i KKSB-se 2022<\/a><\/a><\/li>\n<li><a href=\"https:\/\/gjakova.rks-gov.net\/wp-content\/uploads\/2022\/03\/Plani-Komunal-pr-Menaxhimin-e-Mbeturinave-2021-2025-1.pdf\" target=\"_blank\" rel=\"noopener noreferrer\"><a href=\"https:\/\/gjakova.rks-gov.net\/wp-content\/uploads\/2022\/03\/Plani-Komunal-pr-Menaxhimin-e-Mbeturinave-2021-2025-1.pdf\">Plani Komunal pr Menaxhimin e Mbeturinave 2021 &#8211; 2025<\/a><\/a><\/li>\n<li><a href=\"https:\/\/gjakova.rks-gov.net\/wp-content\/uploads\/2022\/02\/Plani-i-Punes-se-Kuvendit-Komunal-2022.pdf\" target=\"_blank\" rel=\"noopener noreferrer\"><a href=\"https:\/\/gjakova.rks-gov.net\/wp-content\/uploads\/2022\/02\/Plani-i-Punes-se-Kuvendit-Komunal-2022.pdf\">Plani i Punes se Kuvendit Komunal 2022<\/a><\/a><\/li>\n<li><a href=\"https:\/\/gjakova.rks-gov.net\/wp-content\/uploads\/2021\/08\/Plani-i-Punes-i-Kuvendit-Komunal-2021.pdf\" target=\"_blank\" rel=\"noopener noreferrer\"><a href=\"https:\/\/gjakova.rks-gov.net\/wp-content\/uploads\/2021\/08\/Plani-i-Punes-i-Kuvendit-Komunal-2021.pdf\">Plani i Punes se Kuvendit Komunal 2021<\/a><\/a><\/li>\n<li><a href=\"https:\/\/gjakova.rks-gov.net\/wp-content\/uploads\/2021\/04\/Plani-i-Veprimit-per-Transparence-ne-Komunen-e-Gjakoves-per-vitet-2021-2024.doc\" target=\"_blank\" rel=\"noopener noreferrer\"><a href=\"https:\/\/gjakova.rks-gov.net\/wp-content\/uploads\/2021\/04\/Plani-i-Veprimit-per-Transparence-ne-Komunen-e-Gjakoves-per-vitet-2021-2024.doc\">Plani i Veprimit per Transparence ne Komunen e Gjakoves per vitet 2021-2024<\/a><\/a><\/li>\n<li><a href=\"https:\/\/gjakova.rks-gov.net\/wp-content\/uploads\/2020\/12\/Plani-i-Zhvillimit-Institucional-i-sistemit-te-Kujdesit-Paresor-Shendetesor-KPSH-te-Komunes-se-Gjakoves-nr-29854.pdf\" target=\"_blank\" rel=\"noopener noreferrer\"><a href=\"https:\/\/gjakova.rks-gov.net\/wp-content\/uploads\/2020\/12\/Plani-i-Zhvillimit-Institucional-i-sistemit-te-Kujdesit-Paresor-Shendetesor-KPSH-te-Komunes-se-Gjakoves-nr-29854.pdf\">Plani i Zhvillimit Institucional i sistemit te Kujdesit Paresor Shendet\u00ebsor (KPSH) nr 29854<\/a><\/a><\/li>\n<li><a href=\"https:\/\/gjakova.rks-gov.net\/wp-content\/uploads\/2019\/12\/Plani-i-Punes-se-Kuvendit-per-vitin-2020.pdf\" target=\"_blank\" rel=\"noopener noreferrer\"><a href=\"https:\/\/gjakova.rks-gov.net\/wp-content\/uploads\/2019\/12\/Plani-i-Punes-se-Kuvendit-per-vitin-2020.pdf\">Plani i Punes se Kuvendit Komunal 2020<\/a><\/a><\/li>\n<li><a href=\"https:\/\/gjakova.rks-gov.net\/wp-content\/uploads\/2019\/12\/Plani-Komunal-per-integrime-te-qendrueshme-nr.46978-1.pdf\" target=\"_blank\" rel=\"noopener noreferrer\"><a href=\"https:\/\/gjakova.rks-gov.net\/wp-content\/uploads\/2019\/12\/Plani-Komunal-per-integrime-te-qendrueshme-nr.46978-1.pdf\">Plani Komunal per integrime te qendrueshme nr.46978<\/a><\/a><\/li>\n<li><a href=\"https:\/\/gjakova.rks-gov.net\/wp-content\/uploads\/2018\/05\/Plani-i-Punes-se-Kuvendit-Komunal-2019.pdf\" target=\"_blank\" rel=\"noopener noreferrer\"><a href=\"https:\/\/gjakova.rks-gov.net\/wp-content\/uploads\/2018\/05\/Plani-i-Punes-se-Kuvendit-Komunal-2019.pdf\">Plani i Punes se Kuvendit Komunal 2019<\/a><\/a><\/li>\n<li><a href=\"https:\/\/gjakova.rks-gov.net\/wp-content\/uploads\/2018\/05\/Plani-i-Punes-se-Kuvendit-Komunal-2018.pdf\" target=\"_blank\" rel=\"noopener noreferrer\"><a href=\"https:\/\/gjakova.rks-gov.net\/wp-content\/uploads\/2018\/05\/Plani-i-Punes-se-Kuvendit-Komunal-2018.pdf\">Plani i Punes se Kuvendit Komunal 2018<\/a><\/a><\/li>\n<li><a href=\"https:\/\/gjakova.rks-gov.net\/wp-content\/uploads\/2018\/05\/Plani-i-Punes-se-KKSB-se.pdf\" target=\"_blank\" rel=\"noopener noreferrer\"><a href=\"https:\/\/gjakova.rks-gov.net\/wp-content\/uploads\/2018\/05\/Plani-i-Punes-se-KKSB-se.pdf\">Plani i Punes se KKSB-se<\/a><\/a><\/li>\n<li><a href=\"https:\/\/gjakova.rks-gov.net\/wp-content\/uploads\/2018\/05\/Plani-Lokal-per-Menagjimin-e-Mbeturinave.pdf\" target=\"_blank\" rel=\"noopener noreferrer\"><a href=\"https:\/\/gjakova.rks-gov.net\/wp-content\/uploads\/2018\/05\/Plani-Lokal-per-Menagjimin-e-Mbeturinave.pdf\">Plani Lokal per Menaxhimin e Mbeturinave<\/a><\/a><\/li>\n<\/ul>\n\t\t\t\t\t\t\t\t<\/div>\n\t\t\t\t<\/div>\n\t\t\t\t<\/div>\n\t\t\t\t<\/div>\n\t\t\t\t<\/div>\n\t\t","protected":false},"excerpt":{"rendered":"<p>HARTA ZONALE KOMUNALE 2024-2032 Plani p\u00ebr Integritet 2024-2026 Plani i Konsultimeve Publike 2024 Plani Komunal i Veprimit p\u00ebr Energjin\u00eb dhe Klim\u00eb (PKVEK) 2023 &#8211; 2030 Plani i Punes se Kuvendit Komunal 2023 Plani i Punes i KKSB-se 2023 Plani i Punes i KKSB-se 2022 Plani Komunal pr Menaxhimin e Mbeturinave 2021 &#8211; 2025 Plani i [&hellip;]<\/p>\n","protected":false},"author":1,"featured_media":0,"parent":0,"menu_order":0,"comment_status":"open","ping_status":"open","template":"","meta":{"_acf_changed":false,"footnotes":""},"page-category":[],"class_list":["post-67886","page","type-page","status-publish","hentry"],"acf":[],"yoast_head":"<!-- This site is optimized with the Yoast SEO plugin v27.4 - https:\/\/yoast.com\/product\/yoast-seo-wordpress\/ -->\n<title>Planet - Municipality of Gjakova<\/title>\n<meta name=\"robots\" content=\"index, follow, max-snippet:-1, max-image-preview:large, max-video-preview:-1\" \/>\n<link rel=\"canonical\" href=\"https:\/\/gjakova.rks-gov.net\/en\/planet\/\" \/>\n<meta property=\"og:locale\" content=\"en_US\" \/>\n<meta property=\"og:type\" content=\"article\" \/>\n<meta property=\"og:title\" content=\"Planet - Municipality of Gjakova\" \/>\n<meta property=\"og:description\" content=\"HARTA ZONALE KOMUNALE 2024-2032 Plani p\u00ebr Integritet 2024-2026 Plani i Konsultimeve Publike 2024 Plani Komunal i Veprimit p\u00ebr Energjin\u00eb dhe Klim\u00eb (PKVEK) 2023 &#8211; 2030 Plani i Punes se Kuvendit Komunal 2023 Plani i Punes i KKSB-se 2023 Plani i Punes i KKSB-se 2022 Plani Komunal pr Menaxhimin e Mbeturinave 2021 &#8211; 2025 Plani i [&hellip;]\" \/>\n<meta property=\"og:url\" content=\"https:\/\/gjakova.rks-gov.net\/en\/planet\/\" \/>\n<meta property=\"og:site_name\" content=\"Municipality of Gjakova\" \/>\n<meta property=\"article:publisher\" content=\"https:\/\/www.facebook.com\/KomunaeGjakoves\/\" \/>\n<meta property=\"article:modified_time\" content=\"2024-08-02T07:06:31+00:00\" \/>\n<meta name=\"twitter:card\" content=\"summary_large_image\" \/>\n<meta name=\"twitter:label1\" content=\"Est. reading time\" \/>\n\t<meta name=\"twitter:data1\" content=\"1 minute\" \/>\n<script type=\"application\/ld+json\" class=\"yoast-schema-graph\">{\"@context\":\"https:\\\/\\\/schema.org\",\"@graph\":[{\"@type\":\"WebPage\",\"@id\":\"https:\\\/\\\/gjakova.rks-gov.net\\\/en\\\/planet\\\/\",\"url\":\"https:\\\/\\\/gjakova.rks-gov.net\\\/en\\\/planet\\\/\",\"name\":\"Planet - Municipality of Gjakova\",\"isPartOf\":{\"@id\":\"https:\\\/\\\/gjakova.rks-gov.net\\\/en\\\/#website\"},\"datePublished\":\"2018-05-25T11:38:55+00:00\",\"dateModified\":\"2024-08-02T07:06:31+00:00\",\"breadcrumb\":{\"@id\":\"https:\\\/\\\/gjakova.rks-gov.net\\\/en\\\/planet\\\/#breadcrumb\"},\"inLanguage\":\"en-US\",\"potentialAction\":[{\"@type\":\"ReadAction\",\"target\":[\"https:\\\/\\\/gjakova.rks-gov.net\\\/en\\\/planet\\\/\"]}]},{\"@type\":\"BreadcrumbList\",\"@id\":\"https:\\\/\\\/gjakova.rks-gov.net\\\/en\\\/planet\\\/#breadcrumb\",\"itemListElement\":[{\"@type\":\"ListItem\",\"position\":1,\"name\":\"Home\",\"item\":\"https:\\\/\\\/gjakova.rks-gov.net\\\/en\\\/\"},{\"@type\":\"ListItem\",\"position\":2,\"name\":\"Planet\"}]},{\"@type\":\"WebSite\",\"@id\":\"https:\\\/\\\/gjakova.rks-gov.net\\\/en\\\/#website\",\"url\":\"https:\\\/\\\/gjakova.rks-gov.net\\\/en\\\/\",\"name\":\"Komuna e Gjakoves\",\"description\":\"\",\"publisher\":{\"@id\":\"https:\\\/\\\/gjakova.rks-gov.net\\\/en\\\/#organization\"},\"alternateName\":\"Komuna Gjakove\",\"potentialAction\":[{\"@type\":\"SearchAction\",\"target\":{\"@type\":\"EntryPoint\",\"urlTemplate\":\"https:\\\/\\\/gjakova.rks-gov.net\\\/en\\\/?s={search_term_string}\"},\"query-input\":{\"@type\":\"PropertyValueSpecification\",\"valueRequired\":true,\"valueName\":\"search_term_string\"}}],\"inLanguage\":\"en-US\"},{\"@type\":\"Organization\",\"@id\":\"https:\\\/\\\/gjakova.rks-gov.net\\\/en\\\/#organization\",\"name\":\"Komuna e Gjakoves\",\"alternateName\":\"Komuna Gjakove\",\"url\":\"https:\\\/\\\/gjakova.rks-gov.net\\\/en\\\/\",\"logo\":{\"@type\":\"ImageObject\",\"inLanguage\":\"en-US\",\"@id\":\"https:\\\/\\\/gjakova.rks-gov.net\\\/en\\\/#\\\/schema\\\/logo\\\/image\\\/\",\"url\":\"https:\\\/\\\/gjakova.rks-gov.net\\\/wp-content\\\/uploads\\\/2024\\\/04\\\/Stema_e_Komunes_Gjakove.svg.png\",\"contentUrl\":\"https:\\\/\\\/gjakova.rks-gov.net\\\/wp-content\\\/uploads\\\/2024\\\/04\\\/Stema_e_Komunes_Gjakove.svg.png\",\"width\":512,\"height\":681,\"caption\":\"Komuna e Gjakoves\"},\"image\":{\"@id\":\"https:\\\/\\\/gjakova.rks-gov.net\\\/en\\\/#\\\/schema\\\/logo\\\/image\\\/\"},\"sameAs\":[\"https:\\\/\\\/www.facebook.com\\\/KomunaeGjakoves\\\/\",\"https:\\\/\\\/www.instagram.com\\\/komunaegjakoves\\\/\"]}]}<\/script>\n<!-- \/ Yoast SEO plugin. -->","yoast_head_json":{"title":"Planet - Municipality of Gjakova","robots":{"index":"index","follow":"follow","max-snippet":"max-snippet:-1","max-image-preview":"max-image-preview:large","max-video-preview":"max-video-preview:-1"},"canonical":"https:\/\/gjakova.rks-gov.net\/en\/planet\/","og_locale":"en_US","og_type":"article","og_title":"Planet - Municipality of Gjakova","og_description":"HARTA ZONALE KOMUNALE 2024-2032 Plani p\u00ebr Integritet 2024-2026 Plani i Konsultimeve Publike 2024 Plani Komunal i Veprimit p\u00ebr Energjin\u00eb dhe Klim\u00eb (PKVEK) 2023 &#8211; 2030 Plani i Punes se Kuvendit Komunal 2023 Plani i Punes i KKSB-se 2023 Plani i Punes i KKSB-se 2022 Plani Komunal pr Menaxhimin e Mbeturinave 2021 &#8211; 2025 Plani i [&hellip;]","og_url":"https:\/\/gjakova.rks-gov.net\/en\/planet\/","og_site_name":"Municipality of Gjakova","article_publisher":"https:\/\/www.facebook.com\/KomunaeGjakoves\/","article_modified_time":"2024-08-02T07:06:31+00:00","twitter_card":"summary_large_image","twitter_misc":{"Est. reading time":"1 minute"},"schema":{"@context":"https:\/\/schema.org","@graph":[{"@type":"WebPage","@id":"https:\/\/gjakova.rks-gov.net\/en\/planet\/","url":"https:\/\/gjakova.rks-gov.net\/en\/planet\/","name":"Planet - Municipality of Gjakova","isPartOf":{"@id":"https:\/\/gjakova.rks-gov.net\/en\/#website"},"datePublished":"2018-05-25T11:38:55+00:00","dateModified":"2024-08-02T07:06:31+00:00","breadcrumb":{"@id":"https:\/\/gjakova.rks-gov.net\/en\/planet\/#breadcrumb"},"inLanguage":"en-US","potentialAction":[{"@type":"ReadAction","target":["https:\/\/gjakova.rks-gov.net\/en\/planet\/"]}]},{"@type":"BreadcrumbList","@id":"https:\/\/gjakova.rks-gov.net\/en\/planet\/#breadcrumb","itemListElement":[{"@type":"ListItem","position":1,"name":"Home","item":"https:\/\/gjakova.rks-gov.net\/en\/"},{"@type":"ListItem","position":2,"name":"Planet"}]},{"@type":"WebSite","@id":"https:\/\/gjakova.rks-gov.net\/en\/#website","url":"https:\/\/gjakova.rks-gov.net\/en\/","name":"Komuna e Gjakoves","description":"","publisher":{"@id":"https:\/\/gjakova.rks-gov.net\/en\/#organization"},"alternateName":"Komuna Gjakove","potentialAction":[{"@type":"SearchAction","target":{"@type":"EntryPoint","urlTemplate":"https:\/\/gjakova.rks-gov.net\/en\/?s={search_term_string}"},"query-input":{"@type":"PropertyValueSpecification","valueRequired":true,"valueName":"search_term_string"}}],"inLanguage":"en-US"},{"@type":"Organization","@id":"https:\/\/gjakova.rks-gov.net\/en\/#organization","name":"Komuna e Gjakoves","alternateName":"Komuna Gjakove","url":"https:\/\/gjakova.rks-gov.net\/en\/","logo":{"@type":"ImageObject","inLanguage":"en-US","@id":"https:\/\/gjakova.rks-gov.net\/en\/#\/schema\/logo\/image\/","url":"https:\/\/gjakova.rks-gov.net\/wp-content\/uploads\/2024\/04\/Stema_e_Komunes_Gjakove.svg.png","contentUrl":"https:\/\/gjakova.rks-gov.net\/wp-content\/uploads\/2024\/04\/Stema_e_Komunes_Gjakove.svg.png","width":512,"height":681,"caption":"Komuna e Gjakoves"},"image":{"@id":"https:\/\/gjakova.rks-gov.net\/en\/#\/schema\/logo\/image\/"},"sameAs":["https:\/\/www.facebook.com\/KomunaeGjakoves\/","https:\/\/www.instagram.com\/komunaegjakoves\/"]}]}},"_links":{"self":[{"href":"https:\/\/gjakova.rks-gov.net\/en\/wp-json\/wp\/v2\/pages\/67886","targetHints":{"allow":["GET"]}}],"collection":[{"href":"https:\/\/gjakova.rks-gov.net\/en\/wp-json\/wp\/v2\/pages"}],"about":[{"href":"https:\/\/gjakova.rks-gov.net\/en\/wp-json\/wp\/v2\/types\/page"}],"author":[{"embeddable":true,"href":"https:\/\/gjakova.rks-gov.net\/en\/wp-json\/wp\/v2\/users\/1"}],"replies":[{"embeddable":true,"href":"https:\/\/gjakova.rks-gov.net\/en\/wp-json\/wp\/v2\/comments?post=67886"}],"version-history":[{"count":1,"href":"https:\/\/gjakova.rks-gov.net\/en\/wp-json\/wp\/v2\/pages\/67886\/revisions"}],"predecessor-version":[{"id":67887,"href":"https:\/\/gjakova.rks-gov.net\/en\/wp-json\/wp\/v2\/pages\/67886\/revisions\/67887"}],"wp:attachment":[{"href":"https:\/\/gjakova.rks-gov.net\/en\/wp-json\/wp\/v2\/media?parent=67886"}],"wp:term":[{"taxonomy":"page-category","embeddable":true,"href":"https:\/\/gjakova.rks-gov.net\/en\/wp-json\/wp\/v2\/page-category?post=67886"}],"curies":[{"name":"wp","href":"https:\/\/api.w.org\/{rel}","templated":true}]}}