{"id":67885,"date":"2017-06-14T07:04:32","date_gmt":"2017-06-14T05:04:32","guid":{"rendered":"https:\/\/gjakova.rks-gov.net\/statuti\/"},"modified":"2017-06-14T07:04:32","modified_gmt":"2017-06-14T05:04:32","slug":"statuti","status":"publish","type":"page","link":"https:\/\/gjakova.rks-gov.net\/en\/statuti\/","title":{"rendered":"Statuti"},"content":{"rendered":"<h1><\/h1>\n<p style=\"text-align: center\"><strong><a href=\"https:\/\/gjakova.rks-gov.net\/wp-content\/uploads\/2023\/01\/Statuti-i-Komunes-se-Gjakoves-2022.pdf\" target=\"_blank\" rel=\"noopener\">Statuti i Komunes s\u00eb Gjakov\u00ebs 2022<\/a><\/strong><\/p>\n<p style=\"text-align: center\"><strong><a href=\"https:\/\/gjakova.rks-gov.net\/wp-content\/uploads\/2017\/06\/statuti-i-Komunes-s%C3%AB-Gjakov%C3%ABs.pdf\" target=\"_blank\" rel=\"noopener\">Statuti i Komun\u00ebs s\u00eb Gjakov\u00ebs 2010<\/a><\/strong><\/p>\n<p style=\"text-align: center\"><strong><a href=\"https:\/\/gjakova.rks-gov.net\/wp-content\/uploads\/2017\/06\/Statuti-i-QKMF-Gjakove.pdf\" target=\"_blank\" rel=\"noopener\">Statuti i QKMF Gjakov\u00eb<\/a><\/strong><\/p>\n<div><\/div>\n<div><\/div>\n","protected":false},"excerpt":{"rendered":"<p>Statuti i Komunes s\u00eb Gjakov\u00ebs 2022 Statuti i Komun\u00ebs s\u00eb Gjakov\u00ebs 2010 Statuti i QKMF Gjakov\u00eb<\/p>\n","protected":false},"author":1,"featured_media":0,"parent":0,"menu_order":0,"comment_status":"open","ping_status":"open","template":"","meta":{"_acf_changed":false,"footnotes":""},"page-category":[],"class_list":["post-67885","page","type-page","status-publish","hentry"],"acf":[],"yoast_head":"<!-- This site is optimized with the Yoast SEO plugin v27.4 - https:\/\/yoast.com\/product\/yoast-seo-wordpress\/ -->\n<title>Statuti - Municipality of Gjakova<\/title>\n<meta name=\"robots\" content=\"index, follow, max-snippet:-1, max-image-preview:large, max-video-preview:-1\" \/>\n<link rel=\"canonical\" href=\"https:\/\/gjakova.rks-gov.net\/en\/statuti\/\" \/>\n<meta property=\"og:locale\" content=\"en_US\" \/>\n<meta property=\"og:type\" content=\"article\" \/>\n<meta property=\"og:title\" content=\"Statuti - Municipality of Gjakova\" \/>\n<meta property=\"og:description\" content=\"Statuti i Komunes s\u00eb Gjakov\u00ebs 2022 Statuti i Komun\u00ebs s\u00eb Gjakov\u00ebs 2010 Statuti i QKMF Gjakov\u00eb\" \/>\n<meta property=\"og:url\" content=\"https:\/\/gjakova.rks-gov.net\/en\/statuti\/\" \/>\n<meta property=\"og:site_name\" content=\"Municipality of Gjakova\" \/>\n<meta property=\"article:publisher\" content=\"https:\/\/www.facebook.com\/KomunaeGjakoves\/\" \/>\n<meta name=\"twitter:card\" content=\"summary_large_image\" \/>\n<script type=\"application\/ld+json\" class=\"yoast-schema-graph\">{\"@context\":\"https:\\\/\\\/schema.org\",\"@graph\":[{\"@type\":\"WebPage\",\"@id\":\"https:\\\/\\\/gjakova.rks-gov.net\\\/en\\\/statuti\\\/\",\"url\":\"https:\\\/\\\/gjakova.rks-gov.net\\\/en\\\/statuti\\\/\",\"name\":\"Statuti - Municipality of Gjakova\",\"isPartOf\":{\"@id\":\"https:\\\/\\\/gjakova.rks-gov.net\\\/en\\\/#website\"},\"datePublished\":\"2017-06-14T05:04:32+00:00\",\"breadcrumb\":{\"@id\":\"https:\\\/\\\/gjakova.rks-gov.net\\\/en\\\/statuti\\\/#breadcrumb\"},\"inLanguage\":\"en-US\",\"potentialAction\":[{\"@type\":\"ReadAction\",\"target\":[\"https:\\\/\\\/gjakova.rks-gov.net\\\/en\\\/statuti\\\/\"]}]},{\"@type\":\"BreadcrumbList\",\"@id\":\"https:\\\/\\\/gjakova.rks-gov.net\\\/en\\\/statuti\\\/#breadcrumb\",\"itemListElement\":[{\"@type\":\"ListItem\",\"position\":1,\"name\":\"Home\",\"item\":\"https:\\\/\\\/gjakova.rks-gov.net\\\/en\\\/\"},{\"@type\":\"ListItem\",\"position\":2,\"name\":\"Statuti\"}]},{\"@type\":\"WebSite\",\"@id\":\"https:\\\/\\\/gjakova.rks-gov.net\\\/en\\\/#website\",\"url\":\"https:\\\/\\\/gjakova.rks-gov.net\\\/en\\\/\",\"name\":\"Komuna e Gjakoves\",\"description\":\"\",\"publisher\":{\"@id\":\"https:\\\/\\\/gjakova.rks-gov.net\\\/en\\\/#organization\"},\"alternateName\":\"Komuna Gjakove\",\"potentialAction\":[{\"@type\":\"SearchAction\",\"target\":{\"@type\":\"EntryPoint\",\"urlTemplate\":\"https:\\\/\\\/gjakova.rks-gov.net\\\/en\\\/?s={search_term_string}\"},\"query-input\":{\"@type\":\"PropertyValueSpecification\",\"valueRequired\":true,\"valueName\":\"search_term_string\"}}],\"inLanguage\":\"en-US\"},{\"@type\":\"Organization\",\"@id\":\"https:\\\/\\\/gjakova.rks-gov.net\\\/en\\\/#organization\",\"name\":\"Komuna e Gjakoves\",\"alternateName\":\"Komuna Gjakove\",\"url\":\"https:\\\/\\\/gjakova.rks-gov.net\\\/en\\\/\",\"logo\":{\"@type\":\"ImageObject\",\"inLanguage\":\"en-US\",\"@id\":\"https:\\\/\\\/gjakova.rks-gov.net\\\/en\\\/#\\\/schema\\\/logo\\\/image\\\/\",\"url\":\"https:\\\/\\\/gjakova.rks-gov.net\\\/wp-content\\\/uploads\\\/2024\\\/04\\\/Stema_e_Komunes_Gjakove.svg.png\",\"contentUrl\":\"https:\\\/\\\/gjakova.rks-gov.net\\\/wp-content\\\/uploads\\\/2024\\\/04\\\/Stema_e_Komunes_Gjakove.svg.png\",\"width\":512,\"height\":681,\"caption\":\"Komuna e Gjakoves\"},\"image\":{\"@id\":\"https:\\\/\\\/gjakova.rks-gov.net\\\/en\\\/#\\\/schema\\\/logo\\\/image\\\/\"},\"sameAs\":[\"https:\\\/\\\/www.facebook.com\\\/KomunaeGjakoves\\\/\",\"https:\\\/\\\/www.instagram.com\\\/komunaegjakoves\\\/\"]}]}<\/script>\n<!-- \/ Yoast SEO plugin. -->","yoast_head_json":{"title":"Statuti - Municipality of Gjakova","robots":{"index":"index","follow":"follow","max-snippet":"max-snippet:-1","max-image-preview":"max-image-preview:large","max-video-preview":"max-video-preview:-1"},"canonical":"https:\/\/gjakova.rks-gov.net\/en\/statuti\/","og_locale":"en_US","og_type":"article","og_title":"Statuti - Municipality of Gjakova","og_description":"Statuti i Komunes s\u00eb Gjakov\u00ebs 2022 Statuti i Komun\u00ebs s\u00eb Gjakov\u00ebs 2010 Statuti i QKMF Gjakov\u00eb","og_url":"https:\/\/gjakova.rks-gov.net\/en\/statuti\/","og_site_name":"Municipality of Gjakova","article_publisher":"https:\/\/www.facebook.com\/KomunaeGjakoves\/","twitter_card":"summary_large_image","schema":{"@context":"https:\/\/schema.org","@graph":[{"@type":"WebPage","@id":"https:\/\/gjakova.rks-gov.net\/en\/statuti\/","url":"https:\/\/gjakova.rks-gov.net\/en\/statuti\/","name":"Statuti - Municipality of Gjakova","isPartOf":{"@id":"https:\/\/gjakova.rks-gov.net\/en\/#website"},"datePublished":"2017-06-14T05:04:32+00:00","breadcrumb":{"@id":"https:\/\/gjakova.rks-gov.net\/en\/statuti\/#breadcrumb"},"inLanguage":"en-US","potentialAction":[{"@type":"ReadAction","target":["https:\/\/gjakova.rks-gov.net\/en\/statuti\/"]}]},{"@type":"BreadcrumbList","@id":"https:\/\/gjakova.rks-gov.net\/en\/statuti\/#breadcrumb","itemListElement":[{"@type":"ListItem","position":1,"name":"Home","item":"https:\/\/gjakova.rks-gov.net\/en\/"},{"@type":"ListItem","position":2,"name":"Statuti"}]},{"@type":"WebSite","@id":"https:\/\/gjakova.rks-gov.net\/en\/#website","url":"https:\/\/gjakova.rks-gov.net\/en\/","name":"Komuna e Gjakoves","description":"","publisher":{"@id":"https:\/\/gjakova.rks-gov.net\/en\/#organization"},"alternateName":"Komuna Gjakove","potentialAction":[{"@type":"SearchAction","target":{"@type":"EntryPoint","urlTemplate":"https:\/\/gjakova.rks-gov.net\/en\/?s={search_term_string}"},"query-input":{"@type":"PropertyValueSpecification","valueRequired":true,"valueName":"search_term_string"}}],"inLanguage":"en-US"},{"@type":"Organization","@id":"https:\/\/gjakova.rks-gov.net\/en\/#organization","name":"Komuna e Gjakoves","alternateName":"Komuna Gjakove","url":"https:\/\/gjakova.rks-gov.net\/en\/","logo":{"@type":"ImageObject","inLanguage":"en-US","@id":"https:\/\/gjakova.rks-gov.net\/en\/#\/schema\/logo\/image\/","url":"https:\/\/gjakova.rks-gov.net\/wp-content\/uploads\/2024\/04\/Stema_e_Komunes_Gjakove.svg.png","contentUrl":"https:\/\/gjakova.rks-gov.net\/wp-content\/uploads\/2024\/04\/Stema_e_Komunes_Gjakove.svg.png","width":512,"height":681,"caption":"Komuna e Gjakoves"},"image":{"@id":"https:\/\/gjakova.rks-gov.net\/en\/#\/schema\/logo\/image\/"},"sameAs":["https:\/\/www.facebook.com\/KomunaeGjakoves\/","https:\/\/www.instagram.com\/komunaegjakoves\/"]}]}},"_links":{"self":[{"href":"https:\/\/gjakova.rks-gov.net\/en\/wp-json\/wp\/v2\/pages\/67885","targetHints":{"allow":["GET"]}}],"collection":[{"href":"https:\/\/gjakova.rks-gov.net\/en\/wp-json\/wp\/v2\/pages"}],"about":[{"href":"https:\/\/gjakova.rks-gov.net\/en\/wp-json\/wp\/v2\/types\/page"}],"author":[{"embeddable":true,"href":"https:\/\/gjakova.rks-gov.net\/en\/wp-json\/wp\/v2\/users\/1"}],"replies":[{"embeddable":true,"href":"https:\/\/gjakova.rks-gov.net\/en\/wp-json\/wp\/v2\/comments?post=67885"}],"version-history":[{"count":0,"href":"https:\/\/gjakova.rks-gov.net\/en\/wp-json\/wp\/v2\/pages\/67885\/revisions"}],"wp:attachment":[{"href":"https:\/\/gjakova.rks-gov.net\/en\/wp-json\/wp\/v2\/media?parent=67885"}],"wp:term":[{"taxonomy":"page-category","embeddable":true,"href":"https:\/\/gjakova.rks-gov.net\/en\/wp-json\/wp\/v2\/page-category?post=67885"}],"curies":[{"name":"wp","href":"https:\/\/api.w.org\/{rel}","templated":true}]}}